{"id":1125,"date":"2025-05-22T17:17:48","date_gmt":"2025-05-22T17:17:48","guid":{"rendered":"https:\/\/www.shouyasanitary.com\/?post_type=product&#038;p=1125"},"modified":"2025-05-22T17:17:53","modified_gmt":"2025-05-22T17:17:53","slug":"custom-vanity-for-bathroom","status":"publish","type":"product","link":"https:\/\/www.shouyasanitary.com\/es\/producto\/custom-vanity-for-bathroom\/","title":{"rendered":"Tocador de ba\u00f1o a medida, Armarios de ba\u00f1o flotantes de PVC amarillo al por mayor"},"content":{"rendered":"<div class=\"wp-block-columns is-layout-flex wp-container-core-columns-is-layout-9d6595d7 wp-block-columns-is-layout-flex\">\n<div class=\"wp-block-column is-layout-flow wp-block-column-is-layout-flow\">\n<h2 class=\"wp-block-heading\">Caracter\u00edsticas del tocador para ba\u00f1o\uff1a<\/h2>\n\n\n\n<p><strong>Elegante aspecto amarillo claro:<\/strong> El mueble de ba\u00f1o es de elegante color amarillo claro, a juego con el dise\u00f1o sin tiradores, adecuado para una gran variedad de espacios de ba\u00f1o de estilo moderno, alegre y elegante.<\/p>\n\n\n\n<p><strong>Integraci\u00f3n del armario con espejos LED<\/strong>: La superficie del espejo est\u00e1 equipada con una tira de luz LED, y el dise\u00f1o del interruptor t\u00e1ctil del borde hace que la iluminaci\u00f3n sea natural y c\u00f3moda, teniendo en cuenta tanto la practicidad como la belleza.<\/p>\n\n\n\n<p><strong>Almacenamiento particionado<\/strong>: M\u00faltiples cajones + dise\u00f1o de doble puerta, el armario de espejo superior y el armario principal inferior est\u00e1n razonablemente divididos, lo que puede almacenar de forma flexible art\u00edculos de tocador, haciendo que el cuarto de ba\u00f1o sea m\u00e1s ordenado y ordenado.<\/p>\n\n\n\n<p><strong>Material de PVC de alta calidad:<\/strong> El armaz\u00f3n del armario est\u00e1 fabricado con l\u00e1mina de PVC de primera calidad, con tratamiento antihumedad. Es dif\u00edcil de deformar o agrietar despu\u00e9s de un largo uso, y se puede utilizar en condiciones de humedad.<\/p>\n\n\n\n<p><strong>Instalaci\u00f3n flotante<\/strong>: El dise\u00f1o flotante tambi\u00e9n deja la parte inferior vac\u00eda, lo que resulta pr\u00e1ctico para la limpieza diaria del suelo, tanto en t\u00e9rminos de funcionalidad como de belleza, y puede aplicarse a apartamentos peque\u00f1os.<\/p>\n\n\n\n<p><strong>Apoyo a la personalizaci\u00f3n<\/strong>: Proporcionar servicios personalizados para el tama\u00f1o, el color, el material y el estilo de la tira de luz del gabinete del espejo, que es adecuado para proyectos de ingenier\u00eda y las necesidades de adquisici\u00f3n personalizada de los propietarios de marcas.<\/p>\n<\/div>\n\n\n\n<div class=\"wp-block-column is-layout-flow wp-block-column-is-layout-flow\"><div class=\"wp-block-image\">\n<figure class=\"aligncenter size-full\"><img decoding=\"async\" width=\"1000\" height=\"1000\" src=\"https:\/\/www.shouyasanitary.com\/wp-content\/uploads\/2025\/05\/Custom-Vanity-for-Bathroom-Wholesale-Floating-Bathroom-3.webp\" alt=\"Tocador de ba\u00f1o a medida Ba\u00f1o flotante al por mayor (3)\" class=\"wp-image-1131\" style=\"object-fit:cover\" srcset=\"https:\/\/www.shouyasanitary.com\/wp-content\/uploads\/2025\/05\/Custom-Vanity-for-Bathroom-Wholesale-Floating-Bathroom-3.webp 1000w, https:\/\/www.shouyasanitary.com\/wp-content\/uploads\/2025\/05\/Custom-Vanity-for-Bathroom-Wholesale-Floating-Bathroom-3-300x300.webp 300w, https:\/\/www.shouyasanitary.com\/wp-content\/uploads\/2025\/05\/Custom-Vanity-for-Bathroom-Wholesale-Floating-Bathroom-3-150x150.webp 150w, https:\/\/www.shouyasanitary.com\/wp-content\/uploads\/2025\/05\/Custom-Vanity-for-Bathroom-Wholesale-Floating-Bathroom-3-768x768.webp 768w, https:\/\/www.shouyasanitary.com\/wp-content\/uploads\/2025\/05\/Custom-Vanity-for-Bathroom-Wholesale-Floating-Bathroom-3-12x12.webp 12w, https:\/\/www.shouyasanitary.com\/wp-content\/uploads\/2025\/05\/Custom-Vanity-for-Bathroom-Wholesale-Floating-Bathroom-3-600x600.webp 600w, https:\/\/www.shouyasanitary.com\/wp-content\/uploads\/2025\/05\/Custom-Vanity-for-Bathroom-Wholesale-Floating-Bathroom-3-100x100.webp 100w\" sizes=\"(max-width: 1000px) 100vw, 1000px\" \/><\/figure>\n<\/div><\/div>\n<\/div>","protected":false},"excerpt":{"rendered":"<p>Bienvenido vanidad personalizada para el cuarto de ba\u00f1o, una estructura montada en la pared con estilo, es elegante y duradero. Suministrado directamente por la f\u00e1brica de armarios de ba\u00f1o Shouya, proporcionando lavabos, armarios con espejo, accesorios de ba\u00f1o, etc. Para obtener m\u00e1s soluciones rentables, p\u00f3ngase en contacto con nosotros.<\/p>\n<h2>Atributos del tocador para ba\u00f1o\uff1a<\/h2>\n<p><strong>Art\u00edculo No:<\/strong>HR8815-90<strong><br \/>Material del armario:<\/strong> PVC<br \/><strong>Color del armario:<\/strong> Amarillo<br \/><strong>Espejo:<\/strong> Espejo LED (3,5 mm\/3,8 mm), iluminaci\u00f3n tricolor, desempa\u00f1ado con un solo toque, protegido con embalaje de espuma multicapa<br \/><strong>Tipo de instalaci\u00f3n:<\/strong>\u00a0Montaje en pared<br \/><strong>Dimensiones (L\u00d7A\u00d7H):<\/strong> 90*47,5*48,5 cm<br \/><strong>Peso bruto:<\/strong> 30 kg\/set<\/p>\n<h2>Personalizaci\u00f3n y servicios:<\/h2>\n<p><strong>OEM Y ODM<\/strong>: Soporte<br \/><strong>Dise\u00f1o<\/strong>: Gratis<br \/><strong>Accesorios<\/strong>: Lavabos, espejos, grifos y otros accesorios de ba\u00f1o<br \/><strong>Embalaje<\/strong>: Listo para montar<\/p>","protected":false},"featured_media":1131,"comment_status":"closed","ping_status":"closed","template":"","meta":{"_acf_changed":false},"product_brand":[],"product_cat":[24],"product_tag":[],"class_list":{"0":"post-1125","1":"product","2":"type-product","3":"status-publish","4":"has-post-thumbnail","6":"product_cat-wholesale-pvc-bathroom-vanity-cabinets","8":"first","9":"instock","10":"shipping-taxable","11":"product-type-simple"},"acf":[],"_links":{"self":[{"href":"https:\/\/www.shouyasanitary.com\/es\/wp-json\/wp\/v2\/product\/1125","targetHints":{"allow":["GET"]}}],"collection":[{"href":"https:\/\/www.shouyasanitary.com\/es\/wp-json\/wp\/v2\/product"}],"about":[{"href":"https:\/\/www.shouyasanitary.com\/es\/wp-json\/wp\/v2\/types\/product"}],"replies":[{"embeddable":true,"href":"https:\/\/www.shouyasanitary.com\/es\/wp-json\/wp\/v2\/comments?post=1125"}],"wp:featuredmedia":[{"embeddable":true,"href":"https:\/\/www.shouyasanitary.com\/es\/wp-json\/wp\/v2\/media\/1131"}],"wp:attachment":[{"href":"https:\/\/www.shouyasanitary.com\/es\/wp-json\/wp\/v2\/media?parent=1125"}],"wp:term":[{"taxonomy":"product_brand","embeddable":true,"href":"https:\/\/www.shouyasanitary.com\/es\/wp-json\/wp\/v2\/product_brand?post=1125"},{"taxonomy":"product_cat","embeddable":true,"href":"https:\/\/www.shouyasanitary.com\/es\/wp-json\/wp\/v2\/product_cat?post=1125"},{"taxonomy":"product_tag","embeddable":true,"href":"https:\/\/www.shouyasanitary.com\/es\/wp-json\/wp\/v2\/product_tag?post=1125"}],"curies":[{"name":"wp","href":"https:\/\/api.w.org\/{rel}","templated":true}]}}