{"id":1153,"date":"2025-05-22T17:56:24","date_gmt":"2025-05-22T17:56:24","guid":{"rendered":"https:\/\/www.shouyasanitary.com\/?post_type=product&#038;p=1153"},"modified":"2025-05-22T17:56:30","modified_gmt":"2025-05-22T17:56:30","slug":"bathroom-custom-cabinets","status":"publish","type":"product","link":"https:\/\/www.shouyasanitary.com\/es\/producto\/bathroom-custom-cabinets\/","title":{"rendered":"Armarios de Ba\u00f1o a Medida con Espejo Redondo, Mayorista de Armarios de Ba\u00f1o Flotantes"},"content":{"rendered":"<div class=\"wp-block-columns is-layout-flex wp-container-core-columns-is-layout-9d6595d7 wp-block-columns-is-layout-flex\">\n<div class=\"wp-block-column is-layout-flow wp-block-column-is-layout-flow\">\n<h2 class=\"wp-block-heading\">Ba\u00f1o Custom Cabinets Caracter\u00edsticas:<\/h2>\n\n\n\n<p><strong>Espejo redondo inteligente<\/strong>Espejo redondo: equipado con un lujoso espejo redondo y una funci\u00f3n de desempa\u00f1ado inteligente de doble control, que puede evitar la condensaci\u00f3n de vapor de agua y mantener el espejo limpio, haciendo que el uso diario sea m\u00e1s c\u00f3modo.<\/p>\n\n\n\n<p><strong>Dise\u00f1o de tira de luz de espejo<\/strong>: Se acompa\u00f1a de una tira de luz, que adem\u00e1s de a\u00f1adir ambiente al cuarto de ba\u00f1o, proporciona una iluminaci\u00f3n suave, satisface las necesidades diarias de iluminaci\u00f3n y optimiza la est\u00e9tica de la zona.<\/p>\n\n\n\n<p><strong>Mueble de ba\u00f1o de madera contrachapada<\/strong>: Fabricado en material contrachapado de alta calidad, con una estructura r\u00edgida y buenas propiedades antihumedad, est\u00e1 especialmente adaptado a los ambientes h\u00famedos del cuarto de ba\u00f1o.<\/p>\n\n\n\n<p><strong>Combinaci\u00f3n de caj\u00f3n y puerta de armario<\/strong>: El armario principal es de estilo sencillo, utiliza una combinaci\u00f3n de cajones y puertas de armario, una divisi\u00f3n racional y satisface las necesidades de almacenamiento de los distintos art\u00edculos.<\/p>\n\n\n\n<p><strong>Los finos armarios laterales incorporan luces de inducci\u00f3n inteligentes: <\/strong>Los armarios laterales est\u00e1n equipados con luces de inducci\u00f3n de cuerpo humano, que se encienden autom\u00e1ticamente cuando la gente se acerca por la noche, ofreciendo m\u00e1s comodidad y seguridad durante su uso.<\/p>\n\n\n\n<p><strong>Algunas combinaciones de tama\u00f1o<\/strong>: El tama\u00f1o del armario con espejo es de 900\u00d7680\u00d7150mm, y el tama\u00f1o del armario principal es de 1000\u00d7500\u00d7450mm. Es adecuado para la mayor\u00eda de los tipos de dise\u00f1os de ba\u00f1o, cumpliendo con la doble demanda de almacenamiento y belleza para varios cuartos de ba\u00f1o.<\/p>\n\n\n\n<p><strong>Suministro directo de f\u00e1brica<\/strong>: Shouya f\u00e1brica al por mayor, asegurando que los clientes reciban soluciones m\u00e1s rentables tocador de ba\u00f1o y un suministro estable a largo plazo.<\/p>\n<\/div>\n\n\n\n<div class=\"wp-block-column is-layout-flow wp-block-column-is-layout-flow\"><div class=\"wp-block-image\">\n<figure class=\"aligncenter size-full\"><img decoding=\"async\" width=\"800\" height=\"800\" src=\"https:\/\/www.shouyasanitary.com\/wp-content\/uploads\/2025\/05\/Bathroom-Custom-Cabinets-Wholesale-Floating-Bathroom-Vanity-Mirror.webp\" alt=\"Armarios de ba\u00f1o a medida, Espejo de tocador de ba\u00f1o flotante al por mayor\" class=\"wp-image-1154\" style=\"object-fit:cover\" srcset=\"https:\/\/www.shouyasanitary.com\/wp-content\/uploads\/2025\/05\/Bathroom-Custom-Cabinets-Wholesale-Floating-Bathroom-Vanity-Mirror.webp 800w, https:\/\/www.shouyasanitary.com\/wp-content\/uploads\/2025\/05\/Bathroom-Custom-Cabinets-Wholesale-Floating-Bathroom-Vanity-Mirror-300x300.webp 300w, https:\/\/www.shouyasanitary.com\/wp-content\/uploads\/2025\/05\/Bathroom-Custom-Cabinets-Wholesale-Floating-Bathroom-Vanity-Mirror-150x150.webp 150w, https:\/\/www.shouyasanitary.com\/wp-content\/uploads\/2025\/05\/Bathroom-Custom-Cabinets-Wholesale-Floating-Bathroom-Vanity-Mirror-768x768.webp 768w, https:\/\/www.shouyasanitary.com\/wp-content\/uploads\/2025\/05\/Bathroom-Custom-Cabinets-Wholesale-Floating-Bathroom-Vanity-Mirror-12x12.webp 12w, https:\/\/www.shouyasanitary.com\/wp-content\/uploads\/2025\/05\/Bathroom-Custom-Cabinets-Wholesale-Floating-Bathroom-Vanity-Mirror-600x600.webp 600w, https:\/\/www.shouyasanitary.com\/wp-content\/uploads\/2025\/05\/Bathroom-Custom-Cabinets-Wholesale-Floating-Bathroom-Vanity-Mirror-100x100.webp 100w\" sizes=\"(max-width: 800px) 100vw, 800px\" \/><\/figure>\n<\/div><\/div>\n<\/div>","protected":false},"excerpt":{"rendered":"<p>Este armario de ba\u00f1o personalizado con un espejo redondo LED inteligente, dise\u00f1o de armario blanco moderno, es pr\u00e1ctico y bonito. Soporta logotipo personalizado, embalaje, etc. Bienvenido a consultarnos hoy para obtener precios al por mayor.<\/p>\n<h2>Atributos de los armarios de ba\u00f1o a medida\uff1a<\/h2>\n<p><strong>Art\u00edculo No:<\/strong>CP8822-100<strong><br \/>Material del armario:<\/strong> Contrachapado<br \/><strong>Color del armario:<\/strong> Gris suave<br \/><strong>Espejo:<\/strong>\u00a0Espejo LED (3,5 mm \/ 3,8 mm), iluminaci\u00f3n tricolor, desempa\u00f1ado con un solo toque, protegido con embalaje de espuma multicapa<br \/><strong>Tipo de instalaci\u00f3n:<\/strong>\u00a0Montaje en pared<br \/><strong>Dimensiones (L \u00d7 A \u00d7 A):<\/strong> 100*50*45 cm<br \/><strong>Peso bruto:<\/strong> 36kg\/set<\/p>\n<h2>Personalizaci\u00f3n y servicios:<\/h2>\n<p><strong>OEM Y ODM<\/strong>: Soporte<br \/><strong>Dise\u00f1o<\/strong>: Gratis<br \/><strong>Accesorios<\/strong>: Lavabos, espejos, grifos y otros accesorios de ba\u00f1o<br \/><strong>Embalaje<\/strong>: Listo para montar<\/p>","protected":false},"featured_media":1154,"comment_status":"closed","ping_status":"closed","template":"","meta":{"_acf_changed":false},"product_brand":[],"product_cat":[20],"product_tag":[],"class_list":{"0":"post-1153","1":"product","2":"type-product","3":"status-publish","4":"has-post-thumbnail","6":"product_cat-wholesale-plywood-bathroom-vanity-cabinets","8":"first","9":"instock","10":"shipping-taxable","11":"product-type-simple"},"acf":[],"_links":{"self":[{"href":"https:\/\/www.shouyasanitary.com\/es\/wp-json\/wp\/v2\/product\/1153","targetHints":{"allow":["GET"]}}],"collection":[{"href":"https:\/\/www.shouyasanitary.com\/es\/wp-json\/wp\/v2\/product"}],"about":[{"href":"https:\/\/www.shouyasanitary.com\/es\/wp-json\/wp\/v2\/types\/product"}],"replies":[{"embeddable":true,"href":"https:\/\/www.shouyasanitary.com\/es\/wp-json\/wp\/v2\/comments?post=1153"}],"wp:featuredmedia":[{"embeddable":true,"href":"https:\/\/www.shouyasanitary.com\/es\/wp-json\/wp\/v2\/media\/1154"}],"wp:attachment":[{"href":"https:\/\/www.shouyasanitary.com\/es\/wp-json\/wp\/v2\/media?parent=1153"}],"wp:term":[{"taxonomy":"product_brand","embeddable":true,"href":"https:\/\/www.shouyasanitary.com\/es\/wp-json\/wp\/v2\/product_brand?post=1153"},{"taxonomy":"product_cat","embeddable":true,"href":"https:\/\/www.shouyasanitary.com\/es\/wp-json\/wp\/v2\/product_cat?post=1153"},{"taxonomy":"product_tag","embeddable":true,"href":"https:\/\/www.shouyasanitary.com\/es\/wp-json\/wp\/v2\/product_tag?post=1153"}],"curies":[{"name":"wp","href":"https:\/\/api.w.org\/{rel}","templated":true}]}}