{"id":1158,"date":"2025-05-22T18:08:20","date_gmt":"2025-05-22T18:08:20","guid":{"rendered":"https:\/\/www.shouyasanitary.com\/?post_type=product&#038;p=1158"},"modified":"2025-05-22T18:08:26","modified_gmt":"2025-05-22T18:08:26","slug":"custom-cabinets-for-bathroom","status":"publish","type":"product","link":"https:\/\/www.shouyasanitary.com\/es\/producto\/custom-cabinets-for-bathroom\/","title":{"rendered":"Armarios a medida para cuarto de ba\u00f1o, tocador de ba\u00f1o moderno de madera contrachapada al por mayor"},"content":{"rendered":"<div class=\"wp-block-columns is-layout-flex wp-container-core-columns-is-layout-9d6595d7 wp-block-columns-is-layout-flex\">\n<div class=\"wp-block-column is-layout-flow wp-block-column-is-layout-flow\">\n<h2 class=\"wp-block-heading\">Caracter\u00edsticas de los Armarios para Ba\u00f1o:<\/h2>\n\n\n\n<p><strong>Dise\u00f1o sencillo y moderno<\/strong>: El color general es gris amarillo claro, con marcos de metal negro y l\u00edneas de adorno doradas, que revelan una textura tranquila y lujosa.<\/p>\n\n\n\n<p><strong>Armario con espejo de dise\u00f1o contrastado<\/strong>: El armario con espejo es un compartimento de almacenamiento abierto y oscuro, que se hace eco del dise\u00f1o de color del armario principal, aportando una sensaci\u00f3n de refinamiento al espacio.<\/p>\n\n\n\n<p><strong>Contrachapado de alta calidad<\/strong>: Hecho de madera contrachapada, tratamiento superficial fino, textura natural, aspecto de gama alta, buen funcionamiento a prueba de humedad, durable, pr\u00e1ctico y hermoso.<\/p>\n\n\n\n<p><strong>Armario con espejo y tira de luz alrededor<\/strong>: El armario de espejo est\u00e1 equipado con un aparato de luz suave, que tiene suficiente luz, es conveniente para el cuidado diario, y tambi\u00e9n trae un ambiente c\u00e1lido.<\/p>\n\n\n\n<p><strong>Marco mural<\/strong>: El dise\u00f1o flotante ahorra espacio en el suelo, haciendo que el cuarto de ba\u00f1o parezca m\u00e1s espacioso, y es conveniente para limpiar el suelo y reducir los \u00e1ngulos muertos sanitarios.<\/p>\n\n\n\n<p><strong>Apoyo a la personalizaci\u00f3n al por mayor<\/strong>: Disponible en varios tama\u00f1os, colores y acabados para ofrecer flexibilidad de marca y dise\u00f1o.<\/p>\n<\/div>\n\n\n\n<div class=\"wp-block-column is-layout-flow wp-block-column-is-layout-flow\"><div class=\"wp-block-image\">\n<figure class=\"aligncenter size-full\"><img decoding=\"async\" width=\"800\" height=\"800\" src=\"https:\/\/www.shouyasanitary.com\/wp-content\/uploads\/2025\/05\/Custom-Cabinets-for-Bathroom-Modern-Plywood-Bathroom-Vanity.webp\" alt=\"Armarios a medida para ba\u00f1o, tocador de ba\u00f1o moderno de madera contrachapada\" class=\"wp-image-1161\" style=\"object-fit:cover\" srcset=\"https:\/\/www.shouyasanitary.com\/wp-content\/uploads\/2025\/05\/Custom-Cabinets-for-Bathroom-Modern-Plywood-Bathroom-Vanity.webp 800w, https:\/\/www.shouyasanitary.com\/wp-content\/uploads\/2025\/05\/Custom-Cabinets-for-Bathroom-Modern-Plywood-Bathroom-Vanity-300x300.webp 300w, https:\/\/www.shouyasanitary.com\/wp-content\/uploads\/2025\/05\/Custom-Cabinets-for-Bathroom-Modern-Plywood-Bathroom-Vanity-150x150.webp 150w, https:\/\/www.shouyasanitary.com\/wp-content\/uploads\/2025\/05\/Custom-Cabinets-for-Bathroom-Modern-Plywood-Bathroom-Vanity-768x768.webp 768w, https:\/\/www.shouyasanitary.com\/wp-content\/uploads\/2025\/05\/Custom-Cabinets-for-Bathroom-Modern-Plywood-Bathroom-Vanity-12x12.webp 12w, https:\/\/www.shouyasanitary.com\/wp-content\/uploads\/2025\/05\/Custom-Cabinets-for-Bathroom-Modern-Plywood-Bathroom-Vanity-600x600.webp 600w, https:\/\/www.shouyasanitary.com\/wp-content\/uploads\/2025\/05\/Custom-Cabinets-for-Bathroom-Modern-Plywood-Bathroom-Vanity-100x100.webp 100w\" sizes=\"(max-width: 800px) 100vw, 800px\" \/><\/figure>\n<\/div><\/div>\n<\/div>","protected":false},"excerpt":{"rendered":"<p>Los armarios a medida para el cuarto de ba\u00f1o son lujosos y elegantes, y pueden combinarse con un armario con espejo LED, un lavabo y accesorios de ba\u00f1o. Soporta personalizaci\u00f3n al por mayor, precio de f\u00e1brica. \u00a1P\u00f3ngase en contacto con nosotros para soluciones al por mayor!<\/p>\n<h2>Armarios para ba\u00f1o Atributos\uff1a<\/h2>\n<p><strong>Art\u00edculo No:<\/strong>CP8819-80<strong><br \/>Material del armario:<\/strong>\u00a0Contrachapado<br \/><strong>Color del armario:<\/strong> Amarillo-gris<br \/><strong>Espejo:<\/strong> Espejo LED (3,5 mm\/3,8 mm), iluminaci\u00f3n tricolor, desempa\u00f1ado con un solo toque, protegido con embalaje de espuma multicapa<br \/><strong>Tipo de instalaci\u00f3n:<\/strong>\u00a0Montaje en pared<br \/><strong>Dimensiones (L\u00d7A\u00d7H):<\/strong> 80x50x50 cm<br \/><strong>Peso bruto:<\/strong> 35 kg\/set<\/p>\n<h2>Personalizaci\u00f3n y servicios:<\/h2>\n<p><strong>OEM Y ODM<\/strong>: Soporte<br \/><strong>Dise\u00f1o<\/strong>: Gratis<br \/><strong>Accesorios<\/strong>: Lavabos, espejos, grifos y otros accesorios de ba\u00f1o<br \/><strong>Embalaje<\/strong>: Listo para montar<\/p>","protected":false},"featured_media":1161,"comment_status":"closed","ping_status":"closed","template":"","meta":{"_acf_changed":false},"product_brand":[],"product_cat":[20],"product_tag":[],"class_list":{"0":"post-1158","1":"product","2":"type-product","3":"status-publish","4":"has-post-thumbnail","6":"product_cat-wholesale-plywood-bathroom-vanity-cabinets","8":"first","9":"instock","10":"shipping-taxable","11":"product-type-simple"},"acf":[],"_links":{"self":[{"href":"https:\/\/www.shouyasanitary.com\/es\/wp-json\/wp\/v2\/product\/1158","targetHints":{"allow":["GET"]}}],"collection":[{"href":"https:\/\/www.shouyasanitary.com\/es\/wp-json\/wp\/v2\/product"}],"about":[{"href":"https:\/\/www.shouyasanitary.com\/es\/wp-json\/wp\/v2\/types\/product"}],"replies":[{"embeddable":true,"href":"https:\/\/www.shouyasanitary.com\/es\/wp-json\/wp\/v2\/comments?post=1158"}],"wp:featuredmedia":[{"embeddable":true,"href":"https:\/\/www.shouyasanitary.com\/es\/wp-json\/wp\/v2\/media\/1161"}],"wp:attachment":[{"href":"https:\/\/www.shouyasanitary.com\/es\/wp-json\/wp\/v2\/media?parent=1158"}],"wp:term":[{"taxonomy":"product_brand","embeddable":true,"href":"https:\/\/www.shouyasanitary.com\/es\/wp-json\/wp\/v2\/product_brand?post=1158"},{"taxonomy":"product_cat","embeddable":true,"href":"https:\/\/www.shouyasanitary.com\/es\/wp-json\/wp\/v2\/product_cat?post=1158"},{"taxonomy":"product_tag","embeddable":true,"href":"https:\/\/www.shouyasanitary.com\/es\/wp-json\/wp\/v2\/product_tag?post=1158"}],"curies":[{"name":"wp","href":"https:\/\/api.w.org\/{rel}","templated":true}]}}