{"id":1164,"date":"2025-05-22T18:16:06","date_gmt":"2025-05-22T18:16:06","guid":{"rendered":"https:\/\/www.shouyasanitary.com\/?post_type=product&#038;p=1164"},"modified":"2025-05-22T18:16:13","modified_gmt":"2025-05-22T18:16:13","slug":"wholesale-bathroom-vanity-with-sink","status":"publish","type":"product","link":"https:\/\/www.shouyasanitary.com\/es\/producto\/wholesale-bathroom-vanity-with-sink\/","title":{"rendered":"Mayorista Mueble de Ba\u00f1o con Lavabo, Mueble de Ba\u00f1o a Granel"},"content":{"rendered":"<div class=\"wp-block-columns is-layout-flex wp-container-core-columns-is-layout-9d6595d7 wp-block-columns-is-layout-flex\">\n<div class=\"wp-block-column is-layout-flow wp-block-column-is-layout-flow\">\n<h2 class=\"wp-block-heading\">Caracter\u00edsticas del mueble de ba\u00f1o con lavabo\uff1a<\/h2>\n\n\n\n<p><strong>Material contrachapado<\/strong>: Tiene una funci\u00f3n a prueba de humedad y puede proteger eficazmente el gabinete, por lo que es una opci\u00f3n pr\u00e1ctica y hermosa para el cuarto de ba\u00f1o.<\/p>\n\n\n\n<p><strong>Dise\u00f1o de doble puerta de armario<\/strong>El espacio interior es amplio y permite guardar objetos de uso diario, como toallas y art\u00edculos de aseo, para satisfacer las necesidades b\u00e1sicas de almacenamiento.<\/p>\n\n\n\n<p><strong>Armario con espejo multifuncional<\/strong>: El armario con espejo est\u00e1 equipado con un espacio de almacenamiento con apertura lateral para guardar los productos de cuidado de la piel, cosm\u00e9ticos, etc., de uso m\u00e1s frecuente y f\u00e1cil acceso.<\/p>\n\n\n\n<p><strong>Aspecto elegante: <\/strong>Presenta un tono suave y claro, creando un ambiente c\u00e1lido y confortable que puede combinar con diversos estilos de decoraci\u00f3n de cuartos de ba\u00f1o.<\/p>\n\n\n\n<p><strong>Fregadero rectangular integrado: <\/strong>Los bordes est\u00e1n redondeados y pulidos, perfectamente unidos a la encimera, sin esquinas muertas sanitarias, y evitan que se filtre el agua.<\/p>\n\n\n\n<p><strong>Tama\u00f1o preciso para adaptarse a espacios reducidos<\/strong>\uff1a El tama\u00f1o del gabinete principal es de 600*430*500mm, y el tama\u00f1o del gabinete del espejo es de 600*140*650mm, que son especificaciones relativamente sofisticadas adecuadas para ba\u00f1os con espacio limitado.<\/p>\n<\/div>\n\n\n\n<div class=\"wp-block-column is-layout-flow wp-block-column-is-layout-flow\"><div class=\"wp-block-image\">\n<figure class=\"aligncenter size-full\"><img decoding=\"async\" width=\"800\" height=\"800\" src=\"https:\/\/www.shouyasanitary.com\/wp-content\/uploads\/2025\/05\/Wholesale-Bathroom-Vanity-with-Sink-Custom-Mirror-Cabinet-Bathroom-Khaki.webp\" alt=\"Mayorista Tocador de Ba\u00f1o con Lavabo, Armario con Espejo Personalizado Ba\u00f1o Caqui\" class=\"wp-image-1167\" style=\"object-fit:cover\" srcset=\"https:\/\/www.shouyasanitary.com\/wp-content\/uploads\/2025\/05\/Wholesale-Bathroom-Vanity-with-Sink-Custom-Mirror-Cabinet-Bathroom-Khaki.webp 800w, https:\/\/www.shouyasanitary.com\/wp-content\/uploads\/2025\/05\/Wholesale-Bathroom-Vanity-with-Sink-Custom-Mirror-Cabinet-Bathroom-Khaki-300x300.webp 300w, https:\/\/www.shouyasanitary.com\/wp-content\/uploads\/2025\/05\/Wholesale-Bathroom-Vanity-with-Sink-Custom-Mirror-Cabinet-Bathroom-Khaki-150x150.webp 150w, https:\/\/www.shouyasanitary.com\/wp-content\/uploads\/2025\/05\/Wholesale-Bathroom-Vanity-with-Sink-Custom-Mirror-Cabinet-Bathroom-Khaki-768x768.webp 768w, https:\/\/www.shouyasanitary.com\/wp-content\/uploads\/2025\/05\/Wholesale-Bathroom-Vanity-with-Sink-Custom-Mirror-Cabinet-Bathroom-Khaki-12x12.webp 12w, https:\/\/www.shouyasanitary.com\/wp-content\/uploads\/2025\/05\/Wholesale-Bathroom-Vanity-with-Sink-Custom-Mirror-Cabinet-Bathroom-Khaki-600x600.webp 600w, https:\/\/www.shouyasanitary.com\/wp-content\/uploads\/2025\/05\/Wholesale-Bathroom-Vanity-with-Sink-Custom-Mirror-Cabinet-Bathroom-Khaki-100x100.webp 100w\" sizes=\"(max-width: 800px) 100vw, 800px\" \/><\/figure>\n<\/div><\/div>\n<\/div>","protected":false},"excerpt":{"rendered":"<p>Mayorista tocador de ba\u00f1o con lavabo, hecho de madera contrachapada a prueba de humedad, est\u00e1 dise\u00f1ado para espacios de ba\u00f1o peque\u00f1os. Proporcionamos servicios personalizados, suministro r\u00e1pido y env\u00edo a todo el mundo. \u00a1Si\u00e9ntase libre de hacer consultas!<\/p>\n<h2>Mueble de ba\u00f1o con lavabo Atributos\uff1a<\/h2>\n<p><strong>N\u00ba de art\u00edculo<\/strong>: CP8823-60<br \/><strong>Material del armario:<\/strong>\u00a0Contrachapado<br \/><strong>Color del armario: <\/strong>Caqui<br \/><strong>Espejo:<\/strong> Espejo LED (3,5 mm\/3,8 mm), iluminaci\u00f3n tricolor, desempa\u00f1ado con un solo toque, protegido con embalaje de espuma multicapa<br \/><strong>Tipo de instalaci\u00f3n:<\/strong>\u00a0Montaje en pared<br \/><strong>Dimensiones (L\u00d7A\u00d7H):<\/strong> 60x43x50 cm<br \/><strong>Peso bruto:<\/strong> 28 kg\/set<\/p>\n<h2>Personalizaci\u00f3n y servicios:<\/h2>\n<p><strong>OEM Y ODM<\/strong>: Soporte<br \/><strong>Dise\u00f1o<\/strong>: Gratis<br \/><strong>Accesorios<\/strong>: Lavabos, espejos, grifos y otros accesorios de ba\u00f1o<br \/><strong>Embalaje<\/strong>: Listo para montar<\/p>","protected":false},"featured_media":1167,"comment_status":"closed","ping_status":"closed","template":"","meta":{"_acf_changed":false},"product_brand":[],"product_cat":[20],"product_tag":[],"class_list":{"0":"post-1164","1":"product","2":"type-product","3":"status-publish","4":"has-post-thumbnail","6":"product_cat-wholesale-plywood-bathroom-vanity-cabinets","8":"first","9":"instock","10":"shipping-taxable","11":"product-type-simple"},"acf":[],"_links":{"self":[{"href":"https:\/\/www.shouyasanitary.com\/es\/wp-json\/wp\/v2\/product\/1164","targetHints":{"allow":["GET"]}}],"collection":[{"href":"https:\/\/www.shouyasanitary.com\/es\/wp-json\/wp\/v2\/product"}],"about":[{"href":"https:\/\/www.shouyasanitary.com\/es\/wp-json\/wp\/v2\/types\/product"}],"replies":[{"embeddable":true,"href":"https:\/\/www.shouyasanitary.com\/es\/wp-json\/wp\/v2\/comments?post=1164"}],"wp:featuredmedia":[{"embeddable":true,"href":"https:\/\/www.shouyasanitary.com\/es\/wp-json\/wp\/v2\/media\/1167"}],"wp:attachment":[{"href":"https:\/\/www.shouyasanitary.com\/es\/wp-json\/wp\/v2\/media?parent=1164"}],"wp:term":[{"taxonomy":"product_brand","embeddable":true,"href":"https:\/\/www.shouyasanitary.com\/es\/wp-json\/wp\/v2\/product_brand?post=1164"},{"taxonomy":"product_cat","embeddable":true,"href":"https:\/\/www.shouyasanitary.com\/es\/wp-json\/wp\/v2\/product_cat?post=1164"},{"taxonomy":"product_tag","embeddable":true,"href":"https:\/\/www.shouyasanitary.com\/es\/wp-json\/wp\/v2\/product_tag?post=1164"}],"curies":[{"name":"wp","href":"https:\/\/api.w.org\/{rel}","templated":true}]}}