{"id":1216,"date":"2025-06-03T04:02:24","date_gmt":"2025-06-03T04:02:24","guid":{"rendered":"https:\/\/www.shouyasanitary.com\/?post_type=product&#038;p=1216"},"modified":"2025-06-03T04:02:29","modified_gmt":"2025-06-03T04:02:29","slug":"new-bathroom-custom-vanity-with-mirror-cabinet-and-sink-wholesale","status":"publish","type":"product","link":"https:\/\/www.shouyasanitary.com\/es\/producto\/new-bathroom-custom-vanity-with-mirror-cabinet-and-sink-wholesale\/","title":{"rendered":"Nuevo cuarto de ba\u00f1o personalizado tocador con espejo gabinete y fregadero al por mayor"},"content":{"rendered":"<div class=\"wp-block-columns is-layout-flex wp-container-core-columns-is-layout-9d6595d7 wp-block-columns-is-layout-flex\">\n<div class=\"wp-block-column is-layout-flow wp-block-column-is-layout-flow\">\n<h2 class=\"wp-block-heading\">Caracter\u00edsticas de los lavabos a medida\uff1a<\/h2>\n\n\n\n<p><strong>Aspecto moderno de alta gama: <\/strong>Las l\u00edneas minimalistas con elegantes tonos grises resaltan el estilo moderno de alta gama, adecuado para una gran variedad de ambientes de ba\u00f1o.<\/p>\n\n\n\n<p><strong>Dise\u00f1o mural:<\/strong> El mueble es de pared, ligero y f\u00e1cil de instalar, adecuado para un espacio de ba\u00f1o moderno de tama\u00f1o reducido.<\/p>\n\n\n\n<p><strong>Acero inoxidable duradero: <\/strong>El mueble de ba\u00f1o est\u00e1 hecho de acero inoxidable de alta calidad, con pulverizaci\u00f3n electrost\u00e1tica en la superficie, que es eficazmente a prueba de humedad y a prueba de \u00f3xido, adapt\u00e1ndose al ambiente h\u00famedo del cuarto de ba\u00f1o y tiene una larga vida \u00fatil.<\/p>\n\n\n\n<p><strong>Armario con espejo con luz de inducci\u00f3n inteligente:<\/strong> El armario con espejo est\u00e1 equipado con una luz de inducci\u00f3n que se ilumina al acercarse; contiene tres capas de estantes abiertos para facilitar el almacenamiento y mantener limpia la encimera. Mejora la comodidad y modernidad de uso para satisfacer las necesidades diarias.<\/p>\n\n\n\n<p><strong>Lavabo de cer\u00e1mica integrado:<\/strong> Fabricado en cer\u00e1mica de alta temperatura, es suave y f\u00e1cil de limpiar, con un dise\u00f1o de borde en forma de arco para evitar salpicaduras, pr\u00e1ctico y exquisito.<\/p>\n\n\n\n<p><strong>Admite la personalizaci\u00f3n masiva:<\/strong> Admite la personalizaci\u00f3n de colores, logotipos y otros elementos para satisfacer los distintos proyectos y necesidades del mercado.<\/p>\n<\/div>\n\n\n\n<div class=\"wp-block-column is-layout-flow wp-block-column-is-layout-flow\"><div class=\"wp-block-image\">\n<figure class=\"aligncenter size-full\"><img decoding=\"async\" width=\"800\" height=\"800\" src=\"https:\/\/www.shouyasanitary.com\/wp-content\/uploads\/2025\/05\/Bathroom-Custom-Vanity-Dark-Grey-Wholesale-Stainless-Steel-Bathroom-Vanities-with-Mirror-1.webp\" alt=\"Tocador de Ba\u00f1o a Medida Gris Oscuro, Mayorista Tocadores de Ba\u00f1o de Acero Inoxidable con Espejo (1)\" class=\"wp-image-1217\" style=\"object-fit:cover\" srcset=\"https:\/\/www.shouyasanitary.com\/wp-content\/uploads\/2025\/05\/Bathroom-Custom-Vanity-Dark-Grey-Wholesale-Stainless-Steel-Bathroom-Vanities-with-Mirror-1.webp 800w, https:\/\/www.shouyasanitary.com\/wp-content\/uploads\/2025\/05\/Bathroom-Custom-Vanity-Dark-Grey-Wholesale-Stainless-Steel-Bathroom-Vanities-with-Mirror-1-300x300.webp 300w, https:\/\/www.shouyasanitary.com\/wp-content\/uploads\/2025\/05\/Bathroom-Custom-Vanity-Dark-Grey-Wholesale-Stainless-Steel-Bathroom-Vanities-with-Mirror-1-150x150.webp 150w, https:\/\/www.shouyasanitary.com\/wp-content\/uploads\/2025\/05\/Bathroom-Custom-Vanity-Dark-Grey-Wholesale-Stainless-Steel-Bathroom-Vanities-with-Mirror-1-768x768.webp 768w, https:\/\/www.shouyasanitary.com\/wp-content\/uploads\/2025\/05\/Bathroom-Custom-Vanity-Dark-Grey-Wholesale-Stainless-Steel-Bathroom-Vanities-with-Mirror-1-12x12.webp 12w, https:\/\/www.shouyasanitary.com\/wp-content\/uploads\/2025\/05\/Bathroom-Custom-Vanity-Dark-Grey-Wholesale-Stainless-Steel-Bathroom-Vanities-with-Mirror-1-600x600.webp 600w, https:\/\/www.shouyasanitary.com\/wp-content\/uploads\/2025\/05\/Bathroom-Custom-Vanity-Dark-Grey-Wholesale-Stainless-Steel-Bathroom-Vanities-with-Mirror-1-100x100.webp 100w\" sizes=\"(max-width: 800px) 100vw, 800px\" \/><\/figure>\n<\/div><\/div>\n<\/div>","protected":false},"excerpt":{"rendered":"<p>Cuarto de ba\u00f1o de acero inoxidable de color gris oscuro personalizado vanidad, dise\u00f1o montado en la pared, la luz de inducci\u00f3n espejo gabinete, adecuado para el cuarto de ba\u00f1o moderno. Los pedidos a granel pueden disfrutar de precios al por mayor, apoyar logotipo personalizado. \u00a1Recepci\u00f3n para entrarnos en contacto con hoy para una investigaci\u00f3n libre!<\/p>\n<h2>Atributos del tocador de ba\u00f1o a medida\uff1a<\/h2>\n<p><strong>Art\u00edculo No: <\/strong>BS205-70<strong><br \/>Material del armario:<\/strong> Acero inoxidable<br \/><strong>Color del armario: <\/strong>Gris oscuro<br \/><strong>Espejo: <\/strong>Espejo LED (3,5 mm\/3,8 mm), iluminaci\u00f3n tricolor, desempa\u00f1ado con un solo toque, protegido con embalaje de espuma multicapa<strong><br \/>Tipo de instalaci\u00f3n: <\/strong>Montaje en pared<br \/><strong>Dimensiones (L\u00d7A\u00d7H):<\/strong> 70*48*50 cm<br \/><strong>Peso bruto:<\/strong> 28kg\/set<\/p>\n<h2>Personalizaci\u00f3n y servicios:<\/h2>\n<p><strong>OEM Y ODM<\/strong>: Soporte<br \/><strong>Dise\u00f1o<\/strong>: Gratis<br \/><strong>Accesorios<\/strong>: Lavabos, espejos, grifos y otros accesorios de ba\u00f1o<br \/><strong>Embalaje<\/strong>: Listo para montar<\/p>","protected":false},"featured_media":1217,"comment_status":"closed","ping_status":"closed","template":"","meta":{"_acf_changed":false},"product_brand":[],"product_cat":[27],"product_tag":[],"class_list":{"0":"post-1216","1":"product","2":"type-product","3":"status-publish","4":"has-post-thumbnail","6":"product_cat-wholesale-stainless-steel-bathroom-vanity-cabinets","8":"first","9":"instock","10":"shipping-taxable","11":"product-type-simple"},"acf":[],"_links":{"self":[{"href":"https:\/\/www.shouyasanitary.com\/es\/wp-json\/wp\/v2\/product\/1216","targetHints":{"allow":["GET"]}}],"collection":[{"href":"https:\/\/www.shouyasanitary.com\/es\/wp-json\/wp\/v2\/product"}],"about":[{"href":"https:\/\/www.shouyasanitary.com\/es\/wp-json\/wp\/v2\/types\/product"}],"replies":[{"embeddable":true,"href":"https:\/\/www.shouyasanitary.com\/es\/wp-json\/wp\/v2\/comments?post=1216"}],"wp:featuredmedia":[{"embeddable":true,"href":"https:\/\/www.shouyasanitary.com\/es\/wp-json\/wp\/v2\/media\/1217"}],"wp:attachment":[{"href":"https:\/\/www.shouyasanitary.com\/es\/wp-json\/wp\/v2\/media?parent=1216"}],"wp:term":[{"taxonomy":"product_brand","embeddable":true,"href":"https:\/\/www.shouyasanitary.com\/es\/wp-json\/wp\/v2\/product_brand?post=1216"},{"taxonomy":"product_cat","embeddable":true,"href":"https:\/\/www.shouyasanitary.com\/es\/wp-json\/wp\/v2\/product_cat?post=1216"},{"taxonomy":"product_tag","embeddable":true,"href":"https:\/\/www.shouyasanitary.com\/es\/wp-json\/wp\/v2\/product_tag?post=1216"}],"curies":[{"name":"wp","href":"https:\/\/api.w.org\/{rel}","templated":true}]}}