{"id":1220,"date":"2025-06-03T06:38:03","date_gmt":"2025-06-03T06:38:03","guid":{"rendered":"https:\/\/www.shouyasanitary.com\/?post_type=product&#038;p=1220"},"modified":"2025-06-03T06:38:09","modified_gmt":"2025-06-03T06:38:09","slug":"custom-made-bathroom-vanity","status":"publish","type":"product","link":"https:\/\/www.shouyasanitary.com\/es\/producto\/custom-made-bathroom-vanity\/","title":{"rendered":"Tocador de ba\u00f1o a medida, Armarios de ba\u00f1o modernos con espejo al por mayor"},"content":{"rendered":"<div class=\"wp-block-columns is-layout-flex wp-container-core-columns-is-layout-9d6595d7 wp-block-columns-is-layout-flex\">\n<div class=\"wp-block-column is-layout-flow wp-block-column-is-layout-flow\">\n<h2 class=\"wp-block-heading\">Caracter\u00edsticas del lavabo\uff1a<\/h2>\n\n\n\n<p><strong>Material de acero inoxidable de alta calidad: <\/strong>Fabricado en acero inoxidable resistente al agua, el mueble principal presenta un acabado en spray mate resistente al \u00f3xido y al desgaste. Ideal para ba\u00f1os en regiones con altos niveles de humedad.<\/p>\n\n\n\n<p><strong>Forma moderna y elegante:<\/strong> Con esquinas redondeadas, detalles de l\u00edneas verticales y una silueta minimalista en un elegante acabado gris oscuro. Para un ba\u00f1o m\u00e1s refinado y contempor\u00e1neo.<\/p>\n\n\n\n<p><strong>Mejora de la estructura del armario con espejos:<\/strong> El dise\u00f1o sim\u00e9trico izquierda-derecha incluye una disposici\u00f3n de estante abierto de 6 compartimentos, que proporciona un acceso f\u00e1cil y una organizaci\u00f3n clara para los art\u00edculos de aseo de uso frecuente.<\/p>\n\n\n\n<p><strong>Espejo con sensor inteligente e iluminaci\u00f3n suave:<\/strong> La puerta con espejo integrado est\u00e1 equipada con un sensor de luz oculto. Basta con agitarla para activar una iluminaci\u00f3n nocturna suave y no deslumbrante, que ofrece un equilibrio entre est\u00e9tica moderna y funcionalidad pr\u00e1ctica.<\/p>\n\n\n\n<p><strong>Dimensiones optimizadas para espacios compactos: <\/strong>El tama\u00f1o del armario principal del cuarto de ba\u00f1o es de 900X480X500mm, y el tama\u00f1o del armario del espejo es de 900X130X650mm, con suficiente espacio de almacenamiento y uso. Especialmente adecuado para espacios de ba\u00f1o peque\u00f1os y medianos con altos requisitos de utilizaci\u00f3n del espacio.<\/p>\n\n\n\n<p><strong>Estricto control de calidad: <\/strong>Todos los productos se fabrican en nuestras f\u00e1bricas con normas de calidad estrictas y controlables. Garantizamos una calidad estable de los productos y ofrecemos asistencia r\u00e1pida en caso de problemas.<\/p>\n<\/div>\n\n\n\n<div class=\"wp-block-column is-layout-flow wp-block-column-is-layout-flow\"><div class=\"wp-block-image\">\n<figure class=\"aligncenter size-full\"><img decoding=\"async\" width=\"800\" height=\"800\" src=\"https:\/\/www.shouyasanitary.com\/wp-content\/uploads\/2025\/05\/Custom-Made-Bathroom-Vanity-Wholesale-Modern-Bathroom-Cabinets-with-Mirror.webp\" alt=\"Tocador de ba\u00f1o a medida, Armarios de ba\u00f1o modernos con espejo al por mayor\" class=\"wp-image-1223\" style=\"object-fit:cover\" srcset=\"https:\/\/www.shouyasanitary.com\/wp-content\/uploads\/2025\/05\/Custom-Made-Bathroom-Vanity-Wholesale-Modern-Bathroom-Cabinets-with-Mirror.webp 800w, https:\/\/www.shouyasanitary.com\/wp-content\/uploads\/2025\/05\/Custom-Made-Bathroom-Vanity-Wholesale-Modern-Bathroom-Cabinets-with-Mirror-300x300.webp 300w, https:\/\/www.shouyasanitary.com\/wp-content\/uploads\/2025\/05\/Custom-Made-Bathroom-Vanity-Wholesale-Modern-Bathroom-Cabinets-with-Mirror-150x150.webp 150w, https:\/\/www.shouyasanitary.com\/wp-content\/uploads\/2025\/05\/Custom-Made-Bathroom-Vanity-Wholesale-Modern-Bathroom-Cabinets-with-Mirror-768x768.webp 768w, https:\/\/www.shouyasanitary.com\/wp-content\/uploads\/2025\/05\/Custom-Made-Bathroom-Vanity-Wholesale-Modern-Bathroom-Cabinets-with-Mirror-12x12.webp 12w, https:\/\/www.shouyasanitary.com\/wp-content\/uploads\/2025\/05\/Custom-Made-Bathroom-Vanity-Wholesale-Modern-Bathroom-Cabinets-with-Mirror-600x600.webp 600w, https:\/\/www.shouyasanitary.com\/wp-content\/uploads\/2025\/05\/Custom-Made-Bathroom-Vanity-Wholesale-Modern-Bathroom-Cabinets-with-Mirror-100x100.webp 100w\" sizes=\"(max-width: 800px) 100vw, 800px\" \/><\/figure>\n<\/div><\/div>\n<\/div>","protected":false},"excerpt":{"rendered":"<p>A granel tocadores de ba\u00f1o a medida, de acero inoxidable de alta calidad, dise\u00f1o moderno, equipado con un sensor inteligente LED espejo del gabinete, y un gran espacio de almacenamiento. Calidad directa de f\u00e1brica, precio al por mayor, recepci\u00f3n para entrarnos en contacto con para una cita.<\/p>\n<h2>Atributos del lavabo\uff1a<\/h2>\n<p><strong>Art\u00edculo No:<\/strong> BD205-90<strong><br \/>Material del armario:<\/strong> Acero inoxidable<br \/><strong>Color del armario: <\/strong>Gris oscuro<br \/><strong>Espejo: <\/strong>Espejo LED (3,5 mm\/3,8 mm), iluminaci\u00f3n tricolor, desempa\u00f1ado con un solo toque, protegido con embalaje de espuma multicapa<strong><br \/>Tipo de instalaci\u00f3n: <\/strong>Montaje en pared<br \/><strong>Dimensiones (L\u00d7A\u00d7H): <\/strong>90*48*50 cm<br \/><strong>Peso bruto: <\/strong>28kg\/set<\/p>\n<h2>Personalizaci\u00f3n y servicios:<\/h2>\n<p><strong>OEM Y ODM<\/strong>: Soporte<br \/><strong>Dise\u00f1o<\/strong>: Gratis<br \/><strong>Accesorios<\/strong>: Lavabos, espejos, grifos y otros accesorios de ba\u00f1o<br \/><strong>Embalaje<\/strong>: Listo para montar<\/p>","protected":false},"featured_media":1223,"comment_status":"closed","ping_status":"closed","template":"","meta":{"_acf_changed":false},"product_brand":[],"product_cat":[27],"product_tag":[],"class_list":{"0":"post-1220","1":"product","2":"type-product","3":"status-publish","4":"has-post-thumbnail","6":"product_cat-wholesale-stainless-steel-bathroom-vanity-cabinets","8":"first","9":"instock","10":"shipping-taxable","11":"product-type-simple"},"acf":[],"_links":{"self":[{"href":"https:\/\/www.shouyasanitary.com\/es\/wp-json\/wp\/v2\/product\/1220","targetHints":{"allow":["GET"]}}],"collection":[{"href":"https:\/\/www.shouyasanitary.com\/es\/wp-json\/wp\/v2\/product"}],"about":[{"href":"https:\/\/www.shouyasanitary.com\/es\/wp-json\/wp\/v2\/types\/product"}],"replies":[{"embeddable":true,"href":"https:\/\/www.shouyasanitary.com\/es\/wp-json\/wp\/v2\/comments?post=1220"}],"wp:featuredmedia":[{"embeddable":true,"href":"https:\/\/www.shouyasanitary.com\/es\/wp-json\/wp\/v2\/media\/1223"}],"wp:attachment":[{"href":"https:\/\/www.shouyasanitary.com\/es\/wp-json\/wp\/v2\/media?parent=1220"}],"wp:term":[{"taxonomy":"product_brand","embeddable":true,"href":"https:\/\/www.shouyasanitary.com\/es\/wp-json\/wp\/v2\/product_brand?post=1220"},{"taxonomy":"product_cat","embeddable":true,"href":"https:\/\/www.shouyasanitary.com\/es\/wp-json\/wp\/v2\/product_cat?post=1220"},{"taxonomy":"product_tag","embeddable":true,"href":"https:\/\/www.shouyasanitary.com\/es\/wp-json\/wp\/v2\/product_tag?post=1220"}],"curies":[{"name":"wp","href":"https:\/\/api.w.org\/{rel}","templated":true}]}}