{"id":1233,"date":"2025-06-03T09:25:40","date_gmt":"2025-06-03T09:25:40","guid":{"rendered":"https:\/\/www.shouyasanitary.com\/?post_type=product&#038;p=1233"},"modified":"2025-06-03T09:25:45","modified_gmt":"2025-06-03T09:25:45","slug":"custom-built-bathroom-vanity","status":"publish","type":"product","link":"https:\/\/www.shouyasanitary.com\/es\/producto\/custom-built-bathroom-vanity\/","title":{"rendered":"Mueble de ba\u00f1o a medida, Mueble de ba\u00f1o peque\u00f1o gris a granel"},"content":{"rendered":"<div class=\"wp-block-columns is-layout-flex wp-container-core-columns-is-layout-9d6595d7 wp-block-columns-is-layout-flex\">\n<div class=\"wp-block-column is-layout-flow wp-block-column-is-layout-flow\">\n<h2 class=\"wp-block-heading\">Construido a medida Vanidad Ba\u00f1o Caracter\u00edsticas:<\/h2>\n\n\n\n<p><strong>Dise\u00f1o moderno y minimalista:<\/strong> pintura gris brillante, dise\u00f1o de doble puerta sin tirador, adecuado para un espacio de ba\u00f1o minimalista de estilo n\u00f3rdico.<\/p>\n\n\n\n<p><strong>Material ecol\u00f3gico SPC:<\/strong> El uso de piedra de alta calidad tablero compuesto de pl\u00e1stico, excelente impermeable, a prueba de humedad y el moho a prueba de rendimiento, evitando eficazmente la deformaci\u00f3n, el moho y otros problemas en el ambiente h\u00famedo del cuarto de ba\u00f1o, y ong vida \u00fatil.<\/p>\n\n\n\n<p><strong>Instalaci\u00f3n flotante: <\/strong>Instalaci\u00f3n ligera y r\u00e1pida, limpieza c\u00f3moda del suelo del cuarto de ba\u00f1o, especialmente adecuado para usuarios modernos de peque\u00f1o tama\u00f1o.<\/p>\n\n\n\n<p><strong>Lavabo de cer\u00e1mica de alta calidad:<\/strong> Equipado con lavabo cer\u00e1mico de una pieza, superficie lisa y plana, antiincrustante y resistente a los ara\u00f1azos.<\/p>\n\n\n\n<p><strong>Armario con espejo LED: <\/strong>El armario con espejo tiene luces LED incorporadas y un dise\u00f1o de compartimento de almacenamiento abierto de doble capa para mejorar la eficiencia del almacenamiento, mantener la encimera limpia y ordenada, y crear un ambiente c\u00e1lido y confortable.<\/p>\n\n\n\n<p><strong>Admite la personalizaci\u00f3n masiva: <\/strong>Ofrecemos servicios personalizados para pedidos al por mayor, incluidos colores, acabados, accesorios, etc., para satisfacer las diversas necesidades de compra de empresas de proyectos hoteleros, clientes de ingenier\u00eda, distribuidores, etc.<\/p>\n<\/div>\n\n\n\n<div class=\"wp-block-column is-layout-flow wp-block-column-is-layout-flow\"><div class=\"wp-block-image\">\n<figure class=\"aligncenter size-full\"><img decoding=\"async\" width=\"800\" height=\"800\" src=\"https:\/\/www.shouyasanitary.com\/wp-content\/uploads\/2025\/05\/Custom-Built-Bathroom-Vanity-Modern-Grey-Banthroom-Cabinet-with-Ceramic-Basin-In-Bulk.webp\" alt=\"Mueble de ba\u00f1o a medida, mueble de ba\u00f1o moderno gris con lavabo de cer\u00e1mica a granel\" class=\"wp-image-1234\" style=\"object-fit:cover\" srcset=\"https:\/\/www.shouyasanitary.com\/wp-content\/uploads\/2025\/05\/Custom-Built-Bathroom-Vanity-Modern-Grey-Banthroom-Cabinet-with-Ceramic-Basin-In-Bulk.webp 800w, https:\/\/www.shouyasanitary.com\/wp-content\/uploads\/2025\/05\/Custom-Built-Bathroom-Vanity-Modern-Grey-Banthroom-Cabinet-with-Ceramic-Basin-In-Bulk-300x300.webp 300w, https:\/\/www.shouyasanitary.com\/wp-content\/uploads\/2025\/05\/Custom-Built-Bathroom-Vanity-Modern-Grey-Banthroom-Cabinet-with-Ceramic-Basin-In-Bulk-150x150.webp 150w, https:\/\/www.shouyasanitary.com\/wp-content\/uploads\/2025\/05\/Custom-Built-Bathroom-Vanity-Modern-Grey-Banthroom-Cabinet-with-Ceramic-Basin-In-Bulk-768x768.webp 768w, https:\/\/www.shouyasanitary.com\/wp-content\/uploads\/2025\/05\/Custom-Built-Bathroom-Vanity-Modern-Grey-Banthroom-Cabinet-with-Ceramic-Basin-In-Bulk-12x12.webp 12w, https:\/\/www.shouyasanitary.com\/wp-content\/uploads\/2025\/05\/Custom-Built-Bathroom-Vanity-Modern-Grey-Banthroom-Cabinet-with-Ceramic-Basin-In-Bulk-600x600.webp 600w, https:\/\/www.shouyasanitary.com\/wp-content\/uploads\/2025\/05\/Custom-Built-Bathroom-Vanity-Modern-Grey-Banthroom-Cabinet-with-Ceramic-Basin-In-Bulk-100x100.webp 100w\" sizes=\"(max-width: 800px) 100vw, 800px\" \/><\/figure>\n<\/div><\/div>\n<\/div>","protected":false},"excerpt":{"rendered":"<p>Venta al por mayor gabinete de ba\u00f1o construido a medida, hecho de material ecol\u00f3gico SPC, estilo moderno gris, con gabinete de espejo LED y lavabo. Ofrecemos soluciones OEM para proyectos de distribuidores globales. \u00a1Bienvenido a preguntar hoy!<\/p>\n<h2>Atributos del tocador de ba\u00f1o construido a medida\uff1a<\/h2>\n<p><strong>Art\u00edculo No:<\/strong>J1219-60<strong><br \/>Material del armario:<\/strong> SPC<br \/><strong>Color del armario:<\/strong> Gris claro<br \/><strong>Espejo:<\/strong>\u00a0Espejo LED (3,5 mm \/ 3,8 mm), iluminaci\u00f3n tricolor, desempa\u00f1ado con un solo toque, protegido con embalaje de espuma multicapa<br \/><strong>Tipo de instalaci\u00f3n:<\/strong>\u00a0Montaje en pared<br \/><strong>Dimensiones (L \u00d7 A \u00d7 A):<\/strong> 60*47,5*45 cm<br \/><strong>Peso bruto:<\/strong> 28kg\/set<\/p>\n<h2>Personalizaci\u00f3n y servicios:<\/h2>\n<p><strong>OEM Y ODM<\/strong>: Soporte<br \/><strong>Dise\u00f1o<\/strong>: Gratis<br \/><strong>Accesorios<\/strong>: Lavabos, espejos, grifos y otros accesorios de ba\u00f1o<br \/><strong>Embalaje<\/strong>: Listo para montar<\/p>","protected":false},"featured_media":1234,"comment_status":"closed","ping_status":"closed","template":"","meta":{"_acf_changed":false},"product_brand":[],"product_cat":[29],"product_tag":[],"class_list":{"0":"post-1233","1":"product","2":"type-product","3":"status-publish","4":"has-post-thumbnail","6":"product_cat-wholesale-spc-bathroom-vanity-cabinets","8":"first","9":"instock","10":"shipping-taxable","11":"product-type-simple"},"acf":[],"_links":{"self":[{"href":"https:\/\/www.shouyasanitary.com\/es\/wp-json\/wp\/v2\/product\/1233","targetHints":{"allow":["GET"]}}],"collection":[{"href":"https:\/\/www.shouyasanitary.com\/es\/wp-json\/wp\/v2\/product"}],"about":[{"href":"https:\/\/www.shouyasanitary.com\/es\/wp-json\/wp\/v2\/types\/product"}],"replies":[{"embeddable":true,"href":"https:\/\/www.shouyasanitary.com\/es\/wp-json\/wp\/v2\/comments?post=1233"}],"wp:featuredmedia":[{"embeddable":true,"href":"https:\/\/www.shouyasanitary.com\/es\/wp-json\/wp\/v2\/media\/1234"}],"wp:attachment":[{"href":"https:\/\/www.shouyasanitary.com\/es\/wp-json\/wp\/v2\/media?parent=1233"}],"wp:term":[{"taxonomy":"product_brand","embeddable":true,"href":"https:\/\/www.shouyasanitary.com\/es\/wp-json\/wp\/v2\/product_brand?post=1233"},{"taxonomy":"product_cat","embeddable":true,"href":"https:\/\/www.shouyasanitary.com\/es\/wp-json\/wp\/v2\/product_cat?post=1233"},{"taxonomy":"product_tag","embeddable":true,"href":"https:\/\/www.shouyasanitary.com\/es\/wp-json\/wp\/v2\/product_tag?post=1233"}],"curies":[{"name":"wp","href":"https:\/\/api.w.org\/{rel}","templated":true}]}}