{"id":1249,"date":"2025-06-03T09:33:30","date_gmt":"2025-06-03T09:33:30","guid":{"rendered":"https:\/\/www.shouyasanitary.com\/?post_type=product&#038;p=1249"},"modified":"2025-06-03T09:33:36","modified_gmt":"2025-06-03T09:33:36","slug":"wholesale-bathroom-mirror-cabinet","status":"publish","type":"product","link":"https:\/\/www.shouyasanitary.com\/es\/producto\/wholesale-bathroom-mirror-cabinet\/","title":{"rendered":"Mayorista Armario con Espejo para Ba\u00f1o, SPC Wall Mounted Bathroom Vanity Custom"},"content":{"rendered":"<div class=\"wp-block-columns is-layout-flex wp-container-core-columns-is-layout-9d6595d7 wp-block-columns-is-layout-flex\">\n<div class=\"wp-block-column is-layout-flow wp-block-column-is-layout-flow\">\n<h2 class=\"wp-block-heading\">Armario con espejo de ba\u00f1o Caracter\u00edsticas:<\/h2>\n\n\n\n<p><strong>Material de alta calidad<\/strong>Fabricado con SPC y aluminio alveolar de 18 mm. El aluminio de nido de abeja es ligero, fuerte y duradero, con excelentes propiedades de resistencia a la humedad y a la corrosi\u00f3n. No es propenso a la deformaci\u00f3n ni a la oxidaci\u00f3n en un entorno de ba\u00f1o h\u00famedo.<\/p>\n\n\n\n<p><strong>Aspecto caqui<\/strong>: El color caqui tranquilo y atmosf\u00e9rico crea un ambiente de ba\u00f1o suave y c\u00e1lido. La superficie de textura mate no deja f\u00e1cilmente huellas dactilares, adecuada para una gran variedad de estilos de decoraci\u00f3n.<\/p>\n\n\n\n<p><strong>Dise\u00f1o de almacenamiento flexible<\/strong>: El armario con espejo est\u00e1 equipado con una zona de almacenamiento abierta, que permite acceder c\u00f3modamente a los art\u00edculos de uso frecuente. Las puertas del armario y los cajones del armario principal est\u00e1n dise\u00f1ados para almacenar art\u00edculos de diferentes tama\u00f1os por categor\u00edas.<\/p>\n\n\n\n<p><strong>Tira de luz LED incrustada en el armario con espejo<\/strong>La luz es uniforme y suave, lo que es conveniente para el lavado diario y las operaciones de maquillaje, no deslumbra y no deslumbra, mejorando la experiencia general de uso y la calidad.<\/p>\n\n\n\n<p><strong>Instalaci\u00f3n mural<\/strong>: Libera espacio en el suelo, mejora la limpieza general del cuarto de ba\u00f1o y facilita la limpieza diaria y la limpieza de rincones muertos.<\/p>\n\n\n\n<p><strong>Dise\u00f1o de una sola pieza sin asa<\/strong>: El m\u00e9todo oculto de apertura y cierre es m\u00e1s ordenado, reduce los golpes y realza el sentido moderno general del cuarto de ba\u00f1o.<\/p>\n\n\n\n<p><strong>Suministro directo de f\u00e1brica:<\/strong> El suministro directo desde la f\u00e1brica de origen garantiza una entrega estable del producto y precios de f\u00e1brica m\u00e1s competitivos.<\/p>\n<\/div>\n\n\n\n<div class=\"wp-block-column is-layout-flow wp-block-column-is-layout-flow\"><div class=\"wp-block-image\">\n<figure class=\"aligncenter size-full\"><img decoding=\"async\" width=\"800\" height=\"800\" src=\"https:\/\/www.shouyasanitary.com\/wp-content\/uploads\/2025\/05\/Wholesale-Bathroom-Mirror-CabinetSPC-Wall-Mounted-Bathroom-Vanity-with-Sink-Custom-1.webp\" alt=\"Mayorista Armario con Espejo para Ba\u00f1o, SPC Wall Mounted Bathroom Vanity with Sink Custom (1)\" class=\"wp-image-1238\" style=\"object-fit:cover\" srcset=\"https:\/\/www.shouyasanitary.com\/wp-content\/uploads\/2025\/05\/Wholesale-Bathroom-Mirror-CabinetSPC-Wall-Mounted-Bathroom-Vanity-with-Sink-Custom-1.webp 800w, https:\/\/www.shouyasanitary.com\/wp-content\/uploads\/2025\/05\/Wholesale-Bathroom-Mirror-CabinetSPC-Wall-Mounted-Bathroom-Vanity-with-Sink-Custom-1-300x300.webp 300w, https:\/\/www.shouyasanitary.com\/wp-content\/uploads\/2025\/05\/Wholesale-Bathroom-Mirror-CabinetSPC-Wall-Mounted-Bathroom-Vanity-with-Sink-Custom-1-150x150.webp 150w, https:\/\/www.shouyasanitary.com\/wp-content\/uploads\/2025\/05\/Wholesale-Bathroom-Mirror-CabinetSPC-Wall-Mounted-Bathroom-Vanity-with-Sink-Custom-1-768x768.webp 768w, https:\/\/www.shouyasanitary.com\/wp-content\/uploads\/2025\/05\/Wholesale-Bathroom-Mirror-CabinetSPC-Wall-Mounted-Bathroom-Vanity-with-Sink-Custom-1-12x12.webp 12w, https:\/\/www.shouyasanitary.com\/wp-content\/uploads\/2025\/05\/Wholesale-Bathroom-Mirror-CabinetSPC-Wall-Mounted-Bathroom-Vanity-with-Sink-Custom-1-600x600.webp 600w, https:\/\/www.shouyasanitary.com\/wp-content\/uploads\/2025\/05\/Wholesale-Bathroom-Mirror-CabinetSPC-Wall-Mounted-Bathroom-Vanity-with-Sink-Custom-1-100x100.webp 100w\" sizes=\"(max-width: 800px) 100vw, 800px\" \/><\/figure>\n<\/div><\/div>\n<\/div>","protected":false},"excerpt":{"rendered":"<p>Bienvenido a la venta al por mayor armario con espejo de ba\u00f1o, dise\u00f1o de color caqui, material duradero SPC, con un gabinete de espejo LED y lavabo. \u00a1Directo de f\u00e1brica, OEM de apoyo para la orden a granel, p\u00f3ngase en contacto con nosotros para una cotizaci\u00f3n ahora!<\/p>\n<h2>Atributos del armario con espejo de ba\u00f1o\uff1a<\/h2>\n<p><strong>Art\u00edculo No:<\/strong>T001-A<strong><br \/>Material del armario: <\/strong>Tablero de pl\u00e1stico de piedra<br \/><strong>Color del armario:<\/strong> Caqui<br \/><strong>Espejo:<\/strong>\u00a0Espejo LED (3,5 mm \/ 3,8 mm), iluminaci\u00f3n tricolor, desempa\u00f1ado con un solo toque, protegido con embalaje de espuma multicapa<br \/><strong>Tipo de instalaci\u00f3n:<\/strong>\u00a0Montaje en pared<br \/><strong>Dimensiones (L \u00d7 A \u00d7 A):<\/strong> 60*47*45 cm<br \/><strong>Peso bruto:<\/strong> 28kg\/set<\/p>\n<h2>Personalizaci\u00f3n y servicios:<\/h2>\n<p><strong>OEM Y ODM<\/strong>: Soporte<br \/><strong>Dise\u00f1o<\/strong>: Gratis<br \/><strong>Accesorios<\/strong>: Lavabos, espejos, grifos y otros accesorios de ba\u00f1o<br \/><strong>Embalaje<\/strong>: Listo para montar<\/p>","protected":false},"featured_media":1238,"comment_status":"closed","ping_status":"closed","template":"","meta":{"_acf_changed":false},"product_brand":[],"product_cat":[29],"product_tag":[],"class_list":{"0":"post-1249","1":"product","2":"type-product","3":"status-publish","4":"has-post-thumbnail","6":"product_cat-wholesale-spc-bathroom-vanity-cabinets","8":"first","9":"instock","10":"shipping-taxable","11":"product-type-simple"},"acf":[],"_links":{"self":[{"href":"https:\/\/www.shouyasanitary.com\/es\/wp-json\/wp\/v2\/product\/1249","targetHints":{"allow":["GET"]}}],"collection":[{"href":"https:\/\/www.shouyasanitary.com\/es\/wp-json\/wp\/v2\/product"}],"about":[{"href":"https:\/\/www.shouyasanitary.com\/es\/wp-json\/wp\/v2\/types\/product"}],"replies":[{"embeddable":true,"href":"https:\/\/www.shouyasanitary.com\/es\/wp-json\/wp\/v2\/comments?post=1249"}],"wp:featuredmedia":[{"embeddable":true,"href":"https:\/\/www.shouyasanitary.com\/es\/wp-json\/wp\/v2\/media\/1238"}],"wp:attachment":[{"href":"https:\/\/www.shouyasanitary.com\/es\/wp-json\/wp\/v2\/media?parent=1249"}],"wp:term":[{"taxonomy":"product_brand","embeddable":true,"href":"https:\/\/www.shouyasanitary.com\/es\/wp-json\/wp\/v2\/product_brand?post=1249"},{"taxonomy":"product_cat","embeddable":true,"href":"https:\/\/www.shouyasanitary.com\/es\/wp-json\/wp\/v2\/product_cat?post=1249"},{"taxonomy":"product_tag","embeddable":true,"href":"https:\/\/www.shouyasanitary.com\/es\/wp-json\/wp\/v2\/product_tag?post=1249"}],"curies":[{"name":"wp","href":"https:\/\/api.w.org\/{rel}","templated":true}]}}