{"id":1250,"date":"2025-06-03T09:51:43","date_gmt":"2025-06-03T09:51:43","guid":{"rendered":"https:\/\/www.shouyasanitary.com\/?post_type=product&#038;p=1250"},"modified":"2025-06-03T09:51:49","modified_gmt":"2025-06-03T09:51:49","slug":"bathroom-vanities-custom-cabinetry","status":"publish","type":"product","link":"https:\/\/www.shouyasanitary.com\/es\/producto\/bathroom-vanities-custom-cabinetry\/","title":{"rendered":"Mayorista SPC Tocadores de Ba\u00f1o Armarios a Medida con Espejo para Hotel"},"content":{"rendered":"<div class=\"wp-block-columns is-layout-flex wp-container-core-columns-is-layout-9d6595d7 wp-block-columns-is-layout-flex\">\n<div class=\"wp-block-column is-layout-flow wp-block-column-is-layout-flow\">\n<h2 class=\"wp-block-heading\">Ba\u00f1o Vanidades Custom Cabinetry Caracter\u00edsticas\uff1a<\/h2>\n\n\n\n<p><strong>Estilo minimalista moderno: <\/strong>El gris general es minimalista y limpio, lo que se ajusta a los estilos de decoraci\u00f3n dominantes, como el n\u00f3rdico moderno, y es una opci\u00f3n ideal para hoteles, residencias y proyectos de ingenier\u00eda.<\/p>\n\n\n\n<p><strong>Material SPC de alta calidad: <\/strong>Fabricado con tablero compuesto de piedra y pl\u00e1stico, es impermeable y resistente a la humedad, apto para su uso en diversos entornos clim\u00e1ticos de todo el mundo.<\/p>\n\n\n\n<p><strong>Pr\u00e1ctico dise\u00f1o de armario con espejo LED: <\/strong>El lado izquierdo del armario con espejo es un espejo LED cerrado, y el lado derecho est\u00e1 equipado con un estante de almacenamiento abierto de doble capa. Los art\u00edculos de aseo diario, aromaterapia, etc., pueden colocarse en distintas zonas, teniendo en cuenta el almacenamiento y la exposici\u00f3n.<\/p>\n\n\n\n<p><strong>Equipada con lavabo de cer\u00e1mica: <\/strong>El lavabo es de cer\u00e1mica lisa y f\u00e1cil de mantener. La grifer\u00eda negra a juego realza la textura general.<\/p>\n\n\n\n<p><strong>Estructura flotante: <\/strong>Se instala en la pared para evitar la acumulaci\u00f3n de agua y es f\u00e1cil de limpiar.<\/p>\n\n\n\n<p><strong>Directo de f\u00e1brica, con servicios personalizados:<\/strong> Suministro de f\u00e1brica, proporcionar precios al por mayor, puede personalizar el color, logotipo, accesorios estilo, etc, de acuerdo a los proyectos de los clientes, adecuado para escenas comerciales, tales como hoteles, bienes ra\u00edces, y la distribuci\u00f3n.<\/p>\n<\/div>\n\n\n\n<div class=\"wp-block-column is-layout-flow wp-block-column-is-layout-flow\"><div class=\"wp-block-image\">\n<figure class=\"aligncenter size-full\"><img decoding=\"async\" width=\"800\" height=\"800\" src=\"https:\/\/www.shouyasanitary.com\/wp-content\/uploads\/2025\/05\/Bathroom-Vanities-Custom-CabinetryWholesale-Bathroom-Vanity-Mirror-Medicine-Cabinet-for-Hotel-1.webp\" alt=\"Ba\u00f1o Vanidades Custom Cabinetry, Mayorista Ba\u00f1o Vanidad Espejo Medicina Gabinete para Hotel (1)\" class=\"wp-image-1241\" style=\"object-fit:cover\" srcset=\"https:\/\/www.shouyasanitary.com\/wp-content\/uploads\/2025\/05\/Bathroom-Vanities-Custom-CabinetryWholesale-Bathroom-Vanity-Mirror-Medicine-Cabinet-for-Hotel-1.webp 800w, https:\/\/www.shouyasanitary.com\/wp-content\/uploads\/2025\/05\/Bathroom-Vanities-Custom-CabinetryWholesale-Bathroom-Vanity-Mirror-Medicine-Cabinet-for-Hotel-1-300x300.webp 300w, https:\/\/www.shouyasanitary.com\/wp-content\/uploads\/2025\/05\/Bathroom-Vanities-Custom-CabinetryWholesale-Bathroom-Vanity-Mirror-Medicine-Cabinet-for-Hotel-1-150x150.webp 150w, https:\/\/www.shouyasanitary.com\/wp-content\/uploads\/2025\/05\/Bathroom-Vanities-Custom-CabinetryWholesale-Bathroom-Vanity-Mirror-Medicine-Cabinet-for-Hotel-1-768x768.webp 768w, https:\/\/www.shouyasanitary.com\/wp-content\/uploads\/2025\/05\/Bathroom-Vanities-Custom-CabinetryWholesale-Bathroom-Vanity-Mirror-Medicine-Cabinet-for-Hotel-1-12x12.webp 12w, https:\/\/www.shouyasanitary.com\/wp-content\/uploads\/2025\/05\/Bathroom-Vanities-Custom-CabinetryWholesale-Bathroom-Vanity-Mirror-Medicine-Cabinet-for-Hotel-1-600x600.webp 600w, https:\/\/www.shouyasanitary.com\/wp-content\/uploads\/2025\/05\/Bathroom-Vanities-Custom-CabinetryWholesale-Bathroom-Vanity-Mirror-Medicine-Cabinet-for-Hotel-1-100x100.webp 100w\" sizes=\"(max-width: 800px) 100vw, 800px\" \/><\/figure>\n<\/div><\/div>\n<\/div>","protected":false},"excerpt":{"rendered":"<p>Venta al por mayor tocadores de ba\u00f1o gabinetes personalizados con lavabo de cer\u00e1mica y armario con espejo LED, estilo minimalista gris, dise\u00f1o montado en la pared, ideal para ba\u00f1os modernos. Suministro directo de f\u00e1brica, stock semipersonalizado al por mayor. P\u00f3ngase en contacto con nosotros para obtener soluciones personalizadas y cotizaciones al por mayor.<\/p>\n<h2>Tocadores de ba\u00f1o Armarios a medida Atributos\uff1a<\/h2>\n<p><strong>Art\u00edculo No:<\/strong>T001-B<strong><br \/>Material del armario: <\/strong>Tablero de pl\u00e1stico p\u00e9treo<br \/><strong>Color del armario:<\/strong> Gris<br \/><strong>Espejo:<\/strong> Espejo LED (3,5 mm\/3,8 mm), iluminaci\u00f3n tricolor, desempa\u00f1ado con un solo toque, protegido con embalaje de espuma multicapa<br \/><strong>Tipo de instalaci\u00f3n:<\/strong>\u00a0Montaje en pared<br \/><strong>Dimensiones (L\u00d7A\u00d7H):<\/strong> 60*47*45 cm<br \/><strong>Peso bruto:<\/strong> 28kg\/set<\/p>\n<h2>Personalizaci\u00f3n y servicios:<\/h2>\n<p><strong>OEM Y ODM<\/strong>: Soporte<br \/><strong>Dise\u00f1o<\/strong>: Gratis<br \/><strong>Accesorios<\/strong>: Lavabos, espejos, grifos y otros accesorios de ba\u00f1o<br \/><strong>Embalaje<\/strong>: Listo para montar<\/p>","protected":false},"featured_media":1241,"comment_status":"closed","ping_status":"closed","template":"","meta":{"_acf_changed":false},"product_brand":[],"product_cat":[29],"product_tag":[],"class_list":{"0":"post-1250","1":"product","2":"type-product","3":"status-publish","4":"has-post-thumbnail","6":"product_cat-wholesale-spc-bathroom-vanity-cabinets","8":"first","9":"instock","10":"shipping-taxable","11":"product-type-simple"},"acf":[],"_links":{"self":[{"href":"https:\/\/www.shouyasanitary.com\/es\/wp-json\/wp\/v2\/product\/1250","targetHints":{"allow":["GET"]}}],"collection":[{"href":"https:\/\/www.shouyasanitary.com\/es\/wp-json\/wp\/v2\/product"}],"about":[{"href":"https:\/\/www.shouyasanitary.com\/es\/wp-json\/wp\/v2\/types\/product"}],"replies":[{"embeddable":true,"href":"https:\/\/www.shouyasanitary.com\/es\/wp-json\/wp\/v2\/comments?post=1250"}],"wp:featuredmedia":[{"embeddable":true,"href":"https:\/\/www.shouyasanitary.com\/es\/wp-json\/wp\/v2\/media\/1241"}],"wp:attachment":[{"href":"https:\/\/www.shouyasanitary.com\/es\/wp-json\/wp\/v2\/media?parent=1250"}],"wp:term":[{"taxonomy":"product_brand","embeddable":true,"href":"https:\/\/www.shouyasanitary.com\/es\/wp-json\/wp\/v2\/product_brand?post=1250"},{"taxonomy":"product_cat","embeddable":true,"href":"https:\/\/www.shouyasanitary.com\/es\/wp-json\/wp\/v2\/product_cat?post=1250"},{"taxonomy":"product_tag","embeddable":true,"href":"https:\/\/www.shouyasanitary.com\/es\/wp-json\/wp\/v2\/product_tag?post=1250"}],"curies":[{"name":"wp","href":"https:\/\/api.w.org\/{rel}","templated":true}]}}