{"id":1251,"date":"2025-06-03T10:08:07","date_gmt":"2025-06-03T10:08:07","guid":{"rendered":"https:\/\/www.shouyasanitary.com\/?post_type=product&#038;p=1251"},"modified":"2025-06-28T10:16:30","modified_gmt":"2025-06-28T10:16:30","slug":"wholesale-bathroom-vanity-cabinet","status":"publish","type":"product","link":"https:\/\/www.shouyasanitary.com\/es\/producto\/wholesale-bathroom-vanity-cabinet\/","title":{"rendered":"Mayorista Armario de Ba\u00f1o, Proveedor de Armario de Ba\u00f1o Moderno Gris SPC"},"content":{"rendered":"<div class=\"wp-block-columns is-layout-flex wp-container-core-columns-is-layout-9d6595d7 wp-block-columns-is-layout-flex\">\n<div class=\"wp-block-column is-layout-flow wp-block-column-is-layout-flow\">\n<h2 class=\"wp-block-heading\">Caracter\u00edsticas del gabinete de la vanidad del cuarto de ba\u00f1o\uff1a<\/h2>\n\n\n\n<p><strong>Material SPC duradero: <\/strong>Fabricado en SPC de alta calidad, este tocador es impermeable y no contiene formaldeh\u00eddo, y es muy resistente al desgaste, ideal para cuartos de ba\u00f1o h\u00famedos.<\/p>\n\n\n\n<p><strong>Aspecto moderno y sofisticado: <\/strong>Presenta un moderno acabado gris claro de tono suave y textura fina, que aporta una est\u00e9tica limpia y moderna a cualquier espacio de ba\u00f1o.<\/p>\n\n\n\n<p><strong>Tira de luz LED envolvente:\u00a0<\/strong>Las tiras de LED integradas en los cuatro lados del espejo proporcionan una iluminaci\u00f3n suave y uniforme, perfecta para el aseo diario a la vez que mejora el ambiente general.<\/p>\n\n\n\n<p><strong>Disposici\u00f3n vers\u00e1til de los armarios: <\/strong>Inteligentemente dividido con un compartimento de una sola puerta en un lado para art\u00edculos grandes, y cajones dobles lisos en el otro para organizar art\u00edculos de aseo m\u00e1s peque\u00f1os.<\/p>\n\n\n\n<p><strong>Directo de f\u00e1brica, calidad fiable: <\/strong>Respaldados por la avanzada l\u00ednea de producci\u00f3n de Shouya, ofrecemos un suministro estable, un estricto control de calidad y una entrega puntual, ideal para pedidos al por mayor y de proyectos.<\/p>\n<\/div>\n\n\n\n<div class=\"wp-block-column is-layout-flow wp-block-column-is-layout-flow\"><div class=\"wp-block-image\">\n<figure class=\"aligncenter size-full\"><img decoding=\"async\" width=\"800\" height=\"800\" src=\"https:\/\/www.shouyasanitary.com\/wp-content\/uploads\/2025\/05\/Wholesale-Bathroom-Vanity-Cabinet-Luxury-Grey-SPC-Floating-Bathroom-Cabinet.webp\" alt=\"Mayorista Armario de Ba\u00f1o, Lujoso Armario de Ba\u00f1o Flotante SPC Gris\" class=\"wp-image-1243\" style=\"object-fit:cover\" srcset=\"https:\/\/www.shouyasanitary.com\/wp-content\/uploads\/2025\/05\/Wholesale-Bathroom-Vanity-Cabinet-Luxury-Grey-SPC-Floating-Bathroom-Cabinet.webp 800w, https:\/\/www.shouyasanitary.com\/wp-content\/uploads\/2025\/05\/Wholesale-Bathroom-Vanity-Cabinet-Luxury-Grey-SPC-Floating-Bathroom-Cabinet-300x300.webp 300w, https:\/\/www.shouyasanitary.com\/wp-content\/uploads\/2025\/05\/Wholesale-Bathroom-Vanity-Cabinet-Luxury-Grey-SPC-Floating-Bathroom-Cabinet-150x150.webp 150w, https:\/\/www.shouyasanitary.com\/wp-content\/uploads\/2025\/05\/Wholesale-Bathroom-Vanity-Cabinet-Luxury-Grey-SPC-Floating-Bathroom-Cabinet-768x768.webp 768w, https:\/\/www.shouyasanitary.com\/wp-content\/uploads\/2025\/05\/Wholesale-Bathroom-Vanity-Cabinet-Luxury-Grey-SPC-Floating-Bathroom-Cabinet-12x12.webp 12w, https:\/\/www.shouyasanitary.com\/wp-content\/uploads\/2025\/05\/Wholesale-Bathroom-Vanity-Cabinet-Luxury-Grey-SPC-Floating-Bathroom-Cabinet-600x600.webp 600w, https:\/\/www.shouyasanitary.com\/wp-content\/uploads\/2025\/05\/Wholesale-Bathroom-Vanity-Cabinet-Luxury-Grey-SPC-Floating-Bathroom-Cabinet-100x100.webp 100w\" sizes=\"(max-width: 800px) 100vw, 800px\" \/><\/figure>\n<\/div><\/div>\n<\/div>","protected":false},"excerpt":{"rendered":"<p>Venta al por mayor gabinetes de la vanidad del cuarto de ba\u00f1o, aspecto gris moderno, material durable del SPC, con los gabinetes del espejo del LED, convenientes para los hoteles y los apartamentos. \u00a1Shouya f\u00e1brica de suministro directo, el apoyo a granel personalizado, entrega r\u00e1pida global! \u00a1Bienvenido a preguntar!<\/p>\n<h2>Gabinete de la vanidad del cuarto de ba\u00f1o Atributos\uff1a<\/h2>\n<p><strong>Art\u00edculo No:<\/strong>J1231-80<strong><br \/>Material del armario:<\/strong> Tablero de pl\u00e1stico p\u00e9treo<br \/><strong>Color del armario:<\/strong> Gris<br \/><strong>Espejo:<\/strong> Espejo LED (3,5 mm\/3,8 mm), iluminaci\u00f3n tricolor, desempa\u00f1ado con un solo toque, protegido con embalaje de espuma multicapa<br \/><strong>Tipo de instalaci\u00f3n:<\/strong>\u00a0Montaje en pared<br \/><strong>Dimensiones (L\u00d7A\u00d7H):<\/strong> 80*50*45 cm<br \/><strong>Peso bruto:<\/strong> 35 kg\/set<\/p>\n<h2>Personalizaci\u00f3n y servicios:<\/h2>\n<p><strong>OEM Y ODM<\/strong>: Soporte<br \/><strong>Dise\u00f1o<\/strong>: Gratis<br \/><strong>Accesorios<\/strong>: Lavabos, espejos, grifos y otros accesorios de ba\u00f1o<br \/><strong>Embalaje<\/strong>: Listo para montar<\/p>","protected":false},"featured_media":1347,"comment_status":"closed","ping_status":"closed","template":"","meta":{"_acf_changed":false},"product_brand":[],"product_cat":[29],"product_tag":[],"class_list":{"0":"post-1251","1":"product","2":"type-product","3":"status-publish","4":"has-post-thumbnail","6":"product_cat-wholesale-spc-bathroom-vanity-cabinets","8":"first","9":"instock","10":"shipping-taxable","11":"product-type-simple"},"acf":[],"_links":{"self":[{"href":"https:\/\/www.shouyasanitary.com\/es\/wp-json\/wp\/v2\/product\/1251","targetHints":{"allow":["GET"]}}],"collection":[{"href":"https:\/\/www.shouyasanitary.com\/es\/wp-json\/wp\/v2\/product"}],"about":[{"href":"https:\/\/www.shouyasanitary.com\/es\/wp-json\/wp\/v2\/types\/product"}],"replies":[{"embeddable":true,"href":"https:\/\/www.shouyasanitary.com\/es\/wp-json\/wp\/v2\/comments?post=1251"}],"wp:featuredmedia":[{"embeddable":true,"href":"https:\/\/www.shouyasanitary.com\/es\/wp-json\/wp\/v2\/media\/1347"}],"wp:attachment":[{"href":"https:\/\/www.shouyasanitary.com\/es\/wp-json\/wp\/v2\/media?parent=1251"}],"wp:term":[{"taxonomy":"product_brand","embeddable":true,"href":"https:\/\/www.shouyasanitary.com\/es\/wp-json\/wp\/v2\/product_brand?post=1251"},{"taxonomy":"product_cat","embeddable":true,"href":"https:\/\/www.shouyasanitary.com\/es\/wp-json\/wp\/v2\/product_cat?post=1251"},{"taxonomy":"product_tag","embeddable":true,"href":"https:\/\/www.shouyasanitary.com\/es\/wp-json\/wp\/v2\/product_tag?post=1251"}],"curies":[{"name":"wp","href":"https:\/\/api.w.org\/{rel}","templated":true}]}}