{"id":1252,"date":"2025-06-03T10:14:33","date_gmt":"2025-06-03T10:14:33","guid":{"rendered":"https:\/\/www.shouyasanitary.com\/?post_type=product&#038;p=1252"},"modified":"2025-06-03T10:14:38","modified_gmt":"2025-06-03T10:14:38","slug":"bathroom-cabinets-and-vanities-custom","status":"publish","type":"product","link":"https:\/\/www.shouyasanitary.com\/es\/producto\/bathroom-cabinets-and-vanities-custom\/","title":{"rendered":"Armarios y Tocadores de Ba\u00f1o a Medida, Mayorista Tocador con Fregadero Espejo"},"content":{"rendered":"<div class=\"wp-block-columns is-layout-flex wp-container-core-columns-is-layout-9d6595d7 wp-block-columns-is-layout-flex\">\n<div class=\"wp-block-column is-layout-flow wp-block-column-is-layout-flow\">\n<h2 class=\"wp-block-heading\">Armarios de ba\u00f1o y tocadores Caracter\u00edsticas:<\/h2>\n\n\n\n<p><strong>Material de alta calidad: <\/strong>Utilizando material compuesto de pl\u00e1stico de piedra, tiene un excelente rendimiento a prueba de agua y humedad y es adecuado para entornos de ba\u00f1o h\u00famedos. <\/p>\n\n\n\n<p><strong>Aspecto moderno y atmosf\u00e9rico<\/strong>: El mueble gris azulado y el lavabo de cer\u00e1mica blanca se complementan, creando una experiencia visual armoniosa y confortable.<\/p>\n\n\n\n<p><strong>Armario con espejo de dise\u00f1o exclusivo<\/strong>Espejo: hay un espejo a la izquierda para satisfacer las necesidades de vestirse y asearse a diario; el lado derecho tiene un dise\u00f1o abierto de tres rejillas, que puede utilizarse para colocar los productos de cuidado de la piel y art\u00edculos de aseo de uso habitual.<\/p>\n\n\n\n<p><strong>Espejo antihumedad y antivaho<\/strong>: El espejo tiene una funci\u00f3n anti-vaho para evitar la interferencia de vapor de agua, y se empareja con un gabinete a prueba de humedad para mantenerlo seco e higi\u00e9nico durante mucho tiempo.<\/p>\n\n\n\n<p><strong>F\u00e1cil de limpiar<\/strong>: En el uso diario, las manchas no se adhieren f\u00e1cilmente. Las manchas de agua, de pasta de dientes, etc. pueden eliminarse pasando un pa\u00f1o suave. No es f\u00e1cil ocultar la suciedad y es f\u00e1cil de mantener.<\/p>\n\n\n\n<p><strong>Adaptaci\u00f3n multiescena<\/strong>: dise\u00f1o de tama\u00f1o estandarizado, compatible con la mayor\u00eda de los espacios de ba\u00f1o, aspecto elegante que se adapta a varios estilos de decoraci\u00f3n, y admite combinaciones personalizadas para satisfacer diversas necesidades.<\/p>\n\n\n\n<p><strong>Servicio de personalizaci\u00f3n por lotes: <\/strong>Shouya apoya la fabricaci\u00f3n inteligente flexible desde el dise\u00f1o hasta la producci\u00f3n, proporciona lotes peque\u00f1os<strong> <\/strong>prototipos y entregas a gran escala, y personaliza soluciones de ba\u00f1o para los clientes.<\/p>\n<\/div>\n\n\n\n<div class=\"wp-block-column is-layout-flow wp-block-column-is-layout-flow\"><div class=\"wp-block-image\">\n<figure class=\"aligncenter size-full\"><img decoding=\"async\" width=\"800\" height=\"800\" src=\"https:\/\/www.shouyasanitary.com\/wp-content\/uploads\/2025\/05\/Bathroom-Cabinets-and-Vanities-Custom-Factory-Wholesale-Bathroom-Vanity-with-Mirror.jpg\" alt=\"Armarios y tocadores de ba\u00f1o Custom, Factory al por mayor tocador de ba\u00f1o con espejo\" class=\"wp-image-1246\" style=\"object-fit:cover\" srcset=\"https:\/\/www.shouyasanitary.com\/wp-content\/uploads\/2025\/05\/Bathroom-Cabinets-and-Vanities-Custom-Factory-Wholesale-Bathroom-Vanity-with-Mirror.jpg 800w, https:\/\/www.shouyasanitary.com\/wp-content\/uploads\/2025\/05\/Bathroom-Cabinets-and-Vanities-Custom-Factory-Wholesale-Bathroom-Vanity-with-Mirror-300x300.jpg 300w, https:\/\/www.shouyasanitary.com\/wp-content\/uploads\/2025\/05\/Bathroom-Cabinets-and-Vanities-Custom-Factory-Wholesale-Bathroom-Vanity-with-Mirror-150x150.jpg 150w, https:\/\/www.shouyasanitary.com\/wp-content\/uploads\/2025\/05\/Bathroom-Cabinets-and-Vanities-Custom-Factory-Wholesale-Bathroom-Vanity-with-Mirror-768x768.jpg 768w, https:\/\/www.shouyasanitary.com\/wp-content\/uploads\/2025\/05\/Bathroom-Cabinets-and-Vanities-Custom-Factory-Wholesale-Bathroom-Vanity-with-Mirror-12x12.jpg 12w, https:\/\/www.shouyasanitary.com\/wp-content\/uploads\/2025\/05\/Bathroom-Cabinets-and-Vanities-Custom-Factory-Wholesale-Bathroom-Vanity-with-Mirror-600x600.jpg 600w, https:\/\/www.shouyasanitary.com\/wp-content\/uploads\/2025\/05\/Bathroom-Cabinets-and-Vanities-Custom-Factory-Wholesale-Bathroom-Vanity-with-Mirror-100x100.jpg 100w\" sizes=\"(max-width: 800px) 100vw, 800px\" \/><\/figure>\n<\/div><\/div>\n<\/div>","protected":false},"excerpt":{"rendered":"<p>Armarios de ba\u00f1o y tocadores personalizados, material SPC, armarios con espejo multifuncionales, equipados con lavabos de cer\u00e1mica, grifos, etc. Azul, gris y blanco de color a juego es adecuado para varios estilos de ba\u00f1o. Shouya apoya la personalizaci\u00f3n a granel. \u00a1P\u00f3ngase en contacto con nosotros para obtener un presupuesto!<\/p>\n<h2>Armarios y tocadores de ba\u00f1o Atributos\uff1a<\/h2>\n<p><strong>Art\u00edculo No:<\/strong>HR2201-80<strong><br \/>Material del armario:<\/strong> Tablero de pl\u00e1stico p\u00e9treo<br \/><strong>Color del armario:<\/strong> Azul Gris<br \/><strong>Espejo:<\/strong>\u00a0Espejo LED (3,5 mm \/ 3,8 mm), iluminaci\u00f3n tricolor, desempa\u00f1ado con un solo toque, protegido con embalaje de espuma multicapa<br \/><strong>Tipo de instalaci\u00f3n:<\/strong>\u00a0Montaje en pared<br \/><strong>Dimensiones (L \u00d7 A \u00d7 A):<\/strong> 80*47,5*48cm<br \/><strong>Peso bruto:<\/strong> 32 kg\/set<\/p>\n<h2>Personalizaci\u00f3n y servicios:<\/h2>\n<p><strong>OEM Y ODM<\/strong>: Soporte<br \/><strong>Dise\u00f1o<\/strong>: Gratis<br \/><strong>Accesorios<\/strong>: Lavabos, espejos, grifos y otros accesorios de ba\u00f1o<br \/><strong>Embalaje<\/strong>: Listo para montar<\/p>","protected":false},"featured_media":1246,"comment_status":"closed","ping_status":"closed","template":"","meta":{"_acf_changed":false},"product_brand":[],"product_cat":[29],"product_tag":[],"class_list":{"0":"post-1252","1":"product","2":"type-product","3":"status-publish","4":"has-post-thumbnail","6":"product_cat-wholesale-spc-bathroom-vanity-cabinets","8":"first","9":"instock","10":"shipping-taxable","11":"product-type-simple"},"acf":[],"_links":{"self":[{"href":"https:\/\/www.shouyasanitary.com\/es\/wp-json\/wp\/v2\/product\/1252","targetHints":{"allow":["GET"]}}],"collection":[{"href":"https:\/\/www.shouyasanitary.com\/es\/wp-json\/wp\/v2\/product"}],"about":[{"href":"https:\/\/www.shouyasanitary.com\/es\/wp-json\/wp\/v2\/types\/product"}],"replies":[{"embeddable":true,"href":"https:\/\/www.shouyasanitary.com\/es\/wp-json\/wp\/v2\/comments?post=1252"}],"wp:featuredmedia":[{"embeddable":true,"href":"https:\/\/www.shouyasanitary.com\/es\/wp-json\/wp\/v2\/media\/1246"}],"wp:attachment":[{"href":"https:\/\/www.shouyasanitary.com\/es\/wp-json\/wp\/v2\/media?parent=1252"}],"wp:term":[{"taxonomy":"product_brand","embeddable":true,"href":"https:\/\/www.shouyasanitary.com\/es\/wp-json\/wp\/v2\/product_brand?post=1252"},{"taxonomy":"product_cat","embeddable":true,"href":"https:\/\/www.shouyasanitary.com\/es\/wp-json\/wp\/v2\/product_cat?post=1252"},{"taxonomy":"product_tag","embeddable":true,"href":"https:\/\/www.shouyasanitary.com\/es\/wp-json\/wp\/v2\/product_tag?post=1252"}],"curies":[{"name":"wp","href":"https:\/\/api.w.org\/{rel}","templated":true}]}}