{"id":1319,"date":"2025-06-11T09:03:39","date_gmt":"2025-06-11T09:03:39","guid":{"rendered":"https:\/\/www.shouyasanitary.com\/?post_type=product&#038;p=1319"},"modified":"2025-06-11T09:04:29","modified_gmt":"2025-06-11T09:04:29","slug":"wholesale-vanities-bathroom","status":"publish","type":"product","link":"https:\/\/www.shouyasanitary.com\/es\/producto\/wholesale-vanities-bathroom\/","title":{"rendered":"Mayorista Tocadores de Ba\u00f1o, Mueble de Ba\u00f1o de Aluminio con Lavabo a Medida"},"content":{"rendered":"<div class=\"wp-block-columns is-layout-flex wp-container-core-columns-is-layout-9d6595d7 wp-block-columns-is-layout-flex\">\n<div class=\"wp-block-column is-layout-flow wp-block-column-is-layout-flow\">\n<h2 class=\"wp-block-heading\">Tocadores Caracter\u00edsticas del ba\u00f1o\uff1a<\/h2>\n\n\n\n<p><strong>Material de aleaci\u00f3n de aluminio de alta calidad:<\/strong> Ligero y duradero, impermeable y resistente a la corrosi\u00f3n, adecuado para ba\u00f1os comerciales de alta frecuencia.<\/p>\n\n\n\n<p><strong>Aspecto minimalista gris oscuro: <\/strong>El gris oscuro y el luminoso marco de metal espejado combinan a la perfecci\u00f3n, presentando un estilo moderno.<\/p>\n\n\n\n<p><strong>Dise\u00f1o de almacenamiento de doble puerta: <\/strong>El mueble de ba\u00f1o adopta un dise\u00f1o de doble puerta, con particiones internas razonables, maximizando el uso del espacio y creando un entorno de ba\u00f1o eficiente.<\/p>\n\n\n\n<p><strong>Instalaci\u00f3n mural:<\/strong> El dise\u00f1o flotante ayuda a que el suelo se mantenga limpio y favorece la circulaci\u00f3n del aire, al tiempo que mejora la sensaci\u00f3n visual de espacio, especialmente adecuado para el dise\u00f1o de cuartos de ba\u00f1o compactos y modernos.<\/p>\n\n\n\n<p><strong>Armario con espejo LED y estantes: <\/strong>Equipado con espejos de alta definici\u00f3n y luces LED, teniendo en cuenta tanto la iluminaci\u00f3n como la belleza. El estante en el lado derecho del armario con espejo es conveniente para el almacenamiento.<\/p>\n\n\n\n<p><strong>Lavabo de cer\u00e1mica integrado: <\/strong>El cuerpo del lavabo tiene bordes redondeados, esmalte liso, resistente a los ara\u00f1azos y f\u00e1cil de limpiar.<\/p>\n\n\n\n<p><strong>Tama\u00f1o razonable:<\/strong> Dise\u00f1o de proporci\u00f3n \u00e1urea de 80 cm, que puede cumplir las funciones de uso diario sin ocupar demasiado espacio. Adecuado para espacios de ba\u00f1o grandes, medianos y peque\u00f1os.<\/p>\n\n\n\n<p><strong>Soporte OEM\/ODM: <\/strong>El color, el tama\u00f1o, el estilo del armario con espejo, la funci\u00f3n de iluminaci\u00f3n, etc. pueden personalizarse seg\u00fan las necesidades del cliente para satisfacer las necesidades de los distintos proyectos de ingenier\u00eda.<\/p>\n<\/div>\n\n\n\n<div class=\"wp-block-column is-layout-flow wp-block-column-is-layout-flow\"><div class=\"wp-block-image\">\n<figure class=\"aligncenter size-full\"><img decoding=\"async\" width=\"800\" height=\"800\" src=\"https:\/\/www.shouyasanitary.com\/wp-content\/uploads\/2025\/06\/Wholesale-Vanities-Bathroom\uff0cMueble de ba\u00f1o de aluminio con lavabo de cer\u00e1mica personalizado-1.webp\" alt=\"Mayorista Tocadores de Ba\u00f1o\uff0cMueble de Ba\u00f1o de Aluminio con Lavabo de Cer\u00e1mica Personalizado (1)\" class=\"wp-image-1323\" style=\"object-fit:cover\" srcset=\"\" sizes=\"(max-width: 800px) 100vw, 800px\" data-srcset=\"\" \/><\/figure>\n<\/div><\/div>\n<\/div>","protected":false},"excerpt":{"rendered":"<p>Al por mayor tocadores de ba\u00f1o, aspecto gris oscuro, dise\u00f1o moderno, la integraci\u00f3n de un lavabo de cer\u00e1mica, un armario con espejo LED, y el almacenamiento multifuncional, adecuado para una variedad de escenas de espacio. Suministro directo de f\u00e1brica, grandes cantidades de stock, y el apoyo a OEM. \u00a1Bienvenido a preguntar!<\/p>\n<h2>Lavabos Atributos\uff1a<\/h2>\n<p><strong>Art\u00edculo No: <\/strong>01-80G<strong><br \/>Material del armario:<\/strong> Aluminio<br \/><strong>Color del armario:<\/strong> Gris oscuro<br \/><strong>Espejo:<\/strong> Espejo LED (3,5 mm\/3,8 mm), iluminaci\u00f3n tricolor, desempa\u00f1ado con un solo toque, protegido con embalaje de espuma multicapa<br \/><strong>Tipo de instalaci\u00f3n:<\/strong>\u00a0Montaje en pared<br \/><strong>Dimensiones (L\u00d7A\u00d7H):<\/strong> 81x40x50 cm<br \/><strong>Peso bruto:<\/strong> 28kg\/set<\/p>\n<h2>Personalizaci\u00f3n y servicios:<\/h2>\n<p><strong>OEM Y ODM<\/strong>: Soporte<br \/><strong>Dise\u00f1o<\/strong>: Gratis<br \/><strong>Accesorios<\/strong>: Lavabos, espejos, grifos y otros accesorios de ba\u00f1o<br \/><strong>Embalaje<\/strong>: Listo para montar<\/p>","protected":false},"featured_media":1323,"comment_status":"closed","ping_status":"closed","template":"","meta":{"_acf_changed":false},"product_brand":[],"product_cat":[23],"product_tag":[],"class_list":{"0":"post-1319","1":"product","2":"type-product","3":"status-publish","4":"has-post-thumbnail","6":"product_cat-wholesale-aluminum-bathroom-vanity-cabinets","8":"first","9":"instock","10":"shipping-taxable","11":"product-type-simple"},"acf":[],"_links":{"self":[{"href":"https:\/\/www.shouyasanitary.com\/es\/wp-json\/wp\/v2\/product\/1319","targetHints":{"allow":["GET"]}}],"collection":[{"href":"https:\/\/www.shouyasanitary.com\/es\/wp-json\/wp\/v2\/product"}],"about":[{"href":"https:\/\/www.shouyasanitary.com\/es\/wp-json\/wp\/v2\/types\/product"}],"replies":[{"embeddable":true,"href":"https:\/\/www.shouyasanitary.com\/es\/wp-json\/wp\/v2\/comments?post=1319"}],"wp:featuredmedia":[{"embeddable":true,"href":"https:\/\/www.shouyasanitary.com\/es\/wp-json\/wp\/v2\/media\/1323"}],"wp:attachment":[{"href":"https:\/\/www.shouyasanitary.com\/es\/wp-json\/wp\/v2\/media?parent=1319"}],"wp:term":[{"taxonomy":"product_brand","embeddable":true,"href":"https:\/\/www.shouyasanitary.com\/es\/wp-json\/wp\/v2\/product_brand?post=1319"},{"taxonomy":"product_cat","embeddable":true,"href":"https:\/\/www.shouyasanitary.com\/es\/wp-json\/wp\/v2\/product_cat?post=1319"},{"taxonomy":"product_tag","embeddable":true,"href":"https:\/\/www.shouyasanitary.com\/es\/wp-json\/wp\/v2\/product_tag?post=1319"}],"curies":[{"name":"wp","href":"https:\/\/api.w.org\/{rel}","templated":true}]}}