{"id":1329,"date":"2025-06-11T09:07:39","date_gmt":"2025-06-11T09:07:39","guid":{"rendered":"https:\/\/www.shouyasanitary.com\/?post_type=product&#038;p=1329"},"modified":"2025-06-11T09:07:44","modified_gmt":"2025-06-11T09:07:44","slug":"wholesale-bathroom-vanity-units","status":"publish","type":"product","link":"https:\/\/www.shouyasanitary.com\/es\/producto\/wholesale-bathroom-vanity-units\/","title":{"rendered":"Mayorista Mueble de Ba\u00f1o, Conjunto de Mueble de Ba\u00f1o Gris Oscuro Fabricante"},"content":{"rendered":"<div class=\"wp-block-columns is-layout-flex wp-container-core-columns-is-layout-9d6595d7 wp-block-columns-is-layout-flex\">\n<div class=\"wp-block-column is-layout-flow wp-block-column-is-layout-flow\">\n<h2 class=\"wp-block-heading\">Unidades de tocador de ba\u00f1o Caracter\u00edsticas\uff1a<\/h2>\n\n\n\n<p><strong>Dise\u00f1o moderno y minimalista<\/strong>: El mueble de aleaci\u00f3n de aluminio de color gris oscuro tiene una textura de alta calidad, a juego con un lavabo de cer\u00e1mica integrado de color blanco, de l\u00edneas sencillas y depuradas, adecuado para una gran variedad de estilos de decoraci\u00f3n.<\/p>\n\n\n\n<p><strong>Espejo con luz inteligente<\/strong>: El armario con espejo est\u00e1 equipado con tiras de luz LED a su alrededor, y la luz es suave y no deslumbrante. El interruptor t\u00e1ctil es simple y duradero, adecuado para las necesidades diarias de aseo.<\/p>\n\n\n\n<p><strong>Estante de desarrollo<\/strong>: Los estantes sim\u00e9tricos se colocan a ambos lados del armario con espejo, lo que resulta pr\u00e1ctico para colocar los art\u00edculos de aseo de uso com\u00fan, realizando la doble funci\u00f3n de almacenamiento y exposici\u00f3n, y un uso diario m\u00e1s eficiente.<\/p>\n\n\n\n<p><strong>Lavabo de cer\u00e1mica integrado<\/strong>: El lavabo y el mueble est\u00e1n perfectamente unidos, los bordes son lisos y sin rebabas, lo que evita eficazmente la acumulaci\u00f3n de suciedad, y la limpieza diaria es f\u00e1cil y sencilla.<\/p>\n\n\n\n<p><strong>Potente sistema de almacenamiento: <\/strong>El armario de almacenamiento de gran capacidad situado debajo adopta un dise\u00f1o de doble puerta, y la distribuci\u00f3n del espacio interior es razonable, pudiendo clasificarse para guardar toallas, art\u00edculos de aseo, etc. Combinado con el estante superior, se consigue un almacenamiento multinivel, aprovechando al m\u00e1ximo el espacio vertical.<\/p>\n\n\n\n<p><strong>Material de alta calidad:<\/strong> El cuerpo principal adopta una estructura de bastidor de aleaci\u00f3n de aluminio, que es robusta y duradera, a prueba de humedad y \u00f3xido, y prolonga la vida \u00fatil.<\/p>\n\n\n\n<p><strong>Descuentos por volumen<\/strong>: Las compras al por mayor disfrutan de descuentos escalonados, que resultan m\u00e1s rentables.<\/p>\n<\/div>\n\n\n\n<div class=\"wp-block-column is-layout-flow wp-block-column-is-layout-flow\"><div class=\"wp-block-image\">\n<figure class=\"aligncenter size-full\"><img decoding=\"async\" width=\"800\" height=\"800\" src=\"https:\/\/www.shouyasanitary.com\/wp-content\/uploads\/2025\/06\/Wholesale-Bathroom-Vanity-Units-Dark-Grey-Bathroom-Cabinet-Set-Manufacturer-1.webp\" alt=\"Mayorista Mueble de Ba\u00f1o, Juego de Mueble de Ba\u00f1o Gris Oscuro Fabricante (1)\" class=\"wp-image-1327\" style=\"object-fit:cover\" srcset=\"https:\/\/www.shouyasanitary.com\/wp-content\/uploads\/2025\/06\/Wholesale-Bathroom-Vanity-Units-Dark-Grey-Bathroom-Cabinet-Set-Manufacturer-1.webp 800w, https:\/\/www.shouyasanitary.com\/wp-content\/uploads\/2025\/06\/Wholesale-Bathroom-Vanity-Units-Dark-Grey-Bathroom-Cabinet-Set-Manufacturer-1-300x300.webp 300w, https:\/\/www.shouyasanitary.com\/wp-content\/uploads\/2025\/06\/Wholesale-Bathroom-Vanity-Units-Dark-Grey-Bathroom-Cabinet-Set-Manufacturer-1-150x150.webp 150w, https:\/\/www.shouyasanitary.com\/wp-content\/uploads\/2025\/06\/Wholesale-Bathroom-Vanity-Units-Dark-Grey-Bathroom-Cabinet-Set-Manufacturer-1-768x768.webp 768w, https:\/\/www.shouyasanitary.com\/wp-content\/uploads\/2025\/06\/Wholesale-Bathroom-Vanity-Units-Dark-Grey-Bathroom-Cabinet-Set-Manufacturer-1-12x12.webp 12w, https:\/\/www.shouyasanitary.com\/wp-content\/uploads\/2025\/06\/Wholesale-Bathroom-Vanity-Units-Dark-Grey-Bathroom-Cabinet-Set-Manufacturer-1-600x600.webp 600w, https:\/\/www.shouyasanitary.com\/wp-content\/uploads\/2025\/06\/Wholesale-Bathroom-Vanity-Units-Dark-Grey-Bathroom-Cabinet-Set-Manufacturer-1-100x100.webp 100w\" sizes=\"(max-width: 800px) 100vw, 800px\" \/><\/figure>\n<\/div><\/div>\n<\/div>\n\n\n\n<p><\/p>","protected":false},"excerpt":{"rendered":"<p>Bienvenido a la venta al por mayor unidades de tocador de ba\u00f1o, dise\u00f1o minimalista moderno, espejo y estante con LED, de moda y hermoso. Ventas directas de f\u00e1brica, a granel semi-personalizada de valores, la personalizaci\u00f3n de apoyo, bienvenido a preguntar.<\/p>\n<h2>Atributos de los muebles de ba\u00f1o\uff1a<\/h2>\n<p><strong>Art\u00edculo No:<\/strong>01-90G<strong><br \/>Material del armario:<\/strong> Aluminio<br \/><strong>Color del armario:<\/strong> Gris oscuro<br \/><strong>Espejo:<\/strong> Espejo LED (3,5 mm\/3,8 mm), iluminaci\u00f3n tricolor, desempa\u00f1ado con un solo toque, protegido con embalaje de espuma multicapa<br \/><strong>Tipo de instalaci\u00f3n:<\/strong>\u00a0Montaje en pared<br \/><strong>Dimensiones (L\u00d7A\u00d7H):<\/strong> 91x40x50 cm<br \/><strong>Peso bruto:<\/strong> 29 kg\/set<\/p>\n<h2>Personalizaci\u00f3n y servicios:<\/h2>\n<p><strong>OEM Y ODM<\/strong>: Soporte<br \/><strong>Dise\u00f1o<\/strong>: Gratis<br \/><strong>Accesorios<\/strong>: Lavabos, espejos, grifos y otros accesorios de ba\u00f1o<br \/><strong>Embalaje<\/strong>: Listo para montar<\/p>","protected":false},"featured_media":1327,"comment_status":"closed","ping_status":"closed","template":"","meta":{"_acf_changed":true},"product_brand":[],"product_cat":[23],"product_tag":[],"class_list":{"0":"post-1329","1":"product","2":"type-product","3":"status-publish","4":"has-post-thumbnail","6":"product_cat-wholesale-aluminum-bathroom-vanity-cabinets","8":"first","9":"instock","10":"shipping-taxable","11":"product-type-simple"},"acf":[],"_links":{"self":[{"href":"https:\/\/www.shouyasanitary.com\/es\/wp-json\/wp\/v2\/product\/1329","targetHints":{"allow":["GET"]}}],"collection":[{"href":"https:\/\/www.shouyasanitary.com\/es\/wp-json\/wp\/v2\/product"}],"about":[{"href":"https:\/\/www.shouyasanitary.com\/es\/wp-json\/wp\/v2\/types\/product"}],"replies":[{"embeddable":true,"href":"https:\/\/www.shouyasanitary.com\/es\/wp-json\/wp\/v2\/comments?post=1329"}],"wp:featuredmedia":[{"embeddable":true,"href":"https:\/\/www.shouyasanitary.com\/es\/wp-json\/wp\/v2\/media\/1327"}],"wp:attachment":[{"href":"https:\/\/www.shouyasanitary.com\/es\/wp-json\/wp\/v2\/media?parent=1329"}],"wp:term":[{"taxonomy":"product_brand","embeddable":true,"href":"https:\/\/www.shouyasanitary.com\/es\/wp-json\/wp\/v2\/product_brand?post=1329"},{"taxonomy":"product_cat","embeddable":true,"href":"https:\/\/www.shouyasanitary.com\/es\/wp-json\/wp\/v2\/product_cat?post=1329"},{"taxonomy":"product_tag","embeddable":true,"href":"https:\/\/www.shouyasanitary.com\/es\/wp-json\/wp\/v2\/product_tag?post=1329"}],"curies":[{"name":"wp","href":"https:\/\/api.w.org\/{rel}","templated":true}]}}