{"id":1330,"date":"2025-06-11T09:21:01","date_gmt":"2025-06-11T09:21:01","guid":{"rendered":"https:\/\/www.shouyasanitary.com\/?post_type=product&#038;p=1330"},"modified":"2025-06-11T09:21:06","modified_gmt":"2025-06-11T09:21:06","slug":"custom-vanities-bathroom","status":"publish","type":"product","link":"https:\/\/www.shouyasanitary.com\/es\/producto\/custom-vanities-bathroom\/","title":{"rendered":"Tocadores de ba\u00f1o a medida, armarios de ba\u00f1o flotantes individuales con espejo a granel"},"content":{"rendered":"<div class=\"wp-block-columns is-layout-flex wp-container-core-columns-is-layout-9d6595d7 wp-block-columns-is-layout-flex\">\n<div class=\"wp-block-column is-layout-flow wp-block-column-is-layout-flow\">\n<h2 class=\"wp-block-heading\">Tocadores Caracter\u00edsticas del ba\u00f1o\uff1a<\/h2>\n\n\n\n<p><strong>Tama\u00f1o flexible: <\/strong>Su razonable anchura de 50 cm es adecuada para cuartos de ba\u00f1o peque\u00f1os y medianos, y puede integrarse f\u00e1cilmente en diversos estilos de decoraci\u00f3n dom\u00e9stica para mejorar el aprovechamiento del espacio.<\/p>\n\n\n\n<p><strong>Aspecto elegante:<\/strong> Los colores principales, beige claro y blanco, son c\u00e1lidos y suaves; el espejo est\u00e1 decorado con motivos monta\u00f1osos, lo que resulta m\u00e1s art\u00edstico y realza el estilo del cuarto de ba\u00f1o.<\/p>\n\n\n\n<p><strong>Carcasa de aleaci\u00f3n de aluminio<\/strong>: impermeable y resistente a la humedad, adaptable a entornos de alta humedad, duradero y ligero, f\u00e1cil de transportar e instalar, y es una opci\u00f3n ideal para espacios de ba\u00f1o comerciales.<\/p>\n\n\n\n<p><strong>Pr\u00e1ctico dise\u00f1o de almacenamiento: <\/strong>El armario con espejo LED se combina con el armario principal de almacenamiento, lo que no s\u00f3lo proporciona una iluminaci\u00f3n clara, sino que tambi\u00e9n facilita la colocaci\u00f3n y el uso de los art\u00edculos de aseo diarios.<\/p>\n\n\n\n<p><strong>F\u00e1cil de limpiar<\/strong>n: La superficie cer\u00e1mica del lavabo es lisa y delicada, y no es f\u00e1cil que acumule polvo; la estructura montada en la pared evita la acumulaci\u00f3n de polvo y agua, lo que resulta c\u00f3modo para la limpieza del suelo y el mantenimiento diario.<\/p>\n\n\n\n<p><strong>Suministro directo de f\u00e1brica<\/strong>Personalizaci\u00f3n por lotes: admite la personalizaci\u00f3n por lotes de m\u00faltiples especificaciones y colores. El suministro directo de f\u00e1brica garantiza la ventaja de precio y calidad estable para satisfacer las necesidades de personalizaci\u00f3n al por mayor de proyectos de ingenier\u00eda, marcas de ba\u00f1o, etc.<\/p>\n<\/div>\n\n\n\n<div class=\"wp-block-column is-layout-flow wp-block-column-is-layout-flow\"><div class=\"wp-block-image\">\n<figure class=\"aligncenter size-full\"><img decoding=\"async\" width=\"800\" height=\"800\" src=\"https:\/\/www.shouyasanitary.com\/wp-content\/uploads\/2025\/06\/Custom-Vanities-Bathroom-Luxury-Floating-Bathroom-Cabiners-with-Mirror-in-Bulk-1.webp\" alt=\"Tocadores de Ba\u00f1o a Medida, Cabinas de Ba\u00f1o Flotantes de Lujo con Espejo a Granel (1)\" class=\"wp-image-1321\" style=\"object-fit:cover\" srcset=\"https:\/\/www.shouyasanitary.com\/wp-content\/uploads\/2025\/06\/Custom-Vanities-Bathroom-Luxury-Floating-Bathroom-Cabiners-with-Mirror-in-Bulk-1.webp 800w, https:\/\/www.shouyasanitary.com\/wp-content\/uploads\/2025\/06\/Custom-Vanities-Bathroom-Luxury-Floating-Bathroom-Cabiners-with-Mirror-in-Bulk-1-300x300.webp 300w, https:\/\/www.shouyasanitary.com\/wp-content\/uploads\/2025\/06\/Custom-Vanities-Bathroom-Luxury-Floating-Bathroom-Cabiners-with-Mirror-in-Bulk-1-150x150.webp 150w, https:\/\/www.shouyasanitary.com\/wp-content\/uploads\/2025\/06\/Custom-Vanities-Bathroom-Luxury-Floating-Bathroom-Cabiners-with-Mirror-in-Bulk-1-768x768.webp 768w, https:\/\/www.shouyasanitary.com\/wp-content\/uploads\/2025\/06\/Custom-Vanities-Bathroom-Luxury-Floating-Bathroom-Cabiners-with-Mirror-in-Bulk-1-12x12.webp 12w, https:\/\/www.shouyasanitary.com\/wp-content\/uploads\/2025\/06\/Custom-Vanities-Bathroom-Luxury-Floating-Bathroom-Cabiners-with-Mirror-in-Bulk-1-600x600.webp 600w, https:\/\/www.shouyasanitary.com\/wp-content\/uploads\/2025\/06\/Custom-Vanities-Bathroom-Luxury-Floating-Bathroom-Cabiners-with-Mirror-in-Bulk-1-100x100.webp 100w\" sizes=\"(max-width: 800px) 100vw, 800px\" \/><\/figure>\n<\/div><\/div>\n<\/div>","protected":false},"excerpt":{"rendered":"<p>A granel tocadores personalizados cuarto de ba\u00f1o, peque\u00f1o tocador de ba\u00f1o individual, de aluminio, LED espejo del gabinete con la decoraci\u00f3n patr\u00f3n de monta\u00f1a, elegante y hermosa. Directo de f\u00e1brica, apoyar la personalizaci\u00f3n a granel. P\u00f3ngase en contacto con nosotros para una cita y cat\u00e1logo de productos.<\/p>\n<h2>Lavabos Atributos\uff1a<\/h2>\n<p><strong>Art\u00edculo No:<\/strong>01-50K<strong><br \/>Material del armario:<\/strong> Aluminio<br \/><strong>Color del armario:<\/strong> Amarillo<br \/><strong>Espejo:<\/strong> Espejo LED (3,5 mm\/3,8 mm), iluminaci\u00f3n tricolor, desempa\u00f1ado con un solo toque, protegido con embalaje de espuma multicapa<br \/><strong>Tipo de instalaci\u00f3n:<\/strong>\u00a0Montaje en pared<br \/><strong>Dimensiones (L\u00d7A\u00d7H):<\/strong> 51x40x50 cm<br \/><strong>Peso bruto:<\/strong> 28kg\/set<\/p>\n<h2>Personalizaci\u00f3n y servicios:<\/h2>\n<p><strong>OEM Y ODM<\/strong>: Soporte<br \/><strong>Dise\u00f1o<\/strong>: Gratis<br \/><strong>Accesorios<\/strong>: Lavabos, espejos, grifos y otros accesorios de ba\u00f1o<br \/><strong>Embalaje<\/strong>: Listo para montar<\/p>","protected":false},"featured_media":1321,"comment_status":"closed","ping_status":"closed","template":"","meta":{"_acf_changed":false},"product_brand":[],"product_cat":[23],"product_tag":[],"class_list":{"0":"post-1330","1":"product","2":"type-product","3":"status-publish","4":"has-post-thumbnail","6":"product_cat-wholesale-aluminum-bathroom-vanity-cabinets","8":"first","9":"instock","10":"shipping-taxable","11":"product-type-simple"},"acf":[],"_links":{"self":[{"href":"https:\/\/www.shouyasanitary.com\/es\/wp-json\/wp\/v2\/product\/1330","targetHints":{"allow":["GET"]}}],"collection":[{"href":"https:\/\/www.shouyasanitary.com\/es\/wp-json\/wp\/v2\/product"}],"about":[{"href":"https:\/\/www.shouyasanitary.com\/es\/wp-json\/wp\/v2\/types\/product"}],"replies":[{"embeddable":true,"href":"https:\/\/www.shouyasanitary.com\/es\/wp-json\/wp\/v2\/comments?post=1330"}],"wp:featuredmedia":[{"embeddable":true,"href":"https:\/\/www.shouyasanitary.com\/es\/wp-json\/wp\/v2\/media\/1321"}],"wp:attachment":[{"href":"https:\/\/www.shouyasanitary.com\/es\/wp-json\/wp\/v2\/media?parent=1330"}],"wp:term":[{"taxonomy":"product_brand","embeddable":true,"href":"https:\/\/www.shouyasanitary.com\/es\/wp-json\/wp\/v2\/product_brand?post=1330"},{"taxonomy":"product_cat","embeddable":true,"href":"https:\/\/www.shouyasanitary.com\/es\/wp-json\/wp\/v2\/product_cat?post=1330"},{"taxonomy":"product_tag","embeddable":true,"href":"https:\/\/www.shouyasanitary.com\/es\/wp-json\/wp\/v2\/product_tag?post=1330"}],"curies":[{"name":"wp","href":"https:\/\/api.w.org\/{rel}","templated":true}]}}