{"id":1355,"date":"2025-06-11T09:54:36","date_gmt":"2025-06-11T09:54:36","guid":{"rendered":"https:\/\/www.shouyasanitary.com\/?post_type=product&#038;p=1355"},"modified":"2025-06-11T09:54:41","modified_gmt":"2025-06-11T09:54:41","slug":"wholesale-bathroom-cabinet-vanity","status":"publish","type":"product","link":"https:\/\/www.shouyasanitary.com\/es\/producto\/wholesale-bathroom-cabinet-vanity\/","title":{"rendered":"Mayorista Armario de Ba\u00f1o Vanity Gris con Espejo Armario al por mayor"},"content":{"rendered":"<div class=\"wp-block-columns is-layout-flex wp-container-core-columns-is-layout-9d6595d7 wp-block-columns-is-layout-flex\">\n<div class=\"wp-block-column is-layout-flow wp-block-column-is-layout-flow\">\n<h2 class=\"wp-block-heading\">Caracter\u00edsticas de los armarios de ba\u00f1o\uff1a<\/h2>\n\n\n\n<p><strong>Estilo minimalista moderno<\/strong>: gris oscuro como color principal, l\u00edneas minimalistas, aspecto moderno y a la moda, se integra f\u00e1cilmente en diversos estilos de decoraci\u00f3n del hogar.<\/p>\n\n\n\n<p><strong>Material de aleaci\u00f3n de aluminio de alta calidad<\/strong>: con excelentes propiedades impermeables, antihumedad y anticorrosi\u00f3n, es estable y duradero en un entorno de ba\u00f1o h\u00famedo, no es f\u00e1cil que se deforme ni se decolore.<\/p>\n\n\n\n<p><strong>Dise\u00f1o multifuncional<\/strong> <strong>de armario con espejo<\/strong>armario con espejo combinado con estantes abiertos, f\u00e1cil de almacenar y acceder a las necesidades diarias<\/p>\n\n\n\n<p><strong>Dise\u00f1o de luz de espejo LED<\/strong>Espejo: el gabinete de espejo est\u00e1 incrustado con tiras de iluminaci\u00f3n LED, que se puede encender y apagar con un solo toque, y la luz es suave y no deslumbrante, lo que mejora las necesidades de experiencia de confort del usuario.<\/p>\n\n\n\n<p><strong>Instalaci\u00f3n mural<\/strong>: libera espacio en el suelo, es m\u00e1s ligero, f\u00e1cil de limpiar, especialmente adecuado para la distribuci\u00f3n de cuartos de ba\u00f1o con espacio limitado o proyectos de apartamentos de alto nivel.<\/p>\n\n\n\n<p><strong>Suministro directo de f\u00e1brica<\/strong>Producido por fabricantes profesionales de armarios de ba\u00f1o, con servicios OEM\/ODM. Con capacidad de producci\u00f3n estable, entrega r\u00e1pida y servicio post-venta de alta calidad.<\/p>\n<\/div>\n\n\n\n<div class=\"wp-block-column is-layout-flow wp-block-column-is-layout-flow\"><div class=\"wp-block-image\">\n<figure class=\"aligncenter size-full\"><img decoding=\"async\" width=\"766\" height=\"766\" src=\"https:\/\/www.shouyasanitary.com\/wp-content\/uploads\/2025\/06\/Wholesale-Bathroom-Cabinet-Vanity\uff0cAluminio-Gris-Oscuro-Ba\u00f1o-Gabinete-Set-Custom-1.webp\" alt=\"Venta al por mayor ba\u00f1o gabinete vanidad, aluminio gris oscuro ba\u00f1o gabinete conjunto personalizado (1)\" class=\"wp-image-1358\" style=\"object-fit:cover\" srcset=\"\" sizes=\"(max-width: 766px) 100vw, 766px\" data-srcset=\"\" \/><\/figure>\n<\/div><\/div>\n<\/div>","protected":false},"excerpt":{"rendered":"<p>Bienvenido a la vanidad del gabinete de ba\u00f1o al por mayor, el tono gris oscuro, aleaci\u00f3n de aluminio, incluyendo el gabinete de espejo LED y estante, moderno y sencillo, para satisfacer las necesidades de uso de ba\u00f1o. Suministro directo de f\u00e1brica, soporte B-end por mayor y personalizaci\u00f3n, p\u00f3ngase en contacto con nosotros para consultas.<\/p>\n<h2>Mueble de ba\u00f1o Vanity Atributos\uff1a<\/h2>\n<p><strong>Art\u00edculo No:<\/strong>01-60G<strong><br \/>Material del armario:<\/strong> Aluminio<br \/><strong>Color del armario:<\/strong> Gris oscuro<br \/><strong>Espejo:<\/strong> Espejo LED (3,5 mm\/3,8 mm), iluminaci\u00f3n tricolor, desempa\u00f1ado con un solo toque, protegido con embalaje de espuma multicapa<br \/><strong>Tipo de instalaci\u00f3n:<\/strong>\u00a0Montaje en pared<br \/><strong>Dimensiones (L\u00d7A\u00d7H):<\/strong> 61*40*50 cm<br \/><strong>Peso bruto:<\/strong> 28kg\/set<\/p>\n<h2>Personalizaci\u00f3n y servicios:<\/h2>\n<p><strong>OEM Y ODM<\/strong>: Soporte<br \/><strong>Dise\u00f1o<\/strong>: Gratis<br \/><strong>Accesorios<\/strong>: Lavabos, espejos, grifos y otros accesorios de ba\u00f1o<br \/><strong>Embalaje<\/strong>: Listo para montar<\/p>","protected":false},"featured_media":1358,"comment_status":"closed","ping_status":"closed","template":"","meta":{"_acf_changed":false},"product_brand":[],"product_cat":[23],"product_tag":[],"class_list":{"0":"post-1355","1":"product","2":"type-product","3":"status-publish","4":"has-post-thumbnail","6":"product_cat-wholesale-aluminum-bathroom-vanity-cabinets","8":"first","9":"instock","10":"shipping-taxable","11":"product-type-simple"},"acf":[],"_links":{"self":[{"href":"https:\/\/www.shouyasanitary.com\/es\/wp-json\/wp\/v2\/product\/1355","targetHints":{"allow":["GET"]}}],"collection":[{"href":"https:\/\/www.shouyasanitary.com\/es\/wp-json\/wp\/v2\/product"}],"about":[{"href":"https:\/\/www.shouyasanitary.com\/es\/wp-json\/wp\/v2\/types\/product"}],"replies":[{"embeddable":true,"href":"https:\/\/www.shouyasanitary.com\/es\/wp-json\/wp\/v2\/comments?post=1355"}],"wp:featuredmedia":[{"embeddable":true,"href":"https:\/\/www.shouyasanitary.com\/es\/wp-json\/wp\/v2\/media\/1358"}],"wp:attachment":[{"href":"https:\/\/www.shouyasanitary.com\/es\/wp-json\/wp\/v2\/media?parent=1355"}],"wp:term":[{"taxonomy":"product_brand","embeddable":true,"href":"https:\/\/www.shouyasanitary.com\/es\/wp-json\/wp\/v2\/product_brand?post=1355"},{"taxonomy":"product_cat","embeddable":true,"href":"https:\/\/www.shouyasanitary.com\/es\/wp-json\/wp\/v2\/product_cat?post=1355"},{"taxonomy":"product_tag","embeddable":true,"href":"https:\/\/www.shouyasanitary.com\/es\/wp-json\/wp\/v2\/product_tag?post=1355"}],"curies":[{"name":"wp","href":"https:\/\/api.w.org\/{rel}","templated":true}]}}