{"id":1361,"date":"2025-06-11T09:47:17","date_gmt":"2025-06-11T09:47:17","guid":{"rendered":"https:\/\/www.shouyasanitary.com\/?post_type=product&#038;p=1361"},"modified":"2025-10-28T07:35:16","modified_gmt":"2025-10-28T07:35:16","slug":"custom-made-bathroom-cabinets","status":"publish","type":"product","link":"https:\/\/www.shouyasanitary.com\/es\/producto\/custom-made-bathroom-cabinets\/","title":{"rendered":"Armarios de Ba\u00f1o a Medida con Espejo LED, Tocador de Ba\u00f1o Colgado de Pared Blanco al por Mayor"},"content":{"rendered":"<div class=\"wp-block-columns is-layout-flex wp-container-core-columns-is-layout-9d6595d7 wp-block-columns-is-layout-flex\">\n<div class=\"wp-block-column is-layout-flow wp-block-column-is-layout-flow\">\n<h2 class=\"wp-block-heading\">Armarios de ba\u00f1o a medida Caracter\u00edsticas\uff1a<\/h2>\n\n\n\n<p><strong>Material de aleaci\u00f3n de aluminio de alta gama: <\/strong>excelente rendimiento impermeable, no es f\u00e1cil de oxidar y agrietar, es la primera opci\u00f3n para proyectos de ba\u00f1o de gama alta.<\/p>\n\n\n\n<p><strong>Armario con espejo y estantes:<\/strong> Los armarios con espejo LED se combinan con estantes abiertos de doble capa a ambos lados, y los estantes exteriores se utilizan para colocar art\u00edculos de uso com\u00fan, aprovechando al m\u00e1ximo el espacio vertical.<\/p>\n\n\n\n<p><strong>Dise\u00f1o eficiente del armario del cuarto de ba\u00f1o: <\/strong>Se distribuyen tres puertas de armario, el espacio interior es amplio y los objetos grandes pueden clasificarse y almacenarse f\u00e1cilmente. El dise\u00f1o sin tiradores tiene un tacto suave, lo que hace que el aspecto sea m\u00e1s minimalista, realzando la belleza general del espacio a la vez que resulta m\u00e1s seguro y anticolisi\u00f3n.<\/p>\n\n\n\n<p><strong>Proporcionar servicios OEM\/ODM: <\/strong>admiten la personalizaci\u00f3n multidimensional, como logotipo, color, tama\u00f1o, etc., para satisfacer los requisitos de espacio y estilo de diferentes proyectos, adecuados para diversas escenas comerciales como residencias, apartamentos, hoteles, etc.<\/p>\n<\/div>\n\n\n\n<div class=\"wp-block-column is-layout-flow wp-block-column-is-layout-flow\"><div class=\"wp-block-image\">\n<figure class=\"aligncenter size-full\"><img decoding=\"async\" width=\"756\" height=\"756\" src=\"https:\/\/www.shouyasanitary.com\/wp-content\/uploads\/2025\/06\/Custom-Made-Bathroom-Cabinets-1.webp\" alt=\"Armarios de ba\u00f1o a medida (1)\" class=\"wp-image-1362\" style=\"object-fit:cover\" srcset=\"https:\/\/www.shouyasanitary.com\/wp-content\/uploads\/2025\/06\/Custom-Made-Bathroom-Cabinets-1.webp 756w, https:\/\/www.shouyasanitary.com\/wp-content\/uploads\/2025\/06\/Custom-Made-Bathroom-Cabinets-1-300x300.webp 300w, https:\/\/www.shouyasanitary.com\/wp-content\/uploads\/2025\/06\/Custom-Made-Bathroom-Cabinets-1-150x150.webp 150w, https:\/\/www.shouyasanitary.com\/wp-content\/uploads\/2025\/06\/Custom-Made-Bathroom-Cabinets-1-12x12.webp 12w, https:\/\/www.shouyasanitary.com\/wp-content\/uploads\/2025\/06\/Custom-Made-Bathroom-Cabinets-1-600x600.webp 600w, https:\/\/www.shouyasanitary.com\/wp-content\/uploads\/2025\/06\/Custom-Made-Bathroom-Cabinets-1-100x100.webp 100w\" sizes=\"(max-width: 756px) 100vw, 756px\" \/><\/figure>\n<\/div><\/div>\n<\/div>","protected":false},"excerpt":{"rendered":"<p>Armarios de ba\u00f1o hechos a medida, equipados con armario con espejo LED y lavabo de cer\u00e1mica, ideales para hoteles, apartamentos y proyectos de mejora del hogar. Proporcionamos pedidos semi-inventario de lotes y apoyamos la personalizaci\u00f3n.  P\u00f3ngase en contacto con nosotros para obtener m\u00e1s presupuestos al por mayor y soluciones personalizadas.<\/p>\n<h2>Armarios de ba\u00f1o a medida Atributos\uff1a<\/h2>\n<p><strong>Art\u00edculo No:<\/strong>01-100K<strong><br \/>Material del armario:<\/strong> Aluminio<br \/><strong>Color del armario:<\/strong> Caqui<br \/><strong>Espejo:<\/strong> Espejo LED (3,5 mm\/3,8 mm), iluminaci\u00f3n tricolor, desempa\u00f1ado con un solo toque, protegido con embalaje de espuma multicapa<br \/><strong>Tipo de instalaci\u00f3n:<\/strong>\u00a0Montaje en pared<br \/><strong>Dimensiones (L\u00d7A\u00d7H):<\/strong> 101*40*50 cm<br \/><strong>Peso bruto:<\/strong> 28kg\/set<\/p>\n<h2>Personalizaci\u00f3n y servicios:<\/h2>\n<p><strong>OEM Y ODM<\/strong>: Soporte<br \/><strong>Dise\u00f1o<\/strong>: Gratis<br \/><strong>Accesorios<\/strong>: Lavabos, espejos, grifos y otros accesorios de ba\u00f1o<br \/><strong>Embalaje<\/strong>: Listo para montar<\/p>","protected":false},"featured_media":1362,"comment_status":"closed","ping_status":"closed","template":"","meta":{"_acf_changed":false},"product_brand":[],"product_cat":[23],"product_tag":[],"class_list":{"0":"post-1361","1":"product","2":"type-product","3":"status-publish","4":"has-post-thumbnail","6":"product_cat-wholesale-aluminum-bathroom-vanity-cabinets","8":"first","9":"instock","10":"shipping-taxable","11":"product-type-simple"},"acf":[],"_links":{"self":[{"href":"https:\/\/www.shouyasanitary.com\/es\/wp-json\/wp\/v2\/product\/1361","targetHints":{"allow":["GET"]}}],"collection":[{"href":"https:\/\/www.shouyasanitary.com\/es\/wp-json\/wp\/v2\/product"}],"about":[{"href":"https:\/\/www.shouyasanitary.com\/es\/wp-json\/wp\/v2\/types\/product"}],"replies":[{"embeddable":true,"href":"https:\/\/www.shouyasanitary.com\/es\/wp-json\/wp\/v2\/comments?post=1361"}],"wp:featuredmedia":[{"embeddable":true,"href":"https:\/\/www.shouyasanitary.com\/es\/wp-json\/wp\/v2\/media\/1362"}],"wp:attachment":[{"href":"https:\/\/www.shouyasanitary.com\/es\/wp-json\/wp\/v2\/media?parent=1361"}],"wp:term":[{"taxonomy":"product_brand","embeddable":true,"href":"https:\/\/www.shouyasanitary.com\/es\/wp-json\/wp\/v2\/product_brand?post=1361"},{"taxonomy":"product_cat","embeddable":true,"href":"https:\/\/www.shouyasanitary.com\/es\/wp-json\/wp\/v2\/product_cat?post=1361"},{"taxonomy":"product_tag","embeddable":true,"href":"https:\/\/www.shouyasanitary.com\/es\/wp-json\/wp\/v2\/product_tag?post=1361"}],"curies":[{"name":"wp","href":"https:\/\/api.w.org\/{rel}","templated":true}]}}