{"id":1365,"date":"2025-06-11T09:35:43","date_gmt":"2025-06-11T09:35:43","guid":{"rendered":"https:\/\/www.shouyasanitary.com\/?post_type=product&#038;p=1365"},"modified":"2025-06-19T09:28:09","modified_gmt":"2025-06-19T09:28:09","slug":"custom-bathroom-vanities-cabinets","status":"publish","type":"product","link":"https:\/\/www.shouyasanitary.com\/es\/producto\/custom-bathroom-vanities-cabinets\/","title":{"rendered":"Armarios de Ba\u00f1o a Medida, Mayorista de Armarios de Ba\u00f1o Blancos"},"content":{"rendered":"<div class=\"wp-block-columns is-layout-flex wp-container-core-columns-is-layout-9d6595d7 wp-block-columns-is-layout-flex\">\n<div class=\"wp-block-column is-layout-flow wp-block-column-is-layout-flow\">\n<h2 class=\"wp-block-heading\">Ba\u00f1o Vanidades Gabinetes Caracter\u00edsticas\uff1a<\/h2>\n\n\n\n<p><strong>Material de alta calidad<\/strong>: Hecho de aleaci\u00f3n de aluminio de alta calidad, tiene excelentes propiedades impermeables, a prueba de humedad y resistentes a la corrosi\u00f3n, que son ligeros pero fuertes y duraderos.<\/p>\n\n\n\n<p><strong>Aspecto blanco vers\u00e1til<\/strong>: El color general es blanco mate puro, que resulta visualmente refrescante y pulcro. Puede integrarse f\u00e1cilmente en diversos estilos de decoraci\u00f3n, realzando la sensaci\u00f3n general de grado y luminosidad del espacio.<\/p>\n\n\n\n<p><strong>Dise\u00f1o de armario con espejos dividido<\/strong>: El armario con espejo adopta una disposici\u00f3n de puerta central + rejilla abierta a ambos lados. La puerta del espejo central tiene espacio de almacenamiento incorporado, que es adecuado para el almacenamiento de art\u00edculos de tocador diarios; los estantes de m\u00faltiples capas en ambos lados se clasifican, f\u00e1cil de tomar, y el efecto de visualizaci\u00f3n es m\u00e1s hermoso.<\/p>\n\n\n\n<p><strong>Almacenamiento de gran capacidad<\/strong>: El armario principal adopta un dise\u00f1o de apertura sim\u00e9trica, de aspecto sencillo y l\u00edneas suaves. El espacio de almacenamiento interno es suficiente para acomodar art\u00edculos de gran tama\u00f1o, como toallas y ropa, lo que puede hacer frente al uso diario o a escenarios comerciales de alta frecuencia.<\/p>\n\n\n\n<p><strong>Espejo con luz LED integrada<\/strong>: El armario con espejo tiene una tira de luz LED oculta incorporada y viene con un interruptor t\u00e1ctil para proporcionar una iluminaci\u00f3n suave, crear un ambiente c\u00f3modo en el ba\u00f1o y mejorar la experiencia del usuario.<\/p>\n\n\n\n<p><strong>Lavabo de cer\u00e1mica integrado<\/strong>Superficie lisa y delicada, resistente a altas temperaturas y a las manchas, f\u00e1cil de limpiar, que mejora el confort general y la belleza del espacio.<\/p>\n\n\n\n<p><strong>Soporte OEM\/ODM<\/strong>: Soporte OEM \/ ODM servicios tales como LOGO, color, tama\u00f1o y especificaci\u00f3n de personalizaci\u00f3n. Suministro directo de f\u00e1brica, precio m\u00e1s ventajoso, suministro estable, opci\u00f3n ideal para proyectos de ingenier\u00eda y compras al por mayor.<\/p>\n<\/div>\n\n\n\n<div class=\"wp-block-column is-layout-flow wp-block-column-is-layout-flow\"><div class=\"wp-block-image\">\n<figure class=\"aligncenter size-full\"><img decoding=\"async\" width=\"700\" height=\"700\" src=\"https:\/\/www.shouyasanitary.com\/wp-content\/uploads\/2025\/06\/Custom-Bathroom-Vanities-Cabinets.webp\" alt=\"Armarios de ba\u00f1o a medida\" class=\"wp-image-1369\" style=\"object-fit:cover\" srcset=\"https:\/\/www.shouyasanitary.com\/wp-content\/uploads\/2025\/06\/Custom-Bathroom-Vanities-Cabinets.webp 700w, https:\/\/www.shouyasanitary.com\/wp-content\/uploads\/2025\/06\/Custom-Bathroom-Vanities-Cabinets-300x300.webp 300w, https:\/\/www.shouyasanitary.com\/wp-content\/uploads\/2025\/06\/Custom-Bathroom-Vanities-Cabinets-150x150.webp 150w, https:\/\/www.shouyasanitary.com\/wp-content\/uploads\/2025\/06\/Custom-Bathroom-Vanities-Cabinets-12x12.webp 12w, https:\/\/www.shouyasanitary.com\/wp-content\/uploads\/2025\/06\/Custom-Bathroom-Vanities-Cabinets-600x600.webp 600w, https:\/\/www.shouyasanitary.com\/wp-content\/uploads\/2025\/06\/Custom-Bathroom-Vanities-Cabinets-100x100.webp 100w\" sizes=\"(max-width: 700px) 100vw, 700px\" \/><\/figure>\n<\/div><\/div>\n<\/div>","protected":false},"excerpt":{"rendered":"<p>Bienvenido a granel personalizar gabinetes de tocadores de ba\u00f1o, elegante blanco, de gran tama\u00f1o, dise\u00f1o flotante. Hecho de aleaci\u00f3n de aluminio de alta calidad, con un gabinete de espejo LED y lavabo. \u00a1F\u00e1brica de suministro de alta calidad, proporcionar soluciones al por mayor, consulta al por mayor de bienvenida!<\/p>\n<h2>Ba\u00f1o Vanidades Gabinetes Atributos\uff1a<\/h2>\n<p><strong>Art\u00edculo No:<\/strong>HR6621-100<strong><br \/>Material del armario:<\/strong> Aluminio<br \/><strong>Color del armario:<\/strong> Blanco<br \/><strong>Espejo:<\/strong> Espejo LED (3,5 mm\/3,8 mm), iluminaci\u00f3n tricolor, desempa\u00f1ado con un solo toque, protegido con embalaje de espuma multicapa<br \/><strong>Tipo de instalaci\u00f3n:<\/strong>\u00a0Montaje en pared<br \/><strong>Dimensiones (L\u00d7A\u00d7H):<\/strong> 100*40*48 cm<br \/><strong>Peso bruto:<\/strong> 35 kg\/set<\/p>\n<h2>Personalizaci\u00f3n y servicios:<\/h2>\n<p><strong>OEM Y ODM<\/strong>: Soporte<br \/><strong>Dise\u00f1o<\/strong>: Gratis<br \/><strong>Accesorios<\/strong>: Lavabos, espejos, grifos y otros accesorios de ba\u00f1o<br \/><strong>Embalaje<\/strong>: Listo para montar<\/p>","protected":false},"featured_media":1369,"comment_status":"closed","ping_status":"closed","template":"","meta":{"_acf_changed":false},"product_brand":[],"product_cat":[23],"product_tag":[],"class_list":{"0":"post-1365","1":"product","2":"type-product","3":"status-publish","4":"has-post-thumbnail","6":"product_cat-wholesale-aluminum-bathroom-vanity-cabinets","8":"first","9":"instock","10":"shipping-taxable","11":"product-type-simple"},"acf":[],"_links":{"self":[{"href":"https:\/\/www.shouyasanitary.com\/es\/wp-json\/wp\/v2\/product\/1365","targetHints":{"allow":["GET"]}}],"collection":[{"href":"https:\/\/www.shouyasanitary.com\/es\/wp-json\/wp\/v2\/product"}],"about":[{"href":"https:\/\/www.shouyasanitary.com\/es\/wp-json\/wp\/v2\/types\/product"}],"replies":[{"embeddable":true,"href":"https:\/\/www.shouyasanitary.com\/es\/wp-json\/wp\/v2\/comments?post=1365"}],"wp:featuredmedia":[{"embeddable":true,"href":"https:\/\/www.shouyasanitary.com\/es\/wp-json\/wp\/v2\/media\/1369"}],"wp:attachment":[{"href":"https:\/\/www.shouyasanitary.com\/es\/wp-json\/wp\/v2\/media?parent=1365"}],"wp:term":[{"taxonomy":"product_brand","embeddable":true,"href":"https:\/\/www.shouyasanitary.com\/es\/wp-json\/wp\/v2\/product_brand?post=1365"},{"taxonomy":"product_cat","embeddable":true,"href":"https:\/\/www.shouyasanitary.com\/es\/wp-json\/wp\/v2\/product_cat?post=1365"},{"taxonomy":"product_tag","embeddable":true,"href":"https:\/\/www.shouyasanitary.com\/es\/wp-json\/wp\/v2\/product_tag?post=1365"}],"curies":[{"name":"wp","href":"https:\/\/api.w.org\/{rel}","templated":true}]}}