{"id":1372,"date":"2025-06-11T09:28:44","date_gmt":"2025-06-11T09:28:44","guid":{"rendered":"https:\/\/www.shouyasanitary.com\/?post_type=product&#038;p=1372"},"modified":"2025-06-11T09:28:49","modified_gmt":"2025-06-11T09:28:49","slug":"aluminum-bathroom-cabinet-custom","status":"publish","type":"product","link":"https:\/\/www.shouyasanitary.com\/es\/producto\/aluminum-bathroom-cabinet-custom\/","title":{"rendered":"Mueble de Ba\u00f1o de Aluminio a Medida, Mayorista Peque\u00f1o Mueble de Ba\u00f1o con Lavabo"},"content":{"rendered":"<div class=\"wp-block-columns is-layout-flex wp-container-core-columns-is-layout-9d6595d7 wp-block-columns-is-layout-flex\">\n<div class=\"wp-block-column is-layout-flow wp-block-column-is-layout-flow\">\n<h2 class=\"wp-block-heading\">Gabinete de ba\u00f1o de aluminio Caracter\u00edsticas:<\/h2>\n\n\n\n<p><strong>Dise\u00f1o de tama\u00f1o reducido<\/strong>: La estructura compacta puede adaptarse con flexibilidad a espacios reducidos, como minicuartos de ba\u00f1o, suites de hotel, apartamentos individuales, etc., para satisfacer necesidades de uso muy frecuentes.<\/p>\n\n\n\n<p><strong>Aluminio de alta calidad:<\/strong> Fabricado en aleaci\u00f3n de aluminio ligera y de alta resistencia, es a prueba de humedad y anticorrosivo, y no se oxida ni se deforma tras un uso prolongado, especialmente adecuado para entornos h\u00famedos.<\/p>\n\n\n\n<p><strong>Aspecto blanco lechoso fresco:<\/strong> El revestimiento blanco lechoso combina con l\u00edneas minimalistas, c\u00e1lidas y elegantes, compatibles con diversos estilos de decoraci\u00f3n, y realza la luminosidad del espacio.<\/p>\n\n\n\n<p><strong>Armario con espejo integrado<\/strong>: La capa superior es un espejo de alta definici\u00f3n, y la capa inferior es una rejilla abierta, que resulta pr\u00e1ctica para guardar y acceder a los art\u00edculos de aseo de uso habitual.<\/p>\n\n\n\n<p><strong>Estructura flotante<\/strong>: Dise\u00f1o montado en la pared, flota en el aire sin ocupar espacio, es f\u00e1cil de limpiar y crea una sensaci\u00f3n de espacio ligero y transparente.<\/p>\n\n\n\n<p><strong>Lavabo de cer\u00e1mica<\/strong>: El esmalte de espejo es blanco y delicado, resistente a las manchas y f\u00e1cil de limpiar, y est\u00e1 equipado con una interfaz de grifo para satisfacer las necesidades diarias de lavado.<\/p>\n\n\n\n<p><strong>Suministro directo de f\u00e1brica<\/strong>Soporte de servicios personalizados OEM\/ODM, como LOGO, color, tama\u00f1o, etc., suministro estable, calidad fiable, precio al por mayor, especialmente adecuado para hoteles, apartamentos de lujo y proyectos de decoraci\u00f3n fina.<\/p>\n<\/div>\n\n\n\n<div class=\"wp-block-column is-layout-flow wp-block-column-is-layout-flow\"><div class=\"wp-block-image\">\n<figure class=\"aligncenter size-full\"><img decoding=\"async\" width=\"700\" height=\"700\" src=\"https:\/\/www.shouyasanitary.com\/wp-content\/uploads\/2025\/06\/Aluminum-Bathroom-Cabinet-Custom.webp\" alt=\"Armario de ba\u00f1o de aluminio a medida\" class=\"wp-image-1368\" style=\"object-fit:cover\" srcset=\"https:\/\/www.shouyasanitary.com\/wp-content\/uploads\/2025\/06\/Aluminum-Bathroom-Cabinet-Custom.webp 700w, https:\/\/www.shouyasanitary.com\/wp-content\/uploads\/2025\/06\/Aluminum-Bathroom-Cabinet-Custom-300x300.webp 300w, https:\/\/www.shouyasanitary.com\/wp-content\/uploads\/2025\/06\/Aluminum-Bathroom-Cabinet-Custom-150x150.webp 150w, https:\/\/www.shouyasanitary.com\/wp-content\/uploads\/2025\/06\/Aluminum-Bathroom-Cabinet-Custom-12x12.webp 12w, https:\/\/www.shouyasanitary.com\/wp-content\/uploads\/2025\/06\/Aluminum-Bathroom-Cabinet-Custom-600x600.webp 600w, https:\/\/www.shouyasanitary.com\/wp-content\/uploads\/2025\/06\/Aluminum-Bathroom-Cabinet-Custom-100x100.webp 100w\" sizes=\"(max-width: 700px) 100vw, 700px\" \/><\/figure>\n<\/div><\/div>\n<\/div>","protected":false},"excerpt":{"rendered":"<p>Armario de ba\u00f1o de aluminio a medida, dise\u00f1ado espec\u00edficamente para escenas de ba\u00f1o de espacio reducido, integra funciones de almacenamiento, lavado y vestido, y es una opci\u00f3n ideal para hoteles, apartamentos y proyectos residenciales finos. Suministro directo de f\u00e1brica, precios al por mayor, suministro estable, \u00a1calidad fiable! \u00a1P\u00f3ngase en contacto con nosotros para soluciones personalizadas!<\/p>\n<h2>Gabinete de ba\u00f1o de aluminio Atributos\uff1a<\/h2>\n<p><strong>Art\u00edculo No:<\/strong>HR6621-40<strong><br \/>Material del armario:<\/strong> Aluminio<br \/><strong>Color del armario: <\/strong>Blanco<br \/><strong>Espejo:<\/strong>\u00a0Espejo LED (3,5 mm \/ 3,8 mm), iluminaci\u00f3n tricolor, desempa\u00f1ado con un solo toque, protegido con embalaje de espuma multicapa<br \/><strong>Tipo de instalaci\u00f3n:<\/strong>\u00a0Montaje en pared<br \/><strong>Dimensiones (L \u00d7 A \u00d7 A):<\/strong> 40*36*48 cm<br \/><strong>Peso bruto:<\/strong> 25 kg\/set<\/p>\n<h2>Personalizaci\u00f3n y servicios:<\/h2>\n<p><strong>OEM Y ODM<\/strong>: Soporte<br \/><strong>Dise\u00f1o<\/strong>: Gratis<br \/><strong>Accesorios<\/strong>: Lavabos, espejos, grifos y otros accesorios de ba\u00f1o<br \/><strong>Embalaje<\/strong>: Listo para montar<\/p>","protected":false},"featured_media":1368,"comment_status":"closed","ping_status":"closed","template":"","meta":{"_acf_changed":false},"product_brand":[],"product_cat":[23],"product_tag":[],"class_list":{"0":"post-1372","1":"product","2":"type-product","3":"status-publish","4":"has-post-thumbnail","6":"product_cat-wholesale-aluminum-bathroom-vanity-cabinets","8":"first","9":"instock","10":"shipping-taxable","11":"product-type-simple"},"acf":[],"_links":{"self":[{"href":"https:\/\/www.shouyasanitary.com\/es\/wp-json\/wp\/v2\/product\/1372","targetHints":{"allow":["GET"]}}],"collection":[{"href":"https:\/\/www.shouyasanitary.com\/es\/wp-json\/wp\/v2\/product"}],"about":[{"href":"https:\/\/www.shouyasanitary.com\/es\/wp-json\/wp\/v2\/types\/product"}],"replies":[{"embeddable":true,"href":"https:\/\/www.shouyasanitary.com\/es\/wp-json\/wp\/v2\/comments?post=1372"}],"wp:featuredmedia":[{"embeddable":true,"href":"https:\/\/www.shouyasanitary.com\/es\/wp-json\/wp\/v2\/media\/1368"}],"wp:attachment":[{"href":"https:\/\/www.shouyasanitary.com\/es\/wp-json\/wp\/v2\/media?parent=1372"}],"wp:term":[{"taxonomy":"product_brand","embeddable":true,"href":"https:\/\/www.shouyasanitary.com\/es\/wp-json\/wp\/v2\/product_brand?post=1372"},{"taxonomy":"product_cat","embeddable":true,"href":"https:\/\/www.shouyasanitary.com\/es\/wp-json\/wp\/v2\/product_cat?post=1372"},{"taxonomy":"product_tag","embeddable":true,"href":"https:\/\/www.shouyasanitary.com\/es\/wp-json\/wp\/v2\/product_tag?post=1372"}],"curies":[{"name":"wp","href":"https:\/\/api.w.org\/{rel}","templated":true}]}}