{"id":1385,"date":"2025-06-20T10:52:35","date_gmt":"2025-06-20T10:52:35","guid":{"rendered":"https:\/\/www.shouyasanitary.com\/?post_type=product&#038;p=1385"},"modified":"2025-06-20T10:52:40","modified_gmt":"2025-06-20T10:52:40","slug":"custom-built-bathroom-vanities","status":"publish","type":"product","link":"https:\/\/www.shouyasanitary.com\/es\/producto\/custom-built-bathroom-vanities\/","title":{"rendered":"Tocadores de ba\u00f1o a medida, armario de ba\u00f1o blanco montado en la pared a granel"},"content":{"rendered":"<div class=\"wp-block-columns is-layout-flex wp-container-core-columns-is-layout-9d6595d7 wp-block-columns-is-layout-flex\">\n<div class=\"wp-block-column is-layout-flow wp-block-column-is-layout-flow\">\n<h2 class=\"wp-block-heading\">Caracter\u00edsticas de los tocadores de ba\u00f1o a medida\uff1a<\/h2>\n\n\n\n<p><strong>Aspecto moderno y elegante<\/strong>: El esquema de color general es beige claro c\u00e1lido, combinado con un lavabo blanco, que presenta un ambiente de ba\u00f1o limpio, luminoso y moderno, adecuado para espacios de ba\u00f1o dom\u00e9sticos o comerciales.<\/p>\n\n\n\n<p><strong>Material de alta calidad:<\/strong> Fabricado en aleaci\u00f3n de aluminio, es ligero y resistente, a prueba de humedad, \u00f3xido y corrosi\u00f3n, y puede utilizarse durante mucho tiempo en un entorno h\u00famedo.<\/p>\n\n\n\n<p><strong>Cabina de espejo multifuncional<\/strong>t: El lado izquierdo es un espejo de gran tama\u00f1o, y el lado derecho est\u00e1 dividido en tres capas de estantes de almacenamiento, que son convenientes para clasificar y almacenar art\u00edculos de tocador, decoraciones, etc., satisfaciendo plenamente las necesidades duales de uso diario y hermosa exhibici\u00f3n.<\/p>\n\n\n\n<p><strong>Armario principal de doble puerta<\/strong>: Las l\u00edneas son suaves y unificadas con el estilo del armario con espejo. El espacio de gran capacidad se oculta en el interior, que puede almacenar adecuadamente toallas, art\u00edculos de limpieza, etc., manteniendo el cuarto de ba\u00f1o ordenado.<\/p>\n\n\n\n<p><strong>Instalaci\u00f3n mural<\/strong>: El dise\u00f1o suspendido facilita la limpieza del suelo y aumenta eficazmente la transparencia visual del cuarto de ba\u00f1o. Se adapta a los cuartos de ba\u00f1o peque\u00f1os.<\/p>\n\n\n\n<p><strong>Proporcionar un juego completo de accesorios de ba\u00f1o<\/strong>: Apoyo a juego con un conjunto completo de accesorios de ba\u00f1o, tales como armarios con espejo, grifos y bastidores del mismo estilo, que es conveniente para los proyectos de ingenier\u00eda de adquisici\u00f3n centralizada y r\u00e1pida instalaci\u00f3n.<\/p>\n\n\n\n<p><strong>Descuento por pedido al por mayor: <\/strong>Shouya suministro directo de f\u00e1brica, ofrecemos precios competitivos al por mayor, servicios de personalizaci\u00f3n de la marca de apoyo, adecuado para los concesionarios, distribuidores y empresas de ingenier\u00eda de decoraci\u00f3n a gran escala de cooperaci\u00f3n a largo plazo.<\/p>\n<\/div>\n\n\n\n<div class=\"wp-block-column is-layout-flow wp-block-column-is-layout-flow\"><div class=\"wp-block-image\">\n<figure class=\"aligncenter size-full\"><img decoding=\"async\" width=\"700\" height=\"700\" src=\"https:\/\/www.shouyasanitary.com\/wp-content\/uploads\/2025\/06\/Custom-Built-Bathroom-Vanities.webp\" alt=\"Lavabos a medida\" class=\"wp-image-1379\" style=\"object-fit:cover\" srcset=\"https:\/\/www.shouyasanitary.com\/wp-content\/uploads\/2025\/06\/Custom-Built-Bathroom-Vanities.webp 700w, https:\/\/www.shouyasanitary.com\/wp-content\/uploads\/2025\/06\/Custom-Built-Bathroom-Vanities-300x300.webp 300w, https:\/\/www.shouyasanitary.com\/wp-content\/uploads\/2025\/06\/Custom-Built-Bathroom-Vanities-150x150.webp 150w, https:\/\/www.shouyasanitary.com\/wp-content\/uploads\/2025\/06\/Custom-Built-Bathroom-Vanities-12x12.webp 12w, https:\/\/www.shouyasanitary.com\/wp-content\/uploads\/2025\/06\/Custom-Built-Bathroom-Vanities-600x600.webp 600w, https:\/\/www.shouyasanitary.com\/wp-content\/uploads\/2025\/06\/Custom-Built-Bathroom-Vanities-100x100.webp 100w\" sizes=\"(max-width: 700px) 100vw, 700px\" \/><\/figure>\n<\/div><\/div>\n<\/div>\n\n\n\n<p><\/p>","protected":false},"excerpt":{"rendered":"<p>Tocadores de ba\u00f1o construidos a medida, estilo moderno y sencillo, material de aleaci\u00f3n de aluminio de alta calidad, con armario de espejo multifuncional y dise\u00f1o montado en la pared, adecuado para hotel, apartamento, casa, etc. \u00a1Apoyamos un conjunto completo de accesorios de ba\u00f1o y personalizaci\u00f3n de lotes, bienvenidos a consultar cotizaci\u00f3n al por mayor!<\/p>\n<h2>Tocadores de ba\u00f1o a medida Atributos\uff1a<\/h2>\n<p><strong>Art\u00edculo No:<\/strong>HR6621-60<strong><br \/>Material del armario:<\/strong> Aluminio<br \/><strong>Color del armario:<\/strong> Blanco<br \/><strong>Espejo:<\/strong> Espejo LED (3,5 mm\/3,8 mm), iluminaci\u00f3n tricolor, desempa\u00f1ado con un solo toque, protegido con embalaje de espuma multicapa<br \/><strong>Tipo de instalaci\u00f3n:<\/strong>\u00a0Montaje en pared<br \/><strong>Dimensiones (L\u00d7A\u00d7H):<\/strong> 60*40*48 cm<br \/><strong>Peso bruto:<\/strong> 25 kg\/set<\/p>\n<h2>Personalizaci\u00f3n y servicios:<\/h2>\n<p><strong>OEM Y ODM<\/strong>: Soporte<br \/><strong>Dise\u00f1o<\/strong>: Gratis<br \/><strong>Accesorios<\/strong>: Lavabos, espejos, grifos y otros accesorios de ba\u00f1o<br \/><strong>Embalaje<\/strong>: Listo para montar<\/p>","protected":false},"featured_media":1379,"comment_status":"closed","ping_status":"closed","template":"","meta":{"_acf_changed":true},"product_brand":[],"product_cat":[23],"product_tag":[],"class_list":{"0":"post-1385","1":"product","2":"type-product","3":"status-publish","4":"has-post-thumbnail","6":"product_cat-wholesale-aluminum-bathroom-vanity-cabinets","8":"first","9":"instock","10":"shipping-taxable","11":"product-type-simple"},"acf":[],"_links":{"self":[{"href":"https:\/\/www.shouyasanitary.com\/es\/wp-json\/wp\/v2\/product\/1385","targetHints":{"allow":["GET"]}}],"collection":[{"href":"https:\/\/www.shouyasanitary.com\/es\/wp-json\/wp\/v2\/product"}],"about":[{"href":"https:\/\/www.shouyasanitary.com\/es\/wp-json\/wp\/v2\/types\/product"}],"replies":[{"embeddable":true,"href":"https:\/\/www.shouyasanitary.com\/es\/wp-json\/wp\/v2\/comments?post=1385"}],"wp:featuredmedia":[{"embeddable":true,"href":"https:\/\/www.shouyasanitary.com\/es\/wp-json\/wp\/v2\/media\/1379"}],"wp:attachment":[{"href":"https:\/\/www.shouyasanitary.com\/es\/wp-json\/wp\/v2\/media?parent=1385"}],"wp:term":[{"taxonomy":"product_brand","embeddable":true,"href":"https:\/\/www.shouyasanitary.com\/es\/wp-json\/wp\/v2\/product_brand?post=1385"},{"taxonomy":"product_cat","embeddable":true,"href":"https:\/\/www.shouyasanitary.com\/es\/wp-json\/wp\/v2\/product_cat?post=1385"},{"taxonomy":"product_tag","embeddable":true,"href":"https:\/\/www.shouyasanitary.com\/es\/wp-json\/wp\/v2\/product_tag?post=1385"}],"curies":[{"name":"wp","href":"https:\/\/api.w.org\/{rel}","templated":true}]}}