{"id":1386,"date":"2025-06-21T01:32:36","date_gmt":"2025-06-21T01:32:36","guid":{"rendered":"https:\/\/www.shouyasanitary.com\/?post_type=product&#038;p=1386"},"modified":"2025-06-21T01:32:42","modified_gmt":"2025-06-21T01:32:42","slug":"bathroom-mirror-vanity-wholesale","status":"publish","type":"product","link":"https:\/\/www.shouyasanitary.com\/es\/producto\/bathroom-mirror-vanity-wholesale\/","title":{"rendered":"Ba\u00f1o Espejo Vanidad Wholesale, Aluminio Ba\u00f1o Gabinete Gris Suppliers"},"content":{"rendered":"<div class=\"wp-block-columns is-layout-flex wp-container-core-columns-is-layout-9d6595d7 wp-block-columns-is-layout-flex\">\n<div class=\"wp-block-column is-layout-flow wp-block-column-is-layout-flow\">\n<h2 class=\"wp-block-heading\">Espejo de ba\u00f1o Vanidad Caracter\u00edsticas\uff1a<\/h2>\n\n\n\n<p><strong>Material duradero: <\/strong>Hecho de material de aluminio, combina ligereza y durabilidad, lo que puede resistir eficazmente la humedad, y es impermeable y a prueba de \u00f3xido, lo que garantiza el uso a largo plazo en entornos de ba\u00f1o.<\/p>\n\n\n\n<p><strong>Espejo LED inteligente<\/strong>: El espejo tiene luces LED suaves incorporadas, y la iluminaci\u00f3n del anillo es uniforme y no deslumbrante, proporcionando una visi\u00f3n clara, y mejorando la experiencia del usuario.<\/p>\n\n\n\n<p><strong>Pr\u00e1ctico tabique armario con espejo<\/strong>: El espejo de la izquierda se puede abrir para ocultar los objetos de almacenaje, y la estanter\u00eda abierta de varias capas de la derecha se puede ver de un vistazo, y los objetos de uso com\u00fan se muestran en categor\u00edas para facilitar el acceso.<\/p>\n\n\n\n<p><strong>Armario principal de gran capacidad de almacenamiento<\/strong>: El armario principal montado en la pared adopta un dise\u00f1o de doble puerta, con una estructura interna regular, que puede acomodar f\u00e1cilmente art\u00edculos de tocador y satisfacer las necesidades de espacio dom\u00e9stico y comercial.<\/p>\n\n\n\n<p><strong>Aspecto moderno y minimalista<\/strong>: El gris de alta calidad se combina con un lavabo de cer\u00e1mica blanca, de l\u00edneas n\u00edtidas y un estilo general moderno y sencillo, que resulta adecuado para una gran variedad de escenarios decorativos, como casas, hoteles y apartamentos.<\/p>\n\n\n\n<p><strong>Venta al por mayor directa de f\u00e1brica<\/strong>: Shouya se centra en la fabricaci\u00f3n y exportaci\u00f3n de tocadores de ba\u00f1o, proporcionando servicios personalizados y suministro de lotes estables, estricto control de calidad y precios m\u00e1s competitivos.<\/p>\n<\/div>\n\n\n\n<div class=\"wp-block-column is-layout-flow wp-block-column-is-layout-flow\"><div class=\"wp-block-image\">\n<figure class=\"aligncenter size-full\"><img decoding=\"async\" width=\"700\" height=\"700\" src=\"https:\/\/www.shouyasanitary.com\/wp-content\/uploads\/2025\/06\/Bathroom-Mirror-Vanity-Wholesale-Aluminum-Bathroom-Cabinet-Grey-Suppliers-1.webp\" alt=\"Ba\u00f1o Espejo Vanidad Mayorista Gabinete de Ba\u00f1o de Aluminio Gris Proveedores (1)\" class=\"wp-image-1382\" style=\"object-fit:cover\" srcset=\"https:\/\/www.shouyasanitary.com\/wp-content\/uploads\/2025\/06\/Bathroom-Mirror-Vanity-Wholesale-Aluminum-Bathroom-Cabinet-Grey-Suppliers-1.webp 700w, https:\/\/www.shouyasanitary.com\/wp-content\/uploads\/2025\/06\/Bathroom-Mirror-Vanity-Wholesale-Aluminum-Bathroom-Cabinet-Grey-Suppliers-1-300x300.webp 300w, https:\/\/www.shouyasanitary.com\/wp-content\/uploads\/2025\/06\/Bathroom-Mirror-Vanity-Wholesale-Aluminum-Bathroom-Cabinet-Grey-Suppliers-1-150x150.webp 150w, https:\/\/www.shouyasanitary.com\/wp-content\/uploads\/2025\/06\/Bathroom-Mirror-Vanity-Wholesale-Aluminum-Bathroom-Cabinet-Grey-Suppliers-1-12x12.webp 12w, https:\/\/www.shouyasanitary.com\/wp-content\/uploads\/2025\/06\/Bathroom-Mirror-Vanity-Wholesale-Aluminum-Bathroom-Cabinet-Grey-Suppliers-1-600x600.webp 600w, https:\/\/www.shouyasanitary.com\/wp-content\/uploads\/2025\/06\/Bathroom-Mirror-Vanity-Wholesale-Aluminum-Bathroom-Cabinet-Grey-Suppliers-1-100x100.webp 100w\" sizes=\"(max-width: 700px) 100vw, 700px\" \/><\/figure>\n<\/div><\/div>\n<\/div>","protected":false},"excerpt":{"rendered":"<p>Espejo de ba\u00f1o vanidad al por mayor, equipado con un gabinete de espejo LED, grifo, gran espacio de almacenamiento, crea una soluci\u00f3n de ba\u00f1o moderno y pr\u00e1ctico. \u00a1Precio de f\u00e1brica, personalizaci\u00f3n de apoyo, log\u00edstica confiable, orden a granel, recepci\u00f3n para entrarnos en contacto con para conseguir una cita!<\/p>\n<h2>Espejo de ba\u00f1o Vanidad Atributos\uff1a<\/h2>\n<p><strong>Art\u00edculo No:<\/strong>HR6626-80<strong><br \/>Material del armario:<\/strong> Aluminio<br \/><strong>Color del armario:<\/strong> Gris<br \/><strong>Espejo:<\/strong> Espejo LED (3,5 mm\/3,8 mm), iluminaci\u00f3n tricolor, desempa\u00f1ado con un solo toque, protegido con embalaje de espuma multicapa<br \/><strong>Tipo de instalaci\u00f3n:<\/strong>\u00a0Montaje en pared<br \/><strong>Dimensiones (L\u00d7A\u00d7H):<\/strong> 84*51*55 cm<br \/><strong>Peso bruto:<\/strong> 28kg\/set<\/p>\n<h2>Personalizaci\u00f3n y servicios:<\/h2>\n<p><strong>OEM Y ODM<\/strong>: Soporte<br \/><strong>Dise\u00f1o<\/strong>: Gratis<br \/><strong>Accesorios<\/strong>: Lavabos, espejos, grifos y otros accesorios de ba\u00f1o<br \/><strong>Embalaje<\/strong>: Listo para montar<\/p>","protected":false},"featured_media":1382,"comment_status":"closed","ping_status":"closed","template":"","meta":{"_acf_changed":true},"product_brand":[],"product_cat":[23],"product_tag":[],"class_list":{"0":"post-1386","1":"product","2":"type-product","3":"status-publish","4":"has-post-thumbnail","6":"product_cat-wholesale-aluminum-bathroom-vanity-cabinets","8":"first","9":"instock","10":"shipping-taxable","11":"product-type-simple"},"acf":[],"_links":{"self":[{"href":"https:\/\/www.shouyasanitary.com\/es\/wp-json\/wp\/v2\/product\/1386","targetHints":{"allow":["GET"]}}],"collection":[{"href":"https:\/\/www.shouyasanitary.com\/es\/wp-json\/wp\/v2\/product"}],"about":[{"href":"https:\/\/www.shouyasanitary.com\/es\/wp-json\/wp\/v2\/types\/product"}],"replies":[{"embeddable":true,"href":"https:\/\/www.shouyasanitary.com\/es\/wp-json\/wp\/v2\/comments?post=1386"}],"wp:featuredmedia":[{"embeddable":true,"href":"https:\/\/www.shouyasanitary.com\/es\/wp-json\/wp\/v2\/media\/1382"}],"wp:attachment":[{"href":"https:\/\/www.shouyasanitary.com\/es\/wp-json\/wp\/v2\/media?parent=1386"}],"wp:term":[{"taxonomy":"product_brand","embeddable":true,"href":"https:\/\/www.shouyasanitary.com\/es\/wp-json\/wp\/v2\/product_brand?post=1386"},{"taxonomy":"product_cat","embeddable":true,"href":"https:\/\/www.shouyasanitary.com\/es\/wp-json\/wp\/v2\/product_cat?post=1386"},{"taxonomy":"product_tag","embeddable":true,"href":"https:\/\/www.shouyasanitary.com\/es\/wp-json\/wp\/v2\/product_tag?post=1386"}],"curies":[{"name":"wp","href":"https:\/\/api.w.org\/{rel}","templated":true}]}}