{"id":1399,"date":"2025-06-20T10:53:24","date_gmt":"2025-06-20T10:53:24","guid":{"rendered":"https:\/\/www.shouyasanitary.com\/?post_type=product&#038;p=1399"},"modified":"2025-06-20T10:53:29","modified_gmt":"2025-06-20T10:53:29","slug":"wholesale-cabinet-for-bathroom","status":"publish","type":"product","link":"https:\/\/www.shouyasanitary.com\/es\/producto\/wholesale-cabinet-for-bathroom\/","title":{"rendered":"Gabinete al por mayor para el cuarto de ba\u00f1o, espejo de vanidad del cuarto de ba\u00f1o de SPC de encargo"},"content":{"rendered":"<div class=\"wp-block-columns is-layout-flex wp-container-core-columns-is-layout-9d6595d7 wp-block-columns-is-layout-flex\">\n<div class=\"wp-block-column is-layout-flow wp-block-column-is-layout-flow\">\n<h2 class=\"wp-block-heading\">Caracter\u00edsticas del armario para cuarto de ba\u00f1o\uff1a<\/h2>\n\n\n\n<p><strong>Dise\u00f1o moderno<\/strong>: Con un tama\u00f1o compacto de 60 cm, el armario de color claro se combina con una encimera blanca para crear un espacio de ba\u00f1o c\u00e1lido y sencillo, adecuado para una variedad de estilos de decoraci\u00f3n.<\/p>\n\n\n\n<p><strong>Material de alta calidad<\/strong>: Fabricado con cart\u00f3n ecol\u00f3gico SPC de alta densidad, tiene un excelente rendimiento a prueba de agua y humedad, ideal para entornos de ba\u00f1o h\u00famedos.<\/p>\n\n\n\n<p><strong>Armario con espejo LED inteligente:<\/strong> Con espejo de luz LED, la luz es suave y no deslumbrante, lo que mejora la experiencia de lavado diario; el armario con espejo y la encimera est\u00e1n perfectamente conectados, lo que hace que la visi\u00f3n sea m\u00e1s ordenada y f\u00e1cil de limpiar.<\/p>\n\n\n\n<p><strong>Disposici\u00f3n cient\u00edfica del almacenamiento:<\/strong> El armario con espejo puede almacenar art\u00edculos de uso com\u00fan, y los cajones dobles + el \u00e1rea de almacenamiento abierta inferior est\u00e1n razonablemente divididos. Los cajones est\u00e1n equipados con compartimentos para satisfacer las necesidades de almacenamiento clasificados y mejorar la limpieza del ba\u00f1o del cuarto de ba\u00f1o.<\/p>\n\n\n\n<p><strong>Tecnolog\u00eda respetuosa con el medio ambiente<\/strong>: Utiliza materiales respetuosos con el medio ambiente sin formaldeh\u00eddo y un tratamiento de la superficie con pintura inodora, teniendo en cuenta la belleza y la salud, y protegiendo el medio ambiente respirable.<\/p>\n\n\n\n<p><strong>A la vez practicidad y comodidad: <\/strong>accesorios de ferreter\u00eda de alta calidad, las puertas de los armarios se abren y cierran suavemente, la disposici\u00f3n general se adapta a la ergonom\u00eda y aporta una experiencia de uso sin problemas.<\/p>\n\n\n\n<p><strong>Aplicable a m\u00faltiples escenarios<\/strong>: Adecuado para diversos escenarios, como cuartos de ba\u00f1o dom\u00e9sticos, apartamentos, hoteles, etc. Es una soluci\u00f3n de alta calidad para adquirir proyectos de decoraci\u00f3n de interiores.<\/p>\n<\/div>\n\n\n\n<div class=\"wp-block-column is-layout-flow wp-block-column-is-layout-flow\"><div class=\"wp-block-image\">\n<figure class=\"aligncenter size-full\"><img decoding=\"async\" width=\"700\" height=\"700\" src=\"https:\/\/www.shouyasanitary.com\/wp-content\/uploads\/2025\/06\/Wholesale-Cabinet-for-Bathroom\uff0cSPC-Ba\u00f1o-Espejo-Custom.webp\" alt=\"Gabinete al por mayor para el cuarto de ba\u00f1o, espejo de vanidad del cuarto de ba\u00f1o de SPC de encargo\" class=\"wp-image-1400\" style=\"object-fit:cover\" srcset=\"\" sizes=\"(max-width: 700px) 100vw, 700px\" data-srcset=\"\" \/><\/figure>\n<\/div><\/div>\n<\/div>","protected":false},"excerpt":{"rendered":"<p>Bienvenido a la venta al por mayor gabinete para el ba\u00f1o, material SPC, dise\u00f1o montado en la pared, emparejado con el gabinete de espejo LED y lavabo de cer\u00e1mica, es a prueba de humedad y duradero, con un dise\u00f1o simple y almacenamiento ordenado. Es una opci\u00f3n ideal para varios espacios de ba\u00f1o. \u00a1P\u00f3ngase en contacto con nosotros para obtener un presupuesto!<\/p>\n<h2>Armario para ba\u00f1o Atributos\uff1a<\/h2>\n<p><strong>Art\u00edculo No:<\/strong>HR6625-60<strong><br \/>Material del armario: <\/strong>Tablero de pl\u00e1stico p\u00e9treo<br \/><strong>Color del armario: <\/strong>Amarillo<br \/><strong>Espejo:<\/strong> Espejo LED (3,5 mm\/3,8 mm), iluminaci\u00f3n tricolor, desempa\u00f1ado con un solo toque, protegido con embalaje de espuma multicapa<br \/><strong>Tipo de instalaci\u00f3n:<\/strong>\u00a0Montaje en pared<br \/><strong>Dimensiones (L\u00d7A\u00d7H):<\/strong> 60*47,5*48,5 cm<br \/><strong>Peso bruto:<\/strong> 28kg\/set<\/p>\n<h2>Personalizaci\u00f3n y servicios:<\/h2>\n<p><strong>OEM Y ODM<\/strong>: Soporte<br \/><strong>Dise\u00f1o<\/strong>: Gratis<br \/><strong>Accesorios<\/strong>: Lavabos, espejos, grifos y otros accesorios de ba\u00f1o<br \/><strong>Embalaje<\/strong>: Listo para montar<\/p>","protected":false},"featured_media":1400,"comment_status":"closed","ping_status":"closed","template":"","meta":{"_acf_changed":true},"product_brand":[],"product_cat":[29],"product_tag":[],"class_list":{"0":"post-1399","1":"product","2":"type-product","3":"status-publish","4":"has-post-thumbnail","6":"product_cat-wholesale-spc-bathroom-vanity-cabinets","8":"first","9":"instock","10":"shipping-taxable","11":"product-type-simple"},"acf":[],"_links":{"self":[{"href":"https:\/\/www.shouyasanitary.com\/es\/wp-json\/wp\/v2\/product\/1399","targetHints":{"allow":["GET"]}}],"collection":[{"href":"https:\/\/www.shouyasanitary.com\/es\/wp-json\/wp\/v2\/product"}],"about":[{"href":"https:\/\/www.shouyasanitary.com\/es\/wp-json\/wp\/v2\/types\/product"}],"replies":[{"embeddable":true,"href":"https:\/\/www.shouyasanitary.com\/es\/wp-json\/wp\/v2\/comments?post=1399"}],"wp:featuredmedia":[{"embeddable":true,"href":"https:\/\/www.shouyasanitary.com\/es\/wp-json\/wp\/v2\/media\/1400"}],"wp:attachment":[{"href":"https:\/\/www.shouyasanitary.com\/es\/wp-json\/wp\/v2\/media?parent=1399"}],"wp:term":[{"taxonomy":"product_brand","embeddable":true,"href":"https:\/\/www.shouyasanitary.com\/es\/wp-json\/wp\/v2\/product_brand?post=1399"},{"taxonomy":"product_cat","embeddable":true,"href":"https:\/\/www.shouyasanitary.com\/es\/wp-json\/wp\/v2\/product_cat?post=1399"},{"taxonomy":"product_tag","embeddable":true,"href":"https:\/\/www.shouyasanitary.com\/es\/wp-json\/wp\/v2\/product_tag?post=1399"}],"curies":[{"name":"wp","href":"https:\/\/api.w.org\/{rel}","templated":true}]}}