{"id":1403,"date":"2025-06-20T10:51:31","date_gmt":"2025-06-20T10:51:31","guid":{"rendered":"https:\/\/www.shouyasanitary.com\/?post_type=product&#038;p=1403"},"modified":"2025-06-20T10:51:38","modified_gmt":"2025-06-20T10:51:38","slug":"bathroom-cabinet-set-custom","status":"publish","type":"product","link":"https:\/\/www.shouyasanitary.com\/es\/producto\/bathroom-cabinet-set-custom\/","title":{"rendered":"Conjunto de mueble de ba\u00f1o a medida, lavabo de ba\u00f1o flotante Vanidad a granel"},"content":{"rendered":"<div class=\"wp-block-columns is-layout-flex wp-container-core-columns-is-layout-9d6595d7 wp-block-columns-is-layout-flex\">\n<div class=\"wp-block-column is-layout-flow wp-block-column-is-layout-flow\">\n<h2 class=\"wp-block-heading\">Set de armario de ba\u00f1o Caracter\u00edsticas\uff1a<\/h2>\n\n\n\n<p><strong>Aspecto moderno<\/strong>: utilizando suaves tonos grises claros, l\u00edneas n\u00edtidas, el estilo general es moderno y limpio, y puede integrarse f\u00e1cilmente en una gran variedad de estilos de decoraci\u00f3n de cuartos de ba\u00f1o, como el n\u00f3rdico, el japon\u00e9s y el sencillo.<\/p>\n\n\n\n<p><strong>Material SPC de alta calidad<\/strong>: Es resistente a la humedad, al moho, a la presi\u00f3n y no se deforma f\u00e1cilmente. Es ideal para cuartos de ba\u00f1o h\u00famedos, y es ligero y duradero.<\/p>\n\n\n\n<p><strong>Pr\u00e1ctica combinaci\u00f3n de armario con espejo<\/strong>: El espejo de alta definici\u00f3n en el centro es brillante y claro, satisfaciendo las necesidades diarias de lavado y maquillaje; el dise\u00f1o de compartimento abierto en ambos lados hace que los art\u00edculos comunes est\u00e9n al alcance de la mano, y se puede almacenar y mostrar.<\/p>\n\n\n\n<p><strong>Disposici\u00f3n de almacenamiento razonable:<\/strong> El lado izquierdo del armario principal utiliza un dise\u00f1o de doble puerta, que puede almacenar art\u00edculos grandes como toallas y art\u00edculos de limpieza; los cajones dobles de la derecha son adecuados para el almacenamiento clasificado de cosm\u00e9ticos y peque\u00f1os art\u00edculos de aseo.<\/p>\n\n\n\n<p><strong>Lavabo de cer\u00e1mica de dise\u00f1o integrado<\/strong>: La superficie es lisa y f\u00e1cil de limpiar, antiincrustante y resistente a los ara\u00f1azos, lo que mejora la comodidad de uso y la textura general.<\/p>\n\n\n\n<p><strong>Gu\u00edas de deslizamiento silenciosas y herrajes de alta calidad<\/strong>: El caj\u00f3n se desliza suavemente, y la puerta del armario es silenciosa y no se atasca, lo que mejora la experiencia del usuario y la calidad del producto.<\/p>\n\n\n\n<p><strong>Suministro directo de f\u00e1brica:<\/strong> una variedad de colores y tama\u00f1os est\u00e1n disponibles, el apoyo a la personalizaci\u00f3n de la marca, y el precio de compra a granel es m\u00e1s competitivo, que est\u00e1 profundamente favorecida por los proyectos de ingenier\u00eda y clientes al por mayor.<\/p>\n<\/div>\n\n\n\n<div class=\"wp-block-column is-layout-flow wp-block-column-is-layout-flow\"><div class=\"wp-block-image\">\n<figure class=\"aligncenter size-full\"><img decoding=\"async\" width=\"700\" height=\"700\" src=\"https:\/\/www.shouyasanitary.com\/wp-content\/uploads\/2025\/06\/Bathroom-Cabinet-Set-Custom-Floating-Bathroom-Sink-Vanity-in-Bulk-1.webp\" alt=\"Conjunto de gabinete de ba\u00f1o personalizado, flotante lavabo de ba\u00f1o Vanidad a granel (1)\" class=\"wp-image-1407\" style=\"object-fit:cover\" srcset=\"https:\/\/www.shouyasanitary.com\/wp-content\/uploads\/2025\/06\/Bathroom-Cabinet-Set-Custom-Floating-Bathroom-Sink-Vanity-in-Bulk-1.webp 700w, https:\/\/www.shouyasanitary.com\/wp-content\/uploads\/2025\/06\/Bathroom-Cabinet-Set-Custom-Floating-Bathroom-Sink-Vanity-in-Bulk-1-300x300.webp 300w, https:\/\/www.shouyasanitary.com\/wp-content\/uploads\/2025\/06\/Bathroom-Cabinet-Set-Custom-Floating-Bathroom-Sink-Vanity-in-Bulk-1-150x150.webp 150w, https:\/\/www.shouyasanitary.com\/wp-content\/uploads\/2025\/06\/Bathroom-Cabinet-Set-Custom-Floating-Bathroom-Sink-Vanity-in-Bulk-1-12x12.webp 12w, https:\/\/www.shouyasanitary.com\/wp-content\/uploads\/2025\/06\/Bathroom-Cabinet-Set-Custom-Floating-Bathroom-Sink-Vanity-in-Bulk-1-600x600.webp 600w, https:\/\/www.shouyasanitary.com\/wp-content\/uploads\/2025\/06\/Bathroom-Cabinet-Set-Custom-Floating-Bathroom-Sink-Vanity-in-Bulk-1-100x100.webp 100w\" sizes=\"(max-width: 700px) 100vw, 700px\" \/><\/figure>\n<\/div><\/div>\n<\/div>","protected":false},"excerpt":{"rendered":"<p>Conjunto de mueble de ba\u00f1o personalizado, con lavabo de cer\u00e1mica, armario con espejo y grifo, aspecto moderno, funci\u00f3n pr\u00e1ctica, adecuado para uso dom\u00e9stico y comercial. Suministro directo de f\u00e1brica, precio al por mayor, apoyar el servicio personalizado. Conjunto completo de accesorios de ba\u00f1o orden, bienvenido a preguntar<\/p>\n<h2>Conjunto de armario de ba\u00f1o Atributos\uff1a<\/h2>\n<p><strong>Art\u00edculo No:<\/strong>J1231-100<strong><br \/>Material del armario:<\/strong> Tablero de pl\u00e1stico p\u00e9treo<br \/><strong>Color del armario:<\/strong> Gris<br \/><strong>Espejo:<\/strong> Espejo LED (3,5 mm\/3,8 mm), iluminaci\u00f3n tricolor, desempa\u00f1ado con un solo toque, protegido con embalaje de espuma multicapa<br \/><strong>Tipo de instalaci\u00f3n:<\/strong>\u00a0Montaje en pared<br \/><strong>Dimensiones (L\u00d7A\u00d7H):<\/strong> 100*50*45 cm<br \/><strong>Peso bruto:<\/strong> 38 kg\/set<\/p>\n<h2>Personalizaci\u00f3n y servicios:<\/h2>\n<p><strong>OEM Y ODM<\/strong>: Soporte<br \/><strong>Dise\u00f1o<\/strong>: Gratis<br \/><strong>Accesorios<\/strong>: Lavabos, espejos, grifos y otros accesorios de ba\u00f1o<br \/><strong>Embalaje<\/strong>: Listo para montar<\/p>","protected":false},"featured_media":1407,"comment_status":"closed","ping_status":"closed","template":"","meta":{"_acf_changed":true},"product_brand":[],"product_cat":[29],"product_tag":[],"class_list":{"0":"post-1403","1":"product","2":"type-product","3":"status-publish","4":"has-post-thumbnail","6":"product_cat-wholesale-spc-bathroom-vanity-cabinets","8":"first","9":"instock","10":"shipping-taxable","11":"product-type-simple"},"acf":[],"_links":{"self":[{"href":"https:\/\/www.shouyasanitary.com\/es\/wp-json\/wp\/v2\/product\/1403","targetHints":{"allow":["GET"]}}],"collection":[{"href":"https:\/\/www.shouyasanitary.com\/es\/wp-json\/wp\/v2\/product"}],"about":[{"href":"https:\/\/www.shouyasanitary.com\/es\/wp-json\/wp\/v2\/types\/product"}],"replies":[{"embeddable":true,"href":"https:\/\/www.shouyasanitary.com\/es\/wp-json\/wp\/v2\/comments?post=1403"}],"wp:featuredmedia":[{"embeddable":true,"href":"https:\/\/www.shouyasanitary.com\/es\/wp-json\/wp\/v2\/media\/1407"}],"wp:attachment":[{"href":"https:\/\/www.shouyasanitary.com\/es\/wp-json\/wp\/v2\/media?parent=1403"}],"wp:term":[{"taxonomy":"product_brand","embeddable":true,"href":"https:\/\/www.shouyasanitary.com\/es\/wp-json\/wp\/v2\/product_brand?post=1403"},{"taxonomy":"product_cat","embeddable":true,"href":"https:\/\/www.shouyasanitary.com\/es\/wp-json\/wp\/v2\/product_cat?post=1403"},{"taxonomy":"product_tag","embeddable":true,"href":"https:\/\/www.shouyasanitary.com\/es\/wp-json\/wp\/v2\/product_tag?post=1403"}],"curies":[{"name":"wp","href":"https:\/\/api.w.org\/{rel}","templated":true}]}}