{"id":1410,"date":"2025-06-20T10:54:23","date_gmt":"2025-06-20T10:54:23","guid":{"rendered":"https:\/\/www.shouyasanitary.com\/?post_type=product&#038;p=1410"},"modified":"2025-06-20T10:54:28","modified_gmt":"2025-06-20T10:54:28","slug":"bathroom-vanity-cabinet-wholesale","status":"publish","type":"product","link":"https:\/\/www.shouyasanitary.com\/es\/producto\/bathroom-vanity-cabinet-wholesale\/","title":{"rendered":"Armario de ba\u00f1o al por mayor, a granel montado en la pared gabinetes de medicina de ba\u00f1o"},"content":{"rendered":"<div class=\"wp-block-columns is-layout-flex wp-container-core-columns-is-layout-9d6595d7 wp-block-columns-is-layout-flex\">\n<div class=\"wp-block-column is-layout-flow wp-block-column-is-layout-flow\">\n<h2 class=\"wp-block-heading\">Cuarto de ba\u00f1o del gabinete de la vanidad Caracter\u00edsticas:<\/h2>\n\n\n\n<p><strong>Material SPC de alta calidad<\/strong>: impermeable y a prueba de humedad, no es f\u00e1cil de deformar, con accesorios de acero inoxidable y aleaci\u00f3n de aluminio, duraderos y resistentes a la corrosi\u00f3n, que garantizan un uso prolongado en entornos de ba\u00f1o h\u00famedos.<\/p>\n\n\n\n<p><strong>Dise\u00f1o integrado<\/strong>: El lavabo y el mueble est\u00e1n conectados suavemente, y las l\u00edneas sencillas y los tonos suaves se combinan para crear un espacio de ba\u00f1o ligero y lujoso.<\/p>\n\n\n\n<p><strong>Pr\u00e1ctico armario con espejo LED:<\/strong> El espejo est\u00e1 equipado con una luz LED t\u00e1ctil para proporcionar una fuente de luz suave, que es conveniente para el uso nocturno o el maquillaje diario.<\/p>\n\n\n\n<p><strong>Almacenamiento de particiones razonable<\/strong>: La estructura combinada de caj\u00f3n doble izquierdo + armario de puerta simple derecho tiene un rico espacio de almacenamiento, se puede clasificar para almacenar art\u00edculos, y el caj\u00f3n se desliza suavemente y es f\u00e1cil de usar.<\/p>\n\n\n\n<p><strong>Estructura mural<\/strong>: El dise\u00f1o colgante facilita la limpieza del suelo del cuarto de ba\u00f1o, especialmente adecuado para apartamentos peque\u00f1os o cuartos de ba\u00f1o con espacio limitado, mejorando el aprovechamiento del espacio y la transparencia.<\/p>\n\n\n\n<p><strong>Adaptaci\u00f3n multiescena<\/strong>: Tanto si se trata de un cuarto de ba\u00f1o dom\u00e9stico, una habitaci\u00f3n de hotel o un apartamento comercial, se puede adaptar con flexibilidad para satisfacer las necesidades de los clientes en materia de compras de ingenier\u00eda o de venta al por mayor.<\/p>\n\n\n\n<p><strong>Suministro directo de f\u00e1brica<\/strong>: admite la personalizaci\u00f3n por lotes y los servicios OEM, disfruta de los precios al por mayor de la f\u00e1brica Shouya, es una opci\u00f3n ideal para la cooperaci\u00f3n a largo plazo con distribuidores, empresas de decoraci\u00f3n y marcas.<\/p>\n<\/div>\n\n\n\n<div class=\"wp-block-column is-layout-flow wp-block-column-is-layout-flow\"><div class=\"wp-block-image\">\n<figure class=\"aligncenter size-full\"><img decoding=\"async\" width=\"700\" height=\"700\" src=\"https:\/\/www.shouyasanitary.com\/wp-content\/uploads\/2025\/06\/Bathroom-Vanity-Cabinet-Wholesale-Bulk-Wall-Mounted-Bathroom-Medicine-Cabinets.webp\" alt=\"Armario de ba\u00f1o al por mayor, a granel montado en la pared gabinetes de medicina de ba\u00f1o\" class=\"wp-image-1413\" style=\"object-fit:cover\" srcset=\"https:\/\/www.shouyasanitary.com\/wp-content\/uploads\/2025\/06\/Bathroom-Vanity-Cabinet-Wholesale-Bulk-Wall-Mounted-Bathroom-Medicine-Cabinets.webp 700w, https:\/\/www.shouyasanitary.com\/wp-content\/uploads\/2025\/06\/Bathroom-Vanity-Cabinet-Wholesale-Bulk-Wall-Mounted-Bathroom-Medicine-Cabinets-300x300.webp 300w, https:\/\/www.shouyasanitary.com\/wp-content\/uploads\/2025\/06\/Bathroom-Vanity-Cabinet-Wholesale-Bulk-Wall-Mounted-Bathroom-Medicine-Cabinets-150x150.webp 150w, https:\/\/www.shouyasanitary.com\/wp-content\/uploads\/2025\/06\/Bathroom-Vanity-Cabinet-Wholesale-Bulk-Wall-Mounted-Bathroom-Medicine-Cabinets-12x12.webp 12w, https:\/\/www.shouyasanitary.com\/wp-content\/uploads\/2025\/06\/Bathroom-Vanity-Cabinet-Wholesale-Bulk-Wall-Mounted-Bathroom-Medicine-Cabinets-600x600.webp 600w, https:\/\/www.shouyasanitary.com\/wp-content\/uploads\/2025\/06\/Bathroom-Vanity-Cabinet-Wholesale-Bulk-Wall-Mounted-Bathroom-Medicine-Cabinets-100x100.webp 100w\" sizes=\"(max-width: 700px) 100vw, 700px\" \/><\/figure>\n<\/div><\/div>\n<\/div>","protected":false},"excerpt":{"rendered":"<p>Mueble de ba\u00f1o al por mayor, utilizando material SPC, dise\u00f1o montado en la pared, con armario de espejo LED, lavabo de cer\u00e1mica, mueble de cajones, etc, aspecto moderno y sencillo, adecuado para uso dom\u00e9stico y comercial. Shouya venta directa de f\u00e1brica, pedidos semi-personalizados a granel, y los precios al por mayor satisfacer sus necesidades de proyectos de ingenier\u00eda. \u00a1Bienvenido a preguntar!<\/p>\n<h2>Gabinete de la vanidad del cuarto de ba\u00f1o Atributos\uff1a<\/h2>\n<p><strong>Art\u00edculo No:<\/strong>HR6625-80<strong><br \/>Material del armario:<\/strong> SPC<br \/><strong>Color del armario:<\/strong> Amarillo<br \/><strong>Espejo:<\/strong>\u00a0Espejo LED (3,5 mm \/ 3,8 mm), iluminaci\u00f3n tricolor, desempa\u00f1ado con un solo toque, protegido con embalaje de espuma multicapa<br \/><strong>Tipo de instalaci\u00f3n:<\/strong>\u00a0Montaje en pared<br \/><strong>Dimensiones (L \u00d7 A \u00d7 A):<\/strong> 80*47,5*48,5 cm<br \/><strong>Peso bruto:<\/strong> 28kg\/set<\/p>\n<h2>Personalizaci\u00f3n y servicios:<\/h2>\n<p><strong>OEM Y ODM<\/strong>: Soporte<br \/><strong>Dise\u00f1o<\/strong>: Gratis<br \/><strong>Accesorios<\/strong>: Lavabos, espejos, grifos y otros accesorios de ba\u00f1o<br \/><strong>Embalaje<\/strong>: Listo para montar<\/p>","protected":false},"featured_media":1413,"comment_status":"closed","ping_status":"closed","template":"","meta":{"_acf_changed":true},"product_brand":[],"product_cat":[29],"product_tag":[],"class_list":{"0":"post-1410","1":"product","2":"type-product","3":"status-publish","4":"has-post-thumbnail","6":"product_cat-wholesale-spc-bathroom-vanity-cabinets","8":"first","9":"instock","10":"shipping-taxable","11":"product-type-simple"},"acf":[],"_links":{"self":[{"href":"https:\/\/www.shouyasanitary.com\/es\/wp-json\/wp\/v2\/product\/1410","targetHints":{"allow":["GET"]}}],"collection":[{"href":"https:\/\/www.shouyasanitary.com\/es\/wp-json\/wp\/v2\/product"}],"about":[{"href":"https:\/\/www.shouyasanitary.com\/es\/wp-json\/wp\/v2\/types\/product"}],"replies":[{"embeddable":true,"href":"https:\/\/www.shouyasanitary.com\/es\/wp-json\/wp\/v2\/comments?post=1410"}],"wp:featuredmedia":[{"embeddable":true,"href":"https:\/\/www.shouyasanitary.com\/es\/wp-json\/wp\/v2\/media\/1413"}],"wp:attachment":[{"href":"https:\/\/www.shouyasanitary.com\/es\/wp-json\/wp\/v2\/media?parent=1410"}],"wp:term":[{"taxonomy":"product_brand","embeddable":true,"href":"https:\/\/www.shouyasanitary.com\/es\/wp-json\/wp\/v2\/product_brand?post=1410"},{"taxonomy":"product_cat","embeddable":true,"href":"https:\/\/www.shouyasanitary.com\/es\/wp-json\/wp\/v2\/product_cat?post=1410"},{"taxonomy":"product_tag","embeddable":true,"href":"https:\/\/www.shouyasanitary.com\/es\/wp-json\/wp\/v2\/product_tag?post=1410"}],"curies":[{"name":"wp","href":"https:\/\/api.w.org\/{rel}","templated":true}]}}