{"id":1414,"date":"2025-06-20T10:53:55","date_gmt":"2025-06-20T10:53:55","guid":{"rendered":"https:\/\/www.shouyasanitary.com\/?post_type=product&#038;p=1414"},"modified":"2025-06-20T10:54:01","modified_gmt":"2025-06-20T10:54:01","slug":"custom-made-bathroom-vanities","status":"publish","type":"product","link":"https:\/\/www.shouyasanitary.com\/es\/producto\/custom-made-bathroom-vanities\/","title":{"rendered":"Tocadores de Ba\u00f1o a Medida, Mayorista Mueble de Ba\u00f1o Gris Azul con Lavabo"},"content":{"rendered":"<div class=\"wp-block-columns is-layout-flex wp-container-core-columns-is-layout-9d6595d7 wp-block-columns-is-layout-flex\">\n<div class=\"wp-block-column is-layout-flow wp-block-column-is-layout-flow\">\n<h2 class=\"wp-block-heading\">Tocadores de ba\u00f1o a medida Caracter\u00edsticas:<\/h2>\n\n\n\n<p><strong>Aspecto moderno<\/strong>Color gris y blanco cl\u00e1sico a juego con l\u00edneas limpias, el estilo general es simple y de moda.<\/p>\n\n\n\n<p><strong>Armario con espejo LED inteligente:<\/strong> El armario con espejo est\u00e1 equipado con una tira de luz LED sensible al tacto, la iluminaci\u00f3n es natural y suave, satisfaciendo las necesidades de lavado diario, maquillaje y otros usos, creando una sensaci\u00f3n de tecnolog\u00eda.<\/p>\n\n\n\n<p><strong>Disposici\u00f3n de almacenamiento humanizada<\/strong>: El armario de espejo adopta una rejilla abierta sim\u00e9trica izquierda-derecha y una puerta de espejo cerrada en el centro, es conveniente para clasificar y almacenar art\u00edculos de uso com\u00fan; el armario principal inferior adopta un dise\u00f1o de tres puertas, proporcionando un espacio de almacenamiento oculto de gran capacidad.<\/p>\n\n\n\n<p><strong>Material SPC de alta calidad: <\/strong>El cuerpo del armario est\u00e1 hecho de tablero SPC, es impermeable, a prueba de humedad, a prueba de moho y no se deforma f\u00e1cilmente, por lo que es ideal para un<strong> <\/strong>ambiente h\u00famedo del ba\u00f1o.<\/p>\n\n\n\n<p><strong>Herrajes de acero inoxidable: <\/strong>con estructura de acero inoxidable y aleaci\u00f3n de aluminio, es duradera, resistente a la corrosi\u00f3n, a prueba de \u00f3xido, tiene una gran capacidad de carga y garantiza un uso estable y a largo plazo.<\/p>\n\n\n\n<p><strong>F\u00e1cil de mantener<\/strong>: se combina con una estructura montada en la pared y una encimera integrada para reducir eficazmente los \u00e1ngulos muertos sanitarios y ahorrar esfuerzo en la limpieza diaria.<\/p>\n\n\n\n<p><strong>La mejor opci\u00f3n para proyectos de ingenier\u00eda:<\/strong> Adecuado para una variedad de escenarios de uso, tales como residencias, apartamentos, hoteles, etc., soporta la personalizaci\u00f3n OEM, es un estilo de venta caliente para la venta al por mayor y proyectos de ingenier\u00eda.<\/p>\n<\/div>\n\n\n\n<div class=\"wp-block-column is-layout-flow wp-block-column-is-layout-flow\"><div class=\"wp-block-image\">\n<figure class=\"aligncenter size-full\"><img decoding=\"async\" width=\"700\" height=\"700\" src=\"https:\/\/www.shouyasanitary.com\/wp-content\/uploads\/2025\/06\/Custom-Made-Bathroom-Vanities-Wholesale-Blue-Grey-Bathroom-Cabinet-with-Basin.webp\" alt=\"Tocadores de Ba\u00f1o a Medida, Mayorista Mueble de Ba\u00f1o Gris Azul con Lavabo\" class=\"wp-image-1417\" style=\"object-fit:cover\" srcset=\"https:\/\/www.shouyasanitary.com\/wp-content\/uploads\/2025\/06\/Custom-Made-Bathroom-Vanities-Wholesale-Blue-Grey-Bathroom-Cabinet-with-Basin.webp 700w, https:\/\/www.shouyasanitary.com\/wp-content\/uploads\/2025\/06\/Custom-Made-Bathroom-Vanities-Wholesale-Blue-Grey-Bathroom-Cabinet-with-Basin-300x300.webp 300w, https:\/\/www.shouyasanitary.com\/wp-content\/uploads\/2025\/06\/Custom-Made-Bathroom-Vanities-Wholesale-Blue-Grey-Bathroom-Cabinet-with-Basin-150x150.webp 150w, https:\/\/www.shouyasanitary.com\/wp-content\/uploads\/2025\/06\/Custom-Made-Bathroom-Vanities-Wholesale-Blue-Grey-Bathroom-Cabinet-with-Basin-12x12.webp 12w, https:\/\/www.shouyasanitary.com\/wp-content\/uploads\/2025\/06\/Custom-Made-Bathroom-Vanities-Wholesale-Blue-Grey-Bathroom-Cabinet-with-Basin-600x600.webp 600w, https:\/\/www.shouyasanitary.com\/wp-content\/uploads\/2025\/06\/Custom-Made-Bathroom-Vanities-Wholesale-Blue-Grey-Bathroom-Cabinet-with-Basin-100x100.webp 100w\" sizes=\"(max-width: 700px) 100vw, 700px\" \/><\/figure>\n<\/div><\/div>\n<\/div>","protected":false},"excerpt":{"rendered":"<p>Tocadores de ba\u00f1o hechos a medida, material duradero SPC, dise\u00f1o montado en la pared, espacio de almacenamiento multifuncional, equipado con gabinete de espejo LED, grifo, etc. \u00a1Precio al por mayor de f\u00e1brica, personalizaci\u00f3n de apoyo, suministro estable, recepci\u00f3n para entrarnos en contacto con para una cita!<\/p>\n<h2>Tocadores de ba\u00f1o a medida Atributos\uff1a<\/h2>\n<p><strong>Art\u00edculo No:<\/strong>HR2201-100<strong><br \/>Material del armario: <\/strong>Tablero de pl\u00e1stico de piedra<br \/><strong>Color del armario:<\/strong> Azul Gris<br \/><strong>Espejo:<\/strong>\u00a0Espejo LED (3,5 mm \/ 3,8 mm), iluminaci\u00f3n tricolor, desempa\u00f1ado con un solo toque, protegido con embalaje de espuma multicapa<br \/><strong>Tipo de instalaci\u00f3n:<\/strong>\u00a0Montaje en pared<br \/><strong>Dimensiones (L \u00d7 A \u00d7 A):<\/strong> 100*47,5*48 cm<br \/><strong>Peso bruto:<\/strong> 35 kg\/set<\/p>\n<h2>Personalizaci\u00f3n y servicios:<\/h2>\n<p><strong>OEM Y ODM<\/strong>: Soporte<br \/><strong>Dise\u00f1o<\/strong>: Gratis<br \/><strong>Accesorios<\/strong>: Lavabos, espejos, grifos y otros accesorios de ba\u00f1o<br \/><strong>Embalaje<\/strong>: Listo para montar<\/p>","protected":false},"featured_media":1417,"comment_status":"closed","ping_status":"closed","template":"","meta":{"_acf_changed":true},"product_brand":[],"product_cat":[29],"product_tag":[],"class_list":{"0":"post-1414","1":"product","2":"type-product","3":"status-publish","4":"has-post-thumbnail","6":"product_cat-wholesale-spc-bathroom-vanity-cabinets","8":"first","9":"instock","10":"shipping-taxable","11":"product-type-simple"},"acf":[],"_links":{"self":[{"href":"https:\/\/www.shouyasanitary.com\/es\/wp-json\/wp\/v2\/product\/1414","targetHints":{"allow":["GET"]}}],"collection":[{"href":"https:\/\/www.shouyasanitary.com\/es\/wp-json\/wp\/v2\/product"}],"about":[{"href":"https:\/\/www.shouyasanitary.com\/es\/wp-json\/wp\/v2\/types\/product"}],"replies":[{"embeddable":true,"href":"https:\/\/www.shouyasanitary.com\/es\/wp-json\/wp\/v2\/comments?post=1414"}],"wp:featuredmedia":[{"embeddable":true,"href":"https:\/\/www.shouyasanitary.com\/es\/wp-json\/wp\/v2\/media\/1417"}],"wp:attachment":[{"href":"https:\/\/www.shouyasanitary.com\/es\/wp-json\/wp\/v2\/media?parent=1414"}],"wp:term":[{"taxonomy":"product_brand","embeddable":true,"href":"https:\/\/www.shouyasanitary.com\/es\/wp-json\/wp\/v2\/product_brand?post=1414"},{"taxonomy":"product_cat","embeddable":true,"href":"https:\/\/www.shouyasanitary.com\/es\/wp-json\/wp\/v2\/product_cat?post=1414"},{"taxonomy":"product_tag","embeddable":true,"href":"https:\/\/www.shouyasanitary.com\/es\/wp-json\/wp\/v2\/product_tag?post=1414"}],"curies":[{"name":"wp","href":"https:\/\/api.w.org\/{rel}","templated":true}]}}