{"id":1418,"date":"2025-07-04T02:33:46","date_gmt":"2025-07-04T02:33:46","guid":{"rendered":"https:\/\/www.shouyasanitary.com\/?post_type=product&#038;p=1418"},"modified":"2025-07-04T02:33:53","modified_gmt":"2025-07-04T02:33:53","slug":"factory-wholesale-bathroom-vanity","status":"publish","type":"product","link":"https:\/\/www.shouyasanitary.com\/es\/producto\/factory-wholesale-bathroom-vanity\/","title":{"rendered":"Nueva Llegada 2025 F\u00e1brica al por mayor tocador de ba\u00f1o, armario con espejo personalizado para ba\u00f1o del hotel"},"content":{"rendered":"<div class=\"wp-block-columns is-layout-flex wp-container-core-columns-is-layout-9d6595d7 wp-block-columns-is-layout-flex\">\n<div class=\"wp-block-column is-layout-flow wp-block-column-is-layout-flow\">\n<h2 class=\"wp-block-heading\">Caracter\u00edsticas del lavabo:<\/h2>\n\n\n\n<p>\u200b<strong>\u200b<\/strong>1.<strong>Filosof\u00eda general de dise\u00f1o:<\/strong> Este dise\u00f1o, que sigue un enfoque pr\u00e1ctico al tiempo que tiene en cuenta la est\u00e9tica del dise\u00f1o, infunde a los futuros espacios de ba\u00f1o una sensaci\u00f3n de refinamiento.<\/p>\n\n\n\n<p>2.<strong>Espacio de almacenamiento oculto<\/strong>: El lado izquierdo del armario con espejo reproduce el dise\u00f1o del armario principal. Cuando se abre, revela un peque\u00f1o espacio de almacenamiento para cosm\u00e9ticos y art\u00edculos de tocador. Cuando est\u00e1 cerrado, se funde a la perfecci\u00f3n con el espejo, creando un aspecto liso y elegante.<\/p>\n\n\n\n<p>3.<strong>Dise\u00f1o de estanter\u00edas abiertas<\/strong>: Las capas abiertas y transparentes de las estanter\u00edas facilitan el acceso y el almacenamiento de los objetos de uso diario.<\/p>\n\n\n\n<p>4.<strong>Almacenamiento extragrande<\/strong>: El dise\u00f1o de doble caj\u00f3n divide eficientemente las \u00e1reas de almacenamiento, mientras que el caj\u00f3n \u00fanico extragrande puede acomodar un volumen significativo de art\u00edculos, por lo que es ideal para almacenar art\u00edculos de mayor tama\u00f1o.<\/p>\n\n\n\n<p>\u200b<\/p>\n<\/div>\n\n\n\n<div class=\"wp-block-column is-layout-flow wp-block-column-is-layout-flow\"><div class=\"wp-block-image\">\n<figure class=\"aligncenter size-full\"><img decoding=\"async\" width=\"609\" height=\"609\" src=\"https:\/\/www.shouyasanitary.com\/wp-content\/uploads\/2025\/06\/bathroom-cabinet-with-aluminum-material.webp\" alt=\"mueble-ba\u00f1o-con-material-de-aluminio\" class=\"wp-image-1419\" style=\"object-fit:cover\" srcset=\"https:\/\/www.shouyasanitary.com\/wp-content\/uploads\/2025\/06\/bathroom-cabinet-with-aluminum-material.webp 609w, https:\/\/www.shouyasanitary.com\/wp-content\/uploads\/2025\/06\/bathroom-cabinet-with-aluminum-material-300x300.webp 300w, https:\/\/www.shouyasanitary.com\/wp-content\/uploads\/2025\/06\/bathroom-cabinet-with-aluminum-material-150x150.webp 150w, https:\/\/www.shouyasanitary.com\/wp-content\/uploads\/2025\/06\/bathroom-cabinet-with-aluminum-material-12x12.webp 12w, https:\/\/www.shouyasanitary.com\/wp-content\/uploads\/2025\/06\/bathroom-cabinet-with-aluminum-material-600x600.webp 600w, https:\/\/www.shouyasanitary.com\/wp-content\/uploads\/2025\/06\/bathroom-cabinet-with-aluminum-material-100x100.webp 100w\" sizes=\"(max-width: 609px) 100vw, 609px\" \/><\/figure>\n<\/div><\/div>\n<\/div>","protected":false},"excerpt":{"rendered":"<p>Tocador de ba\u00f1o al por mayor de f\u00e1brica, aspecto elegante con un armario con espejo, abundante espacio de almacenamiento, ideal para hoteles, hogares, etc. Suministro directo del fabricante Shouya, precios preferenciales al por mayor, y las opciones personalizadas son compatibles. Cont\u00e1ctenos ahora para una cotizaci\u00f3n.<\/p>\n<h2>Atributos del lavabo\uff1a<\/h2>\n<p><strong>Art\u00edculo No:<\/strong>NB9901-60G<strong><br \/>Material del armario:<\/strong> Aluminio<br \/><strong>Color del armario:<\/strong> Gris<br \/><strong>Espejo:<\/strong>\u00a0Espejo LED (3,5 mm \/ 3,8 mm), iluminaci\u00f3n tricolor, desempa\u00f1ado con un solo toque, protegido con embalaje de espuma multicapa<br \/><strong>Tipo de instalaci\u00f3n:<\/strong>\u00a0Montaje en pared<br \/><strong>Dimensiones (L \u00d7 A \u00d7 A):<\/strong> 60*47*49 cm<br \/><strong>Peso bruto:<\/strong> 30 kg\/set<\/p>\n<h2>Personalizaci\u00f3n y servicios:<\/h2>\n<p><strong>OEM Y ODM<\/strong>: Soporte<br \/><strong>Dise\u00f1o<\/strong>: Gratis<br \/><strong>Accesorios<\/strong>: Lavabos, espejos, grifos y otros accesorios de ba\u00f1o<br \/><strong>Embalaje<\/strong>: Listo para montar<\/p>","protected":false},"featured_media":1419,"comment_status":"closed","ping_status":"closed","template":"","meta":{"_acf_changed":false},"product_brand":[],"product_cat":[23],"product_tag":[],"class_list":{"0":"post-1418","1":"product","2":"type-product","3":"status-publish","4":"has-post-thumbnail","6":"product_cat-wholesale-aluminum-bathroom-vanity-cabinets","8":"first","9":"instock","10":"shipping-taxable","11":"product-type-simple"},"acf":[],"_links":{"self":[{"href":"https:\/\/www.shouyasanitary.com\/es\/wp-json\/wp\/v2\/product\/1418","targetHints":{"allow":["GET"]}}],"collection":[{"href":"https:\/\/www.shouyasanitary.com\/es\/wp-json\/wp\/v2\/product"}],"about":[{"href":"https:\/\/www.shouyasanitary.com\/es\/wp-json\/wp\/v2\/types\/product"}],"replies":[{"embeddable":true,"href":"https:\/\/www.shouyasanitary.com\/es\/wp-json\/wp\/v2\/comments?post=1418"}],"wp:featuredmedia":[{"embeddable":true,"href":"https:\/\/www.shouyasanitary.com\/es\/wp-json\/wp\/v2\/media\/1419"}],"wp:attachment":[{"href":"https:\/\/www.shouyasanitary.com\/es\/wp-json\/wp\/v2\/media?parent=1418"}],"wp:term":[{"taxonomy":"product_brand","embeddable":true,"href":"https:\/\/www.shouyasanitary.com\/es\/wp-json\/wp\/v2\/product_brand?post=1418"},{"taxonomy":"product_cat","embeddable":true,"href":"https:\/\/www.shouyasanitary.com\/es\/wp-json\/wp\/v2\/product_cat?post=1418"},{"taxonomy":"product_tag","embeddable":true,"href":"https:\/\/www.shouyasanitary.com\/es\/wp-json\/wp\/v2\/product_tag?post=1418"}],"curies":[{"name":"wp","href":"https:\/\/api.w.org\/{rel}","templated":true}]}}