{"id":1422,"date":"2025-07-04T02:20:44","date_gmt":"2025-07-04T02:20:44","guid":{"rendered":"https:\/\/www.shouyasanitary.com\/?post_type=product&#038;p=1422"},"modified":"2025-07-04T02:20:49","modified_gmt":"2025-07-04T02:20:49","slug":"wholesale-modern-bathroom-vanity","status":"publish","type":"product","link":"https:\/\/www.shouyasanitary.com\/es\/producto\/wholesale-modern-bathroom-vanity\/","title":{"rendered":"Mayorista Tocador de Ba\u00f1o Moderno, Mueble de Ba\u00f1o de Aluminio con Espejo Lavabo de Cer\u00e1mica"},"content":{"rendered":"<div class=\"wp-block-columns is-layout-flex wp-container-core-columns-is-layout-9d6595d7 wp-block-columns-is-layout-flex\">\n<div class=\"wp-block-column is-layout-flow wp-block-column-is-layout-flow\">\n<h2 class=\"wp-block-heading\">Caracter\u00edsticas del lavabo\uff1a<\/h2>\n\n\n\n<p><strong>Pr\u00e1ctico armario con espejo: <\/strong>Con un dise\u00f1o de doble puerta de cristal, el interior puede utilizarse para clasificar y almacenar los productos de higiene y cuidado diario de la piel.<br>Cuando las puertas del armario est\u00e1n cerradas, la superficie del espejo permanece despejada e intacta, manteniendo un espacio ordenado.<\/p>\n\n\n\n<p><strong>Armario principal multifuncional: <\/strong>Presenta una estructura de dos cajones con una elegante combinaci\u00f3n de colores grises. El caj\u00f3n grande tiene capacidad para toallas y art\u00edculos de aseo, mientras que los art\u00edculos peque\u00f1os se pueden organizar utilizando divisores. <\/p>\n\n\n\n<p><strong>Aspecto moderno: <\/strong>La combinaci\u00f3n de colores grises complementa varios estilos de interiorismo<br>El dise\u00f1o general se ajusta a la est\u00e9tica de las viviendas modernas<\/p>\n\n\n\n<p><strong>Filosof\u00eda del dise\u00f1o centrado en el ser humano: <\/strong>Armario con espejo de almacenamiento privado + armario principal de almacenamiento categorizado de doble dise\u00f1o. Cada detalle est\u00e1 optimizado para los escenarios de uso diario. Equilibrio entre comodidad de uso y est\u00e9tica visual.<\/p>\n\n\n\n<p><strong>Aumentar el valor del cuarto de ba\u00f1o: <\/strong>Resuelve el problema del desorden en los espacios de ba\u00f1o, creando un entorno libre de desorden. Un rinc\u00f3n curativo que combina forma y funci\u00f3n. Mejora fundamentalmente la calidad de vida en el hogar.<\/p>\n<\/div>\n\n\n\n<div class=\"wp-block-column is-layout-flow wp-block-column-is-layout-flow\"><div class=\"wp-block-image\">\n<figure class=\"aligncenter size-full\"><img decoding=\"async\" width=\"601\" height=\"601\" src=\"https:\/\/www.shouyasanitary.com\/wp-content\/uploads\/2025\/06\/bathroom-cabinet-with-ceramic-basin.webp\" alt=\"mueble de ba\u00f1o con lavabo de cer\u00e1mica\" class=\"wp-image-1423\" style=\"object-fit:cover\" srcset=\"https:\/\/www.shouyasanitary.com\/wp-content\/uploads\/2025\/06\/bathroom-cabinet-with-ceramic-basin.webp 601w, https:\/\/www.shouyasanitary.com\/wp-content\/uploads\/2025\/06\/bathroom-cabinet-with-ceramic-basin-300x300.webp 300w, https:\/\/www.shouyasanitary.com\/wp-content\/uploads\/2025\/06\/bathroom-cabinet-with-ceramic-basin-150x150.webp 150w, https:\/\/www.shouyasanitary.com\/wp-content\/uploads\/2025\/06\/bathroom-cabinet-with-ceramic-basin-12x12.webp 12w, https:\/\/www.shouyasanitary.com\/wp-content\/uploads\/2025\/06\/bathroom-cabinet-with-ceramic-basin-100x100.webp 100w\" sizes=\"(max-width: 601px) 100vw, 601px\" \/><\/figure>\n<\/div><\/div>\n<\/div>","protected":false},"excerpt":{"rendered":"<p>Bienvenido a la venta al por mayor moderno cuarto de ba\u00f1o vanidad gris oscuro, hecho de aluminio, con un gabinete de espejo LED, ideal para un cuarto de ba\u00f1o h\u00famedo. Suministro directo de f\u00e1brica, soporte OEM\/ODM, p\u00f3ngase en contacto con nosotros para consultas.\u00a0<\/p>\n<h2>Atributos del lavabo\uff1a<\/h2>\n<p><strong>Art\u00edculo No:<\/strong>NB9905-60G<strong><br \/>Material del armario:<\/strong> Aluminio<br \/><strong>Color del armario:<\/strong> Gris oscuro<br \/><strong>Espejo:<\/strong> Espejo LED (3,5 mm\/3,8 mm), iluminaci\u00f3n tricolor, desempa\u00f1ado con un solo toque, protegido con embalaje de espuma multicapa<br \/><strong>Tipo de instalaci\u00f3n:<\/strong>\u00a0Montaje en pared<br \/><strong>Dimensiones (L\u00d7A\u00d7H):<\/strong> 60*47*49 cm<br \/><strong>Peso bruto:<\/strong> 30 kg\/set<\/p>\n<h2>Personalizaci\u00f3n y servicios:<\/h2>\n<p><strong>OEM Y ODM<\/strong>: Soporte<br \/><strong>Dise\u00f1o<\/strong>: Gratis<br \/><strong>Accesorios<\/strong>: Lavabos, espejos, grifos y otros accesorios de ba\u00f1o<br \/><strong>Embalaje<\/strong>: Listo para montar<\/p>","protected":false},"featured_media":1423,"comment_status":"closed","ping_status":"closed","template":"","meta":{"_acf_changed":false},"product_brand":[],"product_cat":[23],"product_tag":[],"class_list":{"0":"post-1422","1":"product","2":"type-product","3":"status-publish","4":"has-post-thumbnail","6":"product_cat-wholesale-aluminum-bathroom-vanity-cabinets","8":"first","9":"instock","10":"shipping-taxable","11":"product-type-simple"},"acf":[],"_links":{"self":[{"href":"https:\/\/www.shouyasanitary.com\/es\/wp-json\/wp\/v2\/product\/1422","targetHints":{"allow":["GET"]}}],"collection":[{"href":"https:\/\/www.shouyasanitary.com\/es\/wp-json\/wp\/v2\/product"}],"about":[{"href":"https:\/\/www.shouyasanitary.com\/es\/wp-json\/wp\/v2\/types\/product"}],"replies":[{"embeddable":true,"href":"https:\/\/www.shouyasanitary.com\/es\/wp-json\/wp\/v2\/comments?post=1422"}],"wp:featuredmedia":[{"embeddable":true,"href":"https:\/\/www.shouyasanitary.com\/es\/wp-json\/wp\/v2\/media\/1423"}],"wp:attachment":[{"href":"https:\/\/www.shouyasanitary.com\/es\/wp-json\/wp\/v2\/media?parent=1422"}],"wp:term":[{"taxonomy":"product_brand","embeddable":true,"href":"https:\/\/www.shouyasanitary.com\/es\/wp-json\/wp\/v2\/product_brand?post=1422"},{"taxonomy":"product_cat","embeddable":true,"href":"https:\/\/www.shouyasanitary.com\/es\/wp-json\/wp\/v2\/product_cat?post=1422"},{"taxonomy":"product_tag","embeddable":true,"href":"https:\/\/www.shouyasanitary.com\/es\/wp-json\/wp\/v2\/product_tag?post=1422"}],"curies":[{"name":"wp","href":"https:\/\/api.w.org\/{rel}","templated":true}]}}