{"id":1426,"date":"2025-07-04T02:18:56","date_gmt":"2025-07-04T02:18:56","guid":{"rendered":"https:\/\/www.shouyasanitary.com\/?post_type=product&#038;p=1426"},"modified":"2025-07-04T02:19:01","modified_gmt":"2025-07-04T02:19:01","slug":"custom-bathroom-cabinet-set","status":"publish","type":"product","link":"https:\/\/www.shouyasanitary.com\/es\/producto\/custom-bathroom-cabinet-set\/","title":{"rendered":"Conjunto de mueble de ba\u00f1o a medida, tocador de ba\u00f1o flotante de aluminio con espejo a granel"},"content":{"rendered":"<div class=\"wp-block-columns is-layout-flex wp-container-core-columns-is-layout-9d6595d7 wp-block-columns-is-layout-flex\">\n<div class=\"wp-block-column is-layout-flow wp-block-column-is-layout-flow\">\n<h2 class=\"wp-block-heading\">Set de armario de ba\u00f1o Caracter\u00edsticas\uff1a<\/h2>\n\n\n\n<p><strong>aluminio de alta calidad:<\/strong> Tiene excelentes propiedades impermeables y a prueba de humedad. No se oxida ni se deforma ni siquiera en un cuarto de ba\u00f1o h\u00famedo, por lo que es estable y duradero. El material es ligero, f\u00e1cil de instalar y respetuoso con el medio ambiente. No desprende olores ni sustancias nocivas, lo que garantiza la salubridad del hogar. <\/p>\n\n\n\n<p><strong>Aspecto moderno<\/strong>: La estrecha anchura de 60 cm es adecuada para diversos espacios de ba\u00f1o. El tono gris claro es sencillo y elegante, y puede integrarse en varios estilos de decoraci\u00f3n, como el estilo crema y el estilo moderno. Las l\u00edneas del borde del armario con espejo son n\u00edtidas, y el aro de luz blanca perfila una forma refinada. Combinado con el grifo negro, forma un contraste de color, creando un ambiente refrescante y ordenado.<\/p>\n\n\n\n<p><strong>Amplio espacio de almacenamiento<\/strong>: El armario con espejo est\u00e1 dividido en capas, lo que permite guardar art\u00edculos peque\u00f1os, como productos para el cuidado de la piel y cepillos de dientes, y facilita el acceso. El armario principal tiene un dise\u00f1o de doble puerta, con una gran capacidad que puede almacenar ordenadamente toallas y productos de ba\u00f1o, y la divisi\u00f3n razonable permite colocar los art\u00edculos en orden, eliminando el desorden.<\/p>\n\n\n\n<p><strong>Lavabo de cer\u00e1mica integrado<\/strong>Superficie lisa y delicada, resistente a altas temperaturas y a las manchas, f\u00e1cil de limpiar, que mejora el confort general y la belleza del espacio.<\/p>\n\n\n\n<p><strong>Estructura mural<\/strong>: El dise\u00f1o suspendido ahorra espacio, es f\u00e1cil de limpiar y tiene una visi\u00f3n m\u00e1s transparente. Es una opci\u00f3n ideal para la decoraci\u00f3n de cuartos de ba\u00f1o modernos y la adquisici\u00f3n de proyectos.<\/p>\n\n\n\n<p><strong>Soporte OEM\/ODM<\/strong>: Soporte OEM \/ ODM servicios tales como LOGO, color, tama\u00f1o y especificaci\u00f3n de personalizaci\u00f3n. Suministro directo de f\u00e1brica, precio m\u00e1s ventajoso, suministro estable, opci\u00f3n ideal para proyectos de ingenier\u00eda y compras al por mayor.<\/p>\n<\/div>\n\n\n\n<div class=\"wp-block-column is-layout-flow wp-block-column-is-layout-flow\"><div class=\"wp-block-image\">\n<figure class=\"aligncenter size-full\"><img decoding=\"async\" width=\"700\" height=\"700\" src=\"https:\/\/www.shouyasanitary.com\/wp-content\/uploads\/2025\/06\/bathroom-cabinet-with-LED-mirrorr-cabinet.webp\" alt=\"armario-ba\u00f1o-con-espejo-LED\" class=\"wp-image-1427\" style=\"object-fit:cover\" srcset=\"https:\/\/www.shouyasanitary.com\/wp-content\/uploads\/2025\/06\/bathroom-cabinet-with-LED-mirrorr-cabinet.webp 700w, https:\/\/www.shouyasanitary.com\/wp-content\/uploads\/2025\/06\/bathroom-cabinet-with-LED-mirrorr-cabinet-300x300.webp 300w, https:\/\/www.shouyasanitary.com\/wp-content\/uploads\/2025\/06\/bathroom-cabinet-with-LED-mirrorr-cabinet-150x150.webp 150w, https:\/\/www.shouyasanitary.com\/wp-content\/uploads\/2025\/06\/bathroom-cabinet-with-LED-mirrorr-cabinet-12x12.webp 12w, https:\/\/www.shouyasanitary.com\/wp-content\/uploads\/2025\/06\/bathroom-cabinet-with-LED-mirrorr-cabinet-600x600.webp 600w, https:\/\/www.shouyasanitary.com\/wp-content\/uploads\/2025\/06\/bathroom-cabinet-with-LED-mirrorr-cabinet-100x100.webp 100w\" sizes=\"(max-width: 700px) 100vw, 700px\" \/><\/figure>\n<\/div><\/div>\n<\/div>","protected":false},"excerpt":{"rendered":"<p>Conjunto de mueble de ba\u00f1o a medida con una elegante estructura montada en la pared de l\u00edneas suaves. Equipado con un armario con espejo iluminado, grifo, lavabo de cer\u00e1mica, etc., para crear una soluci\u00f3n de ba\u00f1o moderna. Admite OEM\/ODM, p\u00f3ngase en contacto con nosotros para obtener soluciones personalizadas y presupuestos al por mayor.<\/p>\n<h2>Conjunto de armario de ba\u00f1o Atributos\uff1a<\/h2>\n<p><strong>Art\u00edculo No:<\/strong>J1006-60<strong><br \/>Material del armario:<\/strong> Aluminio<br \/><strong>Color del armario:<\/strong> Blanco<br \/><strong>Espejo:<\/strong> Espejo LED (3,5 mm\/3,8 mm), iluminaci\u00f3n tricolor, desempa\u00f1ado con un solo toque, protegido con embalaje de espuma multicapa<br \/><strong>Tipo de instalaci\u00f3n:<\/strong>\u00a0Montaje en pared<br \/><strong>Dimensiones (L\u00d7A\u00d7H):<\/strong> 60*47*42 cm<br \/><strong>Peso bruto:<\/strong> 28kg\/set<\/p>\n<h2>Personalizaci\u00f3n y servicios:<\/h2>\n<p><strong>OEM Y ODM<\/strong>: Soporte<br \/><strong>Dise\u00f1o<\/strong>: Gratis<br \/><strong>Accesorios<\/strong>: Lavabos, espejos, grifos y otros accesorios de ba\u00f1o<br \/><strong>Embalaje<\/strong>: Listo para montar<\/p>","protected":false},"featured_media":1427,"comment_status":"closed","ping_status":"closed","template":"","meta":{"_acf_changed":true},"product_brand":[],"product_cat":[23],"product_tag":[],"class_list":{"0":"post-1426","1":"product","2":"type-product","3":"status-publish","4":"has-post-thumbnail","6":"product_cat-wholesale-aluminum-bathroom-vanity-cabinets","8":"first","9":"instock","10":"shipping-taxable","11":"product-type-simple"},"acf":[],"_links":{"self":[{"href":"https:\/\/www.shouyasanitary.com\/es\/wp-json\/wp\/v2\/product\/1426","targetHints":{"allow":["GET"]}}],"collection":[{"href":"https:\/\/www.shouyasanitary.com\/es\/wp-json\/wp\/v2\/product"}],"about":[{"href":"https:\/\/www.shouyasanitary.com\/es\/wp-json\/wp\/v2\/types\/product"}],"replies":[{"embeddable":true,"href":"https:\/\/www.shouyasanitary.com\/es\/wp-json\/wp\/v2\/comments?post=1426"}],"wp:featuredmedia":[{"embeddable":true,"href":"https:\/\/www.shouyasanitary.com\/es\/wp-json\/wp\/v2\/media\/1427"}],"wp:attachment":[{"href":"https:\/\/www.shouyasanitary.com\/es\/wp-json\/wp\/v2\/media?parent=1426"}],"wp:term":[{"taxonomy":"product_brand","embeddable":true,"href":"https:\/\/www.shouyasanitary.com\/es\/wp-json\/wp\/v2\/product_brand?post=1426"},{"taxonomy":"product_cat","embeddable":true,"href":"https:\/\/www.shouyasanitary.com\/es\/wp-json\/wp\/v2\/product_cat?post=1426"},{"taxonomy":"product_tag","embeddable":true,"href":"https:\/\/www.shouyasanitary.com\/es\/wp-json\/wp\/v2\/product_tag?post=1426"}],"curies":[{"name":"wp","href":"https:\/\/api.w.org\/{rel}","templated":true}]}}