{"id":1430,"date":"2025-07-04T02:28:20","date_gmt":"2025-07-04T02:28:20","guid":{"rendered":"https:\/\/www.shouyasanitary.com\/?post_type=product&#038;p=1430"},"modified":"2025-10-28T07:19:22","modified_gmt":"2025-10-28T07:19:22","slug":"wholesale-cabinet-bathroom","status":"publish","type":"product","link":"https:\/\/www.shouyasanitary.com\/es\/producto\/wholesale-cabinet-bathroom\/","title":{"rendered":"Mayorista Ba\u00f1o Gabinete,Blanco Moderno Ba\u00f1o Vanidad Sanitaria Fabricante"},"content":{"rendered":"<div class=\"wp-block-columns is-layout-flex wp-container-core-columns-is-layout-9d6595d7 wp-block-columns-is-layout-flex\">\n<div class=\"wp-block-column is-layout-flow wp-block-column-is-layout-flow\">\n<h2 class=\"wp-block-heading\">Caracter\u00edsticas del cuarto de ba\u00f1o\uff1a<\/h2>\n\n\n\n<p><strong>Aluminio de alta calidad:<\/strong> Tiene excelentes propiedades impermeables y antihumedad. Es duradero y no se oxida ni se deforma ni siquiera en un cuarto de ba\u00f1o h\u00famedo. El material es ligero pero muy resistente, lo que facilita su instalaci\u00f3n y uso diario. <\/p>\n\n\n\n<p><strong>Apariencia de moda<\/strong>:  Tiene un aspecto sencillo y a la moda. El tama\u00f1o de 80 cm es adecuado para la mayor\u00eda de los espacios de ba\u00f1o. El cuerpo del armario de color claro se empareja con un armario de espejo con luces, creando un ambiente refrescante y ordenado. <\/p>\n\n\n\n<p><strong>Armario con espejo moderno<\/strong>: tiene l\u00edneas suaves, y las tiras de luz LED realzan el ambiente y la practicidad. <\/p>\n\n\n\n<p><strong>Exquisita grifer\u00eda a juego<\/strong>\uff1a El grifo negro a\u00f1ade contraste visual, lo que hace que el ba\u00f1o sea bonito y moderno a la vez, y se integra f\u00e1cilmente en varios estilos de decoraci\u00f3n.<\/p>\n\n\n\n<p><strong>Funci\u00f3n de almacenamiento<\/strong>: El armario con espejo y el armario inferior tienen dos zonas de almacenamiento. El armario con espejo dispone de almacenamiento en capas para productos de cuidado de la piel y art\u00edculos de aseo, con compartimentos laterales transparentes para facilitar el acceso a los art\u00edculos de uso frecuente. El armario inferior tiene puertas dobles de gran capacidad, que permiten guardar toallas y art\u00edculos de limpieza de forma clasificada.<\/p>\n\n\n\n<p><strong>Lavabo de cer\u00e1mica integrado: <\/strong>El cuerpo del lavabo tiene bordes redondeados, esmalte liso, resistente a los ara\u00f1azos y f\u00e1cil de limpiar.<\/p>\n\n\n\n<p><strong>Soporte OEM\/ODM: <\/strong>El color, el tama\u00f1o, el estilo del armario con espejo, la funci\u00f3n de iluminaci\u00f3n, etc., se pueden personalizar seg\u00fan las necesidades del cliente para satisfacer las necesidades de diferentes proyectos de ingenier\u00eda.<\/p>\n<\/div>\n\n\n\n<div class=\"wp-block-column is-layout-flow wp-block-column-is-layout-flow\"><div class=\"wp-block-image\">\n<figure class=\"aligncenter size-full\"><img decoding=\"async\" width=\"700\" height=\"700\" src=\"https:\/\/www.shouyasanitary.com\/wp-content\/uploads\/2025\/06\/bathroom-cabinet-with-LED-mirrorr-cabinet_1.webp\" alt=\"armario-ba\u00f1o-con-espejo-LED\" class=\"wp-image-1431\" style=\"object-fit:cover\" srcset=\"https:\/\/www.shouyasanitary.com\/wp-content\/uploads\/2025\/06\/bathroom-cabinet-with-LED-mirrorr-cabinet_1.webp 700w, https:\/\/www.shouyasanitary.com\/wp-content\/uploads\/2025\/06\/bathroom-cabinet-with-LED-mirrorr-cabinet_1-300x300.webp 300w, https:\/\/www.shouyasanitary.com\/wp-content\/uploads\/2025\/06\/bathroom-cabinet-with-LED-mirrorr-cabinet_1-150x150.webp 150w, https:\/\/www.shouyasanitary.com\/wp-content\/uploads\/2025\/06\/bathroom-cabinet-with-LED-mirrorr-cabinet_1-12x12.webp 12w, https:\/\/www.shouyasanitary.com\/wp-content\/uploads\/2025\/06\/bathroom-cabinet-with-LED-mirrorr-cabinet_1-600x600.webp 600w, https:\/\/www.shouyasanitary.com\/wp-content\/uploads\/2025\/06\/bathroom-cabinet-with-LED-mirrorr-cabinet_1-100x100.webp 100w\" sizes=\"(max-width: 700px) 100vw, 700px\" \/><\/figure>\n<\/div><\/div>\n<\/div>\n\n\n\n<p><\/p>","protected":false},"excerpt":{"rendered":"<p>Venta al por mayor ba\u00f1o gabinete cuenta con aluminio de alta calidad, con un aspecto elegante, emparejado con grifos, armarios con espejo y lavabos de cer\u00e1mica, creando una soluci\u00f3n elegante cuarto de ba\u00f1o. \u00a1Shouya f\u00e1brica al por mayor, personalizaci\u00f3n de apoyo, p\u00f3ngase en contacto con nosotros para obtener m\u00e1s informaci\u00f3n!<\/p>\n<h2>Gabinete Ba\u00f1o Atributos\uff1a<\/h2>\n<p><strong>Art\u00edculo No: <\/strong>J1002-80<strong><br \/>Material del armario:<\/strong> Aluminio<br \/><strong>Color del armario:<\/strong> Blanco<br \/><strong>Espejo:<\/strong> Espejo LED (3,5 mm\/3,8 mm), iluminaci\u00f3n tricolor, desempa\u00f1ado con un solo toque, protegido con embalaje de espuma multicapa<br \/><strong>Tipo de instalaci\u00f3n:<\/strong>\u00a0Montaje en pared<br \/><strong>Dimensiones (L\u00d7A\u00d7H):<\/strong> 80x47x45 cm<br \/><strong>Peso bruto:<\/strong> 30 kg\/set<\/p>\n<h2>Personalizaci\u00f3n y servicios:<\/h2>\n<p><strong>OEM Y ODM<\/strong>: Soporte<br \/><strong>Dise\u00f1o<\/strong>: Gratis<br \/><strong>Accesorios<\/strong>: Lavabos, espejos, grifos y otros accesorios de ba\u00f1o<br \/><strong>Embalaje<\/strong>: Listo para montar<\/p>","protected":false},"featured_media":1431,"comment_status":"closed","ping_status":"closed","template":"","meta":{"_acf_changed":false},"product_brand":[],"product_cat":[23],"product_tag":[],"class_list":{"0":"post-1430","1":"product","2":"type-product","3":"status-publish","4":"has-post-thumbnail","6":"product_cat-wholesale-aluminum-bathroom-vanity-cabinets","8":"first","9":"instock","10":"shipping-taxable","11":"product-type-simple"},"acf":[],"_links":{"self":[{"href":"https:\/\/www.shouyasanitary.com\/es\/wp-json\/wp\/v2\/product\/1430","targetHints":{"allow":["GET"]}}],"collection":[{"href":"https:\/\/www.shouyasanitary.com\/es\/wp-json\/wp\/v2\/product"}],"about":[{"href":"https:\/\/www.shouyasanitary.com\/es\/wp-json\/wp\/v2\/types\/product"}],"replies":[{"embeddable":true,"href":"https:\/\/www.shouyasanitary.com\/es\/wp-json\/wp\/v2\/comments?post=1430"}],"wp:featuredmedia":[{"embeddable":true,"href":"https:\/\/www.shouyasanitary.com\/es\/wp-json\/wp\/v2\/media\/1431"}],"wp:attachment":[{"href":"https:\/\/www.shouyasanitary.com\/es\/wp-json\/wp\/v2\/media?parent=1430"}],"wp:term":[{"taxonomy":"product_brand","embeddable":true,"href":"https:\/\/www.shouyasanitary.com\/es\/wp-json\/wp\/v2\/product_brand?post=1430"},{"taxonomy":"product_cat","embeddable":true,"href":"https:\/\/www.shouyasanitary.com\/es\/wp-json\/wp\/v2\/product_cat?post=1430"},{"taxonomy":"product_tag","embeddable":true,"href":"https:\/\/www.shouyasanitary.com\/es\/wp-json\/wp\/v2\/product_tag?post=1430"}],"curies":[{"name":"wp","href":"https:\/\/api.w.org\/{rel}","templated":true}]}}