{"id":1469,"date":"2025-07-04T03:32:12","date_gmt":"2025-07-04T03:32:12","guid":{"rendered":"https:\/\/www.shouyasanitary.com\/?post_type=product&#038;p=1469"},"modified":"2025-07-04T03:32:17","modified_gmt":"2025-07-04T03:32:17","slug":"wholesale-bathroom-cabinet","status":"publish","type":"product","link":"https:\/\/www.shouyasanitary.com\/es\/producto\/wholesale-bathroom-cabinet\/","title":{"rendered":"Mayorista Armario de Ba\u00f1o Marron, SPC Vanity Bathroo Moderno para Hotel Personalizado"},"content":{"rendered":"<div class=\"wp-block-columns is-layout-flex wp-container-core-columns-is-layout-9d6595d7 wp-block-columns-is-layout-flex\">\n<div class=\"wp-block-column is-layout-flow wp-block-column-is-layout-flow\">\n<h2 class=\"wp-block-heading\">Caracter\u00edsticas de los armarios de ba\u00f1o\uff1a<\/h2>\n\n\n\n<p><strong>Dise\u00f1o moderno y minimalista<\/strong>: la combinaci\u00f3n de la c\u00e1lida textura de las vetas de la madera y las l\u00edneas limpias del dise\u00f1o minimalista moderno, presenta una est\u00e9tica de ba\u00f1o de alta gama, tranquila y pulcra, adecuada para una gran variedad de estilos decorativos de hogares y hoteles.<\/p>\n\n\n\n<p><strong>Material SPC de alta calidad:<\/strong> material SPC respetuoso con el medio ambiente, con impermeable, a prueba de humedad, resistente al desgaste rendimiento, el uso a largo plazo no es f\u00e1cil de deformar, es ideal para cuarto de ba\u00f1o h\u00famedo medio ambiente.<\/p>\n\n\n\n<p><strong>Sistema de almacenamiento eficiente<\/strong>: El armario con espejo superior est\u00e1 equipado con compartimentos de almacenamiento dobles abiertos, perfectos para colocar los art\u00edculos de aseo y adornos de uso frecuente, mientras que el armario principal inferior adopta un dise\u00f1o de doble puerta, proporcionando suficiente espacio de almacenamiento oculto y manteniendo ordenada la encimera.<\/p>\n\n\n\n<p><strong>Configuraci\u00f3n pr\u00e1ctica de los espejos<\/strong>Espejo de gran tama\u00f1o, claro y luminoso para satisfacer las necesidades de aseo diario, maquillaje y otras necesidades, teniendo en cuenta la est\u00e9tica y la funcionalidad, para mejorar la experiencia general del usuario.<\/p>\n\n\n\n<p><strong>Est\u00e9tica de contraste de colores en blanco y negro<\/strong>Lavabo cl\u00e1sico de cer\u00e1mica blanca con grifo negro mate, formando una fuerte jerarqu\u00eda visual, mostrando un estilo a la moda y un rendimiento estable del agua.<\/p>\n\n\n\n<p><strong>Dise\u00f1o de instalaci\u00f3n mural<\/strong>: la instalaci\u00f3n colgante ahorra espacio en el suelo, facilita la limpieza y aumenta la transparencia visual del cuarto de ba\u00f1o, especialmente adecuado para apartamentos modernos, hoteles y proyectos de ingenier\u00eda.<\/p>\n\n\n\n<p><strong>Suministro directo de f\u00e1brica<\/strong>Soporte de personalizaci\u00f3n a granel y servicio OEM, suministro directo de f\u00e1brica, precio m\u00e1s competitivo, es la elecci\u00f3n ideal de armarios de ba\u00f1o para distribuidores, empresas de decoraci\u00f3n y proyectos de ingenier\u00eda.<\/p>\n<\/div>\n\n\n\n<div class=\"wp-block-column is-layout-flow wp-block-column-is-layout-flow\"><div class=\"wp-block-image\">\n<figure class=\"aligncenter size-full\"><img decoding=\"async\" width=\"700\" height=\"700\" src=\"https:\/\/www.shouyasanitary.com\/wp-content\/uploads\/2025\/06\/wholesale-bathroom-cabinet.webp\" alt=\"mayorista-armario-de-ba\u00f1o.\" class=\"wp-image-1470\" style=\"object-fit:cover\" srcset=\"https:\/\/www.shouyasanitary.com\/wp-content\/uploads\/2025\/06\/wholesale-bathroom-cabinet.webp 700w, https:\/\/www.shouyasanitary.com\/wp-content\/uploads\/2025\/06\/wholesale-bathroom-cabinet-300x300.webp 300w, https:\/\/www.shouyasanitary.com\/wp-content\/uploads\/2025\/06\/wholesale-bathroom-cabinet-150x150.webp 150w, https:\/\/www.shouyasanitary.com\/wp-content\/uploads\/2025\/06\/wholesale-bathroom-cabinet-12x12.webp 12w, https:\/\/www.shouyasanitary.com\/wp-content\/uploads\/2025\/06\/wholesale-bathroom-cabinet-600x600.webp 600w, https:\/\/www.shouyasanitary.com\/wp-content\/uploads\/2025\/06\/wholesale-bathroom-cabinet-100x100.webp 100w\" sizes=\"(max-width: 700px) 100vw, 700px\" \/><\/figure>\n<\/div><\/div>\n<\/div>","protected":false},"excerpt":{"rendered":"<p>Mueble de ba\u00f1o al por mayor. Material ecol\u00f3gico SPC, color marr\u00f3n \u00fanico, con lavabo de cer\u00e1mica y grifo negro, ideal para un moderno cuarto de ba\u00f1o del hotel. Suministro directo de f\u00e1brica, servicio OEM de apoyo, p\u00f3ngase en contacto con nosotros para una soluci\u00f3n personalizada y un presupuesto.<\/p>\n<h2>Armario para ba\u00f1o Atributos\uff1a<\/h2>\n<p><strong>Art\u00edculo No:<\/strong>A003-60<strong><br \/>Material del armario: <\/strong>Material SPC<br \/><strong>Color del armario: <\/strong>Marr\u00f3n<br \/><strong>Espejo:<\/strong> Espejo LED (3,5 mm\/3,8 mm), iluminaci\u00f3n tricolor, desempa\u00f1ado con un solo toque, protegido con embalaje de espuma multicapa<br \/><strong>Tipo de instalaci\u00f3n:<\/strong>\u00a0Montaje en pared<br \/><strong>Dimensiones (L\u00d7A\u00d7H):<\/strong> 60*47*42 cm<br \/><strong>Peso bruto:<\/strong> 27 kg\/set<\/p>\n<h2>Personalizaci\u00f3n y servicios:<\/h2>\n<p><strong>OEM Y ODM<\/strong>: Soporte<br \/><strong>Dise\u00f1o<\/strong>: Gratis<br \/><strong>Accesorios<\/strong>: Lavabos, espejos, grifos y otros accesorios de ba\u00f1o<br \/><strong>Embalaje<\/strong>: Listo para montar<\/p>","protected":false},"featured_media":1470,"comment_status":"closed","ping_status":"closed","template":"","meta":{"_acf_changed":false},"product_brand":[],"product_cat":[29],"product_tag":[],"class_list":{"0":"post-1469","1":"product","2":"type-product","3":"status-publish","4":"has-post-thumbnail","6":"product_cat-wholesale-spc-bathroom-vanity-cabinets","8":"first","9":"instock","10":"shipping-taxable","11":"product-type-simple"},"acf":[],"_links":{"self":[{"href":"https:\/\/www.shouyasanitary.com\/es\/wp-json\/wp\/v2\/product\/1469","targetHints":{"allow":["GET"]}}],"collection":[{"href":"https:\/\/www.shouyasanitary.com\/es\/wp-json\/wp\/v2\/product"}],"about":[{"href":"https:\/\/www.shouyasanitary.com\/es\/wp-json\/wp\/v2\/types\/product"}],"replies":[{"embeddable":true,"href":"https:\/\/www.shouyasanitary.com\/es\/wp-json\/wp\/v2\/comments?post=1469"}],"wp:featuredmedia":[{"embeddable":true,"href":"https:\/\/www.shouyasanitary.com\/es\/wp-json\/wp\/v2\/media\/1470"}],"wp:attachment":[{"href":"https:\/\/www.shouyasanitary.com\/es\/wp-json\/wp\/v2\/media?parent=1469"}],"wp:term":[{"taxonomy":"product_brand","embeddable":true,"href":"https:\/\/www.shouyasanitary.com\/es\/wp-json\/wp\/v2\/product_brand?post=1469"},{"taxonomy":"product_cat","embeddable":true,"href":"https:\/\/www.shouyasanitary.com\/es\/wp-json\/wp\/v2\/product_cat?post=1469"},{"taxonomy":"product_tag","embeddable":true,"href":"https:\/\/www.shouyasanitary.com\/es\/wp-json\/wp\/v2\/product_tag?post=1469"}],"curies":[{"name":"wp","href":"https:\/\/api.w.org\/{rel}","templated":true}]}}