{"id":1491,"date":"2025-07-18T11:22:35","date_gmt":"2025-07-18T11:22:35","guid":{"rendered":"https:\/\/www.shouyasanitary.com\/?post_type=product&#038;p=1491"},"modified":"2025-07-19T09:30:22","modified_gmt":"2025-07-19T09:30:22","slug":"factory-wholesale-bathroom-cabinet","status":"publish","type":"product","link":"https:\/\/www.shouyasanitary.com\/es\/producto\/factory-wholesale-bathroom-cabinet\/","title":{"rendered":"Venta al por mayor de la f\u00e1brica del gabinete del cuarto de ba\u00f1o, vanidad durable del cuarto de ba\u00f1o del fregadero para el hotel a granel"},"content":{"rendered":"<div class=\"wp-block-columns is-layout-flex wp-container-core-columns-is-layout-9d6595d7 wp-block-columns-is-layout-flex\">\n<div class=\"wp-block-column is-layout-flow wp-block-column-is-layout-flow\">\n<h2 class=\"wp-block-heading\">Caracter\u00edsticas de los armarios de ba\u00f1o\uff1a<\/h2>\n\n\n\n<p><strong>Combinaci\u00f3n de colores sencilla: <\/strong>El mueble principal se ha elegido en negro cl\u00e1sico, que es firme e intr\u00ednsecamente discreto, formando un marcado contraste de color con el lavabo blanco y el espejo ovalado, creando una tensi\u00f3n de moda e inyectando un toque de lujo ligero al espacio general. Se adapta a varios estilos de decoraci\u00f3n de cuartos de ba\u00f1o modernos.<\/p>\n\n\n\n<p><strong>Material de PVC duradero<\/strong>: El material del n\u00facleo del mueble principal es PVC, que es impermeable, a prueba de humedad y f\u00e1cil de limpiar, adapt\u00e1ndose perfectamente al ambiente h\u00famedo del cuarto de ba\u00f1o. <\/p>\n\n\n\n<p><strong>Dise\u00f1o de espejo el\u00edptico:<\/strong>\u00a0El espejo adopta una forma ovalada, presenta l\u00edneas suaves y lisas para suavizar la dureza del espacio. Durante el uso diario, la imagen clara satisface las necesidades de lavarse, vestirse, etc. Cuando se instala en una pared con textura de m\u00e1rmol, el espejo alarga inteligentemente la altura espacial desde una dimensi\u00f3n visual, realzando la apertura del cuarto de ba\u00f1o, haci\u00e9ndose eco del brillo del material.<\/p>\n\n\n\n<p><strong>El mueble negro presenta l\u00edneas elegantes: <\/strong>El exclusivo dise\u00f1o de rayas verticales en la superficie del mueble no s\u00f3lo enriquece la jerarqu\u00eda visual, dotando a la sencilla forma de una delicada textura, sino que tambi\u00e9n esconde un ingenio pr\u00e1ctico.<\/p>\n\n\n\n<p><strong>Entrega garantizada<\/strong>: Con una capacidad de producci\u00f3n estable y l\u00edneas de producci\u00f3n profesionales, podemos entregar r\u00e1pidamente de acuerdo con el calendario del proyecto, cumplir con los requisitos del per\u00edodo de construcci\u00f3n, y apoyar los env\u00edos de apoyo de ventanilla \u00fanica.<\/p>\n<\/div>\n\n\n\n<div class=\"wp-block-column is-layout-flow wp-block-column-is-layout-flow\"><div class=\"wp-block-image\">\n<figure class=\"aligncenter size-full\"><img decoding=\"async\" width=\"700\" height=\"700\" src=\"https:\/\/www.shouyasanitary.com\/wp-content\/uploads\/2025\/07\/Custom-Solutions-With-Black-Cabinet.webp\" alt=\"\" class=\"wp-image-1492\" style=\"object-fit:cover\" srcset=\"https:\/\/www.shouyasanitary.com\/wp-content\/uploads\/2025\/07\/Custom-Solutions-With-Black-Cabinet.webp 700w, https:\/\/www.shouyasanitary.com\/wp-content\/uploads\/2025\/07\/Custom-Solutions-With-Black-Cabinet-300x300.webp 300w, https:\/\/www.shouyasanitary.com\/wp-content\/uploads\/2025\/07\/Custom-Solutions-With-Black-Cabinet-150x150.webp 150w, https:\/\/www.shouyasanitary.com\/wp-content\/uploads\/2025\/07\/Custom-Solutions-With-Black-Cabinet-12x12.webp 12w, https:\/\/www.shouyasanitary.com\/wp-content\/uploads\/2025\/07\/Custom-Solutions-With-Black-Cabinet-600x600.webp 600w, https:\/\/www.shouyasanitary.com\/wp-content\/uploads\/2025\/07\/Custom-Solutions-With-Black-Cabinet-100x100.webp 100w\" sizes=\"(max-width: 700px) 100vw, 700px\" \/><\/figure>\n<\/div><\/div>\n<\/div>","protected":false},"excerpt":{"rendered":"<p>F\u00e1brica al por mayor gabinete de ba\u00f1o, hecho de material de PVC, LED espejo gabinete con decoraci\u00f3n de patr\u00f3n de monta\u00f1a, elegante y hermosa. Suministro de f\u00e1brica, apoyar la personalizaci\u00f3n a granel y entrega garantizada. P\u00f3ngase en contacto con nosotros para una cita y cat\u00e1logo de productos.<\/p>\n<h2>Atributos del tocador de ba\u00f1o de PVC\uff1a<\/h2>\n<p><strong>Art\u00edculo No:<\/strong>LD-5083-140BD<strong><br \/>Material del armario:<\/strong> PVC<br \/><strong>Color del armario:<\/strong> Negro<br \/><strong>Espejo:<\/strong> Espejo LED (3,5 mm\/3,8 mm), iluminaci\u00f3n tricolor, desempa\u00f1ado con un solo toque, protegido con embalaje de espuma multicapa<br \/><strong>Tipo de instalaci\u00f3n:<\/strong> De pie<br \/><strong>Dimensiones (L\u00d7A\u00d7H):<\/strong> 140*50*55cm<br \/><strong>Peso bruto:<\/strong> 42kg\/set<\/p>\n<h2>Personalizaci\u00f3n y servicios:<\/h2>\n<p><strong>OEM Y ODM<\/strong>: Soporte<br \/><strong>Dise\u00f1o<\/strong>: Gratis<br \/><strong>Accesorios<\/strong>: Lavabos, espejos, grifos y otros accesorios de ba\u00f1o<br \/><strong>Embalaje<\/strong>: Listo para montar<\/p>","protected":false},"featured_media":1492,"comment_status":"closed","ping_status":"closed","template":"","meta":{"_acf_changed":false},"product_brand":[],"product_cat":[24],"product_tag":[],"class_list":{"0":"post-1491","1":"product","2":"type-product","3":"status-publish","4":"has-post-thumbnail","6":"product_cat-wholesale-pvc-bathroom-vanity-cabinets","8":"first","9":"instock","10":"shipping-taxable","11":"product-type-simple"},"acf":[],"_links":{"self":[{"href":"https:\/\/www.shouyasanitary.com\/es\/wp-json\/wp\/v2\/product\/1491","targetHints":{"allow":["GET"]}}],"collection":[{"href":"https:\/\/www.shouyasanitary.com\/es\/wp-json\/wp\/v2\/product"}],"about":[{"href":"https:\/\/www.shouyasanitary.com\/es\/wp-json\/wp\/v2\/types\/product"}],"replies":[{"embeddable":true,"href":"https:\/\/www.shouyasanitary.com\/es\/wp-json\/wp\/v2\/comments?post=1491"}],"wp:featuredmedia":[{"embeddable":true,"href":"https:\/\/www.shouyasanitary.com\/es\/wp-json\/wp\/v2\/media\/1492"}],"wp:attachment":[{"href":"https:\/\/www.shouyasanitary.com\/es\/wp-json\/wp\/v2\/media?parent=1491"}],"wp:term":[{"taxonomy":"product_brand","embeddable":true,"href":"https:\/\/www.shouyasanitary.com\/es\/wp-json\/wp\/v2\/product_brand?post=1491"},{"taxonomy":"product_cat","embeddable":true,"href":"https:\/\/www.shouyasanitary.com\/es\/wp-json\/wp\/v2\/product_cat?post=1491"},{"taxonomy":"product_tag","embeddable":true,"href":"https:\/\/www.shouyasanitary.com\/es\/wp-json\/wp\/v2\/product_tag?post=1491"}],"curies":[{"name":"wp","href":"https:\/\/api.w.org\/{rel}","templated":true}]}}