{"id":1495,"date":"2025-07-18T11:22:49","date_gmt":"2025-07-18T11:22:49","guid":{"rendered":"https:\/\/www.shouyasanitary.com\/?post_type=product&#038;p=1495"},"modified":"2025-07-18T11:22:51","modified_gmt":"2025-07-18T11:22:51","slug":"wholesale-bathroom-makeup-vanity","status":"publish","type":"product","link":"https:\/\/www.shouyasanitary.com\/es\/producto\/wholesale-bathroom-makeup-vanity\/","title":{"rendered":"Mayorista Ba\u00f1o Maquillaje Vanidad, Nueva Llegada 2025 PVC Ba\u00f1o Pared Gabinetes Personalizados"},"content":{"rendered":"<div class=\"wp-block-columns is-layout-flex wp-container-core-columns-is-layout-9d6595d7 wp-block-columns-is-layout-flex\">\n<div class=\"wp-block-column is-layout-flow wp-block-column-is-layout-flow\">\n<h2 class=\"wp-block-heading\">Ba\u00f1o Maquillaje Vanidad Caracter\u00edsticas:<\/h2>\n\n\n\n<p><strong>Coordinaci\u00f3n de colores: <\/strong>El esquema crom\u00e1tico general presenta predominantemente un suave tono beige claro, que evoca una impresi\u00f3n visual c\u00e1lida, confortable y apacible. La zona del lavabo est\u00e1 pintada de blanco impoluto, lo que crea un sutil contraste de color con el mueble beige claro y realza la sensaci\u00f3n de profundidad, a la vez que ilumina y ordena el cuarto de ba\u00f1o.<\/p>\n\n\n\n<p><strong>Dise\u00f1o de iluminaci\u00f3n: <\/strong>El espejo presenta un dise\u00f1o cuadrado irregular de l\u00edneas sencillas y elegantes. Rodeado por una delicada tira de luz, la suave iluminaci\u00f3n no s\u00f3lo proporciona una iluminaci\u00f3n suficiente y uniforme durante el aseo diario y el maquillaje, reduciendo las sombras, sino que tambi\u00e9n crea un ambiente c\u00e1lido y rom\u00e1ntico por la noche. Al mismo tiempo, sirve como elemento decorativo, haciendo del espejo una presencia llamativa en el cuarto de ba\u00f1o.<\/p>\n\n\n\n<p><strong>A prueba de humedad: <\/strong>El mueble principal est\u00e1 hecho de material de PVC, con excelentes propiedades impermeables y a prueba de humedad, que pueden adaptarse eficazmente al ambiente h\u00famedo del cuarto de ba\u00f1o y prolongar su vida \u00fatil. <\/p>\n\n\n\n<p><strong>Detalles<\/strong>: La puerta del armario adopta un dise\u00f1o sin tirador, combinado con un tirador invisible dorado, sencillo pero elegante. <\/p>\n\n\n\n<p><strong>F\u00e1cil de limpiar<\/strong>:El m\u00e9todo de instalaci\u00f3n suspendida no s\u00f3lo hace que el mueble de ba\u00f1o parezca ligero y a la moda, sino que tambi\u00e9n facilita la limpieza diaria y reduce las zonas muertas sanitarias. Debajo del cuerpo del mueble hay un espacio reservado para peque\u00f1os electrodom\u00e9sticos, como aspiradoras rob\u00f3ticas, que mejoran el aprovechamiento del espacio y la comodidad de la vida diaria.<\/p>\n\n\n\n<p><strong>Ofrezca opciones personalizadas<\/strong>: Los servicios de personalizaci\u00f3n flexible en tama\u00f1o, color y configuraci\u00f3n funcional se pueden proporcionar de acuerdo con diferentes dise\u00f1os de espacio, requisitos de agua, estilos de color, etc.<\/p>\n<\/div>\n\n\n\n<div class=\"wp-block-column is-layout-flow wp-block-column-is-layout-flow\"><div class=\"wp-block-image\">\n<figure class=\"aligncenter size-full\"><img decoding=\"async\" width=\"700\" height=\"700\" src=\"https:\/\/www.shouyasanitary.com\/wp-content\/uploads\/2025\/07\/Bulk-Purchases-Vanity.webp\" alt=\"Compras a granel Vanity\" class=\"wp-image-1496\" style=\"object-fit:cover\" srcset=\"https:\/\/www.shouyasanitary.com\/wp-content\/uploads\/2025\/07\/Bulk-Purchases-Vanity.webp 700w, https:\/\/www.shouyasanitary.com\/wp-content\/uploads\/2025\/07\/Bulk-Purchases-Vanity-300x300.webp 300w, https:\/\/www.shouyasanitary.com\/wp-content\/uploads\/2025\/07\/Bulk-Purchases-Vanity-150x150.webp 150w, https:\/\/www.shouyasanitary.com\/wp-content\/uploads\/2025\/07\/Bulk-Purchases-Vanity-12x12.webp 12w, https:\/\/www.shouyasanitary.com\/wp-content\/uploads\/2025\/07\/Bulk-Purchases-Vanity-600x600.webp 600w, https:\/\/www.shouyasanitary.com\/wp-content\/uploads\/2025\/07\/Bulk-Purchases-Vanity-100x100.webp 100w\" sizes=\"(max-width: 700px) 100vw, 700px\" \/><\/figure>\n<\/div><\/div>\n<\/div>","protected":false},"excerpt":{"rendered":"<p>Venta al por mayor tocador de maquillaje de ba\u00f1o, elegante color blanco crema, emparejado con material de PVC resistente al agua, lavabo y armario con espejo LED, ideal para la zona de ba\u00f1o moderno. \u00a1Directo de f\u00e1brica, Shouya proporciona una soluci\u00f3n integral, recepci\u00f3n para entrarnos en contacto con para conseguir una cita libre hoy!<\/p>\n<h2>Ba\u00f1o Maquillaje Vanidad Atributos\uff1a<\/h2>\n<p><strong>Art\u00edculo No:<\/strong>LD-5078-100M<strong><br \/>Material del armario:<\/strong> PVC<br \/><strong>Color del armario:<\/strong>Amarillo<br \/><strong>Espejo:<\/strong> Espejo LED (3,5 mm\/3,8 mm), iluminaci\u00f3n tricolor, desempa\u00f1ado con un solo toque, protegido con embalaje de espuma multicapa<br \/><strong>Tipo de instalaci\u00f3n:<\/strong>\u00a0Montaje en pared<br \/><strong>Dimensiones (L\u00d7A\u00d7H):<\/strong> 100*47*50cm<br \/><strong>Peso bruto:<\/strong> 38 kg\/set<\/p>\n<h2>Personalizaci\u00f3n y servicios:<\/h2>\n<p><strong>OEM Y ODM<\/strong>: Soporte<br \/><strong>Dise\u00f1o<\/strong>: Gratis<br \/><strong>Accesorios<\/strong>: Lavabos, espejos, grifos y otros accesorios de ba\u00f1o<br \/><strong>Embalaje<\/strong>: Listo para montar<\/p>","protected":false},"featured_media":1496,"comment_status":"closed","ping_status":"closed","template":"","meta":{"_acf_changed":false},"product_brand":[],"product_cat":[24],"product_tag":[],"class_list":{"0":"post-1495","1":"product","2":"type-product","3":"status-publish","4":"has-post-thumbnail","6":"product_cat-wholesale-pvc-bathroom-vanity-cabinets","8":"first","9":"instock","10":"shipping-taxable","11":"product-type-simple"},"acf":[],"_links":{"self":[{"href":"https:\/\/www.shouyasanitary.com\/es\/wp-json\/wp\/v2\/product\/1495","targetHints":{"allow":["GET"]}}],"collection":[{"href":"https:\/\/www.shouyasanitary.com\/es\/wp-json\/wp\/v2\/product"}],"about":[{"href":"https:\/\/www.shouyasanitary.com\/es\/wp-json\/wp\/v2\/types\/product"}],"replies":[{"embeddable":true,"href":"https:\/\/www.shouyasanitary.com\/es\/wp-json\/wp\/v2\/comments?post=1495"}],"wp:featuredmedia":[{"embeddable":true,"href":"https:\/\/www.shouyasanitary.com\/es\/wp-json\/wp\/v2\/media\/1496"}],"wp:attachment":[{"href":"https:\/\/www.shouyasanitary.com\/es\/wp-json\/wp\/v2\/media?parent=1495"}],"wp:term":[{"taxonomy":"product_brand","embeddable":true,"href":"https:\/\/www.shouyasanitary.com\/es\/wp-json\/wp\/v2\/product_brand?post=1495"},{"taxonomy":"product_cat","embeddable":true,"href":"https:\/\/www.shouyasanitary.com\/es\/wp-json\/wp\/v2\/product_cat?post=1495"},{"taxonomy":"product_tag","embeddable":true,"href":"https:\/\/www.shouyasanitary.com\/es\/wp-json\/wp\/v2\/product_tag?post=1495"}],"curies":[{"name":"wp","href":"https:\/\/api.w.org\/{rel}","templated":true}]}}