{"id":1499,"date":"2025-07-18T11:22:42","date_gmt":"2025-07-18T11:22:42","guid":{"rendered":"https:\/\/www.shouyasanitary.com\/?post_type=product&#038;p=1499"},"modified":"2025-07-19T09:29:21","modified_gmt":"2025-07-19T09:29:21","slug":"custom-cabinet-bathroom","status":"publish","type":"product","link":"https:\/\/www.shouyasanitary.com\/es\/producto\/custom-cabinet-bathroom\/","title":{"rendered":"Armario a Medida Ba\u00f1o PVC, Tocador Gris Moderno con Espejo a Granel"},"content":{"rendered":"<div class=\"wp-block-columns is-layout-flex wp-container-core-columns-is-layout-9d6595d7 wp-block-columns-is-layout-flex\">\n<div class=\"wp-block-column is-layout-flow wp-block-column-is-layout-flow\">\n<h2 class=\"wp-block-heading\">Caracter\u00edsticas del cuarto de ba\u00f1o\uff1a<\/h2>\n\n\n\n<p><strong>Dise\u00f1o con funci\u00f3n de almacenamiento: <\/strong>El mueble principal est\u00e1 equipado con cajones dobles, de l\u00edneas elegantes que armonizan con el estilo general. La disposici\u00f3n de doble caj\u00f3n proporciona un espacio de almacenamiento amplio y claramente categorizado, que permite guardar por separado art\u00edculos de tocador, productos para el cuidado de la piel y mucho m\u00e1s. Esto facilita el acceso, elimina el desorden en la encimera y mantiene el ba\u00f1o ordenado y organizado, mejorando la eficiencia del uso diario.<\/p>\n\n\n\n<p><strong>Coordinaci\u00f3n general de estilo: <\/strong>Equipado con un espejo circular emisor de luz, la tira de luz anular realza la exquisita sensaci\u00f3n del espacio, combinado con el armario de PVC en tonos grises y la sencilla encimera. Desde las caracter\u00edsticas del material hasta el dise\u00f1o funcional, construye de forma integral una escena de ba\u00f1o pr\u00e1ctica y hermosa, satisfaciendo las diversas necesidades de las familias modernas en cuanto a almacenamiento, durabilidad y apariencia del ba\u00f1o.<\/p>\n\n\n\n<p><strong>F\u00e1cil de instalar<\/strong>: La estructura modular hace que sea c\u00f3modo y r\u00e1pido de instalar en la pared, ahorrando tiempo de construcci\u00f3n y costes de mano de obra.<\/p>\n\n\n\n<p><strong>Apoyar soluciones personalizadas<\/strong>: Proporcionar m\u00faltiples servicios personalizados en tama\u00f1o, color, material, LOGO y embalaje, y adaptarse con flexibilidad a las diferentes necesidades del mercado en todo el mundo.<\/p>\n<\/div>\n\n\n\n<div class=\"wp-block-column is-layout-flow wp-block-column-is-layout-flow\"><div class=\"wp-block-image\">\n<figure class=\"aligncenter size-full\"><img decoding=\"async\" width=\"700\" height=\"700\" src=\"https:\/\/www.shouyasanitary.com\/wp-content\/uploads\/2025\/07\/Custom-Luxury-Bathroom.webp\" alt=\"Armario de ba\u00f1o de lujo a medida\" class=\"wp-image-1500\" style=\"object-fit:cover\" srcset=\"https:\/\/www.shouyasanitary.com\/wp-content\/uploads\/2025\/07\/Custom-Luxury-Bathroom.webp 700w, https:\/\/www.shouyasanitary.com\/wp-content\/uploads\/2025\/07\/Custom-Luxury-Bathroom-300x300.webp 300w, https:\/\/www.shouyasanitary.com\/wp-content\/uploads\/2025\/07\/Custom-Luxury-Bathroom-150x150.webp 150w, https:\/\/www.shouyasanitary.com\/wp-content\/uploads\/2025\/07\/Custom-Luxury-Bathroom-12x12.webp 12w, https:\/\/www.shouyasanitary.com\/wp-content\/uploads\/2025\/07\/Custom-Luxury-Bathroom-600x600.webp 600w, https:\/\/www.shouyasanitary.com\/wp-content\/uploads\/2025\/07\/Custom-Luxury-Bathroom-100x100.webp 100w\" sizes=\"(max-width: 700px) 100vw, 700px\" \/><\/figure>\n<\/div><\/div>\n<\/div>","protected":false},"excerpt":{"rendered":"<p>Cuarto de ba\u00f1o gabinete personalizado, hecho de PVC, seleccione el aspecto gris, emparejado con el espejo LED t\u00e1ctil, que es moderno y pr\u00e1ctico. Es compatible con la personalizaci\u00f3n del OEM y la compra a granel. \u00a1Bienvenido a preguntar sobre la cotizaci\u00f3n al por mayor de f\u00e1brica!<\/p>\n<h2>Gabinete Ba\u00f1o Atributos\uff1a<\/h2>\n<p><strong>Art\u00edculo No: <\/strong>LT-5080-80LG<strong><br \/>Material del armario:<\/strong> PVC<br \/><strong>Color del armario:<\/strong> Gris<br \/><strong>Espejo:<\/strong> Espejo LED (3,5 mm\/3,8 mm), iluminaci\u00f3n tricolor, desempa\u00f1ado con un solo toque, protegido con embalaje de espuma multicapa<br \/><strong>Tipo de instalaci\u00f3n:<\/strong>\u00a0Montaje en pared<br \/><strong>Dimensiones (L\u00d7A\u00d7H):<\/strong> 80x47x50 cm<br \/><strong>Peso bruto: <\/strong>35 kg\/set<\/p>\n<h2>Personalizaci\u00f3n y servicios:<\/h2>\n<p><strong>OEM Y ODM<\/strong>: Soporte<br \/><strong>Dise\u00f1o<\/strong>: Gratis<br \/><strong>Accesorios<\/strong>: Lavabos, espejos, grifos y otros accesorios de ba\u00f1o<br \/><strong>Embalaje<\/strong>: Listo para montar<\/p>","protected":false},"featured_media":1500,"comment_status":"closed","ping_status":"closed","template":"","meta":{"_acf_changed":false},"product_brand":[],"product_cat":[24],"product_tag":[],"class_list":{"0":"post-1499","1":"product","2":"type-product","3":"status-publish","4":"has-post-thumbnail","6":"product_cat-wholesale-pvc-bathroom-vanity-cabinets","8":"first","9":"instock","10":"shipping-taxable","11":"product-type-simple"},"acf":[],"_links":{"self":[{"href":"https:\/\/www.shouyasanitary.com\/es\/wp-json\/wp\/v2\/product\/1499","targetHints":{"allow":["GET"]}}],"collection":[{"href":"https:\/\/www.shouyasanitary.com\/es\/wp-json\/wp\/v2\/product"}],"about":[{"href":"https:\/\/www.shouyasanitary.com\/es\/wp-json\/wp\/v2\/types\/product"}],"replies":[{"embeddable":true,"href":"https:\/\/www.shouyasanitary.com\/es\/wp-json\/wp\/v2\/comments?post=1499"}],"wp:featuredmedia":[{"embeddable":true,"href":"https:\/\/www.shouyasanitary.com\/es\/wp-json\/wp\/v2\/media\/1500"}],"wp:attachment":[{"href":"https:\/\/www.shouyasanitary.com\/es\/wp-json\/wp\/v2\/media?parent=1499"}],"wp:term":[{"taxonomy":"product_brand","embeddable":true,"href":"https:\/\/www.shouyasanitary.com\/es\/wp-json\/wp\/v2\/product_brand?post=1499"},{"taxonomy":"product_cat","embeddable":true,"href":"https:\/\/www.shouyasanitary.com\/es\/wp-json\/wp\/v2\/product_cat?post=1499"},{"taxonomy":"product_tag","embeddable":true,"href":"https:\/\/www.shouyasanitary.com\/es\/wp-json\/wp\/v2\/product_tag?post=1499"}],"curies":[{"name":"wp","href":"https:\/\/api.w.org\/{rel}","templated":true}]}}