{"id":1503,"date":"2025-07-18T11:22:55","date_gmt":"2025-07-18T11:22:55","guid":{"rendered":"https:\/\/www.shouyasanitary.com\/?post_type=product&#038;p=1503"},"modified":"2025-07-18T11:22:57","modified_gmt":"2025-07-18T11:22:57","slug":"wholesale-cabinets-bathroom","status":"publish","type":"product","link":"https:\/\/www.shouyasanitary.com\/es\/producto\/wholesale-cabinets-bathroom\/","title":{"rendered":"Mayorista Armarios Ba\u00f1o, Madera Contrachapada Negro Tocador de Ba\u00f1o con Luz Espejo y Lavabo"},"content":{"rendered":"<div class=\"wp-block-columns is-layout-flex wp-container-core-columns-is-layout-9d6595d7 wp-block-columns-is-layout-flex\">\n<div class=\"wp-block-column is-layout-flow wp-block-column-is-layout-flow\">\n<h2 class=\"wp-block-heading\">Armarios Caracter\u00edsticas del ba\u00f1o\uff1a<\/h2>\n\n\n\n<p><strong>Estilo de color \u00fanico: <\/strong>Este mueble de ba\u00f1o adopta un color negro cl\u00e1sico. Combinado con la pared de m\u00e1rmol texturizado, el cuerpo del mueble negro parece especialmente firme, elegante y rico en textura. El color negro no solo es vers\u00e1til, ya que se integra f\u00e1cilmente en cuartos de ba\u00f1o de distintos estilos decorativos, sino que tambi\u00e9n desprende un estilo de lujo discreto que a\u00f1ade un encanto \u00fanico al espacio de ba\u00f1o.<\/p>\n\n\n\n<p><strong>Excelente resistencia a la humedad y al agua: <\/strong>Hecho de material de madera contrachapada y procesado con t\u00e9cnicas especiales, cuenta con una excelente resistencia a la humedad y al agua. En un cuarto de ba\u00f1o h\u00famedo, puede resistir con eficacia la erosi\u00f3n de la humedad, previniendo la deformaci\u00f3n, el moho, y otras ediciones en el gabinete, ampliando grandemente la vida de servicio del gabinete del cuarto de ba\u00f1o y eliminando la necesidad de que los usuarios se preocupen del da\u00f1o causado por la humedad.<\/p>\n\n\n\n<p><strong>Gran durabilidad: <\/strong>La madera contrachapada en s\u00ed tiene una estructura estable y una gran resistencia. Tras un cuidadoso procesamiento y fabricaci\u00f3n, este mueble de ba\u00f1o posee una excelente durabilidad. Tanto si se utiliza con frecuencia en la vida diaria como si se expone al entorno especial del cuarto de ba\u00f1o durante mucho tiempo, puede mantener un buen estado, siendo robusto y fiable, y capaz de resistir la prueba del tiempo.<\/p>\n\n\n\n<p><strong>Ingenioso dise\u00f1o de almacenamiento: <\/strong>El mueble principal est\u00e1 equipado con grandes cajones, de l\u00edneas suaves y sencillas que complementan el estilo general. Estos grandes cajones proporcionan un amplio espacio de almacenamiento, lo que permite organizar f\u00e1cilmente diversos art\u00edculos de tocador, toallas y otros art\u00edculos, manteniendo el cuarto de ba\u00f1o limpio y ordenado. Los cajones se abren y cierran con suavidad, ofreciendo una excelente experiencia de uso. Tambi\u00e9n facilitan el acceso y almacenamiento de art\u00edculos, satisfaciendo las necesidades pr\u00e1cticas de los usuarios para la organizaci\u00f3n del cuarto de ba\u00f1o.<\/p>\n\n\n\n<p><strong>Apoyo a la personalizaci\u00f3n integrada<\/strong>Productos de ba\u00f1o: se suministra simult\u00e1neamente un conjunto completo de productos de ba\u00f1o, incluidos armarios con espejo, grifos, estanter\u00edas, accesorios de ferreter\u00eda, etc., para facilitar la adquisici\u00f3n e instalaci\u00f3n unificadas de proyectos de ingenier\u00eda.<\/p>\n<\/div>\n\n\n\n<div class=\"wp-block-column is-layout-flow wp-block-column-is-layout-flow\"><div class=\"wp-block-image\">\n<figure class=\"aligncenter size-full\"><img decoding=\"async\" width=\"700\" height=\"700\" src=\"https:\/\/www.shouyasanitary.com\/wp-content\/uploads\/2025\/07\/Wholesale-Bathroom-Cabinet.webp\" alt=\"Mayorista Armario de Ba\u00f1o\" class=\"wp-image-1506\" style=\"object-fit:cover\" srcset=\"https:\/\/www.shouyasanitary.com\/wp-content\/uploads\/2025\/07\/Wholesale-Bathroom-Cabinet.webp 700w, https:\/\/www.shouyasanitary.com\/wp-content\/uploads\/2025\/07\/Wholesale-Bathroom-Cabinet-300x300.webp 300w, https:\/\/www.shouyasanitary.com\/wp-content\/uploads\/2025\/07\/Wholesale-Bathroom-Cabinet-150x150.webp 150w, https:\/\/www.shouyasanitary.com\/wp-content\/uploads\/2025\/07\/Wholesale-Bathroom-Cabinet-12x12.webp 12w, https:\/\/www.shouyasanitary.com\/wp-content\/uploads\/2025\/07\/Wholesale-Bathroom-Cabinet-600x600.webp 600w, https:\/\/www.shouyasanitary.com\/wp-content\/uploads\/2025\/07\/Wholesale-Bathroom-Cabinet-100x100.webp 100w\" sizes=\"(max-width: 700px) 100vw, 700px\" \/><\/figure>\n<\/div><\/div>\n<\/div>","protected":false},"excerpt":{"rendered":"<p>Venta al por mayor gabinetes de ba\u00f1o, dise\u00f1o montado en la pared, tiene espejo LED, lavabo y facuet, etc, aspecto negro, es perfecto para proyectos de ingenier\u00eda de ba\u00f1o que persiguen el estilo de gama alta. M\u00faltiples opciones de personalizaci\u00f3n, stock a granel semi-personalizado. \u00a1P\u00f3ngase en contacto con nosotros para obtener soluciones!<\/p>\n<h2>Armarios Ba\u00f1o Atributos\uff1a<\/h2>\n<p><strong>Art\u00edculo No: <\/strong>SY2004-80G<strong><br \/>Material del armario:<\/strong> Contrachapado<br \/><strong>Color del armario:<\/strong> Negro<br \/><strong>Espejo:<\/strong> Espejo LED (3,5 mm\/3,8 mm), iluminaci\u00f3n tricolor, desempa\u00f1ado con un solo toque, protegido con embalaje de espuma multicapa<br \/><strong>Tipo de instalaci\u00f3n:<\/strong>\u00a0Montaje en pared<br \/><strong>Dimensiones (L\u00d7A\u00d7H):<\/strong> 80x50x55 cm<br \/><strong>Peso bruto: <\/strong>35 kg\/set<\/p>\n<h2>Personalizaci\u00f3n y servicios:<\/h2>\n<p><strong>OEM Y ODM<\/strong>: Soporte<br \/><strong>Dise\u00f1o<\/strong>: Gratis<br \/><strong>Accesorios<\/strong>: Lavabos, espejos, grifos y otros accesorios de ba\u00f1o<br \/><strong>Embalaje<\/strong>: Listo para montar<\/p>","protected":false},"featured_media":1506,"comment_status":"closed","ping_status":"closed","template":"","meta":{"_acf_changed":false},"product_brand":[],"product_cat":[20],"product_tag":[],"class_list":{"0":"post-1503","1":"product","2":"type-product","3":"status-publish","4":"has-post-thumbnail","6":"product_cat-wholesale-plywood-bathroom-vanity-cabinets","8":"first","9":"instock","10":"shipping-taxable","11":"product-type-simple"},"acf":[],"_links":{"self":[{"href":"https:\/\/www.shouyasanitary.com\/es\/wp-json\/wp\/v2\/product\/1503","targetHints":{"allow":["GET"]}}],"collection":[{"href":"https:\/\/www.shouyasanitary.com\/es\/wp-json\/wp\/v2\/product"}],"about":[{"href":"https:\/\/www.shouyasanitary.com\/es\/wp-json\/wp\/v2\/types\/product"}],"replies":[{"embeddable":true,"href":"https:\/\/www.shouyasanitary.com\/es\/wp-json\/wp\/v2\/comments?post=1503"}],"wp:featuredmedia":[{"embeddable":true,"href":"https:\/\/www.shouyasanitary.com\/es\/wp-json\/wp\/v2\/media\/1506"}],"wp:attachment":[{"href":"https:\/\/www.shouyasanitary.com\/es\/wp-json\/wp\/v2\/media?parent=1503"}],"wp:term":[{"taxonomy":"product_brand","embeddable":true,"href":"https:\/\/www.shouyasanitary.com\/es\/wp-json\/wp\/v2\/product_brand?post=1503"},{"taxonomy":"product_cat","embeddable":true,"href":"https:\/\/www.shouyasanitary.com\/es\/wp-json\/wp\/v2\/product_cat?post=1503"},{"taxonomy":"product_tag","embeddable":true,"href":"https:\/\/www.shouyasanitary.com\/es\/wp-json\/wp\/v2\/product_tag?post=1503"}],"curies":[{"name":"wp","href":"https:\/\/api.w.org\/{rel}","templated":true}]}}