{"id":1536,"date":"2025-07-18T11:23:30","date_gmt":"2025-07-18T11:23:30","guid":{"rendered":"https:\/\/www.shouyasanitary.com\/?post_type=product&#038;p=1536"},"modified":"2025-07-19T09:12:26","modified_gmt":"2025-07-19T09:12:26","slug":"wholesale-bathroom-vanities-cabinets","status":"publish","type":"product","link":"https:\/\/www.shouyasanitary.com\/es\/producto\/wholesale-bathroom-vanities-cabinets\/","title":{"rendered":"Mayorista Armarios de Ba\u00f1o, Armario de Ba\u00f1o Blanco Flotante Personalizado"},"content":{"rendered":"<div class=\"wp-block-columns is-layout-flex wp-container-core-columns-is-layout-9d6595d7 wp-block-columns-is-layout-flex\">\n<div class=\"wp-block-column is-layout-flow wp-block-column-is-layout-flow\">\n<h2 class=\"wp-block-heading\">Venta al por mayor Ba\u00f1o Vanidades Gabinetes Caracter\u00edsticas\uff1a<\/h2>\n\n\n\n<p><strong>Material de PVC duradero:<\/strong> Es impermeable y a prueba de humedad. No se deforma ni se pudre en un cuarto de ba\u00f1o h\u00famedo. Es f\u00e1cil de limpiar y mantener. Con un pa\u00f1o h\u00famedo, puede mantenerse limpio a diario. Es duradero y respetuoso con el medio ambiente, protegiendo el espacio del cuarto de ba\u00f1o.<\/p>\n\n\n\n<p><strong>Ventaja de tama\u00f1o<\/strong>: La anchura de 80 cm es adecuada para la mayor\u00eda de los cuartos de ba\u00f1o familiares. Una vez instalado, no ocupa demasiado espacio. En un cuarto de ba\u00f1o peque\u00f1o, puede crear una sensaci\u00f3n abierta, y en un cuarto de ba\u00f1o grande, tambi\u00e9n queda coordinado. Ofrece un amplio espacio para lavarse y asearse, tiene una gran capacidad de adaptaci\u00f3n y puede integrarse f\u00e1cilmente en diferentes dise\u00f1os.<\/p>\n\n\n\n<p><strong>Dise\u00f1o vers\u00e1til Concepto<\/strong>: Se combina con una placa de espejo sencilla y elegante. Los bordes est\u00e1n rodeados de tiras de luz ambiental. Cuando se ilumina, crea un ambiente c\u00e1lido y de lavado. Las l\u00edneas del armario son suaves. El color principal es blanco con tiradores exquisitos. Es sencillo y a la moda, adecuado para varios estilos de decoraci\u00f3n.<\/p>\n\n\n\n<p><strong>F\u00e1cil de instalar<\/strong>: La estructura modular hace que sea c\u00f3modo y r\u00e1pido de instalar en la pared, ahorrando tiempo de construcci\u00f3n y costes de mano de obra.<\/p>\n\n\n\n<p><strong>Servicio OEM\/ODM<\/strong>: Shouya ofrece servicios profesionales de personalizaci\u00f3n para satisfacer los requisitos funcionales y de dise\u00f1o de marca de los clientes de proyectos de ba\u00f1o y venta al por menor.<\/p>\n<\/div>\n\n\n\n<div class=\"wp-block-column is-layout-flow wp-block-column-is-layout-flow\"><div class=\"wp-block-image\">\n<figure class=\"aligncenter size-full\"><img decoding=\"async\" width=\"700\" height=\"700\" src=\"https:\/\/www.shouyasanitary.com\/wp-content\/uploads\/2025\/07\/Wholesale-Bathroom-Vanity-Cabinet_1.webp\" alt=\"Mayorista Armario de Ba\u00f1o_1\" class=\"wp-image-1542\" style=\"object-fit:cover\" srcset=\"https:\/\/www.shouyasanitary.com\/wp-content\/uploads\/2025\/07\/Wholesale-Bathroom-Vanity-Cabinet_1.webp 700w, https:\/\/www.shouyasanitary.com\/wp-content\/uploads\/2025\/07\/Wholesale-Bathroom-Vanity-Cabinet_1-300x300.webp 300w, https:\/\/www.shouyasanitary.com\/wp-content\/uploads\/2025\/07\/Wholesale-Bathroom-Vanity-Cabinet_1-150x150.webp 150w, https:\/\/www.shouyasanitary.com\/wp-content\/uploads\/2025\/07\/Wholesale-Bathroom-Vanity-Cabinet_1-12x12.webp 12w, https:\/\/www.shouyasanitary.com\/wp-content\/uploads\/2025\/07\/Wholesale-Bathroom-Vanity-Cabinet_1-600x600.webp 600w, https:\/\/www.shouyasanitary.com\/wp-content\/uploads\/2025\/07\/Wholesale-Bathroom-Vanity-Cabinet_1-100x100.webp 100w\" sizes=\"(max-width: 700px) 100vw, 700px\" \/><\/figure>\n<\/div><\/div>\n<\/div>\n\n\n\n<p><\/p>","protected":false},"excerpt":{"rendered":"<p>Armarios de ba\u00f1o al por mayor, material de PVC duradero, simple y elegante, perfecto para varios estilos de ba\u00f1o, f\u00e1cil de instalar y limpiar. \u00a1Apoyar el servicio personalizado, recepci\u00f3n para entrarnos en contacto con para una cita a granel de la compra!\u00a0<\/p>\n<h2>Ba\u00f1o Vanidades Gabinetes Atributos\uff1a<\/h2>\n<p><strong>Art\u00edculo No: <\/strong>6001-80V<strong><br \/>Material del armario:<\/strong> PVC<br \/><strong>Color del armario:<\/strong> Blanco<br \/><strong>Espejo:<\/strong> Espejo LED (3,5 mm\/3,8 mm), iluminaci\u00f3n tricolor, desempa\u00f1ado con un solo toque, protegido con embalaje de espuma multicapa<br \/><strong>Tipo de instalaci\u00f3n:<\/strong>\u00a0Montaje en pared<br \/><strong>Dimensiones (L\u00d7A\u00d7H):<\/strong> 80x47x47 cm<br \/><strong>Peso bruto:<\/strong> 30 kg\/set<\/p>\n<h2>Personalizaci\u00f3n y servicios:<\/h2>\n<p><strong>OEM Y ODM<\/strong>: Soporte<br \/><strong>Dise\u00f1o<\/strong>: Gratis<br \/><strong>Accesorios<\/strong>: Lavabos, espejos, grifos y otros accesorios de ba\u00f1o<br \/><strong>Embalaje<\/strong>: Listo para montar<\/p>","protected":false},"featured_media":1542,"comment_status":"closed","ping_status":"closed","template":"","meta":{"_acf_changed":true},"product_brand":[],"product_cat":[24],"product_tag":[],"class_list":{"0":"post-1536","1":"product","2":"type-product","3":"status-publish","4":"has-post-thumbnail","6":"product_cat-wholesale-pvc-bathroom-vanity-cabinets","8":"first","9":"instock","10":"shipping-taxable","11":"product-type-simple"},"acf":[],"_links":{"self":[{"href":"https:\/\/www.shouyasanitary.com\/es\/wp-json\/wp\/v2\/product\/1536","targetHints":{"allow":["GET"]}}],"collection":[{"href":"https:\/\/www.shouyasanitary.com\/es\/wp-json\/wp\/v2\/product"}],"about":[{"href":"https:\/\/www.shouyasanitary.com\/es\/wp-json\/wp\/v2\/types\/product"}],"replies":[{"embeddable":true,"href":"https:\/\/www.shouyasanitary.com\/es\/wp-json\/wp\/v2\/comments?post=1536"}],"wp:featuredmedia":[{"embeddable":true,"href":"https:\/\/www.shouyasanitary.com\/es\/wp-json\/wp\/v2\/media\/1542"}],"wp:attachment":[{"href":"https:\/\/www.shouyasanitary.com\/es\/wp-json\/wp\/v2\/media?parent=1536"}],"wp:term":[{"taxonomy":"product_brand","embeddable":true,"href":"https:\/\/www.shouyasanitary.com\/es\/wp-json\/wp\/v2\/product_brand?post=1536"},{"taxonomy":"product_cat","embeddable":true,"href":"https:\/\/www.shouyasanitary.com\/es\/wp-json\/wp\/v2\/product_cat?post=1536"},{"taxonomy":"product_tag","embeddable":true,"href":"https:\/\/www.shouyasanitary.com\/es\/wp-json\/wp\/v2\/product_tag?post=1536"}],"curies":[{"name":"wp","href":"https:\/\/api.w.org\/{rel}","templated":true}]}}