{"id":1550,"date":"2025-07-18T11:23:23","date_gmt":"2025-07-18T11:23:23","guid":{"rendered":"https:\/\/www.shouyasanitary.com\/?post_type=product&#038;p=1550"},"modified":"2025-07-19T09:21:31","modified_gmt":"2025-07-19T09:21:31","slug":"custom-vanity-bathroom-cabinet","status":"publish","type":"product","link":"https:\/\/www.shouyasanitary.com\/es\/producto\/custom-vanity-bathroom-cabinet\/","title":{"rendered":"Armario de Ba\u00f1o a Medida, Ba\u00f1o de Madera Contrachapada con Espejo LED a Granel"},"content":{"rendered":"<div class=\"wp-block-columns is-layout-flex wp-container-core-columns-is-layout-9d6595d7 wp-block-columns-is-layout-flex\">\n<div class=\"wp-block-column is-layout-flow wp-block-column-is-layout-flow\">\n<h2 class=\"wp-block-heading\">Mueble de ba\u00f1o Vanity Caracter\u00edsticas:<\/h2>\n\n\n\n<p><strong>Contrachapado de alta calidad<\/strong>: Tiene una gran resistencia y buena estabilidad, y no es propenso a la deformaci\u00f3n ni al agrietamiento. Puede mantener un buen estado durante mucho tiempo. La encimera de granito es resistente al desgaste, a los ara\u00f1azos, antimanchas y f\u00e1cil de limpiar, y tambi\u00e9n tiene una excelente resistencia a las altas temperaturas. Tanto si es para colocar art\u00edculos de aseo como para uso diario, puede con todo con facilidad.<\/p>\n\n\n\n<p><strong>Funci\u00f3n de almacenamiento: <\/strong>Este mueble de ba\u00f1o dispone de abundante espacio de almacenamiento. Dispone de cajones de gran capacidad y compartimentos de almacenamiento abiertos debajo. Los cajones se pueden utilizar para almacenar categ\u00f3ricamente diversos art\u00edculos de tocador, y los compartimentos de almacenamiento abiertos son convenientes para colocar art\u00edculos de uso frecuente, haci\u00e9ndolos de f\u00e1cil acceso. El dise\u00f1o de zonificaci\u00f3n razonable mantiene los art\u00edculos de ba\u00f1o ordenados, eliminando el desorden.<\/p>\n\n\n\n<p><strong>Ventajas de tama\u00f1o: <\/strong>El tama\u00f1o de 100 cm es justo el adecuado. No ocupa demasiado espacio en el cuarto de ba\u00f1o ni deja de satisfacer las necesidades de uso diario. Aprovecha al m\u00e1ximo el espacio de la pared.<\/p>\n\n\n\n<p><strong>Suministro directo de f\u00e1brica<\/strong>: Suministro de f\u00e1brica Shouya, calidad del producto garantizada y plazo de entrega, precios m\u00e1s competitivos. Apoyar MOQ bajo y compras al por mayor a granel.<\/p>\n<\/div>\n\n\n\n<div class=\"wp-block-column is-layout-flow wp-block-column-is-layout-flow\"><div class=\"wp-block-image\">\n<figure class=\"aligncenter size-full\"><img decoding=\"async\" width=\"700\" height=\"700\" src=\"https:\/\/www.shouyasanitary.com\/wp-content\/uploads\/2025\/07\/Wholesale-modern-Bathroom-Vanity-Cabinet.webp\" alt=\"Mayorista Mueble de ba\u00f1o moderno\" class=\"wp-image-1551\" style=\"object-fit:cover\" srcset=\"https:\/\/www.shouyasanitary.com\/wp-content\/uploads\/2025\/07\/Wholesale-modern-Bathroom-Vanity-Cabinet.webp 700w, https:\/\/www.shouyasanitary.com\/wp-content\/uploads\/2025\/07\/Wholesale-modern-Bathroom-Vanity-Cabinet-300x300.webp 300w, https:\/\/www.shouyasanitary.com\/wp-content\/uploads\/2025\/07\/Wholesale-modern-Bathroom-Vanity-Cabinet-150x150.webp 150w, https:\/\/www.shouyasanitary.com\/wp-content\/uploads\/2025\/07\/Wholesale-modern-Bathroom-Vanity-Cabinet-12x12.webp 12w, https:\/\/www.shouyasanitary.com\/wp-content\/uploads\/2025\/07\/Wholesale-modern-Bathroom-Vanity-Cabinet-600x600.webp 600w, https:\/\/www.shouyasanitary.com\/wp-content\/uploads\/2025\/07\/Wholesale-modern-Bathroom-Vanity-Cabinet-100x100.webp 100w\" sizes=\"(max-width: 700px) 100vw, 700px\" \/><\/figure>\n<\/div><\/div>\n<\/div>","protected":false},"excerpt":{"rendered":"<p>Mueble de ba\u00f1o a medida, equipado con lavabo de cer\u00e1mica y espejo LED, f\u00e1cil de instalar y limpiar. Hecho de madera contrachapada resistente al agua, el suministro directamente por el fabricante, ofrecen servicios de OED \/ ODM, ideal para proyecto de ba\u00f1o. \u00a1P\u00f3ngase en contacto con nosotros para obtener soluciones personalizadas!<\/p>\n<h2>Custom Vanity Ba\u00f1o Gabinete Atributos\uff1a<\/h2>\n<p><strong>Art\u00edculo No:<\/strong>SY2004-100BE<strong><br \/>Material del armario:<\/strong> Contrachapado<br \/><strong>Color del armario: <\/strong> Marr\u00f3n<br \/><strong>Espejo:<\/strong>\u00a0Espejo LED (3,5 mm \/ 3,8 mm), iluminaci\u00f3n tricolor, desempa\u00f1ado con un solo toque, protegido con embalaje de espuma multicapa<br \/><strong>Tipo de instalaci\u00f3n:<\/strong>\u00a0Montaje en pared<br \/><strong>Dimensiones (L \u00d7 A \u00d7 A):<\/strong> 100 x 50 x 55 cm<br \/><strong>Peso bruto:<\/strong> 30 kg\/set<\/p>\n<h2>Personalizaci\u00f3n y servicios:<\/h2>\n<p><strong>OEM Y ODM<\/strong>: Soporte<br \/><strong>Dise\u00f1o<\/strong>: Gratis<br \/><strong>Accesorios<\/strong>: Lavabos, espejos, grifos y otros accesorios de ba\u00f1o<br \/><strong>Embalaje<\/strong>: Listo para montar<\/p>","protected":false},"featured_media":1551,"comment_status":"closed","ping_status":"closed","template":"","meta":{"_acf_changed":false},"product_brand":[],"product_cat":[20],"product_tag":[],"class_list":{"0":"post-1550","1":"product","2":"type-product","3":"status-publish","4":"has-post-thumbnail","6":"product_cat-wholesale-plywood-bathroom-vanity-cabinets","8":"first","9":"instock","10":"shipping-taxable","11":"product-type-simple"},"acf":[],"_links":{"self":[{"href":"https:\/\/www.shouyasanitary.com\/es\/wp-json\/wp\/v2\/product\/1550","targetHints":{"allow":["GET"]}}],"collection":[{"href":"https:\/\/www.shouyasanitary.com\/es\/wp-json\/wp\/v2\/product"}],"about":[{"href":"https:\/\/www.shouyasanitary.com\/es\/wp-json\/wp\/v2\/types\/product"}],"replies":[{"embeddable":true,"href":"https:\/\/www.shouyasanitary.com\/es\/wp-json\/wp\/v2\/comments?post=1550"}],"wp:featuredmedia":[{"embeddable":true,"href":"https:\/\/www.shouyasanitary.com\/es\/wp-json\/wp\/v2\/media\/1551"}],"wp:attachment":[{"href":"https:\/\/www.shouyasanitary.com\/es\/wp-json\/wp\/v2\/media?parent=1550"}],"wp:term":[{"taxonomy":"product_brand","embeddable":true,"href":"https:\/\/www.shouyasanitary.com\/es\/wp-json\/wp\/v2\/product_brand?post=1550"},{"taxonomy":"product_cat","embeddable":true,"href":"https:\/\/www.shouyasanitary.com\/es\/wp-json\/wp\/v2\/product_cat?post=1550"},{"taxonomy":"product_tag","embeddable":true,"href":"https:\/\/www.shouyasanitary.com\/es\/wp-json\/wp\/v2\/product_tag?post=1550"}],"curies":[{"name":"wp","href":"https:\/\/api.w.org\/{rel}","templated":true}]}}