{"id":1571,"date":"2025-08-01T11:30:43","date_gmt":"2025-08-01T11:30:43","guid":{"rendered":"https:\/\/www.shouyasanitary.com\/?post_type=product&#038;p=1571"},"modified":"2025-08-01T11:30:50","modified_gmt":"2025-08-01T11:30:50","slug":"custom-bathroom-cabinets-vanity","status":"publish","type":"product","link":"https:\/\/www.shouyasanitary.com\/es\/producto\/custom-bathroom-cabinets-vanity\/","title":{"rendered":"Armarios de Ba\u00f1o a Medida Vanity, Armario de Lujo Ba\u00f1o con Lavabo Doble y Espejos para Hotel a Granel"},"content":{"rendered":"<div class=\"wp-block-columns is-layout-flex wp-container-core-columns-is-layout-9d6595d7 wp-block-columns-is-layout-flex\">\n<div class=\"wp-block-column is-layout-flow wp-block-column-is-layout-flow\">\n<h2 class=\"wp-block-heading\">Armarios de ba\u00f1o Caracter\u00edsticas del tocador\uff1a<\/h2>\n\n\n\n<p><strong>Estilo minimalista moderno<\/strong>: El espejo de atm\u00f3sfera inteligente de gran tama\u00f1o se combina con un mueble de dise\u00f1o vertical, de l\u00edneas limpias. La plataforma de almacenamiento inferior abierta y la disposici\u00f3n de doble lavabo crean un espacio de ba\u00f1o transparente y ordenado, que cumple los requisitos est\u00e9ticos de los hoteles de gama alta y otros lugares.<\/p>\n\n\n\n<p><strong>Amplio espacio de almacenamiento<\/strong>: Sobre los lavabos dobles pueden colocarse los art\u00edculos de aseo de uso m\u00e1s frecuente. La zona del mueble con dise\u00f1o vertical oculta el espacio de almacenamiento. La plataforma abierta inferior puede almacenar ordenadamente toallas y art\u00edculos sobrantes, con una divisi\u00f3n razonable que satisface las necesidades de varias personas que lo utilizan simult\u00e1neamente y almacenan una gran cantidad de art\u00edculos de ba\u00f1o.<\/p>\n\n\n\n<p><strong>Ideal para cuartos de ba\u00f1o espaciosos<\/strong>: La anchura de 120 cm es adecuada para grandes espacios. El dise\u00f1o de doble lavabo permite el lavado simult\u00e1neo de dos personas, mejorando la eficiencia de uso. El tama\u00f1o ampliado proporciona m\u00e1s espacio de almacenamiento y funcionamiento, creando un entorno de ba\u00f1o c\u00f3modo y eficiente.<\/p>\n\n\n\n<p><strong>Contrachapado de alta calidad<\/strong>: Fabricado con material de madera contrachapada, tiene una estructura estable y una gran capacidad de carga. El tratamiento impermeable y a prueba de humedad es adecuado para el ambiente h\u00famedo del cuarto de ba\u00f1o, y no es propenso a deformarse o agrietarse. Combina la durabilidad con la est\u00e9tica, reduciendo el coste de mantenimiento a largo plazo.<\/p>\n\n\n\n<p><strong>Soluciones integrales para cuartos de ba\u00f1o:<\/strong> Adem\u00e1s de armarios de ba\u00f1o, tambi\u00e9n ofrecemos un conjunto completo de soluciones de ba\u00f1o, como espejos de ba\u00f1o, armarios con espejo, grifos, estanter\u00edas, etc., para satisfacer las necesidades generales de compra de los clientes.<\/p>\n<\/div>\n\n\n\n<div class=\"wp-block-column is-layout-flow wp-block-column-is-layout-flow\"><div class=\"wp-block-image\">\n<figure class=\"aligncenter size-full\"><img decoding=\"async\" width=\"700\" height=\"700\" src=\"https:\/\/www.shouyasanitary.com\/wp-content\/uploads\/2025\/07\/Bulk-Purchases-Bathroom-Cabinet-Vanity.webp\" alt=\"Compras a granel Mueble de ba\u00f1o Vanity\" class=\"wp-image-1572\" style=\"object-fit:cover\" srcset=\"https:\/\/www.shouyasanitary.com\/wp-content\/uploads\/2025\/07\/Bulk-Purchases-Bathroom-Cabinet-Vanity.webp 700w, https:\/\/www.shouyasanitary.com\/wp-content\/uploads\/2025\/07\/Bulk-Purchases-Bathroom-Cabinet-Vanity-300x300.webp 300w, https:\/\/www.shouyasanitary.com\/wp-content\/uploads\/2025\/07\/Bulk-Purchases-Bathroom-Cabinet-Vanity-150x150.webp 150w, https:\/\/www.shouyasanitary.com\/wp-content\/uploads\/2025\/07\/Bulk-Purchases-Bathroom-Cabinet-Vanity-12x12.webp 12w, https:\/\/www.shouyasanitary.com\/wp-content\/uploads\/2025\/07\/Bulk-Purchases-Bathroom-Cabinet-Vanity-600x600.webp 600w, https:\/\/www.shouyasanitary.com\/wp-content\/uploads\/2025\/07\/Bulk-Purchases-Bathroom-Cabinet-Vanity-100x100.webp 100w\" sizes=\"(max-width: 700px) 100vw, 700px\" \/><\/figure>\n<\/div><\/div>\n<\/div>","protected":false},"excerpt":{"rendered":"<p>Armarios de ba\u00f1o a medida vanidad, dise\u00f1o moderno, con material de madera contrachapada de alta calidad, un lavabo doble y un gabinete de espejo inteligente. Es ideal para proyectos hoteleros. Shouya ofrece una soluci\u00f3n integral para cuartos de ba\u00f1o. \u00a1Bienvenido a contactar con nosotros para un presupuesto!<\/p>\n<h2>Armarios de ba\u00f1o a medida Atributos del tocador\uff1a<\/h2>\n<p><strong>N\u00ba de art\u00edculo<\/strong>: 6069-120<br \/><strong>Material del armario:<\/strong>\u00a0Contrachapado<br \/><strong>Color del armario:<\/strong> Marr\u00f3n<br \/><strong>Espejo:<\/strong> Espejo LED (3,5 mm\/3,8 mm), iluminaci\u00f3n tricolor, desempa\u00f1ado con un solo toque, protegido con embalaje de espuma multicapa<br \/><strong>Tipo de instalaci\u00f3n:<\/strong>\u00a0Montaje en pared<br \/><strong>Dimensiones (L\u00d7A\u00d7H):<\/strong> 120*47*27 cm<br \/>\u00a0 \u00a0 \u00a0 \u00a0 \u00a0 \u00a0 \u00a0 \u00a0 \u00a0 \u00a0 \u00a0 \u00a0 \u00a0 \u00a0 \u00a0 \u00a0 \u00a0 \u00a0 \u00a0 \u00a0 \u00a0 \u00a0 \u00a0 \u00a0 \u00a0 120*47*10 cm<br \/><strong>Peso bruto:<\/strong> 38 kg\/set<\/p>\n<h2>Personalizaci\u00f3n y servicios:<\/h2>\n<p><strong>OEM Y ODM<\/strong>: Soporte<br \/><strong>Dise\u00f1o<\/strong>: Gratis<br \/><strong>Accesorios<\/strong>: Lavabos, espejos, grifos y otros accesorios de ba\u00f1o<br \/><strong>Embalaje<\/strong>: Listo para montar<\/p>","protected":false},"featured_media":1572,"comment_status":"closed","ping_status":"closed","template":"","meta":{"_acf_changed":true},"product_brand":[],"product_cat":[20],"product_tag":[],"class_list":{"0":"post-1571","1":"product","2":"type-product","3":"status-publish","4":"has-post-thumbnail","6":"product_cat-wholesale-plywood-bathroom-vanity-cabinets","8":"first","9":"instock","10":"shipping-taxable","11":"product-type-simple"},"acf":[],"_links":{"self":[{"href":"https:\/\/www.shouyasanitary.com\/es\/wp-json\/wp\/v2\/product\/1571","targetHints":{"allow":["GET"]}}],"collection":[{"href":"https:\/\/www.shouyasanitary.com\/es\/wp-json\/wp\/v2\/product"}],"about":[{"href":"https:\/\/www.shouyasanitary.com\/es\/wp-json\/wp\/v2\/types\/product"}],"replies":[{"embeddable":true,"href":"https:\/\/www.shouyasanitary.com\/es\/wp-json\/wp\/v2\/comments?post=1571"}],"wp:featuredmedia":[{"embeddable":true,"href":"https:\/\/www.shouyasanitary.com\/es\/wp-json\/wp\/v2\/media\/1572"}],"wp:attachment":[{"href":"https:\/\/www.shouyasanitary.com\/es\/wp-json\/wp\/v2\/media?parent=1571"}],"wp:term":[{"taxonomy":"product_brand","embeddable":true,"href":"https:\/\/www.shouyasanitary.com\/es\/wp-json\/wp\/v2\/product_brand?post=1571"},{"taxonomy":"product_cat","embeddable":true,"href":"https:\/\/www.shouyasanitary.com\/es\/wp-json\/wp\/v2\/product_cat?post=1571"},{"taxonomy":"product_tag","embeddable":true,"href":"https:\/\/www.shouyasanitary.com\/es\/wp-json\/wp\/v2\/product_tag?post=1571"}],"curies":[{"name":"wp","href":"https:\/\/api.w.org\/{rel}","templated":true}]}}