{"id":1575,"date":"2025-08-01T11:31:04","date_gmt":"2025-08-01T11:31:04","guid":{"rendered":"https:\/\/www.shouyasanitary.com\/?post_type=product&#038;p=1575"},"modified":"2025-08-01T11:31:06","modified_gmt":"2025-08-01T11:31:06","slug":"wholesale-bathroom-cabinet-set","status":"publish","type":"product","link":"https:\/\/www.shouyasanitary.com\/es\/producto\/wholesale-bathroom-cabinet-set\/","title":{"rendered":"Venta al por mayor Juego de mueble de ba\u00f1o, Tocador de ba\u00f1o moderno de PVC a medida con espejo"},"content":{"rendered":"<div class=\"wp-block-columns is-layout-flex wp-container-core-columns-is-layout-9d6595d7 wp-block-columns-is-layout-flex\">\n<div class=\"wp-block-column is-layout-flow wp-block-column-is-layout-flow\">\n<h2 class=\"wp-block-heading\">Set de armario de ba\u00f1o Caracter\u00edsticas:<\/h2>\n\n\n\n<p><strong>Dise\u00f1o moderno<\/strong>: El dise\u00f1o es minimalista, con el espejo inteligente emparejado con un mueble de PVC del mismo color, de l\u00edneas limpias. Las luces de ambiente rodean el espejo, realzando el ambiente refinado cuando est\u00e1 iluminado, y son adecuadas para varios estilos de decoraci\u00f3n de ba\u00f1os modernos.<\/p>\n\n\n\n<p><strong>Funci\u00f3n de almacenamiento<\/strong>: Tiene una distribuci\u00f3n razonable, con una encimera espaciosa para los art\u00edculos de aseo de uso com\u00fan, y un \u00e1rea de almacenamiento de gran capacidad debajo, dispuesta en capas y ordenadamente, que puede almacenar f\u00e1cilmente art\u00edculos de ba\u00f1o, herramientas de limpieza, etc., manteniendo el espacio de ba\u00f1o ordenado y ordenado.<\/p>\n\n\n\n<p><strong>Adecuado para espacios compactos<\/strong>: Compacto en tama\u00f1o pero completo en funciones, satisface las necesidades diarias de aseo de una sola persona. Se puede instalar de forma flexible y se adapta a espacios reducidos, creando un mini mostrador de ba\u00f1o muy eficiente.<\/p>\n\n\n\n<p><strong>PVC<\/strong> <strong>Material<\/strong>: Es impermeable, antihumedad, antimanchas y duradero, lo que facilita el mantenimiento diario. El espejo inteligente tiene retroiluminaci\u00f3n en tres colores, combinando la practicidad con el sentido de la tecnolog\u00eda. Todo el mueble es estable, y es poco probable que se deforme durante un largo periodo de uso, ofreciendo una alta relaci\u00f3n calidad-precio.<\/p>\n<\/div>\n\n\n\n<div class=\"wp-block-column is-layout-flow wp-block-column-is-layout-flow\"><div class=\"wp-block-image\">\n<figure class=\"aligncenter size-full\"><img decoding=\"async\" width=\"1000\" height=\"1000\" src=\"https:\/\/www.shouyasanitary.com\/wp-content\/uploads\/2025\/05\/Contemporary-Bathroom-Cabinet-Custom-PVC-Wall-Hung-Bathroom-Vanity-with-Mirror-Supplier-1.webp\" alt=\"Armario de ba\u00f1o contempor\u00e1neo personalizado, PVC pared colgado tocador de ba\u00f1o con espejo Proveedor (1)\" class=\"wp-image-1134\" style=\"object-fit:cover\" srcset=\"https:\/\/www.shouyasanitary.com\/wp-content\/uploads\/2025\/05\/Contemporary-Bathroom-Cabinet-Custom-PVC-Wall-Hung-Bathroom-Vanity-with-Mirror-Supplier-1.webp 1000w, https:\/\/www.shouyasanitary.com\/wp-content\/uploads\/2025\/05\/Contemporary-Bathroom-Cabinet-Custom-PVC-Wall-Hung-Bathroom-Vanity-with-Mirror-Supplier-1-300x300.webp 300w, https:\/\/www.shouyasanitary.com\/wp-content\/uploads\/2025\/05\/Contemporary-Bathroom-Cabinet-Custom-PVC-Wall-Hung-Bathroom-Vanity-with-Mirror-Supplier-1-150x150.webp 150w, https:\/\/www.shouyasanitary.com\/wp-content\/uploads\/2025\/05\/Contemporary-Bathroom-Cabinet-Custom-PVC-Wall-Hung-Bathroom-Vanity-with-Mirror-Supplier-1-768x768.webp 768w, https:\/\/www.shouyasanitary.com\/wp-content\/uploads\/2025\/05\/Contemporary-Bathroom-Cabinet-Custom-PVC-Wall-Hung-Bathroom-Vanity-with-Mirror-Supplier-1-12x12.webp 12w, https:\/\/www.shouyasanitary.com\/wp-content\/uploads\/2025\/05\/Contemporary-Bathroom-Cabinet-Custom-PVC-Wall-Hung-Bathroom-Vanity-with-Mirror-Supplier-1-600x600.webp 600w, https:\/\/www.shouyasanitary.com\/wp-content\/uploads\/2025\/05\/Contemporary-Bathroom-Cabinet-Custom-PVC-Wall-Hung-Bathroom-Vanity-with-Mirror-Supplier-1-100x100.webp 100w\" sizes=\"(max-width: 1000px) 100vw, 1000px\" \/><\/figure>\n<\/div><\/div>\n<\/div>\n\n\n\n<p><strong>Soporte OEM\/ODM<\/strong>: Shouya ofrece servicios de personalizaci\u00f3n flexibles, que incluyen color, tama\u00f1o, accesorios, etc,<\/p>","protected":false},"excerpt":{"rendered":"<p>Conjunto de armario de ba\u00f1o al por mayor, con un espejo inteligente LED y un dise\u00f1o moderno. 60 - tama\u00f1o se adapta a un espacio compacto, amplio almacenamiento. PVC a prueba de humedad, f\u00e1cil de limpiar. Suministro de f\u00e1brica Shouya, personalizaci\u00f3n disponible.  \u00a1Bienvenido a preguntar acerca de los detalles!<\/p>\n<h2>Conjunto de armario de ba\u00f1o Atributos\uff1a<\/h2>\n<p><strong>Art\u00edculo No:<\/strong>6026-60<strong><br \/>Material del armario:<\/strong> PVC<br \/><strong>Color del armario: <\/strong> Amarillo<br \/><strong>Espejo:<\/strong> Espejo LED (3,5 mm\/3,8 mm), iluminaci\u00f3n tricolor, desempa\u00f1ado con un solo toque, protegido con embalaje de espuma multicapa<br \/><strong>Tipo de instalaci\u00f3n:<\/strong>\u00a0Montaje en pared<br \/><strong>Dimensiones (L\u00d7A\u00d7H):<\/strong> 60*47*47 cm<br \/><strong>Peso bruto:<\/strong> 28kg\/set<\/p>\n<h2>Personalizaci\u00f3n y servicios:<\/h2>\n<p><strong>OEM Y ODM<\/strong>: Soporte<br \/><strong>Dise\u00f1o<\/strong>: Gratis<br \/><strong>Accesorios<\/strong>: Lavabos, espejos, grifos y otros accesorios de ba\u00f1o<br \/><strong>Embalaje<\/strong>: Listo para montar<\/p>","protected":false},"featured_media":1577,"comment_status":"closed","ping_status":"closed","template":"","meta":{"_acf_changed":false},"product_brand":[],"product_cat":[24],"product_tag":[],"class_list":{"0":"post-1575","1":"product","2":"type-product","3":"status-publish","4":"has-post-thumbnail","6":"product_cat-wholesale-pvc-bathroom-vanity-cabinets","8":"first","9":"instock","10":"shipping-taxable","11":"product-type-simple"},"acf":[],"_links":{"self":[{"href":"https:\/\/www.shouyasanitary.com\/es\/wp-json\/wp\/v2\/product\/1575","targetHints":{"allow":["GET"]}}],"collection":[{"href":"https:\/\/www.shouyasanitary.com\/es\/wp-json\/wp\/v2\/product"}],"about":[{"href":"https:\/\/www.shouyasanitary.com\/es\/wp-json\/wp\/v2\/types\/product"}],"replies":[{"embeddable":true,"href":"https:\/\/www.shouyasanitary.com\/es\/wp-json\/wp\/v2\/comments?post=1575"}],"wp:featuredmedia":[{"embeddable":true,"href":"https:\/\/www.shouyasanitary.com\/es\/wp-json\/wp\/v2\/media\/1577"}],"wp:attachment":[{"href":"https:\/\/www.shouyasanitary.com\/es\/wp-json\/wp\/v2\/media?parent=1575"}],"wp:term":[{"taxonomy":"product_brand","embeddable":true,"href":"https:\/\/www.shouyasanitary.com\/es\/wp-json\/wp\/v2\/product_brand?post=1575"},{"taxonomy":"product_cat","embeddable":true,"href":"https:\/\/www.shouyasanitary.com\/es\/wp-json\/wp\/v2\/product_cat?post=1575"},{"taxonomy":"product_tag","embeddable":true,"href":"https:\/\/www.shouyasanitary.com\/es\/wp-json\/wp\/v2\/product_tag?post=1575"}],"curies":[{"name":"wp","href":"https:\/\/api.w.org\/{rel}","templated":true}]}}