{"id":1576,"date":"2025-08-01T11:31:00","date_gmt":"2025-08-01T11:31:00","guid":{"rendered":"https:\/\/www.shouyasanitary.com\/?post_type=product&#038;p=1576"},"modified":"2025-08-01T11:31:04","modified_gmt":"2025-08-01T11:31:04","slug":"wholesale-unique-bathroom-cabinets","status":"publish","type":"product","link":"https:\/\/www.shouyasanitary.com\/es\/producto\/wholesale-unique-bathroom-cabinets\/","title":{"rendered":"Mayorista Armarios de Ba\u00f1o \u00danicos, Estilo Franc\u00e9s PVC Tocador de Ba\u00f1o con Espejo LED"},"content":{"rendered":"<div class=\"wp-block-columns is-layout-flex wp-container-core-columns-is-layout-9d6595d7 wp-block-columns-is-layout-flex\">\n<div class=\"wp-block-column is-layout-flow wp-block-column-is-layout-flow\">\n<h2 class=\"wp-block-heading\">Armarios de ba\u00f1o \u00fanicos Caracter\u00edsticas:<\/h2>\n\n\n\n<p><strong>Est\u00e9tica minimalista francesa: <\/strong>Las l\u00edneas del mueble son suaves, junto con un espejo inteligente de gran tama\u00f1o con retroiluminaci\u00f3n, un estante de almacenamiento abierto debajo del espejo, creando un ambiente de ba\u00f1o elegante y ordenado, adecuado para varios estilos de decoraci\u00f3n.<\/p>\n\n\n\n<p><strong>Almacenamiento funcional<\/strong>: Dise\u00f1o de doble caj\u00f3n + estante bajo el espejo. Los cajones tienen una gran capacidad para almacenar productos de ba\u00f1o, y el estante es pr\u00e1ctico para acceder a los art\u00edculos de aseo de uso frecuente. El almacenamiento est\u00e1 razonablemente dividido, lo que permite colocar los art\u00edculos de ba\u00f1o en sus respectivas posiciones.<\/p>\n\n\n\n<p><strong>Tama\u00f1o razonable<\/strong>: Su anchura est\u00e1 en armon\u00eda con la proporci\u00f3n \u00e1urea, satisfaciendo las necesidades de las operaciones diarias de ba\u00f1o sin ocupar demasiado espacio. Puede integrarse f\u00e1cilmente en cuartos de ba\u00f1o peque\u00f1os o en arreglos locales en espacios amplios.<\/p>\n\n\n\n<p><strong>Material de PVC de alta calidad<\/strong>: Con un excelente rendimiento a prueba de agua y humedad, no es propenso a deformarse o agrietarse. La superficie es lisa y f\u00e1cil de limpiar, manteniendo la belleza y durabilidad durante mucho tiempo, reduciendo los costes de mantenimiento.<\/p>\n\n\n\n<p><strong>Estricto control de calidad:<\/strong> Shouya f\u00e1brica de suministro directo, tenemos estrictas y manejables normas de calidad. Aseguramos soluciones estables del gabinete del cuarto de ba\u00f1o de la calidad para los clientes globales.<\/p>\n<\/div>\n\n\n\n<div class=\"wp-block-column is-layout-flow wp-block-column-is-layout-flow\"><div class=\"wp-block-image\">\n<figure class=\"aligncenter size-full\"><img decoding=\"async\" width=\"700\" height=\"700\" src=\"https:\/\/www.shouyasanitary.com\/wp-content\/uploads\/2025\/07\/OEM-bathroom-cabinet-vanity.webp\" alt=\"OEM mueble de ba\u00f1o tocador\" class=\"wp-image-1580\" style=\"object-fit:cover\" srcset=\"https:\/\/www.shouyasanitary.com\/wp-content\/uploads\/2025\/07\/OEM-bathroom-cabinet-vanity.webp 700w, https:\/\/www.shouyasanitary.com\/wp-content\/uploads\/2025\/07\/OEM-bathroom-cabinet-vanity-300x300.webp 300w, https:\/\/www.shouyasanitary.com\/wp-content\/uploads\/2025\/07\/OEM-bathroom-cabinet-vanity-150x150.webp 150w, https:\/\/www.shouyasanitary.com\/wp-content\/uploads\/2025\/07\/OEM-bathroom-cabinet-vanity-12x12.webp 12w, https:\/\/www.shouyasanitary.com\/wp-content\/uploads\/2025\/07\/OEM-bathroom-cabinet-vanity-600x600.webp 600w, https:\/\/www.shouyasanitary.com\/wp-content\/uploads\/2025\/07\/OEM-bathroom-cabinet-vanity-100x100.webp 100w\" sizes=\"(max-width: 700px) 100vw, 700px\" \/><\/figure>\n<\/div><\/div>\n<\/div>","protected":false},"excerpt":{"rendered":"<p>Venta al por mayor de tocador franc\u00e9s de PVC de 80 cm: espejo retroiluminado inteligente, cajones dobles, PVC a prueba de humedad. Ideal para hotel, casa de familia renovaciones. \u00a1Precio de f\u00e1brica!<\/p>\n<h2>Atributos de los armarios de ba\u00f1o de PVC\uff1a<\/h2>\n<p><strong>Art\u00edculo No:<\/strong>6045-80<strong><br \/>Material del armario:<\/strong> PVC<br \/><strong>Color del armario: <\/strong> Kahai<br \/><strong>Espejo:<\/strong> Espejo LED (3,5 mm\/3,8 mm), iluminaci\u00f3n tricolor, desempa\u00f1ado con un solo toque, protegido con embalaje de espuma multicapa<br \/><strong>Tipo de instalaci\u00f3n:<\/strong>\u00a0Montaje en pared<br \/><strong>Dimensiones (L\u00d7A\u00d7H):<\/strong> 80*47*48cm<br \/><strong>Peso bruto:<\/strong> 28kg\/set<\/p>\n<h2>Personalizaci\u00f3n y servicios:<\/h2>\n<p><strong>OEM Y ODM<\/strong>: Soporte<br \/><strong>Dise\u00f1o<\/strong>: Gratis<br \/><strong>Accesorios<\/strong>: Lavabos, espejos, grifos y otros accesorios de ba\u00f1o<br \/><strong>Embalaje<\/strong>: Listo para montar<\/p>","protected":false},"featured_media":1580,"comment_status":"closed","ping_status":"closed","template":"","meta":{"_acf_changed":true},"product_brand":[],"product_cat":[24],"product_tag":[],"class_list":{"0":"post-1576","1":"product","2":"type-product","3":"status-publish","4":"has-post-thumbnail","6":"product_cat-wholesale-pvc-bathroom-vanity-cabinets","8":"first","9":"instock","10":"shipping-taxable","11":"product-type-simple"},"acf":[],"_links":{"self":[{"href":"https:\/\/www.shouyasanitary.com\/es\/wp-json\/wp\/v2\/product\/1576","targetHints":{"allow":["GET"]}}],"collection":[{"href":"https:\/\/www.shouyasanitary.com\/es\/wp-json\/wp\/v2\/product"}],"about":[{"href":"https:\/\/www.shouyasanitary.com\/es\/wp-json\/wp\/v2\/types\/product"}],"replies":[{"embeddable":true,"href":"https:\/\/www.shouyasanitary.com\/es\/wp-json\/wp\/v2\/comments?post=1576"}],"wp:featuredmedia":[{"embeddable":true,"href":"https:\/\/www.shouyasanitary.com\/es\/wp-json\/wp\/v2\/media\/1580"}],"wp:attachment":[{"href":"https:\/\/www.shouyasanitary.com\/es\/wp-json\/wp\/v2\/media?parent=1576"}],"wp:term":[{"taxonomy":"product_brand","embeddable":true,"href":"https:\/\/www.shouyasanitary.com\/es\/wp-json\/wp\/v2\/product_brand?post=1576"},{"taxonomy":"product_cat","embeddable":true,"href":"https:\/\/www.shouyasanitary.com\/es\/wp-json\/wp\/v2\/product_cat?post=1576"},{"taxonomy":"product_tag","embeddable":true,"href":"https:\/\/www.shouyasanitary.com\/es\/wp-json\/wp\/v2\/product_tag?post=1576"}],"curies":[{"name":"wp","href":"https:\/\/api.w.org\/{rel}","templated":true}]}}