{"id":1584,"date":"2025-08-01T11:30:36","date_gmt":"2025-08-01T11:30:36","guid":{"rendered":"https:\/\/www.shouyasanitary.com\/?post_type=product&#038;p=1584"},"modified":"2025-08-01T11:30:37","modified_gmt":"2025-08-01T11:30:37","slug":"custom-wall-hung-bathroom-vanity","status":"publish","type":"product","link":"https:\/\/www.shouyasanitary.com\/es\/producto\/custom-wall-hung-bathroom-vanity\/","title":{"rendered":"Armarios de ba\u00f1o de PVC de gran tama\u00f1o para proyectos de ba\u00f1os de alta gama"},"content":{"rendered":"<div class=\"wp-block-columns is-layout-flex wp-container-core-columns-is-layout-9d6595d7 wp-block-columns-is-layout-flex\">\n<div class=\"wp-block-column is-layout-flow wp-block-column-is-layout-flow\">\n<h2 class=\"wp-block-heading\">Vanidad del cuarto de ba\u00f1o colgado de la pared Features\uff1a<\/h2>\n\n\n\n<p><strong>Estilo elegante: <\/strong>Las l\u00edneas del mueble son suaves. Est\u00e1 equipado con un espejo inteligente de gran tama\u00f1o con retroiluminaci\u00f3n, un estante de almacenamiento abierto debajo del espejo, creando un ambiente de ba\u00f1o elegante y ordenado. Se adapta a varios estilos de decoraci\u00f3n.<\/p>\n\n\n\n<p><strong>Gran espacio de almacenamiento<\/strong>: Doble puerta + cajones + estante de dise\u00f1o bajo el espejo. Los cajones tienen una gran capacidad para almacenar productos de ba\u00f1o, y los estantes son pr\u00e1cticos para sacar los art\u00edculos de aseo de uso com\u00fan. El almacenamiento est\u00e1 razonablemente dividido, lo que permite colocar los art\u00edculos de ba\u00f1o en<br>sus respectivas posiciones.<\/p>\n\n\n\n<p><strong>PVC de alta calidad:  <\/strong>con un excelente rendimiento a prueba de agua y humedad. La superficie es lisa y f\u00e1cil de limpiar,<strong> <\/strong>siendo a la vez bonito y pr\u00e1ctico.<\/p>\n\n\n\n<p><strong>Amplio<\/strong> s<strong>ize<\/strong>: El dise\u00f1o es de 120 cm. Satisface las necesidades diarias de lavado y aseo y no ocupa demasiado espacio. Se puede integrar f\u00e1cilmente en cuartos de ba\u00f1o peque\u00f1os o en arreglos locales en espacios amplios.<\/p>\n\n\n\n<p><strong>Soporte OEM\/ODM<\/strong>:  Ofrecemos una variedad de tama\u00f1os, colores y acabados de personalizaci\u00f3n para la marca y la flexibilidad de dise\u00f1o.<\/p>\n<\/div>\n\n\n\n<div class=\"wp-block-column is-layout-flow wp-block-column-is-layout-flow\"><div class=\"wp-block-image\">\n<figure class=\"aligncenter size-full\"><img decoding=\"async\" width=\"700\" height=\"700\" src=\"https:\/\/www.shouyasanitary.com\/wp-content\/uploads\/2025\/07\/Factory-made-custom-bathroom-cabinet-vanity.webp\" alt=\"Mueble de ba\u00f1o a medida de f\u00e1brica\" class=\"wp-image-1585\" style=\"object-fit:cover\" srcset=\"https:\/\/www.shouyasanitary.com\/wp-content\/uploads\/2025\/07\/Factory-made-custom-bathroom-cabinet-vanity.webp 700w, https:\/\/www.shouyasanitary.com\/wp-content\/uploads\/2025\/07\/Factory-made-custom-bathroom-cabinet-vanity-300x300.webp 300w, https:\/\/www.shouyasanitary.com\/wp-content\/uploads\/2025\/07\/Factory-made-custom-bathroom-cabinet-vanity-150x150.webp 150w, https:\/\/www.shouyasanitary.com\/wp-content\/uploads\/2025\/07\/Factory-made-custom-bathroom-cabinet-vanity-12x12.webp 12w, https:\/\/www.shouyasanitary.com\/wp-content\/uploads\/2025\/07\/Factory-made-custom-bathroom-cabinet-vanity-600x600.webp 600w, https:\/\/www.shouyasanitary.com\/wp-content\/uploads\/2025\/07\/Factory-made-custom-bathroom-cabinet-vanity-100x100.webp 100w\" sizes=\"(max-width: 700px) 100vw, 700px\" \/><\/figure>\n<\/div><\/div>\n<\/div>","protected":false},"excerpt":{"rendered":"<p>El tocador de ba\u00f1o colgado de la pared personalizado adopta un estilo moderno, material de PVC de alta calidad, dise\u00f1o montado en la pared, elegante y duradero, f\u00e1cil de limpiar, adecuado para diversos espacios comerciales. P\u00f3ngase en contacto con nosotros ahora para m\u00e1s opciones de personalizaci\u00f3n<\/p>\n<h2>Lavabo de pared con atributos\uff1a<\/h2>\n<p><strong>Art\u00edculo No: <\/strong>6045-120<strong><br \/>Material del armario:<\/strong> PVC<br \/><strong>Color del armario: <\/strong>Caqui<br \/><strong>Espejo:<\/strong> Espejo LED (3,5 mm\/3,8 mm), iluminaci\u00f3n tricolor, desempa\u00f1ado con un solo toque, protegido con embalaje de espuma multicapa<br \/><strong>Tipo de instalaci\u00f3n:<\/strong>\u00a0Montaje en pared<br \/><strong>Dimensiones (L\u00d7A\u00d7H):<\/strong> 120*48*47 cm<br \/><strong>Peso bruto:<\/strong> 38 kg\/set<\/p>\n<h2>Personalizaci\u00f3n y servicios:<\/h2>\n<p><strong>OEM Y ODM<\/strong>: Soporte<br \/><strong>Dise\u00f1o<\/strong>: Gratis<br \/><strong>Accesorios<\/strong>: Lavabos, espejos, grifos y otros accesorios de ba\u00f1o<br \/><strong>Embalaje<\/strong>: Listo para montar<\/p>","protected":false},"featured_media":1585,"comment_status":"closed","ping_status":"closed","template":"","meta":{"_acf_changed":true},"product_brand":[],"product_cat":[24],"product_tag":[],"class_list":{"0":"post-1584","1":"product","2":"type-product","3":"status-publish","4":"has-post-thumbnail","6":"product_cat-wholesale-pvc-bathroom-vanity-cabinets","8":"first","9":"instock","10":"shipping-taxable","11":"product-type-simple"},"acf":[],"_links":{"self":[{"href":"https:\/\/www.shouyasanitary.com\/es\/wp-json\/wp\/v2\/product\/1584","targetHints":{"allow":["GET"]}}],"collection":[{"href":"https:\/\/www.shouyasanitary.com\/es\/wp-json\/wp\/v2\/product"}],"about":[{"href":"https:\/\/www.shouyasanitary.com\/es\/wp-json\/wp\/v2\/types\/product"}],"replies":[{"embeddable":true,"href":"https:\/\/www.shouyasanitary.com\/es\/wp-json\/wp\/v2\/comments?post=1584"}],"wp:featuredmedia":[{"embeddable":true,"href":"https:\/\/www.shouyasanitary.com\/es\/wp-json\/wp\/v2\/media\/1585"}],"wp:attachment":[{"href":"https:\/\/www.shouyasanitary.com\/es\/wp-json\/wp\/v2\/media?parent=1584"}],"wp:term":[{"taxonomy":"product_brand","embeddable":true,"href":"https:\/\/www.shouyasanitary.com\/es\/wp-json\/wp\/v2\/product_brand?post=1584"},{"taxonomy":"product_cat","embeddable":true,"href":"https:\/\/www.shouyasanitary.com\/es\/wp-json\/wp\/v2\/product_cat?post=1584"},{"taxonomy":"product_tag","embeddable":true,"href":"https:\/\/www.shouyasanitary.com\/es\/wp-json\/wp\/v2\/product_tag?post=1584"}],"curies":[{"name":"wp","href":"https:\/\/api.w.org\/{rel}","templated":true}]}}