{"id":1597,"date":"2025-08-01T11:30:50","date_gmt":"2025-08-01T11:30:50","guid":{"rendered":"https:\/\/www.shouyasanitary.com\/?post_type=product&#038;p=1597"},"modified":"2025-08-01T11:31:00","modified_gmt":"2025-08-01T11:31:00","slug":"custom-floating-bathroom-vanity","status":"publish","type":"product","link":"https:\/\/www.shouyasanitary.com\/es\/producto\/custom-floating-bathroom-vanity\/","title":{"rendered":"Armario de ba\u00f1o flotante a medida, Proveedor de armarios de ba\u00f1o modernos de PVC marr\u00f3n"},"content":{"rendered":"<div class=\"wp-block-columns is-layout-flex wp-container-core-columns-is-layout-9d6595d7 wp-block-columns-is-layout-flex\">\n<div class=\"wp-block-column is-layout-flow wp-block-column-is-layout-flow\">\n<h2 class=\"wp-block-heading\">Tocador de ba\u00f1o flotante Caracter\u00edsticas:<\/h2>\n\n\n\n<p><strong>Espejo pr\u00e1ctico<\/strong>: El espejo mide 1200\u00d7700 mm, por lo que se adapta perfectamente a la mayor\u00eda de los cuartos de ba\u00f1o. Equipado con una luz de tres colores, puede ajustar la iluminaci\u00f3n seg\u00fan diferentes escenarios y estados de \u00e1nimo, creando una variedad de atm\u00f3sferas como calidez y brillo. Sirve tanto de espejo pr\u00e1ctico como de creador de ambientes.<\/p>\n\n\n\n<p><strong>Almacenamiento con varios compartimentos<\/strong>: El armario principal mide 1200\u00d7470\u00d7470 mm y presenta un dise\u00f1o tipo caj\u00f3n que organiza cient\u00edficamente los compartimentos de almacenamiento. Puede alojar tanto objetos grandes como peque\u00f1os, lo que mejora la limpieza del cuarto de ba\u00f1o y satisface las necesidades diarias de almacenamiento de art\u00edculos de aseo. <\/p>\n\n\n\n<p><strong>Material duradero<\/strong>: Hecho de material de PVC, es impermeable, resistente a la humedad y duradero, adecuado para el ambiente h\u00famedo del ba\u00f1o. <\/p>\n\n\n\n<p><strong>Combinaci\u00f3n armoniosa de colores<\/strong>: El mueble principal marr\u00f3n emana un tono firme y elegante, combinado con un lavabo de cer\u00e1mica blanca para lograr un armonioso contraste de color. Su sencillez y textura combinan f\u00e1cilmente con diversos estilos decorativos, incluido el lujo moderno y minimalista.<\/p>\n\n\n\n<p><strong>Combinaci\u00f3n global<\/strong>: El armario de ba\u00f1o de PVC satisface las necesidades pr\u00e1cticas y est\u00e9ticas, desde la iluminaci\u00f3n del armario con espejo hasta el almacenamiento del armario principal, el aspecto del material y otras dimensiones, ayudando a mejorar el espacio del ba\u00f1o.<\/p>\n<\/div>\n\n\n\n<div class=\"wp-block-column is-layout-flow wp-block-column-is-layout-flow\"><div class=\"wp-block-image\">\n<figure class=\"aligncenter size-full\"><img decoding=\"async\" width=\"800\" height=\"800\" src=\"https:\/\/www.shouyasanitary.com\/wp-content\/uploads\/2025\/07\/Wholesale-Bathroom-Vanity-Cabinet-1.webp\" alt=\"Mayorista Armario de Ba\u00f1o\" class=\"wp-image-1601\" style=\"object-fit:cover\" srcset=\"https:\/\/www.shouyasanitary.com\/wp-content\/uploads\/2025\/07\/Wholesale-Bathroom-Vanity-Cabinet-1.webp 800w, https:\/\/www.shouyasanitary.com\/wp-content\/uploads\/2025\/07\/Wholesale-Bathroom-Vanity-Cabinet-1-300x300.webp 300w, https:\/\/www.shouyasanitary.com\/wp-content\/uploads\/2025\/07\/Wholesale-Bathroom-Vanity-Cabinet-1-150x150.webp 150w, https:\/\/www.shouyasanitary.com\/wp-content\/uploads\/2025\/07\/Wholesale-Bathroom-Vanity-Cabinet-1-768x768.webp 768w, https:\/\/www.shouyasanitary.com\/wp-content\/uploads\/2025\/07\/Wholesale-Bathroom-Vanity-Cabinet-1-12x12.webp 12w, https:\/\/www.shouyasanitary.com\/wp-content\/uploads\/2025\/07\/Wholesale-Bathroom-Vanity-Cabinet-1-600x600.webp 600w, https:\/\/www.shouyasanitary.com\/wp-content\/uploads\/2025\/07\/Wholesale-Bathroom-Vanity-Cabinet-1-100x100.webp 100w\" sizes=\"(max-width: 800px) 100vw, 800px\" \/><\/figure>\n<\/div><\/div>\n<\/div>","protected":false},"excerpt":{"rendered":"<p>Personalizado flotante tocador de ba\u00f1o, utiliza material de PVC, dise\u00f1o montado en la pared. equipado con un armario con espejo, grifo, lavabo de cer\u00e1mica, de gran tama\u00f1o, y m\u00faltiples opciones de personalizaci\u00f3n. \u00a1Bienvenido a ponerse en contacto con nosotros para una cita y cat\u00e1logo de productos!<\/p>\n<h2>Atributos del armario de ba\u00f1o flotante\uff1a<\/h2>\n<p><strong>Art\u00edculo No:<\/strong>6040-120<strong><br \/>Material del armario:<\/strong> PVC<br \/><strong>Color del armario: <\/strong> Marr\u00f3n<br \/><strong>Espejo:<\/strong> Espejo LED (3,5 mm\/3,8 mm), iluminaci\u00f3n tricolor, desempa\u00f1ado con un solo toque, protegido con embalaje de espuma multicapa<br \/><strong>Tipo de instalaci\u00f3n:<\/strong>\u00a0Montaje en pared<br \/><strong>Dimensiones (L\u00d7A\u00d7H):<\/strong> 120*47*47cm<br \/><strong>Peso bruto:<\/strong> 40kg\/set<\/p>\n<h2>Personalizaci\u00f3n y servicios:<\/h2>\n<p><strong>OEM Y ODM<\/strong>: Soporte<br \/><strong>Dise\u00f1o<\/strong>: Gratis<br \/><strong>Accesorios<\/strong>: Lavabos, espejos, grifos y otros accesorios de ba\u00f1o<br \/><strong>Embalaje<\/strong>: Listo para montar<\/p>","protected":false},"featured_media":1601,"comment_status":"closed","ping_status":"closed","template":"","meta":{"_acf_changed":true},"product_brand":[],"product_cat":[24],"product_tag":[],"class_list":{"0":"post-1597","1":"product","2":"type-product","3":"status-publish","4":"has-post-thumbnail","6":"product_cat-wholesale-pvc-bathroom-vanity-cabinets","8":"first","9":"instock","10":"shipping-taxable","11":"product-type-simple"},"acf":[],"_links":{"self":[{"href":"https:\/\/www.shouyasanitary.com\/es\/wp-json\/wp\/v2\/product\/1597","targetHints":{"allow":["GET"]}}],"collection":[{"href":"https:\/\/www.shouyasanitary.com\/es\/wp-json\/wp\/v2\/product"}],"about":[{"href":"https:\/\/www.shouyasanitary.com\/es\/wp-json\/wp\/v2\/types\/product"}],"replies":[{"embeddable":true,"href":"https:\/\/www.shouyasanitary.com\/es\/wp-json\/wp\/v2\/comments?post=1597"}],"wp:featuredmedia":[{"embeddable":true,"href":"https:\/\/www.shouyasanitary.com\/es\/wp-json\/wp\/v2\/media\/1601"}],"wp:attachment":[{"href":"https:\/\/www.shouyasanitary.com\/es\/wp-json\/wp\/v2\/media?parent=1597"}],"wp:term":[{"taxonomy":"product_brand","embeddable":true,"href":"https:\/\/www.shouyasanitary.com\/es\/wp-json\/wp\/v2\/product_brand?post=1597"},{"taxonomy":"product_cat","embeddable":true,"href":"https:\/\/www.shouyasanitary.com\/es\/wp-json\/wp\/v2\/product_cat?post=1597"},{"taxonomy":"product_tag","embeddable":true,"href":"https:\/\/www.shouyasanitary.com\/es\/wp-json\/wp\/v2\/product_tag?post=1597"}],"curies":[{"name":"wp","href":"https:\/\/api.w.org\/{rel}","templated":true}]}}