{"id":1598,"date":"2025-08-01T11:31:15","date_gmt":"2025-08-01T11:31:15","guid":{"rendered":"https:\/\/www.shouyasanitary.com\/?post_type=product&#038;p=1598"},"modified":"2025-08-01T11:31:16","modified_gmt":"2025-08-01T11:31:16","slug":"wholesale-luxury-bathroom-cabinets","status":"publish","type":"product","link":"https:\/\/www.shouyasanitary.com\/es\/producto\/wholesale-luxury-bathroom-cabinets\/","title":{"rendered":"Whoelsale armarios de ba\u00f1o de lujo, tocadores de ba\u00f1o personalizado con material de PVC Espejo Gabinete"},"content":{"rendered":"<div class=\"wp-block-columns is-layout-flex wp-container-core-columns-is-layout-9d6595d7 wp-block-columns-is-layout-flex\">\n<div class=\"wp-block-column is-layout-flow wp-block-column-is-layout-flow\">\n<h2 class=\"wp-block-heading\">Gabinete de ba\u00f1o de lujo Caracter\u00edsticas:<\/h2>\n\n\n\n<p><strong>Armario con espejo de dise\u00f1o exclusivo<\/strong>: Adoptando un dise\u00f1o de espejo circular, rompe con las formas convencionales, presentando l\u00edneas suaves y lisas. Equipado con una luz de fondo de estilo envolvente incorporada, crea un ambiente c\u00e1lido cuando est\u00e1 iluminado, iluminando la cara sin sombras. Resulta adecuado para maquillarse, lavarse y otros menesteres, y a\u00f1ade una sensaci\u00f3n art\u00edstica y atmosf\u00e9rica al espacio del cuarto de ba\u00f1o.<\/p>\n\n\n\n<p><strong>Disposici\u00f3n razonable de almacenamiento<\/strong>: El armario principal mide 1000\u00d7480\u00d7470 mm y presenta un dise\u00f1o de cajones razonable y cient\u00edficamente s\u00f3lido. Los espaciosos cajones proporcionan un amplio espacio de almacenamiento, permitiendo una organizaci\u00f3n categorizada de art\u00edculos de tocador, toallas y mucho m\u00e1s. Los compartimentos est\u00e1n perfectamente divididos, lo que facilita la recuperaci\u00f3n y elimina f\u00e1cilmente el desorden y el caos que a menudo se asocian con los cuartos de ba\u00f1o.<\/p>\n\n\n\n<p><strong>Material de PVC: <\/strong>Presume de propiedades impermeables y resistentes a la humedad, resistiendo eficazmente el ambiente h\u00famedo de los cuartos de ba\u00f1o. Es resistente a la deformaci\u00f3n y los da\u00f1os, lo que garantiza su durabilidad. <\/p>\n\n\n\n<p><strong>Elegante combinaci\u00f3n de colores<\/strong>: El mueble principal presenta principalmente un tono azul, combinado con un lavabo de cer\u00e1mica blanca, creando una paleta de colores fresca y armoniosa. La rica decoraci\u00f3n de texturas a\u00f1ade profundidad visual, manteniendo una est\u00e9tica minimalista pero a la moda, que encaja con varios estilos de decoraci\u00f3n del hogar, como el moderno y el minimalista.<\/p>\n\n\n\n<p><strong>Armonioso y unificado<\/strong> <strong>combinaci\u00f3n general<\/strong>: Este mueble de ba\u00f1o de PVC, con su exclusivo armario con espejo redondo, su pr\u00e1ctico armario principal de almacenamiento y su bella apariencia, logra la integraci\u00f3n de la funci\u00f3n y la apariencia, ayudando a crear un espacio de ba\u00f1o refinado y ordenado.<\/p>\n<\/div>\n\n\n\n<div class=\"wp-block-column is-layout-flow wp-block-column-is-layout-flow\"><div class=\"wp-block-image\">\n<figure class=\"aligncenter size-full\"><img decoding=\"async\" width=\"800\" height=\"800\" src=\"https:\/\/www.shouyasanitary.com\/wp-content\/uploads\/2025\/07\/Bulk-Purchases-Batnroom-Vanity-Cabinet.webp\" alt=\"Compras al por mayor Batnroom Vanity Cabinet\" class=\"wp-image-1613\" style=\"object-fit:cover\" srcset=\"https:\/\/www.shouyasanitary.com\/wp-content\/uploads\/2025\/07\/Bulk-Purchases-Batnroom-Vanity-Cabinet.webp 800w, https:\/\/www.shouyasanitary.com\/wp-content\/uploads\/2025\/07\/Bulk-Purchases-Batnroom-Vanity-Cabinet-300x300.webp 300w, https:\/\/www.shouyasanitary.com\/wp-content\/uploads\/2025\/07\/Bulk-Purchases-Batnroom-Vanity-Cabinet-150x150.webp 150w, https:\/\/www.shouyasanitary.com\/wp-content\/uploads\/2025\/07\/Bulk-Purchases-Batnroom-Vanity-Cabinet-768x768.webp 768w, https:\/\/www.shouyasanitary.com\/wp-content\/uploads\/2025\/07\/Bulk-Purchases-Batnroom-Vanity-Cabinet-12x12.webp 12w, https:\/\/www.shouyasanitary.com\/wp-content\/uploads\/2025\/07\/Bulk-Purchases-Batnroom-Vanity-Cabinet-600x600.webp 600w, https:\/\/www.shouyasanitary.com\/wp-content\/uploads\/2025\/07\/Bulk-Purchases-Batnroom-Vanity-Cabinet-100x100.webp 100w\" sizes=\"(max-width: 800px) 100vw, 800px\" \/><\/figure>\n<\/div><\/div>\n<\/div>","protected":false},"excerpt":{"rendered":"<p>Bienvenido a la venta al por mayor de armarios de ba\u00f1o de lujo, material de madera contrachapada de alta gama, armario con espejo y dise\u00f1o de \u00e1rea de almacenamiento abundante, especialmente dise\u00f1ado para el ba\u00f1o moderno. La estructura inteligente montado en la pared no s\u00f3lo ahorra espacio, sino que tambi\u00e9n mantiene el cuarto de ba\u00f1o ordenado. Es una opci\u00f3n ideal para quienes buscan un espacio de ba\u00f1o moderno, sencillo y pr\u00e1ctico. P\u00f3ngase en contacto con nosotros para solicitar un presupuesto..<\/p>\n<h2>Atributos de los armarios de ba\u00f1o de lujo\uff1a<\/h2>\n<p><strong>Art\u00edculo No:<\/strong>6046-100<strong><br \/>Material del armario:<\/strong> PVC<br \/><strong>Color del armario: <\/strong> Azul<br \/><strong>Espejo:<\/strong> Espejo LED (3,5 mm\/3,8 mm), iluminaci\u00f3n tricolor, desempa\u00f1ado con un solo toque, protegido con embalaje de espuma multicapa<br \/><strong>Tipo de instalaci\u00f3n:<\/strong>\u00a0Montaje en pared<br \/><strong>Dimensiones (L\u00d7A\u00d7H):<\/strong> 100*47*48cm<br \/><strong>Peso bruto:<\/strong> 35 kg\/set<\/p>\n<h2>Personalizaci\u00f3n y servicios:<\/h2>\n<p><strong>OEM Y ODM<\/strong>: Soporte<br \/><strong>Dise\u00f1o<\/strong>: Gratis<br \/><strong>Accesorios<\/strong>: Lavabos, espejos, grifos y otros accesorios de ba\u00f1o<br \/><strong>Embalaje<\/strong>: Listo para montar<\/p>","protected":false},"featured_media":1613,"comment_status":"closed","ping_status":"closed","template":"","meta":{"_acf_changed":true},"product_brand":[],"product_cat":[24],"product_tag":[],"class_list":{"0":"post-1598","1":"product","2":"type-product","3":"status-publish","4":"has-post-thumbnail","6":"product_cat-wholesale-pvc-bathroom-vanity-cabinets","8":"first","9":"instock","10":"shipping-taxable","11":"product-type-simple"},"acf":[],"_links":{"self":[{"href":"https:\/\/www.shouyasanitary.com\/es\/wp-json\/wp\/v2\/product\/1598","targetHints":{"allow":["GET"]}}],"collection":[{"href":"https:\/\/www.shouyasanitary.com\/es\/wp-json\/wp\/v2\/product"}],"about":[{"href":"https:\/\/www.shouyasanitary.com\/es\/wp-json\/wp\/v2\/types\/product"}],"replies":[{"embeddable":true,"href":"https:\/\/www.shouyasanitary.com\/es\/wp-json\/wp\/v2\/comments?post=1598"}],"wp:featuredmedia":[{"embeddable":true,"href":"https:\/\/www.shouyasanitary.com\/es\/wp-json\/wp\/v2\/media\/1613"}],"wp:attachment":[{"href":"https:\/\/www.shouyasanitary.com\/es\/wp-json\/wp\/v2\/media?parent=1598"}],"wp:term":[{"taxonomy":"product_brand","embeddable":true,"href":"https:\/\/www.shouyasanitary.com\/es\/wp-json\/wp\/v2\/product_brand?post=1598"},{"taxonomy":"product_cat","embeddable":true,"href":"https:\/\/www.shouyasanitary.com\/es\/wp-json\/wp\/v2\/product_cat?post=1598"},{"taxonomy":"product_tag","embeddable":true,"href":"https:\/\/www.shouyasanitary.com\/es\/wp-json\/wp\/v2\/product_tag?post=1598"}],"curies":[{"name":"wp","href":"https:\/\/api.w.org\/{rel}","templated":true}]}}