{"id":1600,"date":"2025-08-01T11:30:39","date_gmt":"2025-08-01T11:30:39","guid":{"rendered":"https:\/\/www.shouyasanitary.com\/?post_type=product&#038;p=1600"},"modified":"2025-08-01T11:30:42","modified_gmt":"2025-08-01T11:30:42","slug":"wholesale-bathroom-mirror-cabinets","status":"publish","type":"product","link":"https:\/\/www.shouyasanitary.com\/es\/producto\/wholesale-bathroom-mirror-cabinets\/","title":{"rendered":"Venta al por mayor Armarios con Espejo de Ba\u00f1o, Armarios con Espejo de Ba\u00f1o de PVC Gris Claro a Medida Estilo Moderno"},"content":{"rendered":"<div class=\"wp-block-columns is-layout-flex wp-container-core-columns-is-layout-9d6595d7 wp-block-columns-is-layout-flex\">\n<div class=\"wp-block-column is-layout-flow wp-block-column-is-layout-flow\">\n<h2 class=\"wp-block-heading\">Espejo de ba\u00f1o Gabinetes Caracter\u00edsticas:<\/h2>\n\n\n\n<p><strong>C\u00f3modo dise\u00f1o de espejo<\/strong>: El espejo tiene un tama\u00f1o de 1200\u00d7700 mm y ofrece un amplio campo de visi\u00f3n para satisfacer las necesidades diarias de aseo y limpieza. Equipado con una retroiluminaci\u00f3n de tres colores, permite cambiar sin problemas entre iluminaci\u00f3n fr\u00eda, c\u00e1lida y neutra. Esta caracter\u00edstica vers\u00e1til no s\u00f3lo proporciona una iluminaci\u00f3n clara durante el aseo, sino que tambi\u00e9n mejora el ambiente, por lo que es ideal para diversos escenarios de uso.<\/p>\n\n\n\n<p><strong>Dise\u00f1o de almacenamiento enriquecido<\/strong>: El armario principal mide 1200\u00d7470\u00d7470mm y adopta una disposici\u00f3n tipo caj\u00f3n. Los cajones de varios niveles est\u00e1n divididos de forma razonable, lo que permite el almacenamiento clasificado de productos para el cuidado de la piel, toallas, art\u00edculos diversos para el ba\u00f1o, etc. El dise\u00f1o de gran capacidad elimina el desorden en el espacio del cuarto de ba\u00f1o, haciendo que la recuperaci\u00f3n de art\u00edculos sea c\u00f3moda y eficiente.<\/p>\n\n\n\n<p><strong>Excelente material de PVC<\/strong>El mueble principal: tiene excelentes propiedades impermeables y antihumedad, se adapta bien al ambiente h\u00famedo del ba\u00f1o, es resistente a la deformaci\u00f3n y el moho, y es duradero. El mueble principal presenta principalmente un esquema de color gris, sencillo y elegante.<\/p>\n\n\n\n<p><strong>Hermosa y generosa<\/strong>: Este mueble de ba\u00f1o de PVC consigue un equilibrio entre funcionalidad y est\u00e9tica gracias a la combinaci\u00f3n de un pr\u00e1ctico armario con espejo y un armario principal de gran capacidad, lo que contribuye a crear un ambiente de ba\u00f1o limpio y confortable.<\/p>\n\n\n\n<p><strong>Soporte OEM\/ODM:\u00a0<\/strong>El tama\u00f1o, el color y la configuraci\u00f3n pueden personalizarse seg\u00fan las necesidades del cliente, lo que resulta id\u00f3neo para proyectos de ingenier\u00eda y marcas de ba\u00f1os de gama alta.<\/p>\n<\/div>\n\n\n\n<div class=\"wp-block-column is-layout-flow wp-block-column-is-layout-flow\"><div class=\"wp-block-image\">\n<figure class=\"aligncenter size-full\"><img decoding=\"async\" width=\"700\" height=\"700\" src=\"https:\/\/www.shouyasanitary.com\/wp-content\/uploads\/2025\/07\/Wholesale-of-Bathroom-Cabinet-1.webp\" alt=\"Mayorista de Armarios de Ba\u00f1o\" class=\"wp-image-1604\" style=\"object-fit:cover\" srcset=\"https:\/\/www.shouyasanitary.com\/wp-content\/uploads\/2025\/07\/Wholesale-of-Bathroom-Cabinet-1.webp 700w, https:\/\/www.shouyasanitary.com\/wp-content\/uploads\/2025\/07\/Wholesale-of-Bathroom-Cabinet-1-300x300.webp 300w, https:\/\/www.shouyasanitary.com\/wp-content\/uploads\/2025\/07\/Wholesale-of-Bathroom-Cabinet-1-150x150.webp 150w, https:\/\/www.shouyasanitary.com\/wp-content\/uploads\/2025\/07\/Wholesale-of-Bathroom-Cabinet-1-12x12.webp 12w, https:\/\/www.shouyasanitary.com\/wp-content\/uploads\/2025\/07\/Wholesale-of-Bathroom-Cabinet-1-600x600.webp 600w, https:\/\/www.shouyasanitary.com\/wp-content\/uploads\/2025\/07\/Wholesale-of-Bathroom-Cabinet-1-100x100.webp 100w\" sizes=\"(max-width: 700px) 100vw, 700px\" \/><\/figure>\n<\/div><\/div>\n<\/div>","protected":false},"excerpt":{"rendered":"<p>Bienvenido a los gabinetes de espejo de ba\u00f1o al por mayor, dise\u00f1o flotante, color gris claro, rica funci\u00f3n de almacenamiento, elegante y duradero. A granel semi-personalizada de valores, las ventas directas de f\u00e1brica, p\u00f3ngase en contacto con nosotros para la personalizaci\u00f3n y cotizaciones al por mayor.<\/p>\n<h2>Espejo de ba\u00f1o Gabinetes Atributos\uff1a<\/h2>\n<p><strong>Art\u00edculo No:<\/strong>6042-120<strong><br \/>Material del armario:<\/strong> PVC<br \/><strong>Color del armario: <\/strong> Gris claro<br \/><strong>Espejo:<\/strong> Espejo LED (3,5 mm\/3,8 mm), iluminaci\u00f3n tricolor, desempa\u00f1ado con un solo toque, protegido con embalaje de espuma multicapa<br \/><strong>Tipo de instalaci\u00f3n:<\/strong>\u00a0Montaje en pared<br \/><strong>Dimensiones (L\u00d7A\u00d7H):<\/strong> 120*47*47cm<br \/><strong>Peso bruto:<\/strong> 40kg\/set<\/p>\n<h2>Personalizaci\u00f3n y servicios:<\/h2>\n<p><strong>OEM Y ODM<\/strong>: Soporte<br \/><strong>Dise\u00f1o<\/strong>: Gratis<br \/><strong>Accesorios<\/strong>: Lavabos, espejos, grifos y otros accesorios de ba\u00f1o<br \/><strong>Embalaje<\/strong>: Listo para montar<\/p>","protected":false},"featured_media":1604,"comment_status":"closed","ping_status":"closed","template":"","meta":{"_acf_changed":false},"product_brand":[],"product_cat":[24],"product_tag":[],"class_list":{"0":"post-1600","1":"product","2":"type-product","3":"status-publish","4":"has-post-thumbnail","6":"product_cat-wholesale-pvc-bathroom-vanity-cabinets","8":"first","9":"instock","10":"shipping-taxable","11":"product-type-simple"},"acf":[],"_links":{"self":[{"href":"https:\/\/www.shouyasanitary.com\/es\/wp-json\/wp\/v2\/product\/1600","targetHints":{"allow":["GET"]}}],"collection":[{"href":"https:\/\/www.shouyasanitary.com\/es\/wp-json\/wp\/v2\/product"}],"about":[{"href":"https:\/\/www.shouyasanitary.com\/es\/wp-json\/wp\/v2\/types\/product"}],"replies":[{"embeddable":true,"href":"https:\/\/www.shouyasanitary.com\/es\/wp-json\/wp\/v2\/comments?post=1600"}],"wp:featuredmedia":[{"embeddable":true,"href":"https:\/\/www.shouyasanitary.com\/es\/wp-json\/wp\/v2\/media\/1604"}],"wp:attachment":[{"href":"https:\/\/www.shouyasanitary.com\/es\/wp-json\/wp\/v2\/media?parent=1600"}],"wp:term":[{"taxonomy":"product_brand","embeddable":true,"href":"https:\/\/www.shouyasanitary.com\/es\/wp-json\/wp\/v2\/product_brand?post=1600"},{"taxonomy":"product_cat","embeddable":true,"href":"https:\/\/www.shouyasanitary.com\/es\/wp-json\/wp\/v2\/product_cat?post=1600"},{"taxonomy":"product_tag","embeddable":true,"href":"https:\/\/www.shouyasanitary.com\/es\/wp-json\/wp\/v2\/product_tag?post=1600"}],"curies":[{"name":"wp","href":"https:\/\/api.w.org\/{rel}","templated":true}]}}