{"id":1616,"date":"2025-08-01T11:30:37","date_gmt":"2025-08-01T11:30:37","guid":{"rendered":"https:\/\/www.shouyasanitary.com\/?post_type=product&#038;p=1616"},"modified":"2025-08-01T11:30:39","modified_gmt":"2025-08-01T11:30:39","slug":"wholesale-single-sink-bathroom-vanities","status":"publish","type":"product","link":"https:\/\/www.shouyasanitary.com\/es\/producto\/wholesale-single-sink-bathroom-vanities\/","title":{"rendered":"Mayorista Armarios de Ba\u00f1o, Armario de Ba\u00f1o de Madera Contrachapada con Espejo LED Personalizado"},"content":{"rendered":"<div class=\"wp-block-columns is-layout-flex wp-container-core-columns-is-layout-9d6595d7 wp-block-columns-is-layout-flex\">\n<div class=\"wp-block-column is-layout-flow wp-block-column-is-layout-flow\">\n<h2 class=\"wp-block-heading\">Lavabos de un solo seno Caracter\u00edsticas:<\/h2>\n\n\n\n<p><strong>Aspecto minimalista<\/strong>: El cuerpo del armario gris claro tiene un tono de color suave y vers\u00e1til, adecuado para varios estilos de decoraci\u00f3n de ba\u00f1o, creando una atm\u00f3sfera de espacio ordenado y c\u00f3modo. El marco del armario con espejo es exquisito, y la superficie del espejo es clara. Combina la funcionalidad pr\u00e1ctica con elementos decorativos, a\u00f1adiendo un toque de elegancia al cuarto de ba\u00f1o.<\/p>\n\n\n\n<p><strong>Especificaciones est\u00e1ndar: <\/strong>La anchura es de 80 cm, que es un tama\u00f1o est\u00e1ndar compatible. Se adapta f\u00e1cilmente a la distribuci\u00f3n de la mayor\u00eda de los cuartos de ba\u00f1o familiares. Tanto si se trata de un cuarto de ba\u00f1o compacto y peque\u00f1o como de un cuarto de ba\u00f1o de tama\u00f1o normal, puede colocarse de forma razonable, sin ocupar demasiado espacio por ser demasiado ancho ni parecer estrecho por ser demasiado angosto, equilibrando la utilizaci\u00f3n del espacio y los requisitos de uso.<\/p>\n\n\n\n<p><strong>Pr\u00e1ctica funci\u00f3n de almacenamiento del armario con espejo<\/strong>: Adopta un dise\u00f1o de almacenamiento multizona. El armario con espejo proporciona un espacio de almacenamiento oculto, donde se pueden colocar art\u00edculos peque\u00f1os como cepillos de dientes, pasta de dientes y productos para el cuidado de la piel. La superficie del espejo protege la privacidad, permitiendo que los art\u00edculos de uso frecuente sean f\u00e1cilmente accesibles y est\u00e9n ordenados.<\/p>\n\n\n\n<p><strong>F\u00e1cil de limpiar<\/strong>: El lavabo integrado de cer\u00e1mica blanca tiene excelentes propiedades f\u00edsicas. La superficie es lisa y fina, no propensa a las manchas. Las manchas de agua y la suciedad pueden limpiarse f\u00e1cilmente con un pa\u00f1o suave. El mantenimiento diario se realiza sin esfuerzo y de forma c\u00f3moda, lo que mejora la experiencia de lavado.<\/p>\n<\/div>\n\n\n\n<div class=\"wp-block-column is-layout-flow wp-block-column-is-layout-flow\"><div class=\"wp-block-image\">\n<figure class=\"aligncenter size-full\"><img decoding=\"async\" width=\"700\" height=\"700\" src=\"https:\/\/www.shouyasanitary.com\/wp-content\/uploads\/2025\/07\/Wholesale-Bathroom-Vanity-Cabinet_1-1.webp\" alt=\"Mayorista Armario de Ba\u00f1o\" class=\"wp-image-1620\" style=\"object-fit:cover\" srcset=\"https:\/\/www.shouyasanitary.com\/wp-content\/uploads\/2025\/07\/Wholesale-Bathroom-Vanity-Cabinet_1-1.webp 700w, https:\/\/www.shouyasanitary.com\/wp-content\/uploads\/2025\/07\/Wholesale-Bathroom-Vanity-Cabinet_1-1-300x300.webp 300w, https:\/\/www.shouyasanitary.com\/wp-content\/uploads\/2025\/07\/Wholesale-Bathroom-Vanity-Cabinet_1-1-150x150.webp 150w, https:\/\/www.shouyasanitary.com\/wp-content\/uploads\/2025\/07\/Wholesale-Bathroom-Vanity-Cabinet_1-1-12x12.webp 12w, https:\/\/www.shouyasanitary.com\/wp-content\/uploads\/2025\/07\/Wholesale-Bathroom-Vanity-Cabinet_1-1-600x600.webp 600w, https:\/\/www.shouyasanitary.com\/wp-content\/uploads\/2025\/07\/Wholesale-Bathroom-Vanity-Cabinet_1-1-100x100.webp 100w\" sizes=\"(max-width: 700px) 100vw, 700px\" \/><\/figure>\n<\/div><\/div>\n<\/div>","protected":false},"excerpt":{"rendered":"<p>Mayoristas tocadores de ba\u00f1o gris personalizado, lavabo integrado, armario con espejo LED. Construcci\u00f3n de madera contrachapada, resistente a la humedad, tama\u00f1os grandes. \u00a1Contacto para presupuesto y cat\u00e1logo!<\/p>\n<h2>Armarios de Ba\u00f1o Atributos\uff1a<\/h2>\n<p><strong>N\u00ba de art\u00edculo<\/strong>: 3001-80<br \/><strong>Material del armario<\/strong>: Contrachapado<br \/><strong>Color del armario<\/strong>: Marr\u00f3n claro<br \/><strong>Espejo<\/strong>: Espejo LED (3,5 mm \/ 3,8 mm), iluminaci\u00f3n tricolor, desempa\u00f1ado con un solo toque, protegido con embalaje de espuma multicapa <br \/><strong>Tipo de instalaci\u00f3n<\/strong>: Montaje en pared <br \/><strong>Dimensiones (L \u00d7 A \u00d7 A)<\/strong>: 80 x 47 x 50 cm<br \/><strong>Peso bruto<\/strong>: 31 kg\/set<\/p>\n<h2>Personalizaci\u00f3n y servicios:<\/h2>\n<p><strong>OEM Y ODM<\/strong>: Soporte<br \/><strong>Dise\u00f1o<\/strong>: Gratis<br \/><strong>Accesorios<\/strong>: Lavabos, espejos, grifos y otros accesorios de ba\u00f1o<br \/><strong>Embalaje<\/strong>: Listo para montar<\/p>","protected":false},"featured_media":1620,"comment_status":"closed","ping_status":"closed","template":"","meta":{"_acf_changed":true},"product_brand":[],"product_cat":[20],"product_tag":[],"class_list":{"0":"post-1616","1":"product","2":"type-product","3":"status-publish","4":"has-post-thumbnail","6":"product_cat-wholesale-plywood-bathroom-vanity-cabinets","8":"first","9":"instock","10":"shipping-taxable","11":"product-type-simple"},"acf":[],"_links":{"self":[{"href":"https:\/\/www.shouyasanitary.com\/es\/wp-json\/wp\/v2\/product\/1616","targetHints":{"allow":["GET"]}}],"collection":[{"href":"https:\/\/www.shouyasanitary.com\/es\/wp-json\/wp\/v2\/product"}],"about":[{"href":"https:\/\/www.shouyasanitary.com\/es\/wp-json\/wp\/v2\/types\/product"}],"replies":[{"embeddable":true,"href":"https:\/\/www.shouyasanitary.com\/es\/wp-json\/wp\/v2\/comments?post=1616"}],"wp:featuredmedia":[{"embeddable":true,"href":"https:\/\/www.shouyasanitary.com\/es\/wp-json\/wp\/v2\/media\/1620"}],"wp:attachment":[{"href":"https:\/\/www.shouyasanitary.com\/es\/wp-json\/wp\/v2\/media?parent=1616"}],"wp:term":[{"taxonomy":"product_brand","embeddable":true,"href":"https:\/\/www.shouyasanitary.com\/es\/wp-json\/wp\/v2\/product_brand?post=1616"},{"taxonomy":"product_cat","embeddable":true,"href":"https:\/\/www.shouyasanitary.com\/es\/wp-json\/wp\/v2\/product_cat?post=1616"},{"taxonomy":"product_tag","embeddable":true,"href":"https:\/\/www.shouyasanitary.com\/es\/wp-json\/wp\/v2\/product_tag?post=1616"}],"curies":[{"name":"wp","href":"https:\/\/api.w.org\/{rel}","templated":true}]}}