{"id":1618,"date":"2025-08-01T11:31:08","date_gmt":"2025-08-01T11:31:08","guid":{"rendered":"https:\/\/www.shouyasanitary.com\/?post_type=product&#038;p=1618"},"modified":"2025-08-01T11:31:09","modified_gmt":"2025-08-01T11:31:09","slug":"wholesale-wall-cabinet-bathroom","status":"publish","type":"product","link":"https:\/\/www.shouyasanitary.com\/es\/producto\/wholesale-wall-cabinet-bathroom\/","title":{"rendered":"Mayorista Armario de Pared de Ba\u00f1o, Tocador de Ba\u00f1o Blanco con Cajones Fabricante de Armarios con Espejo de Alta Calidad"},"content":{"rendered":"<div class=\"wp-block-columns is-layout-flex wp-container-core-columns-is-layout-9d6595d7 wp-block-columns-is-layout-flex\">\n<div class=\"wp-block-column is-layout-flow wp-block-column-is-layout-flow\">\n<h2 class=\"wp-block-heading\">Venta al por mayor pared gabinete ba\u00f1o caracter\u00edsticas\uff1a<\/h2>\n\n\n\n<p><strong>Aspecto moderno<\/strong>: La combinaci\u00f3n de dos cajones y una sola puerta de armario crea una disposici\u00f3n limpia y ordenada. Todo el cuerpo adopta un tono blanco suave y claro, con un alto grado de uniformidad crom\u00e1tica desde el cuerpo del armario hasta la encimera y el armario con espejo. No hay interferencia de colores complejos, lo que crea una atm\u00f3sfera visual pura y tranquila, que puede integrarse f\u00e1cilmente en diversos espacios de ba\u00f1o minimalistas.<\/p>\n\n\n\n<p><strong>Material contrachapado de primera calidad<\/strong>: Fabricado mediante prensado cruzado de m\u00faltiples capas de chapas, el material de madera contrachapada tiene una estructura estable y puede soportar la frecuente apertura y cierre de cajones y puertas de armario sin deformarse. Tiene buena resistencia a la humedad, y despu\u00e9s de un tratamiento especial, puede resistir la humedad y la humedad en el cuarto de ba\u00f1o. Adem\u00e1s, tiene un buen comportamiento medioambiental, cumple las normas pertinentes, reduce la liberaci\u00f3n de sustancias nocivas y garantiza la seguridad y la tranquilidad durante su uso. Salvaguarda la durabilidad y la salud del mueble de ba\u00f1o.<\/p>\n\n\n\n<p><strong>Funci\u00f3n de almacenamiento<\/strong>: Los dos cajones se utilizan para clasificar los art\u00edculos peque\u00f1os, y la puerta del armario simple oculta los art\u00edculos grandes. Combinado con el armario con espejo LED para el almacenamiento, las \u00e1reas de almacenamiento est\u00e1n claramente definidas, por lo que es conveniente tomar las cosas, y eliminar el desorden, satisfacer las necesidades de almacenamiento de art\u00edculos de tocador diarios.<\/p>\n\n\n\n<p><strong>Ventajas del tama\u00f1o<\/strong>: La anchura de 100 cm es un tama\u00f1o de oro, adecuado para la mayor\u00eda de los dise\u00f1os de ba\u00f1o familiar. El espacio es amplio y no estrecho, capaz de acomodar el dise\u00f1o de doble caj\u00f3n y armario individual, equilibrar el almacenamiento y el movimiento, no abarrotado en peque\u00f1os apartamentos, y armonioso en grandes cuartos de ba\u00f1o.<\/p>\n\n\n\n<p><strong>Suministro de la f\u00e1brica de Shouya<\/strong>: La personalizaci\u00f3n a granel disfruta de m\u00e1s descuentos para satisfacer las necesidades de aprovisionamiento.<\/p>\n<\/div>\n\n\n\n<div class=\"wp-block-column is-layout-flow wp-block-column-is-layout-flow\"><div class=\"wp-block-image\">\n<figure class=\"aligncenter size-full\"><img decoding=\"async\" width=\"700\" height=\"700\" src=\"https:\/\/www.shouyasanitary.com\/wp-content\/uploads\/2025\/07\/OEM-bathroom-cabinet-vanity_1.webp\" alt=\"OEM mueble de ba\u00f1o vanity_1\" class=\"wp-image-1627\" style=\"object-fit:cover\" srcset=\"https:\/\/www.shouyasanitary.com\/wp-content\/uploads\/2025\/07\/OEM-bathroom-cabinet-vanity_1.webp 700w, https:\/\/www.shouyasanitary.com\/wp-content\/uploads\/2025\/07\/OEM-bathroom-cabinet-vanity_1-300x300.webp 300w, https:\/\/www.shouyasanitary.com\/wp-content\/uploads\/2025\/07\/OEM-bathroom-cabinet-vanity_1-150x150.webp 150w, https:\/\/www.shouyasanitary.com\/wp-content\/uploads\/2025\/07\/OEM-bathroom-cabinet-vanity_1-12x12.webp 12w, https:\/\/www.shouyasanitary.com\/wp-content\/uploads\/2025\/07\/OEM-bathroom-cabinet-vanity_1-600x600.webp 600w, https:\/\/www.shouyasanitary.com\/wp-content\/uploads\/2025\/07\/OEM-bathroom-cabinet-vanity_1-100x100.webp 100w\" sizes=\"(max-width: 700px) 100vw, 700px\" \/><\/figure>\n<\/div><\/div>\n<\/div>","protected":false},"excerpt":{"rendered":"<p>Bienvenido a la venta al por mayor de armario de pared para cuarto de ba\u00f1o. El dise\u00f1o montado en la pared combina un armario con espejo con un amplio espacio de almacenamiento para aportar pulcritud y comodidad a su cuarto de ba\u00f1o. Incluye cajones y armarios grandes para satisfacer perfectamente diversas necesidades de almacenamiento. P\u00f3ngase en contacto con nosotros para obtener un presupuesto y un cat\u00e1logo de productos.\u00a0<\/p>\n<h2>Atributos del gabinete de pared de ba\u00f1o\uff1a<\/h2>\n<p><strong>Art\u00edculo No:<\/strong>9501-100c<strong><br \/>Material del armario:<\/strong>\u00a0Contrachapado<br \/><strong>Color del armario:<\/strong> Blanco<br \/><strong>Espejo:<\/strong> Espejo LED (3,5 mm\/3,8 mm), iluminaci\u00f3n tricolor, desempa\u00f1ado con un solo toque, protegido con embalaje de espuma multicapa<br \/><strong>Tipo de instalaci\u00f3n:<\/strong>\u00a0Montaje en pared<br \/><strong>Dimensiones (L\u00d7A\u00d7H):<\/strong> 100x50x51 cm<br \/><strong>Peso bruto:<\/strong> 32 kg\/set<\/p>\n<h2>Personalizaci\u00f3n y servicios:<\/h2>\n<p><strong>OEM Y ODM<\/strong>: Soporte<br \/><strong>Dise\u00f1o<\/strong>: Gratis<br \/><strong>Accesorios<\/strong>: Lavabos, espejos, grifos y otros accesorios de ba\u00f1o<br \/><strong>Embalaje<\/strong>: Listo para montar<\/p>","protected":false},"featured_media":1627,"comment_status":"closed","ping_status":"closed","template":"","meta":{"_acf_changed":true},"product_brand":[],"product_cat":[20],"product_tag":[],"class_list":{"0":"post-1618","1":"product","2":"type-product","3":"status-publish","4":"has-post-thumbnail","6":"product_cat-wholesale-plywood-bathroom-vanity-cabinets","8":"first","9":"instock","10":"shipping-taxable","11":"product-type-simple"},"acf":[],"_links":{"self":[{"href":"https:\/\/www.shouyasanitary.com\/es\/wp-json\/wp\/v2\/product\/1618","targetHints":{"allow":["GET"]}}],"collection":[{"href":"https:\/\/www.shouyasanitary.com\/es\/wp-json\/wp\/v2\/product"}],"about":[{"href":"https:\/\/www.shouyasanitary.com\/es\/wp-json\/wp\/v2\/types\/product"}],"replies":[{"embeddable":true,"href":"https:\/\/www.shouyasanitary.com\/es\/wp-json\/wp\/v2\/comments?post=1618"}],"wp:featuredmedia":[{"embeddable":true,"href":"https:\/\/www.shouyasanitary.com\/es\/wp-json\/wp\/v2\/media\/1627"}],"wp:attachment":[{"href":"https:\/\/www.shouyasanitary.com\/es\/wp-json\/wp\/v2\/media?parent=1618"}],"wp:term":[{"taxonomy":"product_brand","embeddable":true,"href":"https:\/\/www.shouyasanitary.com\/es\/wp-json\/wp\/v2\/product_brand?post=1618"},{"taxonomy":"product_cat","embeddable":true,"href":"https:\/\/www.shouyasanitary.com\/es\/wp-json\/wp\/v2\/product_cat?post=1618"},{"taxonomy":"product_tag","embeddable":true,"href":"https:\/\/www.shouyasanitary.com\/es\/wp-json\/wp\/v2\/product_tag?post=1618"}],"curies":[{"name":"wp","href":"https:\/\/api.w.org\/{rel}","templated":true}]}}