{"id":1619,"date":"2025-08-01T11:31:09","date_gmt":"2025-08-01T11:31:09","guid":{"rendered":"https:\/\/www.shouyasanitary.com\/?post_type=product&#038;p=1619"},"modified":"2025-08-01T11:31:14","modified_gmt":"2025-08-01T11:31:14","slug":"custom-plywood-bathroom-cabinets","status":"publish","type":"product","link":"https:\/\/www.shouyasanitary.com\/es\/producto\/custom-plywood-bathroom-cabinets\/","title":{"rendered":"Armarios de ba\u00f1o de madera contrachapada a medida, mayorista de tocador flotante para ba\u00f1o con lavabo individual"},"content":{"rendered":"<div class=\"wp-block-columns is-layout-flex wp-container-core-columns-is-layout-9d6595d7 wp-block-columns-is-layout-flex\">\n<div class=\"wp-block-column is-layout-flow wp-block-column-is-layout-flow\">\n<h2 class=\"wp-block-heading\">Armarios de ba\u00f1o de madera contrachapada Caracter\u00edsticas:<\/h2>\n\n\n\n<p><strong>Ventajas del material contrachapado<\/strong>: Se forma prensando m\u00faltiples capas de chapas de madera de forma entrelazada. La estructura es estable y tiene una fuerte resistencia a la deformaci\u00f3n, lo que garantiza que la forma del mueble pueda mantenerse durante mucho tiempo. Tiene un excelente rendimiento a prueba de humedad, resistiendo eficazmente el vapor de agua en el cuarto de ba\u00f1o, y prolongando la vida \u00fatil. Adem\u00e1s, cumple las normas de protecci\u00f3n del medio ambiente, con baja liberaci\u00f3n de sustancias nocivas, garantizando un uso seguro y fiable.<\/p>\n\n\n\n<p><strong>Ventajas del tama\u00f1o<\/strong>: La anchura de 60 cm es precisa y adecuada para diversos espacios de ba\u00f1o. En apartamentos peque\u00f1os, no ocupa demasiado espacio, permitiendo una zona de almacenamiento de lavabo completa incluso en un ba\u00f1o estrecho; mientras que en espacios grandes, puede servir como almacenamiento suplementario o como configuraci\u00f3n de ba\u00f1o de invitados, sin parecer fuera de lugar y con una distribuci\u00f3n m\u00e1s flexible.<\/p>\n\n\n\n<p><strong>Amplio espacio de almacenamiento<\/strong>: Aunque el tama\u00f1o es peque\u00f1o, la funci\u00f3n de almacenamiento es pr\u00e1ctica. El armario con espejo puede almacenar productos para el cuidado de la piel y art\u00edculos de tocador de uso frecuente, y es de f\u00e1cil acceso. El cuerpo inferior del armario tiene un dise\u00f1o en capas, que se puede utilizar para el almacenamiento clasificado de toallas, productos de ba\u00f1o, etc., aprovechando al m\u00e1ximo el espacio vertical, y permitiendo que los armarios de ba\u00f1o de tama\u00f1o peque\u00f1o tambi\u00e9n cumplan con el almacenamiento ordenado de los art\u00edculos de tocador diarios.<\/p>\n\n\n\n<p><strong>Medioambiental y saludable:<\/strong> Siguiendo estrictamente las normas de protecci\u00f3n medioambiental, la emisi\u00f3n de sustancias nocivas como el formaldeh\u00eddo es extremadamente baja. Esto no s\u00f3lo satisface la b\u00fasqueda de los consumidores modernos de un entorno dom\u00e9stico saludable, sino que tambi\u00e9n garantiza que<strong>,<\/strong> en un espacio de ba\u00f1o relativamente cerrado, no causar\u00e1 da\u00f1os a la salud humana, proporcionando a los usuarios una experiencia de uso tranquilizadora.<\/p>\n<\/div>\n\n\n\n<div class=\"wp-block-column is-layout-flow wp-block-column-is-layout-flow\"><div class=\"wp-block-image\">\n<figure class=\"aligncenter size-full\"><img decoding=\"async\" width=\"700\" height=\"700\" src=\"https:\/\/www.shouyasanitary.com\/wp-content\/uploads\/2025\/07\/Bulk-Purchases-Bathroom-Cabinet-Vanity_1.webp\" alt=\"Compras a granel Mueble de ba\u00f1o Vanity\" class=\"wp-image-1624\" style=\"object-fit:cover\" srcset=\"https:\/\/www.shouyasanitary.com\/wp-content\/uploads\/2025\/07\/Bulk-Purchases-Bathroom-Cabinet-Vanity_1.webp 700w, https:\/\/www.shouyasanitary.com\/wp-content\/uploads\/2025\/07\/Bulk-Purchases-Bathroom-Cabinet-Vanity_1-300x300.webp 300w, https:\/\/www.shouyasanitary.com\/wp-content\/uploads\/2025\/07\/Bulk-Purchases-Bathroom-Cabinet-Vanity_1-150x150.webp 150w, https:\/\/www.shouyasanitary.com\/wp-content\/uploads\/2025\/07\/Bulk-Purchases-Bathroom-Cabinet-Vanity_1-12x12.webp 12w, https:\/\/www.shouyasanitary.com\/wp-content\/uploads\/2025\/07\/Bulk-Purchases-Bathroom-Cabinet-Vanity_1-600x600.webp 600w, https:\/\/www.shouyasanitary.com\/wp-content\/uploads\/2025\/07\/Bulk-Purchases-Bathroom-Cabinet-Vanity_1-100x100.webp 100w\" sizes=\"(max-width: 700px) 100vw, 700px\" \/><\/figure>\n<\/div><\/div>\n<\/div>","protected":false},"excerpt":{"rendered":"<p>Armarios de ba\u00f1o de madera contrachapada personalizados, que adoptan material de madera contrachapada de alta gama, armario con espejo y dise\u00f1o de \u00e1rea de almacenamiento abundante, especialmente dise\u00f1ados para ba\u00f1os modernos. La estructura inteligente montado en la pared no s\u00f3lo ahorra espacio, sino que tambi\u00e9n mantiene el cuarto de ba\u00f1o ordenado. Es una opci\u00f3n ideal para quienes buscan un espacio de ba\u00f1o moderno, sencillo y pr\u00e1ctico. P\u00f3ngase en contacto con nosotros para solicitar un presupuesto.<\/p>\n<h2>Armarios de ba\u00f1o de madera contrachapada a medida Atributos\uff1a<\/h2>\n<p><strong>N\u00ba de art\u00edculo<\/strong>: 3003-60<br \/><strong>Material del armario<\/strong>: Contrachapado<br \/><strong>Color del armario<\/strong>: Amarillo<\/p>\n<p><strong>Espejo:<\/strong> Espejo LED (3,5 mm\/3,8 mm), iluminaci\u00f3n tricolor, desempa\u00f1ado con un solo toque, protegido con embalaje de espuma multicapa<br \/><strong>Tipo de instalaci\u00f3n:<\/strong>\u00a0Montaje en pared<br \/><strong>Dimensiones (L\u00d7A\u00d7H):<\/strong> 60*47*45cm<\/p>\n<h2>Personalizaci\u00f3n y servicios:<\/h2>\n<p><strong>OEM Y ODM<\/strong>: Soporte<br \/><strong>Dise\u00f1o<\/strong>: Gratis<br \/><strong>Accesorios<\/strong>: Lavabos, espejos, grifos y otros accesorios de ba\u00f1o<br \/><strong>Embalaje<\/strong>: Listo para montar<\/p>","protected":false},"featured_media":1624,"comment_status":"closed","ping_status":"closed","template":"","meta":{"_acf_changed":true},"product_brand":[],"product_cat":[20],"product_tag":[],"class_list":{"0":"post-1619","1":"product","2":"type-product","3":"status-publish","4":"has-post-thumbnail","6":"product_cat-wholesale-plywood-bathroom-vanity-cabinets","8":"first","9":"instock","10":"shipping-taxable","11":"product-type-simple"},"acf":[],"_links":{"self":[{"href":"https:\/\/www.shouyasanitary.com\/es\/wp-json\/wp\/v2\/product\/1619","targetHints":{"allow":["GET"]}}],"collection":[{"href":"https:\/\/www.shouyasanitary.com\/es\/wp-json\/wp\/v2\/product"}],"about":[{"href":"https:\/\/www.shouyasanitary.com\/es\/wp-json\/wp\/v2\/types\/product"}],"replies":[{"embeddable":true,"href":"https:\/\/www.shouyasanitary.com\/es\/wp-json\/wp\/v2\/comments?post=1619"}],"wp:featuredmedia":[{"embeddable":true,"href":"https:\/\/www.shouyasanitary.com\/es\/wp-json\/wp\/v2\/media\/1624"}],"wp:attachment":[{"href":"https:\/\/www.shouyasanitary.com\/es\/wp-json\/wp\/v2\/media?parent=1619"}],"wp:term":[{"taxonomy":"product_brand","embeddable":true,"href":"https:\/\/www.shouyasanitary.com\/es\/wp-json\/wp\/v2\/product_brand?post=1619"},{"taxonomy":"product_cat","embeddable":true,"href":"https:\/\/www.shouyasanitary.com\/es\/wp-json\/wp\/v2\/product_cat?post=1619"},{"taxonomy":"product_tag","embeddable":true,"href":"https:\/\/www.shouyasanitary.com\/es\/wp-json\/wp\/v2\/product_tag?post=1619"}],"curies":[{"name":"wp","href":"https:\/\/api.w.org\/{rel}","templated":true}]}}