{"id":1649,"date":"2025-08-01T11:30:27","date_gmt":"2025-08-01T11:30:27","guid":{"rendered":"https:\/\/www.shouyasanitary.com\/?post_type=product&#038;p=1649"},"modified":"2025-08-01T11:30:36","modified_gmt":"2025-08-01T11:30:36","slug":"wholesale-bathroom-vanity-with-mirror","status":"publish","type":"product","link":"https:\/\/www.shouyasanitary.com\/es\/producto\/wholesale-bathroom-vanity-with-mirror\/","title":{"rendered":"Mayorista Tocador de Ba\u00f1o con Espejo, Lote Armario de Ba\u00f1o a Medida Armarios de PVC Impermeable para Proyectos de Ba\u00f1os Comerciales"},"content":{"rendered":"<div class=\"wp-block-columns is-layout-flex wp-container-core-columns-is-layout-9d6595d7 wp-block-columns-is-layout-flex\">\n<div class=\"wp-block-column is-layout-flow wp-block-column-is-layout-flow\">\n<h2 class=\"wp-block-heading\">Tocador de ba\u00f1o con espejo Caracter\u00edsticas\uff1a<\/h2>\n\n\n\n<p><strong>Aspecto moderno y sencillo<\/strong>:El producto adopta un dise\u00f1o suspendido, combinado con espejos circulares de l\u00e1mparas inteligentes. Las l\u00edneas sencillas se funden con los paneles tridimensionales de la puerta en forma de onda, creando un ambiente luminoso y a la moda. Es adecuado para espacios de ba\u00f1o modernos en hoteles de gama alta, apartamentos totalmente acabados, etc., cumpliendo los requisitos est\u00e9ticos de los dise\u00f1os de ba\u00f1os modernos.<\/p>\n\n\n\n<p><strong>Material de PVC impermeable<\/strong>l: Tiene un excelente rendimiento a prueba de agua y humedad. No le afecta el ambiente h\u00famedo del cuarto de ba\u00f1o. La superficie es f\u00e1cil de limpiar y resistente a los ara\u00f1azos. No se deforma ni cambia de color durante un largo periodo de uso, lo que reduce los costes de mantenimiento y combina belleza y practicidad.<\/p>\n\n\n\n<p><strong>Espacio de almacenamiento flexible<\/strong>: El armario est\u00e1 dividido en varias zonas de almacenamiento. La amplia encimera puede albergar art\u00edculos de uso frecuente. Los cajones ocultos y las puertas del armario se combinan para proporcionar un almacenamiento ordenado de los art\u00edculos de aseo, satisfaciendo las necesidades de almacenamiento de m\u00faltiples usuarios en habitaciones de hotel y ba\u00f1os comerciales. Resulta c\u00f3modo y eficaz coger los art\u00edculos.<\/p>\n\n\n\n<p><strong>Garant\u00eda de calidad<\/strong>: Siguiendo estrictas normas de producci\u00f3n, la estructura del armario es estable y los componentes de ferreter\u00eda se han sometido a pruebas de durabilidad. Ha superado m\u00faltiples pruebas, incluidas las de impermeabilidad y resistencia a la carga, lo que garantiza una calidad fiable. Proporciona una soluci\u00f3n de almacenamiento de ba\u00f1o estable y a largo plazo, reduciendo los posibles problemas posventa.<\/p>\n<\/div>\n\n\n\n<div class=\"wp-block-column is-layout-flow wp-block-column-is-layout-flow\"><div class=\"wp-block-image\">\n<figure class=\"aligncenter size-full\"><img decoding=\"async\" width=\"700\" height=\"700\" src=\"https:\/\/www.shouyasanitary.com\/wp-content\/uploads\/2025\/07\/Bulk-Purchases-Bathroom-Cabinet-Vanity-1.webp\" alt=\"Compras a granel Mueble de ba\u00f1o Vanity\" class=\"wp-image-1654\" style=\"object-fit:cover\" srcset=\"https:\/\/www.shouyasanitary.com\/wp-content\/uploads\/2025\/07\/Bulk-Purchases-Bathroom-Cabinet-Vanity-1.webp 700w, https:\/\/www.shouyasanitary.com\/wp-content\/uploads\/2025\/07\/Bulk-Purchases-Bathroom-Cabinet-Vanity-1-300x300.webp 300w, https:\/\/www.shouyasanitary.com\/wp-content\/uploads\/2025\/07\/Bulk-Purchases-Bathroom-Cabinet-Vanity-1-150x150.webp 150w, https:\/\/www.shouyasanitary.com\/wp-content\/uploads\/2025\/07\/Bulk-Purchases-Bathroom-Cabinet-Vanity-1-12x12.webp 12w, https:\/\/www.shouyasanitary.com\/wp-content\/uploads\/2025\/07\/Bulk-Purchases-Bathroom-Cabinet-Vanity-1-600x600.webp 600w, https:\/\/www.shouyasanitary.com\/wp-content\/uploads\/2025\/07\/Bulk-Purchases-Bathroom-Cabinet-Vanity-1-100x100.webp 100w\" sizes=\"(max-width: 700px) 100vw, 700px\" \/><\/figure>\n<\/div><\/div>\n<\/div>","protected":false},"excerpt":{"rendered":"<p>Mayorista tocador de ba\u00f1o con espejo, construcci\u00f3n de PVC impermeable, resistente a la humedad y f\u00e1cil de mantener. Ideal para proyectos de ba\u00f1os comerciales como hoteles y apartamentos, con personalizaci\u00f3n a granel disponible. \u00a1P\u00f3ngase en contacto con nosotros para obtener un cat\u00e1logo de productos!<\/p>\n<h2>Tocador de ba\u00f1o con espejo Atributos\uff1a<\/h2>\n<p><strong>Art\u00edculo No:<\/strong>6046-100y<strong><br \/>Material del armario:<\/strong> PVC<br \/><strong>Color del armario:<\/strong> Amarillo<br \/><strong>Espejo:<\/strong> Espejo LED (3,5 mm\/3,8 mm), iluminaci\u00f3n tricolor, desempa\u00f1ado con un solo toque, protegido con embalaje de espuma multicapa<br \/><strong>Tipo de instalaci\u00f3n:<\/strong>\u00a0Montaje en pared<br \/><strong>Dimensiones (L\u00d7A\u00d7H):<\/strong> 100*48*47 cm<br \/><strong>Peso bruto:<\/strong> 32 kg\/set<\/p>\n<h2>Personalizaci\u00f3n y servicios:<\/h2>\n<p><strong>OEM Y ODM<\/strong>: Soporte<br \/><strong>Dise\u00f1o<\/strong>: Gratis<br \/><strong>Accesorios<\/strong>: Lavabos, espejos, grifos y otros accesorios de ba\u00f1o<br \/><strong>Embalaje<\/strong>: Listo para montar<\/p>","protected":false},"featured_media":1654,"comment_status":"closed","ping_status":"closed","template":"","meta":{"_acf_changed":true},"product_brand":[],"product_cat":[24],"product_tag":[],"class_list":{"0":"post-1649","1":"product","2":"type-product","3":"status-publish","4":"has-post-thumbnail","6":"product_cat-wholesale-pvc-bathroom-vanity-cabinets","8":"first","9":"instock","10":"shipping-taxable","11":"product-type-simple"},"acf":[],"_links":{"self":[{"href":"https:\/\/www.shouyasanitary.com\/es\/wp-json\/wp\/v2\/product\/1649","targetHints":{"allow":["GET"]}}],"collection":[{"href":"https:\/\/www.shouyasanitary.com\/es\/wp-json\/wp\/v2\/product"}],"about":[{"href":"https:\/\/www.shouyasanitary.com\/es\/wp-json\/wp\/v2\/types\/product"}],"replies":[{"embeddable":true,"href":"https:\/\/www.shouyasanitary.com\/es\/wp-json\/wp\/v2\/comments?post=1649"}],"wp:featuredmedia":[{"embeddable":true,"href":"https:\/\/www.shouyasanitary.com\/es\/wp-json\/wp\/v2\/media\/1654"}],"wp:attachment":[{"href":"https:\/\/www.shouyasanitary.com\/es\/wp-json\/wp\/v2\/media?parent=1649"}],"wp:term":[{"taxonomy":"product_brand","embeddable":true,"href":"https:\/\/www.shouyasanitary.com\/es\/wp-json\/wp\/v2\/product_brand?post=1649"},{"taxonomy":"product_cat","embeddable":true,"href":"https:\/\/www.shouyasanitary.com\/es\/wp-json\/wp\/v2\/product_cat?post=1649"},{"taxonomy":"product_tag","embeddable":true,"href":"https:\/\/www.shouyasanitary.com\/es\/wp-json\/wp\/v2\/product_tag?post=1649"}],"curies":[{"name":"wp","href":"https:\/\/api.w.org\/{rel}","templated":true}]}}