{"id":1650,"date":"2025-08-01T11:30:25","date_gmt":"2025-08-01T11:30:25","guid":{"rendered":"https:\/\/www.shouyasanitary.com\/?post_type=product&#038;p=1650"},"modified":"2025-08-01T11:30:27","modified_gmt":"2025-08-01T11:30:27","slug":"custom-bathroom-vanities-with-tops","status":"publish","type":"product","link":"https:\/\/www.shouyasanitary.com\/es\/producto\/custom-bathroom-vanities-with-tops\/","title":{"rendered":"Tocadores de Ba\u00f1o a Medida con Encimera, Mueble de Ba\u00f1o con Espejo en PVC de Ingenieria Estilo Franc\u00e9s a Granel"},"content":{"rendered":"<div class=\"wp-block-columns is-layout-flex wp-container-core-columns-is-layout-9d6595d7 wp-block-columns-is-layout-flex\">\n<div class=\"wp-block-column is-layout-flow wp-block-column-is-layout-flow\">\n<h2 class=\"wp-block-heading\">Tocadores de ba\u00f1o con encimeras Caracter\u00edsticas\uff1a<\/h2>\n\n\n\n<p><strong>Dise\u00f1o de estilo franc\u00e9s: <\/strong>Cuerpo de armario suspendido con un espejo circular inteligente. La encimera de granito sin juntas se integra perfectamente en el mueble, por lo que se adapta a distintos espacios de ba\u00f1o y realza el atractivo visual general.<\/p>\n\n\n\n<p><strong>Material de alta calidad<\/strong>: Mueble de PVC + encimera de granito sin juntas. Impermeable, a prueba de humedad y resistente a la humedad. El granito es resistente al rayado a altas temperaturas. La superficie de PVC es f\u00e1cil de limpiar y no se deforma con el tiempo, equilibrando practicidad y est\u00e9tica.<\/p>\n\n\n\n<p><strong>Dise\u00f1o de zonificaci\u00f3n multinivel:<\/strong> La encimera de granito permite guardar los objetos de uso m\u00e1s frecuente. Los cajones y armarios ocultos se utilizan para el almacenamiento separado, acomodando el almacenamiento de art\u00edculos de tocador de varias personas y proporcionando un acceso c\u00f3modo y ordenado.<\/p>\n\n\n\n<p><strong>Suministro de f\u00e1brica, garant\u00eda de calidad<\/strong>: La estructura es estable, los componentes de ferreter\u00eda son duraderos y ha superado las pruebas de impermeabilidad y carga. El lavabo de granito est\u00e1 firmemente combinado con el mueble de PVC, lo que garantiza un uso fiable. Proporciona una soluci\u00f3n de ba\u00f1o duradera y fiable para proyectos comerciales.<\/p>\n<\/div>\n\n\n\n<div class=\"wp-block-column is-layout-flow wp-block-column-is-layout-flow\"><div class=\"wp-block-image\">\n<figure class=\"aligncenter size-full\"><img decoding=\"async\" width=\"700\" height=\"700\" src=\"https:\/\/www.shouyasanitary.com\/wp-content\/uploads\/2025\/07\/OEM-bathroom-cabinet-vanity-2.webp\" alt=\"OEM mueble de ba\u00f1o tocador\" class=\"wp-image-1657\" style=\"object-fit:cover\" srcset=\"https:\/\/www.shouyasanitary.com\/wp-content\/uploads\/2025\/07\/OEM-bathroom-cabinet-vanity-2.webp 700w, https:\/\/www.shouyasanitary.com\/wp-content\/uploads\/2025\/07\/OEM-bathroom-cabinet-vanity-2-300x300.webp 300w, https:\/\/www.shouyasanitary.com\/wp-content\/uploads\/2025\/07\/OEM-bathroom-cabinet-vanity-2-150x150.webp 150w, https:\/\/www.shouyasanitary.com\/wp-content\/uploads\/2025\/07\/OEM-bathroom-cabinet-vanity-2-12x12.webp 12w, https:\/\/www.shouyasanitary.com\/wp-content\/uploads\/2025\/07\/OEM-bathroom-cabinet-vanity-2-600x600.webp 600w, https:\/\/www.shouyasanitary.com\/wp-content\/uploads\/2025\/07\/OEM-bathroom-cabinet-vanity-2-100x100.webp 100w\" sizes=\"(max-width: 700px) 100vw, 700px\" \/><\/figure>\n<\/div><\/div>\n<\/div>","protected":false},"excerpt":{"rendered":"<p>Tocadores de ba\u00f1o a medida con encimera, fabricados en PVC con lavabo de losa de roca integrado, espejo redondo iluminado y almacenamiento oculto. Resistentes a la humedad y robustos. Ideal para hosteler\u00eda, proyectos de alquiler.  Suministro directo de f\u00e1brica Shouya, \u00a1le invitamos a ponerse en contacto con nosotros para obtener un presupuesto!<\/p>\n<h2>Tocadores de ba\u00f1o con atributos\uff1a<\/h2>\n<p><strong>Art\u00edculo No:<\/strong>6047-120G<strong><br \/>Material del armario:<\/strong> PVC<br \/><strong>Color del armario:<\/strong> Gris<br \/><strong>Espejo:<\/strong> Espejo LED (3,5 mm\/3,8 mm), iluminaci\u00f3n tricolor, desempa\u00f1ado con un solo toque, protegido con embalaje de espuma multicapa<br \/><strong>Tipo de instalaci\u00f3n:<\/strong>\u00a0Montaje en pared<br \/><strong>Dimensiones (L\u00d7A\u00d7H):<\/strong> 120*50*47 cm<br \/><strong>Peso bruto:<\/strong> 38 kg\/set<\/p>\n<h2>Personalizaci\u00f3n y servicios:<\/h2>\n<p><strong>OEM Y ODM<\/strong>: Soporte<br \/><strong>Dise\u00f1o<\/strong>: Gratis<br \/><strong>Accesorios<\/strong>: Lavabos, espejos, grifos y otros accesorios de ba\u00f1o<br \/><strong>Embalaje<\/strong>: Listo para montar<\/p>","protected":false},"featured_media":1657,"comment_status":"closed","ping_status":"closed","template":"","meta":{"_acf_changed":true},"product_brand":[],"product_cat":[24],"product_tag":[],"class_list":{"0":"post-1650","1":"product","2":"type-product","3":"status-publish","4":"has-post-thumbnail","6":"product_cat-wholesale-pvc-bathroom-vanity-cabinets","8":"first","9":"instock","10":"shipping-taxable","11":"product-type-simple"},"acf":[],"_links":{"self":[{"href":"https:\/\/www.shouyasanitary.com\/es\/wp-json\/wp\/v2\/product\/1650","targetHints":{"allow":["GET"]}}],"collection":[{"href":"https:\/\/www.shouyasanitary.com\/es\/wp-json\/wp\/v2\/product"}],"about":[{"href":"https:\/\/www.shouyasanitary.com\/es\/wp-json\/wp\/v2\/types\/product"}],"replies":[{"embeddable":true,"href":"https:\/\/www.shouyasanitary.com\/es\/wp-json\/wp\/v2\/comments?post=1650"}],"wp:featuredmedia":[{"embeddable":true,"href":"https:\/\/www.shouyasanitary.com\/es\/wp-json\/wp\/v2\/media\/1657"}],"wp:attachment":[{"href":"https:\/\/www.shouyasanitary.com\/es\/wp-json\/wp\/v2\/media?parent=1650"}],"wp:term":[{"taxonomy":"product_brand","embeddable":true,"href":"https:\/\/www.shouyasanitary.com\/es\/wp-json\/wp\/v2\/product_brand?post=1650"},{"taxonomy":"product_cat","embeddable":true,"href":"https:\/\/www.shouyasanitary.com\/es\/wp-json\/wp\/v2\/product_cat?post=1650"},{"taxonomy":"product_tag","embeddable":true,"href":"https:\/\/www.shouyasanitary.com\/es\/wp-json\/wp\/v2\/product_tag?post=1650"}],"curies":[{"name":"wp","href":"https:\/\/api.w.org\/{rel}","templated":true}]}}