{"id":1651,"date":"2025-08-01T11:30:23","date_gmt":"2025-08-01T11:30:23","guid":{"rendered":"https:\/\/www.shouyasanitary.com\/?post_type=product&#038;p=1651"},"modified":"2025-08-01T11:30:25","modified_gmt":"2025-08-01T11:30:25","slug":"wholesale-master-bathroom-vanity","status":"publish","type":"product","link":"https:\/\/www.shouyasanitary.com\/es\/producto\/wholesale-master-bathroom-vanity\/","title":{"rendered":"Ingenier\u00eda de venta al por mayor Master ba\u00f1o Vanidad, Moderno Minimalista PVC Gabinetes de ba\u00f1o con espejo inteligente Fabricante"},"content":{"rendered":"<div class=\"wp-block-columns is-layout-flex wp-container-core-columns-is-layout-9d6595d7 wp-block-columns-is-layout-flex\">\n<div class=\"wp-block-column is-layout-flow wp-block-column-is-layout-flow\">\n<h2 class=\"wp-block-heading\">Caracter\u00edsticas del tocador del ba\u00f1o principal\uff1a<\/h2>\n\n\n\n<p><strong>Aspecto moderno: <\/strong>Las l\u00edneas son sencillas y suaves, y el elegante cuerpo blanco del mueble se complementa con unos exquisitos tiradores dorados, lo que le confiere un aspecto muy a la moda. Tambi\u00e9n est\u00e1 equipado con lentes LED, que no solo satisfacen las necesidades diarias de aseo, sino que tambi\u00e9n a\u00f1aden un toque de grandeza y singularidad al cuarto de ba\u00f1o.<\/p>\n\n\n\n<p><strong>Material duradero<\/strong>: El cuerpo del mueble est\u00e1 hecho de material de PVC de alta calidad, que tiene excelentes propiedades impermeables y a prueba de humedad, resistiendo eficazmente el ambiente h\u00famedo del cuarto de ba\u00f1o. La superficie se ha sometido a un tratamiento especial, por lo que es resistente al desgaste y no es propenso a la decoloraci\u00f3n. La encimera est\u00e1 fabricada con materiales resistentes y duraderos, f\u00e1ciles de limpiar y mantener.<\/p>\n\n\n\n<p><strong>Almacenamiento organizado<\/strong>: El dise\u00f1o de doble caj\u00f3n en la parte inferior proporciona un amplio espacio de almacenamiento privado, adecuado para almacenar algunos art\u00edculos de uso poco frecuente o art\u00edculos de privacidad personal, haciendo que el espacio de ba\u00f1o sea m\u00e1s ordenado y ordenado.<\/p>\n\n\n\n<p><strong>Estricto control de calidad:<\/strong> Nuestro mueble de ba\u00f1o ha sido sometido a estrictas normas de producci\u00f3n y m\u00faltiples procedimientos de inspecci\u00f3n de calidad. El material de PVC del cuerpo del armario es estructuralmente estable y tiene una excelente capacidad de carga, y no es propenso a la deformaci\u00f3n. Tanto el armaz\u00f3n general como los detalles demuestran una calidad sobresaliente, proporcionando una garant\u00eda fiable para su uso.<\/p>\n\n\n\n<p><strong>Soluciones personalizadas<\/strong>: Proporcionamos soluciones personalizadas de armarios de ba\u00f1o de PVC, por ejemplo, color, acabado, tama\u00f1o, marca, logotipo, etc., para satisfacer sus necesidades de marca.<\/p>\n<\/div>\n\n\n\n<div class=\"wp-block-column is-layout-flow wp-block-column-is-layout-flow\"><div class=\"wp-block-image\">\n<figure class=\"aligncenter size-full\"><img decoding=\"async\" width=\"700\" height=\"700\" src=\"https:\/\/www.shouyasanitary.com\/wp-content\/uploads\/2025\/07\/Factory-made-custom-bathroom-cabinet-vanity-1.webp\" alt=\"Mueble de ba\u00f1o a medida de f\u00e1brica\" class=\"wp-image-1661\" style=\"object-fit:cover\" srcset=\"https:\/\/www.shouyasanitary.com\/wp-content\/uploads\/2025\/07\/Factory-made-custom-bathroom-cabinet-vanity-1.webp 700w, https:\/\/www.shouyasanitary.com\/wp-content\/uploads\/2025\/07\/Factory-made-custom-bathroom-cabinet-vanity-1-300x300.webp 300w, https:\/\/www.shouyasanitary.com\/wp-content\/uploads\/2025\/07\/Factory-made-custom-bathroom-cabinet-vanity-1-150x150.webp 150w, https:\/\/www.shouyasanitary.com\/wp-content\/uploads\/2025\/07\/Factory-made-custom-bathroom-cabinet-vanity-1-12x12.webp 12w, https:\/\/www.shouyasanitary.com\/wp-content\/uploads\/2025\/07\/Factory-made-custom-bathroom-cabinet-vanity-1-600x600.webp 600w, https:\/\/www.shouyasanitary.com\/wp-content\/uploads\/2025\/07\/Factory-made-custom-bathroom-cabinet-vanity-1-100x100.webp 100w\" sizes=\"(max-width: 700px) 100vw, 700px\" \/><\/figure>\n<\/div><\/div>\n<\/div>","protected":false},"excerpt":{"rendered":"<p>Ingenier\u00eda al por mayor tocador de ba\u00f1o principal. Los modernos armarios de ba\u00f1o de PVC, equipados con un espejo LED inteligente, material impermeable de PVC y compartimentos de almacenamiento dobles, son adecuados para hoteles y proyectos de lujo. \u00a1Consulta para la compra!<\/p>\n<h2>Atributos del tocador del ba\u00f1o principal\uff1a<\/h2>\n<p><strong>Art\u00edculo No:<\/strong>6055-120W<strong><br \/>Material del armario:<\/strong> PVC<br \/><strong>Color del armario:<\/strong> Blanco<br \/><strong>Espejo:<\/strong> Espejo LED (3,5 mm\/3,8 mm), iluminaci\u00f3n tricolor, desempa\u00f1ado con un solo toque, protegido con embalaje de espuma multicapa<br \/><strong>Tipo de instalaci\u00f3n:<\/strong>\u00a0Montaje en pared<br \/><strong>Dimensiones (L\u00d7A\u00d7H):<\/strong> 120*50*47 cm<br \/><strong>Peso bruto:<\/strong> 38 kg\/set<\/p>\n<h2>Personalizaci\u00f3n y servicios:<\/h2>\n<p><strong>OEM Y ODM<\/strong>: Soporte<br \/><strong>Dise\u00f1o<\/strong>: Gratis<br \/><strong>Accesorios<\/strong>: Lavabos, espejos, grifos y otros accesorios de ba\u00f1o<br \/><strong>Embalaje<\/strong>: Listo para montar<\/p>","protected":false},"featured_media":1661,"comment_status":"closed","ping_status":"closed","template":"","meta":{"_acf_changed":true},"product_brand":[],"product_cat":[24],"product_tag":[],"class_list":{"0":"post-1651","1":"product","2":"type-product","3":"status-publish","4":"has-post-thumbnail","6":"product_cat-wholesale-pvc-bathroom-vanity-cabinets","8":"first","9":"instock","10":"shipping-taxable","11":"product-type-simple"},"acf":[],"_links":{"self":[{"href":"https:\/\/www.shouyasanitary.com\/es\/wp-json\/wp\/v2\/product\/1651","targetHints":{"allow":["GET"]}}],"collection":[{"href":"https:\/\/www.shouyasanitary.com\/es\/wp-json\/wp\/v2\/product"}],"about":[{"href":"https:\/\/www.shouyasanitary.com\/es\/wp-json\/wp\/v2\/types\/product"}],"replies":[{"embeddable":true,"href":"https:\/\/www.shouyasanitary.com\/es\/wp-json\/wp\/v2\/comments?post=1651"}],"wp:featuredmedia":[{"embeddable":true,"href":"https:\/\/www.shouyasanitary.com\/es\/wp-json\/wp\/v2\/media\/1661"}],"wp:attachment":[{"href":"https:\/\/www.shouyasanitary.com\/es\/wp-json\/wp\/v2\/media?parent=1651"}],"wp:term":[{"taxonomy":"product_brand","embeddable":true,"href":"https:\/\/www.shouyasanitary.com\/es\/wp-json\/wp\/v2\/product_brand?post=1651"},{"taxonomy":"product_cat","embeddable":true,"href":"https:\/\/www.shouyasanitary.com\/es\/wp-json\/wp\/v2\/product_cat?post=1651"},{"taxonomy":"product_tag","embeddable":true,"href":"https:\/\/www.shouyasanitary.com\/es\/wp-json\/wp\/v2\/product_tag?post=1651"}],"curies":[{"name":"wp","href":"https:\/\/api.w.org\/{rel}","templated":true}]}}