{"id":1664,"date":"2025-08-01T11:30:13","date_gmt":"2025-08-01T11:30:13","guid":{"rendered":"https:\/\/www.shouyasanitary.com\/?post_type=product&#038;p=1664"},"modified":"2025-08-01T11:30:15","modified_gmt":"2025-08-01T11:30:15","slug":"custom-vanity-cabinets-for-bathrooms","status":"publish","type":"product","link":"https:\/\/www.shouyasanitary.com\/es\/producto\/custom-vanity-cabinets-for-bathrooms\/","title":{"rendered":"Gabinetes de la vanidad de la ingenier\u00eda de encargo para los cuartos de ba\u00f1o, venta al por mayor 80cm gabinete de m\u00e1rmol del cuarto de ba\u00f1o con el lavabo de cer\u00e1mica para los hoteles"},"content":{"rendered":"<div class=\"wp-block-columns is-layout-flex wp-container-core-columns-is-layout-9d6595d7 wp-block-columns-is-layout-flex\">\n<div class=\"wp-block-column is-layout-flow wp-block-column-is-layout-flow\">\n<h2 class=\"wp-block-heading\">Caracter\u00edsticas de los armarios de ba\u00f1o:<\/h2>\n\n\n\n<p><strong>Material de m\u00e1rmol de alta calidad<\/strong>: Es resistente al desgaste, a la humedad y a la deformaci\u00f3n, por lo que resulta adecuado para su uso en cuartos de ba\u00f1o h\u00famedos durante un periodo prolongado.<\/p>\n\n\n\n<p><strong>Pr\u00e1ctica funci\u00f3n de almacenamiento<\/strong>: Hay dos tipos de espacios de almacenamiento: abiertos y cerrados. Los estantes abiertos son pr\u00e1cticos para guardar los art\u00edculos de aseo de uso com\u00fan y son de f\u00e1cil acceso. Los cajones cerrados y las puertas de los armarios pueden almacenar art\u00edculos privados o de reserva, organizados por categor\u00edas, satisfaciendo diversas necesidades de almacenamiento y manteniendo el espacio del cuarto de ba\u00f1o ordenado y en orden.<\/p>\n\n\n\n<p><strong>Espejo de dise\u00f1o regulable<\/strong>: El espejo dispone de funciones de ajuste de luz de tres colores. La luz fr\u00eda es clara y brillante, adecuada para el aseo diario y el maquillaje; la luz c\u00e1lida es c\u00e1lida y suave, creando un ambiente confortable; la luz natural es cercana a la luz solar, facilitando la observaci\u00f3n precisa de los detalles faciales, y las diferentes luces satisfacen diferentes requisitos de escena.<\/p>\n\n\n\n<p><strong>Lavabo cer\u00e1mico de una sola pieza<\/strong>: El lavabo de cer\u00e1mica est\u00e1 fabricado con exquisita artesan\u00eda y tiene una forma \u00fanica que combina perfectamente con la encimera de granito. El esmalte de alta calidad de su superficie tiene una excelente repelencia al agua, por lo que es menos probable que se adhieran las manchas de agua y la suciedad, y puede limpiarse y abrillantarse como nuevo con un pa\u00f1o suave. Tambi\u00e9n es resistente a la corrosi\u00f3n, a los \u00e1cidos y a los \u00e1lcalis, y puede mantener su brillo durante mucho tiempo.<\/p>\n\n\n\n<p><strong>Apoyar soluciones personalizadas<\/strong>: Shouya ofrece m\u00faltiples servicios personalizados, como el tama\u00f1o, el color, el material, el logotipo y el embalaje, lo que le permite adaptarse con flexibilidad a las diferentes necesidades del mercado mundial.<\/p>\n<\/div>\n\n\n\n<div class=\"wp-block-column is-layout-flow wp-block-column-is-layout-flow\"><div class=\"wp-block-image\">\n<figure class=\"aligncenter size-full\"><img decoding=\"async\" width=\"700\" height=\"700\" src=\"https:\/\/www.shouyasanitary.com\/wp-content\/uploads\/2025\/07\/Custom-bathroom-cabinet-vanity-1.webp\" alt=\"Mueble de ba\u00f1o a medida\" class=\"wp-image-1668\" style=\"object-fit:cover\" srcset=\"https:\/\/www.shouyasanitary.com\/wp-content\/uploads\/2025\/07\/Custom-bathroom-cabinet-vanity-1.webp 700w, https:\/\/www.shouyasanitary.com\/wp-content\/uploads\/2025\/07\/Custom-bathroom-cabinet-vanity-1-300x300.webp 300w, https:\/\/www.shouyasanitary.com\/wp-content\/uploads\/2025\/07\/Custom-bathroom-cabinet-vanity-1-150x150.webp 150w, https:\/\/www.shouyasanitary.com\/wp-content\/uploads\/2025\/07\/Custom-bathroom-cabinet-vanity-1-12x12.webp 12w, https:\/\/www.shouyasanitary.com\/wp-content\/uploads\/2025\/07\/Custom-bathroom-cabinet-vanity-1-600x600.webp 600w, https:\/\/www.shouyasanitary.com\/wp-content\/uploads\/2025\/07\/Custom-bathroom-cabinet-vanity-1-100x100.webp 100w\" sizes=\"(max-width: 700px) 100vw, 700px\" \/><\/figure>\n<\/div><\/div>\n<\/div>\n\n\n\n<p><\/p>","protected":false},"excerpt":{"rendered":"<p>Armarios de ba\u00f1o a medida, de m\u00e1rmol con lavabo de cer\u00e1mica, perfectamente integrados en el dise\u00f1o de ba\u00f1os modernos, duraderos y f\u00e1ciles de limpiar. Shouya ofrece servicios personalizados. P\u00f3ngase en contacto con nosotros para obtener soluciones personalizadas.<\/p>\n<h2>Atributos del lavabo\uff1a<\/h2>\n<p><strong>N\u00ba de art\u00edculo<\/strong>: O10012-80<br \/><strong>Material del armario<\/strong>: M\u00e1rmol <br \/><strong>Color del armario<\/strong>: Negro\u00a0<br \/><strong>Espejo<\/strong>: Espejo LED (3,5 mm \/ 3,8 mm), iluminaci\u00f3n tricolor, desempa\u00f1ado con un solo toque, protegido con embalaje de espuma multicapa <br \/><strong>Tipo de instalaci\u00f3n<\/strong>: Montaje en pared <br \/><strong>Dimensiones (L \u00d7 A \u00d7 A)<\/strong>80 \u00d7 50 \u00d7 40 cm<\/p>\n<p><strong>Peso bruto<\/strong>: 31 kg\/set<\/p>\n<h2>Personalizaci\u00f3n y servicios:<\/h2>\n<p><strong>OEM Y ODM<\/strong>: Soporte<br \/><strong>Dise\u00f1o<\/strong>: Gratis<br \/><strong>Accesorios<\/strong>: Lavabos, espejos, grifos y otros accesorios de ba\u00f1o<br \/><strong>Embalaje<\/strong>: Listo para montar<\/p>","protected":false},"featured_media":1668,"comment_status":"closed","ping_status":"closed","template":"","meta":{"_acf_changed":true},"product_brand":[],"product_cat":[22],"product_tag":[],"class_list":{"0":"post-1664","1":"product","2":"type-product","3":"status-publish","4":"has-post-thumbnail","6":"product_cat-wholesale-marble-bathroom-vanity-cabinets","8":"first","9":"instock","10":"shipping-taxable","11":"product-type-simple"},"acf":[],"_links":{"self":[{"href":"https:\/\/www.shouyasanitary.com\/es\/wp-json\/wp\/v2\/product\/1664","targetHints":{"allow":["GET"]}}],"collection":[{"href":"https:\/\/www.shouyasanitary.com\/es\/wp-json\/wp\/v2\/product"}],"about":[{"href":"https:\/\/www.shouyasanitary.com\/es\/wp-json\/wp\/v2\/types\/product"}],"replies":[{"embeddable":true,"href":"https:\/\/www.shouyasanitary.com\/es\/wp-json\/wp\/v2\/comments?post=1664"}],"wp:featuredmedia":[{"embeddable":true,"href":"https:\/\/www.shouyasanitary.com\/es\/wp-json\/wp\/v2\/media\/1668"}],"wp:attachment":[{"href":"https:\/\/www.shouyasanitary.com\/es\/wp-json\/wp\/v2\/media?parent=1664"}],"wp:term":[{"taxonomy":"product_brand","embeddable":true,"href":"https:\/\/www.shouyasanitary.com\/es\/wp-json\/wp\/v2\/product_brand?post=1664"},{"taxonomy":"product_cat","embeddable":true,"href":"https:\/\/www.shouyasanitary.com\/es\/wp-json\/wp\/v2\/product_cat?post=1664"},{"taxonomy":"product_tag","embeddable":true,"href":"https:\/\/www.shouyasanitary.com\/es\/wp-json\/wp\/v2\/product_tag?post=1664"}],"curies":[{"name":"wp","href":"https:\/\/api.w.org\/{rel}","templated":true}]}}