{"id":1665,"date":"2025-08-01T11:30:22","date_gmt":"2025-08-01T11:30:22","guid":{"rendered":"https:\/\/www.shouyasanitary.com\/?post_type=product&#038;p=1665"},"modified":"2025-08-01T11:30:23","modified_gmt":"2025-08-01T11:30:23","slug":"wholesale-bathroom-vanitys","status":"publish","type":"product","link":"https:\/\/www.shouyasanitary.com\/es\/producto\/wholesale-bathroom-vanitys\/","title":{"rendered":"Mayorista Ba\u00f1o Vanitys, Blanco Armario de Ba\u00f1o Montado en la Pared con Espejo Material de M\u00e1rmol Proveedor"},"content":{"rendered":"<div class=\"wp-block-columns is-layout-flex wp-container-core-columns-is-layout-9d6595d7 wp-block-columns-is-layout-flex\">\n<div class=\"wp-block-column is-layout-flow wp-block-column-is-layout-flow\">\n<h2 class=\"wp-block-heading\">Ba\u00f1o Vanitys Caracter\u00edsticas:<\/h2>\n\n\n\n<p><strong>Dise\u00f1o de espejo \u00fanico: <\/strong>El exclusivo espejo curvado adopta l\u00edneas suaves, rompiendo con el tradicional dise\u00f1o de forma cuadrada y a\u00f1adiendo un toque suave y elegante. El espejo est\u00e1 equipado con una retroiluminaci\u00f3n de tres colores, que puede cambiar entre luz fr\u00eda, c\u00e1lida y natural seg\u00fan las necesidades, lo que satisface distintos requisitos de iluminaci\u00f3n para el aseo y el maquillaje, y mejora el ambiente.<\/p>\n\n\n\n<p><strong>Armario principal eficiente<\/strong>: El armario principal presenta un dise\u00f1o de caj\u00f3n abierto, con unas dimensiones de 1000\u00d7500\u00d7400 mm, que optimiza el aprovechamiento del espacio. Los art\u00edculos de aseo y productos para el cuidado de la piel de uso com\u00fan son f\u00e1cilmente visibles y de c\u00f3modo acceso. El armario principal blanco es sencillo y elegante, combinando f\u00e1cilmente con varios estilos de decoraci\u00f3n de ba\u00f1o, destacando una sensaci\u00f3n de espacio limpio y ordenado.<\/p>\n\n\n\n<p><strong>Material de alta resistencia<\/strong>: Fabricado con material de losa de roca, presenta caracter\u00edsticas como resistencia al desgaste, resistencia a los ara\u00f1azos, resistencia a las altas temperaturas e impermeabilidad. Incluso en un entorno de ba\u00f1o h\u00famedo, es resistente a la deformaci\u00f3n y al crecimiento de moho. <\/p>\n\n\n\n<p><strong>F\u00e1cil de limpiar<\/strong>: El lavabo de cer\u00e1mica integrado se une perfectamente con la encimera de losa de roca, creando una superficie lisa y resistente a las manchas que facilita la limpieza.<\/p>\n\n\n\n<p><strong>Dise\u00f1o pr\u00e1ctico<\/strong>: El espejo curvado ampl\u00eda el campo de visi\u00f3n, haci\u00e9ndolo c\u00f3modo para el uso diario; el caj\u00f3n abierto permite un acceso eficiente a los art\u00edculos, ahorrando tiempo; la iluminaci\u00f3n de tres colores satisface las necesidades de diferentes escenarios, combinando practicidad con est\u00e9tica, proporcionando a los usuarios una experiencia de lavado c\u00f3moda, conveniente y de alta calidad.<\/p>\n\n\n\n<p><strong>Soporte OEM\/ODM:<\/strong> Shouya ofrece servicios personalizados, incluyendo tama\u00f1o, color, estilo de espejo, accesorios, funciones, etc. para satisfacer las necesidades de ingenier\u00eda de proyectos, agencia de marcas, distribuci\u00f3n al por mayor, etc.<\/p>\n<\/div>\n\n\n\n<div class=\"wp-block-column is-layout-flow wp-block-column-is-layout-flow\"><div class=\"wp-block-image\">\n<figure class=\"aligncenter size-full\"><img decoding=\"async\" width=\"700\" height=\"700\" src=\"https:\/\/www.shouyasanitary.com\/wp-content\/uploads\/2025\/07\/Custom-Solutions-Bathroom-Wall-Mount.webp\" alt=\"Soluciones a medida Soporte de pared para ba\u00f1o\" class=\"wp-image-1673\" style=\"object-fit:cover\" srcset=\"https:\/\/www.shouyasanitary.com\/wp-content\/uploads\/2025\/07\/Custom-Solutions-Bathroom-Wall-Mount.webp 700w, https:\/\/www.shouyasanitary.com\/wp-content\/uploads\/2025\/07\/Custom-Solutions-Bathroom-Wall-Mount-300x300.webp 300w, https:\/\/www.shouyasanitary.com\/wp-content\/uploads\/2025\/07\/Custom-Solutions-Bathroom-Wall-Mount-150x150.webp 150w, https:\/\/www.shouyasanitary.com\/wp-content\/uploads\/2025\/07\/Custom-Solutions-Bathroom-Wall-Mount-12x12.webp 12w, https:\/\/www.shouyasanitary.com\/wp-content\/uploads\/2025\/07\/Custom-Solutions-Bathroom-Wall-Mount-600x600.webp 600w, https:\/\/www.shouyasanitary.com\/wp-content\/uploads\/2025\/07\/Custom-Solutions-Bathroom-Wall-Mount-100x100.webp 100w\" sizes=\"(max-width: 700px) 100vw, 700px\" \/><\/figure>\n<\/div><\/div>\n<\/div>","protected":false},"excerpt":{"rendered":"<p>Tocadores de ba\u00f1o al por mayor, mueble de ba\u00f1o blanco montado en la pared con encimera de m\u00e1rmol y espejo, dise\u00f1o duradero y elegante, adecuado para un ba\u00f1o moderno. \u00a1Suministro al por mayor, recepci\u00f3n para entrarnos en contacto con para una cita de encargo y un cat\u00e1logo de productos!<\/p>\n<h2>Atributos de los lavabos\uff1a<\/h2>\n<p><strong>N\u00ba de art\u00edculo<\/strong>: O1051-100<br \/><strong>Material del armario<\/strong>: M\u00e1rmol <br \/><strong>Color del armario<\/strong>: Blanco <br \/><strong>Espejo<\/strong>: Espejo LED (3,5 mm \/ 3,8 mm), iluminaci\u00f3n tricolor, desempa\u00f1ado con un solo toque, protegido con embalaje de espuma multicapa <br \/><strong>Tipo de instalaci\u00f3n<\/strong>: Montaje en pared <br \/><strong>Dimensiones (L \u00d7 A \u00d7 A)<\/strong>: 100 \u00d7 50\u00d7 40 cm <br \/><strong>Peso bruto<\/strong>: 38 kg\/set<\/p>\n<h2>Personalizaci\u00f3n y servicios:<\/h2>\n<p><strong>OEM Y ODM<\/strong>: Soporte<br \/><strong>Dise\u00f1o<\/strong>: Gratis<br \/><strong>Accesorios<\/strong>: Lavabos, espejos, grifos y otros accesorios de ba\u00f1o<br \/><strong>Embalaje<\/strong>: Listo para montar<\/p>","protected":false},"featured_media":1673,"comment_status":"closed","ping_status":"closed","template":"","meta":{"_acf_changed":true},"product_brand":[],"product_cat":[22],"product_tag":[],"class_list":{"0":"post-1665","1":"product","2":"type-product","3":"status-publish","4":"has-post-thumbnail","6":"product_cat-wholesale-marble-bathroom-vanity-cabinets","8":"first","9":"instock","10":"shipping-taxable","11":"product-type-simple"},"acf":[],"_links":{"self":[{"href":"https:\/\/www.shouyasanitary.com\/es\/wp-json\/wp\/v2\/product\/1665","targetHints":{"allow":["GET"]}}],"collection":[{"href":"https:\/\/www.shouyasanitary.com\/es\/wp-json\/wp\/v2\/product"}],"about":[{"href":"https:\/\/www.shouyasanitary.com\/es\/wp-json\/wp\/v2\/types\/product"}],"replies":[{"embeddable":true,"href":"https:\/\/www.shouyasanitary.com\/es\/wp-json\/wp\/v2\/comments?post=1665"}],"wp:featuredmedia":[{"embeddable":true,"href":"https:\/\/www.shouyasanitary.com\/es\/wp-json\/wp\/v2\/media\/1673"}],"wp:attachment":[{"href":"https:\/\/www.shouyasanitary.com\/es\/wp-json\/wp\/v2\/media?parent=1665"}],"wp:term":[{"taxonomy":"product_brand","embeddable":true,"href":"https:\/\/www.shouyasanitary.com\/es\/wp-json\/wp\/v2\/product_brand?post=1665"},{"taxonomy":"product_cat","embeddable":true,"href":"https:\/\/www.shouyasanitary.com\/es\/wp-json\/wp\/v2\/product_cat?post=1665"},{"taxonomy":"product_tag","embeddable":true,"href":"https:\/\/www.shouyasanitary.com\/es\/wp-json\/wp\/v2\/product_tag?post=1665"}],"curies":[{"name":"wp","href":"https:\/\/api.w.org\/{rel}","templated":true}]}}